{"id":2324130,"date":"2024-12-17T12:01:21","date_gmt":"2024-12-17T10:01:21","guid":{"rendered":"https:\/\/horticom.ee\/e-pood\/toode\/transpordipuur-gulliver-3-plastuksega-61x40x38cm-tumehall-helehall\/"},"modified":"2026-04-21T21:00:53","modified_gmt":"2026-04-21T18:00:53","slug":"transpordipuur-gulliver-3-plastuksega-61x40x38cm-tumehall-helehall","status":"publish","type":"product","link":"https:\/\/horticom.ee\/e-pood\/toode\/transpordipuur-gulliver-3-plastuksega-61x40x38cm-tumehall-helehall\/","title":{"rendered":"Transpordipuur Gulliver 3 plastuksega 61x40x38cm tumehall\/helehall"},"content":{"rendered":"<p>Kinnise lae ning plastuksega transpordipuur v\u00f5imaldab oma lemmikut igale poole ohutult kaasa v\u00f5tta. Palju \u00f5huavasid tagavad hea \u00f5hu ringluse ning lemmikule mugava keskkonna. Transpordipuuril on turvav\u00f6\u00f6ga kinnitamiseks spetsiaalsed kohad ning t\u00f5stmiseks mugav k\u00e4epide. Lisaks on puuri katusel 2 v\u00e4ikest hoiulaegast maiuste v\u00f5i siis jalutusrihma tarbeks. Sobilik loomadele kaaluga 10-12kg.<\/p>\n","protected":false},"excerpt":{"rendered":"<p>Kinnise lae ning plastuksega transpordipuur v\u00f5imaldab oma lemmikut igale poole ohutult kaasa v\u00f5tta. Palju \u00f5huavasid tagavad hea \u00f5hu ringluse ning lemmikule mugava keskkonna. Transpordipuuril on turvav\u00f6\u00f6ga kinnitamiseks spetsiaalsed kohad ning t\u00f5stmiseks mugav k\u00e4epide. Lisaks on puuri katusel 2 v\u00e4ikest hoiulaegast maiuste v\u00f5i siis jalutusrihma tarbeks. Sobilik loomadele kaaluga 10-12kg.<\/p>\n","protected":false},"featured_media":2382068,"comment_status":"closed","ping_status":"closed","template":"","meta":{"_themeisle_gutenberg_block_has_review":false},"product_cat":[18307],"product_tag":[],"class_list":{"0":"post-2324130","1":"product","2":"type-product","3":"status-publish","4":"has-post-thumbnail","6":"product_cat-transpordipuurid","8":"first","9":"instock","10":"shipping-taxable","11":"purchasable","12":"product-type-simple"},"yoast_head":"<!-- This site is optimized with the Yoast SEO plugin v24.0 - https:\/\/yoast.com\/wordpress\/plugins\/seo\/ -->\n<title>Transpordipuur Gulliver 3 plastuksega 61x40x38cm tumehall\/helehall - Horticom<\/title>\n<meta name=\"robots\" content=\"index, follow, max-snippet:-1, max-image-preview:large, max-video-preview:-1\" \/>\n<link rel=\"canonical\" href=\"https:\/\/horticom.ee\/e-pood\/toode\/transpordipuur-gulliver-3-plastuksega-61x40x38cm-tumehall-helehall\/\" \/>\n<meta property=\"og:locale\" content=\"et_EE\" \/>\n<meta property=\"og:type\" content=\"article\" \/>\n<meta property=\"og:title\" content=\"Transpordipuur Gulliver 3 plastuksega 61x40x38cm tumehall\/helehall - Horticom\" \/>\n<meta property=\"og:description\" content=\"Kinnise lae ning plastuksega transpordipuur v\u00f5imaldab oma lemmikut igale poole ohutult kaasa v\u00f5tta. Palju \u00f5huavasid tagavad hea \u00f5hu ringluse ning lemmikule mugava keskkonna. Transpordipuuril on turvav\u00f6\u00f6ga kinnitamiseks spetsiaalsed kohad ning t\u00f5stmiseks mugav k\u00e4epide. Lisaks on puuri katusel 2 v\u00e4ikest hoiulaegast maiuste v\u00f5i siis jalutusrihma tarbeks. Sobilik loomadele kaaluga 10-12kg.\" \/>\n<meta property=\"og:url\" content=\"https:\/\/horticom.ee\/e-pood\/toode\/transpordipuur-gulliver-3-plastuksega-61x40x38cm-tumehall-helehall\/\" \/>\n<meta property=\"og:site_name\" content=\"Horticom.ee\" \/>\n<meta property=\"article:publisher\" content=\"https:\/\/www.facebook.com\/horticom.ee\/e-pood\" \/>\n<meta property=\"article:modified_time\" content=\"2026-04-21T18:00:53+00:00\" \/>\n<meta property=\"og:image\" content=\"https:\/\/horticom.ee\/e-pood\/wp-content\/uploads\/importedmedia\/product-2324130_0-6497366.jpg\" \/>\n\t<meta property=\"og:image:width\" content=\"999\" \/>\n\t<meta property=\"og:image:height\" content=\"666\" \/>\n\t<meta property=\"og:image:type\" content=\"image\/jpeg\" \/>\n<meta name=\"twitter:card\" content=\"summary_large_image\" \/>\n<script type=\"application\/ld+json\" class=\"yoast-schema-graph\">{\"@context\":\"https:\/\/schema.org\",\"@graph\":[{\"@type\":\"WebPage\",\"@id\":\"https:\/\/horticom.ee\/e-pood\/toode\/transpordipuur-gulliver-3-plastuksega-61x40x38cm-tumehall-helehall\/\",\"url\":\"https:\/\/horticom.ee\/e-pood\/toode\/transpordipuur-gulliver-3-plastuksega-61x40x38cm-tumehall-helehall\/\",\"name\":\"Transpordipuur Gulliver 3 plastuksega 61x40x38cm tumehall\/helehall - Horticom\",\"isPartOf\":{\"@id\":\"https:\/\/horticom.ee\/e-pood\/#website\"},\"primaryImageOfPage\":{\"@id\":\"https:\/\/horticom.ee\/e-pood\/toode\/transpordipuur-gulliver-3-plastuksega-61x40x38cm-tumehall-helehall\/#primaryimage\"},\"image\":{\"@id\":\"https:\/\/horticom.ee\/e-pood\/toode\/transpordipuur-gulliver-3-plastuksega-61x40x38cm-tumehall-helehall\/#primaryimage\"},\"thumbnailUrl\":\"https:\/\/horticom.ee\/e-pood\/wp-content\/uploads\/importedmedia\/product-2324130_0-6497366.jpg\",\"datePublished\":\"2024-12-17T10:01:21+00:00\",\"dateModified\":\"2026-04-21T18:00:53+00:00\",\"breadcrumb\":{\"@id\":\"https:\/\/horticom.ee\/e-pood\/toode\/transpordipuur-gulliver-3-plastuksega-61x40x38cm-tumehall-helehall\/#breadcrumb\"},\"inLanguage\":\"et\",\"potentialAction\":[{\"@type\":\"ReadAction\",\"target\":[\"https:\/\/horticom.ee\/e-pood\/toode\/transpordipuur-gulliver-3-plastuksega-61x40x38cm-tumehall-helehall\/\"]}]},{\"@type\":\"ImageObject\",\"inLanguage\":\"et\",\"@id\":\"https:\/\/horticom.ee\/e-pood\/toode\/transpordipuur-gulliver-3-plastuksega-61x40x38cm-tumehall-helehall\/#primaryimage\",\"url\":\"https:\/\/horticom.ee\/e-pood\/wp-content\/uploads\/importedmedia\/product-2324130_0-6497366.jpg\",\"contentUrl\":\"https:\/\/horticom.ee\/e-pood\/wp-content\/uploads\/importedmedia\/product-2324130_0-6497366.jpg\",\"width\":999,\"height\":666},{\"@type\":\"BreadcrumbList\",\"@id\":\"https:\/\/horticom.ee\/e-pood\/toode\/transpordipuur-gulliver-3-plastuksega-61x40x38cm-tumehall-helehall\/#breadcrumb\",\"itemListElement\":[{\"@type\":\"ListItem\",\"position\":1,\"name\":\"Home\",\"item\":\"https:\/\/horticom.ee\/e-pood\/\"},{\"@type\":\"ListItem\",\"position\":2,\"name\":\"Pood\",\"item\":\"https:\/\/horticom.ee\/e-pood\/pood\/\"},{\"@type\":\"ListItem\",\"position\":3,\"name\":\"Transpordipuur Gulliver 3 plastuksega 61x40x38cm tumehall\/helehall\"}]},{\"@type\":\"WebSite\",\"@id\":\"https:\/\/horticom.ee\/e-pood\/#website\",\"url\":\"https:\/\/horticom.ee\/e-pood\/\",\"name\":\"Horticom.ee\",\"description\":\"Aianduskaubad ja kodukaubad nii harrastajatele kui professionaalidele\",\"potentialAction\":[{\"@type\":\"SearchAction\",\"target\":{\"@type\":\"EntryPoint\",\"urlTemplate\":\"https:\/\/horticom.ee\/e-pood\/?s={search_term_string}\"},\"query-input\":{\"@type\":\"PropertyValueSpecification\",\"valueRequired\":true,\"valueName\":\"search_term_string\"}}],\"inLanguage\":\"et\"}]}<\/script>\n<!-- \/ Yoast SEO plugin. -->","yoast_head_json":{"title":"Transpordipuur Gulliver 3 plastuksega 61x40x38cm tumehall\/helehall - Horticom","robots":{"index":"index","follow":"follow","max-snippet":"max-snippet:-1","max-image-preview":"max-image-preview:large","max-video-preview":"max-video-preview:-1"},"canonical":"https:\/\/horticom.ee\/e-pood\/toode\/transpordipuur-gulliver-3-plastuksega-61x40x38cm-tumehall-helehall\/","og_locale":"et_EE","og_type":"article","og_title":"Transpordipuur Gulliver 3 plastuksega 61x40x38cm tumehall\/helehall - Horticom","og_description":"Kinnise lae ning plastuksega transpordipuur v\u00f5imaldab oma lemmikut igale poole ohutult kaasa v\u00f5tta. Palju \u00f5huavasid tagavad hea \u00f5hu ringluse ning lemmikule mugava keskkonna. Transpordipuuril on turvav\u00f6\u00f6ga kinnitamiseks spetsiaalsed kohad ning t\u00f5stmiseks mugav k\u00e4epide. Lisaks on puuri katusel 2 v\u00e4ikest hoiulaegast maiuste v\u00f5i siis jalutusrihma tarbeks. Sobilik loomadele kaaluga 10-12kg.","og_url":"https:\/\/horticom.ee\/e-pood\/toode\/transpordipuur-gulliver-3-plastuksega-61x40x38cm-tumehall-helehall\/","og_site_name":"Horticom.ee","article_publisher":"https:\/\/www.facebook.com\/horticom.ee\/e-pood","article_modified_time":"2026-04-21T18:00:53+00:00","og_image":[{"width":999,"height":666,"url":"https:\/\/horticom.ee\/e-pood\/wp-content\/uploads\/importedmedia\/product-2324130_0-6497366.jpg","type":"image\/jpeg"}],"twitter_card":"summary_large_image","schema":{"@context":"https:\/\/schema.org","@graph":[{"@type":"WebPage","@id":"https:\/\/horticom.ee\/e-pood\/toode\/transpordipuur-gulliver-3-plastuksega-61x40x38cm-tumehall-helehall\/","url":"https:\/\/horticom.ee\/e-pood\/toode\/transpordipuur-gulliver-3-plastuksega-61x40x38cm-tumehall-helehall\/","name":"Transpordipuur Gulliver 3 plastuksega 61x40x38cm tumehall\/helehall - Horticom","isPartOf":{"@id":"https:\/\/horticom.ee\/e-pood\/#website"},"primaryImageOfPage":{"@id":"https:\/\/horticom.ee\/e-pood\/toode\/transpordipuur-gulliver-3-plastuksega-61x40x38cm-tumehall-helehall\/#primaryimage"},"image":{"@id":"https:\/\/horticom.ee\/e-pood\/toode\/transpordipuur-gulliver-3-plastuksega-61x40x38cm-tumehall-helehall\/#primaryimage"},"thumbnailUrl":"https:\/\/horticom.ee\/e-pood\/wp-content\/uploads\/importedmedia\/product-2324130_0-6497366.jpg","datePublished":"2024-12-17T10:01:21+00:00","dateModified":"2026-04-21T18:00:53+00:00","breadcrumb":{"@id":"https:\/\/horticom.ee\/e-pood\/toode\/transpordipuur-gulliver-3-plastuksega-61x40x38cm-tumehall-helehall\/#breadcrumb"},"inLanguage":"et","potentialAction":[{"@type":"ReadAction","target":["https:\/\/horticom.ee\/e-pood\/toode\/transpordipuur-gulliver-3-plastuksega-61x40x38cm-tumehall-helehall\/"]}]},{"@type":"ImageObject","inLanguage":"et","@id":"https:\/\/horticom.ee\/e-pood\/toode\/transpordipuur-gulliver-3-plastuksega-61x40x38cm-tumehall-helehall\/#primaryimage","url":"https:\/\/horticom.ee\/e-pood\/wp-content\/uploads\/importedmedia\/product-2324130_0-6497366.jpg","contentUrl":"https:\/\/horticom.ee\/e-pood\/wp-content\/uploads\/importedmedia\/product-2324130_0-6497366.jpg","width":999,"height":666},{"@type":"BreadcrumbList","@id":"https:\/\/horticom.ee\/e-pood\/toode\/transpordipuur-gulliver-3-plastuksega-61x40x38cm-tumehall-helehall\/#breadcrumb","itemListElement":[{"@type":"ListItem","position":1,"name":"Home","item":"https:\/\/horticom.ee\/e-pood\/"},{"@type":"ListItem","position":2,"name":"Pood","item":"https:\/\/horticom.ee\/e-pood\/pood\/"},{"@type":"ListItem","position":3,"name":"Transpordipuur Gulliver 3 plastuksega 61x40x38cm tumehall\/helehall"}]},{"@type":"WebSite","@id":"https:\/\/horticom.ee\/e-pood\/#website","url":"https:\/\/horticom.ee\/e-pood\/","name":"Horticom.ee","description":"Aianduskaubad ja kodukaubad nii harrastajatele kui professionaalidele","potentialAction":[{"@type":"SearchAction","target":{"@type":"EntryPoint","urlTemplate":"https:\/\/horticom.ee\/e-pood\/?s={search_term_string}"},"query-input":{"@type":"PropertyValueSpecification","valueRequired":true,"valueName":"search_term_string"}}],"inLanguage":"et"}]}},"_links":{"self":[{"href":"https:\/\/horticom.ee\/e-pood\/wp-json\/wp\/v2\/product\/2324130","targetHints":{"allow":["GET"]}}],"collection":[{"href":"https:\/\/horticom.ee\/e-pood\/wp-json\/wp\/v2\/product"}],"about":[{"href":"https:\/\/horticom.ee\/e-pood\/wp-json\/wp\/v2\/types\/product"}],"replies":[{"embeddable":true,"href":"https:\/\/horticom.ee\/e-pood\/wp-json\/wp\/v2\/comments?post=2324130"}],"wp:featuredmedia":[{"embeddable":true,"href":"https:\/\/horticom.ee\/e-pood\/wp-json\/wp\/v2\/media\/2382068"}],"wp:attachment":[{"href":"https:\/\/horticom.ee\/e-pood\/wp-json\/wp\/v2\/media?parent=2324130"}],"wp:term":[{"taxonomy":"product_cat","embeddable":true,"href":"https:\/\/horticom.ee\/e-pood\/wp-json\/wp\/v2\/product_cat?post=2324130"},{"taxonomy":"product_tag","embeddable":true,"href":"https:\/\/horticom.ee\/e-pood\/wp-json\/wp\/v2\/product_tag?post=2324130"}],"curies":[{"name":"wp","href":"https:\/\/api.w.org\/{rel}","templated":true}]}}