{"id":2324138,"date":"2024-12-17T12:01:22","date_gmt":"2024-12-17T10:01:22","guid":{"rendered":"https:\/\/horticom.ee\/e-pood\/toode\/pesa-sleeper-3-plastik-805x55x32cm-tumehall\/"},"modified":"2026-04-15T03:14:27","modified_gmt":"2026-04-15T00:14:27","slug":"pesa-sleeper-3-plastik-805x55x32cm-tumehall","status":"publish","type":"product","link":"https:\/\/horticom.ee\/e-pood\/toode\/pesa-sleeper-3-plastik-805x55x32cm-tumehall\/","title":{"rendered":"Pesa Sleeper 3 plastik 80,5x55x32cm tumehall"},"content":{"rendered":"<p>Ergonoomilise kujuga plastikust pesa, mis sobib ideaalselt kassidele ja v\u00e4ikesekasvulistele koertele. Aitab lemmikloomadel rahulikult magada t\u00e4nu k\u00f5rgele ja mugavale \u00e4\u00e4rele, langevale esiosale, libisemisvastastele jalgadele ja p\u00f5hjas olevatele aukudele \u00f5ige \u00f5huringluse tagamiseks. Toodetud kvaliteetsest materjalist, tagades suurep\u00e4rase vastupidavuse ja on lihtsalt puhastatav Saab kasutada nii sise- kui ka v\u00e4listingimustes.<\/p>\n","protected":false},"excerpt":{"rendered":"<p>Ergonoomilise kujuga plastikust pesa, mis sobib ideaalselt kassidele ja v\u00e4ikesekasvulistele koertele. Aitab lemmikloomadel rahulikult magada t\u00e4nu k\u00f5rgele ja mugavale \u00e4\u00e4rele, langevale esiosale, libisemisvastastele jalgadele ja p\u00f5hjas olevatele aukudele \u00f5ige \u00f5huringluse tagamiseks. Toodetud kvaliteetsest materjalist, tagades suurep\u00e4rase vastupidavuse ja on lihtsalt puhastatav Saab kasutada nii sise- kui ka v\u00e4listingimustes.<\/p>\n","protected":false},"featured_media":2382078,"comment_status":"closed","ping_status":"closed","template":"","meta":{"_themeisle_gutenberg_block_has_review":false},"product_cat":[18308],"product_tag":[],"class_list":{"0":"post-2324138","1":"product","2":"type-product","3":"status-publish","4":"has-post-thumbnail","6":"product_cat-pesad","8":"first","9":"outofstock","10":"shipping-taxable","11":"purchasable","12":"product-type-simple"},"yoast_head":"<!-- This site is optimized with the Yoast SEO plugin v24.0 - https:\/\/yoast.com\/wordpress\/plugins\/seo\/ -->\n<title>Pesa Sleeper 3 plastik 80,5x55x32cm tumehall - Horticom<\/title>\n<meta name=\"robots\" content=\"index, follow, max-snippet:-1, max-image-preview:large, max-video-preview:-1\" \/>\n<link rel=\"canonical\" href=\"https:\/\/horticom.ee\/e-pood\/toode\/pesa-sleeper-3-plastik-805x55x32cm-tumehall\/\" \/>\n<meta property=\"og:locale\" content=\"et_EE\" \/>\n<meta property=\"og:type\" content=\"article\" \/>\n<meta property=\"og:title\" content=\"Pesa Sleeper 3 plastik 80,5x55x32cm tumehall - Horticom\" \/>\n<meta property=\"og:description\" content=\"Ergonoomilise kujuga plastikust pesa, mis sobib ideaalselt kassidele ja v\u00e4ikesekasvulistele koertele. Aitab lemmikloomadel rahulikult magada t\u00e4nu k\u00f5rgele ja mugavale \u00e4\u00e4rele, langevale esiosale, libisemisvastastele jalgadele ja p\u00f5hjas olevatele aukudele \u00f5ige \u00f5huringluse tagamiseks. Toodetud kvaliteetsest materjalist, tagades suurep\u00e4rase vastupidavuse ja on lihtsalt puhastatav Saab kasutada nii sise- kui ka v\u00e4listingimustes.\" \/>\n<meta property=\"og:url\" content=\"https:\/\/horticom.ee\/e-pood\/toode\/pesa-sleeper-3-plastik-805x55x32cm-tumehall\/\" \/>\n<meta property=\"og:site_name\" content=\"Horticom.ee\" \/>\n<meta property=\"article:publisher\" content=\"https:\/\/www.facebook.com\/horticom.ee\/e-pood\" \/>\n<meta property=\"article:modified_time\" content=\"2026-04-15T00:14:27+00:00\" \/>\n<meta property=\"og:image\" content=\"https:\/\/horticom.ee\/e-pood\/wp-content\/uploads\/importedmedia\/product-2324138_0-6497631.jpg\" \/>\n\t<meta property=\"og:image:width\" content=\"1000\" \/>\n\t<meta property=\"og:image:height\" content=\"693\" \/>\n\t<meta property=\"og:image:type\" content=\"image\/jpeg\" \/>\n<meta name=\"twitter:card\" content=\"summary_large_image\" \/>\n<script type=\"application\/ld+json\" class=\"yoast-schema-graph\">{\"@context\":\"https:\/\/schema.org\",\"@graph\":[{\"@type\":\"WebPage\",\"@id\":\"https:\/\/horticom.ee\/e-pood\/toode\/pesa-sleeper-3-plastik-805x55x32cm-tumehall\/\",\"url\":\"https:\/\/horticom.ee\/e-pood\/toode\/pesa-sleeper-3-plastik-805x55x32cm-tumehall\/\",\"name\":\"Pesa Sleeper 3 plastik 80,5x55x32cm tumehall - Horticom\",\"isPartOf\":{\"@id\":\"https:\/\/horticom.ee\/e-pood\/#website\"},\"primaryImageOfPage\":{\"@id\":\"https:\/\/horticom.ee\/e-pood\/toode\/pesa-sleeper-3-plastik-805x55x32cm-tumehall\/#primaryimage\"},\"image\":{\"@id\":\"https:\/\/horticom.ee\/e-pood\/toode\/pesa-sleeper-3-plastik-805x55x32cm-tumehall\/#primaryimage\"},\"thumbnailUrl\":\"https:\/\/horticom.ee\/e-pood\/wp-content\/uploads\/importedmedia\/product-2324138_0-6497631.jpg\",\"datePublished\":\"2024-12-17T10:01:22+00:00\",\"dateModified\":\"2026-04-15T00:14:27+00:00\",\"breadcrumb\":{\"@id\":\"https:\/\/horticom.ee\/e-pood\/toode\/pesa-sleeper-3-plastik-805x55x32cm-tumehall\/#breadcrumb\"},\"inLanguage\":\"et\",\"potentialAction\":[{\"@type\":\"ReadAction\",\"target\":[\"https:\/\/horticom.ee\/e-pood\/toode\/pesa-sleeper-3-plastik-805x55x32cm-tumehall\/\"]}]},{\"@type\":\"ImageObject\",\"inLanguage\":\"et\",\"@id\":\"https:\/\/horticom.ee\/e-pood\/toode\/pesa-sleeper-3-plastik-805x55x32cm-tumehall\/#primaryimage\",\"url\":\"https:\/\/horticom.ee\/e-pood\/wp-content\/uploads\/importedmedia\/product-2324138_0-6497631.jpg\",\"contentUrl\":\"https:\/\/horticom.ee\/e-pood\/wp-content\/uploads\/importedmedia\/product-2324138_0-6497631.jpg\",\"width\":1000,\"height\":693},{\"@type\":\"BreadcrumbList\",\"@id\":\"https:\/\/horticom.ee\/e-pood\/toode\/pesa-sleeper-3-plastik-805x55x32cm-tumehall\/#breadcrumb\",\"itemListElement\":[{\"@type\":\"ListItem\",\"position\":1,\"name\":\"Home\",\"item\":\"https:\/\/horticom.ee\/e-pood\/\"},{\"@type\":\"ListItem\",\"position\":2,\"name\":\"Pood\",\"item\":\"https:\/\/horticom.ee\/e-pood\/pood\/\"},{\"@type\":\"ListItem\",\"position\":3,\"name\":\"Pesa Sleeper 3 plastik 80,5x55x32cm tumehall\"}]},{\"@type\":\"WebSite\",\"@id\":\"https:\/\/horticom.ee\/e-pood\/#website\",\"url\":\"https:\/\/horticom.ee\/e-pood\/\",\"name\":\"Horticom.ee\",\"description\":\"Aianduskaubad ja kodukaubad nii harrastajatele kui professionaalidele\",\"potentialAction\":[{\"@type\":\"SearchAction\",\"target\":{\"@type\":\"EntryPoint\",\"urlTemplate\":\"https:\/\/horticom.ee\/e-pood\/?s={search_term_string}\"},\"query-input\":{\"@type\":\"PropertyValueSpecification\",\"valueRequired\":true,\"valueName\":\"search_term_string\"}}],\"inLanguage\":\"et\"}]}<\/script>\n<!-- \/ Yoast SEO plugin. -->","yoast_head_json":{"title":"Pesa Sleeper 3 plastik 80,5x55x32cm tumehall - Horticom","robots":{"index":"index","follow":"follow","max-snippet":"max-snippet:-1","max-image-preview":"max-image-preview:large","max-video-preview":"max-video-preview:-1"},"canonical":"https:\/\/horticom.ee\/e-pood\/toode\/pesa-sleeper-3-plastik-805x55x32cm-tumehall\/","og_locale":"et_EE","og_type":"article","og_title":"Pesa Sleeper 3 plastik 80,5x55x32cm tumehall - Horticom","og_description":"Ergonoomilise kujuga plastikust pesa, mis sobib ideaalselt kassidele ja v\u00e4ikesekasvulistele koertele. Aitab lemmikloomadel rahulikult magada t\u00e4nu k\u00f5rgele ja mugavale \u00e4\u00e4rele, langevale esiosale, libisemisvastastele jalgadele ja p\u00f5hjas olevatele aukudele \u00f5ige \u00f5huringluse tagamiseks. Toodetud kvaliteetsest materjalist, tagades suurep\u00e4rase vastupidavuse ja on lihtsalt puhastatav Saab kasutada nii sise- kui ka v\u00e4listingimustes.","og_url":"https:\/\/horticom.ee\/e-pood\/toode\/pesa-sleeper-3-plastik-805x55x32cm-tumehall\/","og_site_name":"Horticom.ee","article_publisher":"https:\/\/www.facebook.com\/horticom.ee\/e-pood","article_modified_time":"2026-04-15T00:14:27+00:00","og_image":[{"width":1000,"height":693,"url":"https:\/\/horticom.ee\/e-pood\/wp-content\/uploads\/importedmedia\/product-2324138_0-6497631.jpg","type":"image\/jpeg"}],"twitter_card":"summary_large_image","schema":{"@context":"https:\/\/schema.org","@graph":[{"@type":"WebPage","@id":"https:\/\/horticom.ee\/e-pood\/toode\/pesa-sleeper-3-plastik-805x55x32cm-tumehall\/","url":"https:\/\/horticom.ee\/e-pood\/toode\/pesa-sleeper-3-plastik-805x55x32cm-tumehall\/","name":"Pesa Sleeper 3 plastik 80,5x55x32cm tumehall - Horticom","isPartOf":{"@id":"https:\/\/horticom.ee\/e-pood\/#website"},"primaryImageOfPage":{"@id":"https:\/\/horticom.ee\/e-pood\/toode\/pesa-sleeper-3-plastik-805x55x32cm-tumehall\/#primaryimage"},"image":{"@id":"https:\/\/horticom.ee\/e-pood\/toode\/pesa-sleeper-3-plastik-805x55x32cm-tumehall\/#primaryimage"},"thumbnailUrl":"https:\/\/horticom.ee\/e-pood\/wp-content\/uploads\/importedmedia\/product-2324138_0-6497631.jpg","datePublished":"2024-12-17T10:01:22+00:00","dateModified":"2026-04-15T00:14:27+00:00","breadcrumb":{"@id":"https:\/\/horticom.ee\/e-pood\/toode\/pesa-sleeper-3-plastik-805x55x32cm-tumehall\/#breadcrumb"},"inLanguage":"et","potentialAction":[{"@type":"ReadAction","target":["https:\/\/horticom.ee\/e-pood\/toode\/pesa-sleeper-3-plastik-805x55x32cm-tumehall\/"]}]},{"@type":"ImageObject","inLanguage":"et","@id":"https:\/\/horticom.ee\/e-pood\/toode\/pesa-sleeper-3-plastik-805x55x32cm-tumehall\/#primaryimage","url":"https:\/\/horticom.ee\/e-pood\/wp-content\/uploads\/importedmedia\/product-2324138_0-6497631.jpg","contentUrl":"https:\/\/horticom.ee\/e-pood\/wp-content\/uploads\/importedmedia\/product-2324138_0-6497631.jpg","width":1000,"height":693},{"@type":"BreadcrumbList","@id":"https:\/\/horticom.ee\/e-pood\/toode\/pesa-sleeper-3-plastik-805x55x32cm-tumehall\/#breadcrumb","itemListElement":[{"@type":"ListItem","position":1,"name":"Home","item":"https:\/\/horticom.ee\/e-pood\/"},{"@type":"ListItem","position":2,"name":"Pood","item":"https:\/\/horticom.ee\/e-pood\/pood\/"},{"@type":"ListItem","position":3,"name":"Pesa Sleeper 3 plastik 80,5x55x32cm tumehall"}]},{"@type":"WebSite","@id":"https:\/\/horticom.ee\/e-pood\/#website","url":"https:\/\/horticom.ee\/e-pood\/","name":"Horticom.ee","description":"Aianduskaubad ja kodukaubad nii harrastajatele kui professionaalidele","potentialAction":[{"@type":"SearchAction","target":{"@type":"EntryPoint","urlTemplate":"https:\/\/horticom.ee\/e-pood\/?s={search_term_string}"},"query-input":{"@type":"PropertyValueSpecification","valueRequired":true,"valueName":"search_term_string"}}],"inLanguage":"et"}]}},"_links":{"self":[{"href":"https:\/\/horticom.ee\/e-pood\/wp-json\/wp\/v2\/product\/2324138","targetHints":{"allow":["GET"]}}],"collection":[{"href":"https:\/\/horticom.ee\/e-pood\/wp-json\/wp\/v2\/product"}],"about":[{"href":"https:\/\/horticom.ee\/e-pood\/wp-json\/wp\/v2\/types\/product"}],"replies":[{"embeddable":true,"href":"https:\/\/horticom.ee\/e-pood\/wp-json\/wp\/v2\/comments?post=2324138"}],"wp:featuredmedia":[{"embeddable":true,"href":"https:\/\/horticom.ee\/e-pood\/wp-json\/wp\/v2\/media\/2382078"}],"wp:attachment":[{"href":"https:\/\/horticom.ee\/e-pood\/wp-json\/wp\/v2\/media?parent=2324138"}],"wp:term":[{"taxonomy":"product_cat","embeddable":true,"href":"https:\/\/horticom.ee\/e-pood\/wp-json\/wp\/v2\/product_cat?post=2324138"},{"taxonomy":"product_tag","embeddable":true,"href":"https:\/\/horticom.ee\/e-pood\/wp-json\/wp\/v2\/product_tag?post=2324138"}],"curies":[{"name":"wp","href":"https:\/\/api.w.org\/{rel}","templated":true}]}}