{"id":2324156,"date":"2024-12-17T12:01:26","date_gmt":"2024-12-17T10:01:26","guid":{"rendered":"https:\/\/horticom.ee\/e-pood\/toode\/riidekoid-peletavad-seedripuust-rongad-green-protect-12tk-pakis\/"},"modified":"2026-05-14T03:12:19","modified_gmt":"2026-05-14T00:12:19","slug":"riidekoid-peletavad-seedripuust-rongad-green-protect-12tk-pakis","status":"publish","type":"product","link":"https:\/\/horticom.ee\/e-pood\/toode\/riidekoid-peletavad-seedripuust-rongad-green-protect-12tk-pakis\/","title":{"rendered":"Riidekoid peletavad seedripuust r\u00f5ngad Green Protect 12tk\/pakis"},"content":{"rendered":"<p>R\u00f5ngad on tehtud seedripuust, mille tugev l\u00f5hn on koidele v\u00e4ga eemalet\u00f5ukav. Lisaks sellele aitab l\u00f5hn \u00e4ra hoida kopitushaisu. Riputa r\u00f5ngad korrastatud riidekappi riidepuu konksu k\u00fclge v\u00f5i aseta nad lihtsalt riiulitele. L\u00f5hn kestab v\u00e4rskena 6-8 kuud. Kui l\u00f5hn r\u00f5ngastelt kaob, siis on v\u00f5imalik neid taas v\u00e4rskendada &#8211; selleks tuleks neid h\u00f5\u00f5ruda liivapaberiga.<\/p>\n","protected":false},"excerpt":{"rendered":"<p>R\u00f5ngad on tehtud seedripuust, mille tugev l\u00f5hn on koidele v\u00e4ga eemalet\u00f5ukav. Lisaks sellele aitab l\u00f5hn \u00e4ra hoida kopitushaisu. Riputa r\u00f5ngad korrastatud riidekappi riidepuu konksu k\u00fclge v\u00f5i aseta nad lihtsalt riiulitele. L\u00f5hn kestab v\u00e4rskena 6-8 kuud. Kui l\u00f5hn r\u00f5ngastelt kaob, siis on v\u00f5imalik neid taas v\u00e4rskendada &#8211; selleks tuleks neid h\u00f5\u00f5ruda liivapaberiga.<\/p>\n","protected":false},"featured_media":2380056,"comment_status":"closed","ping_status":"closed","template":"","meta":{"_themeisle_gutenberg_block_has_review":false},"product_cat":[13603],"product_tag":[],"class_list":{"0":"post-2324156","1":"product","2":"type-product","3":"status-publish","4":"has-post-thumbnail","6":"product_cat-koid","8":"first","9":"instock","10":"shipping-taxable","11":"purchasable","12":"product-type-simple"},"yoast_head":"<!-- This site is optimized with the Yoast SEO plugin v24.0 - https:\/\/yoast.com\/wordpress\/plugins\/seo\/ -->\n<title>Riidekoid peletavad seedripuust r\u00f5ngad Green Protect 12tk\/pakis - Horticom<\/title>\n<meta name=\"robots\" content=\"index, follow, max-snippet:-1, max-image-preview:large, max-video-preview:-1\" \/>\n<link rel=\"canonical\" href=\"https:\/\/horticom.ee\/e-pood\/toode\/riidekoid-peletavad-seedripuust-rongad-green-protect-12tk-pakis\/\" \/>\n<meta property=\"og:locale\" content=\"et_EE\" \/>\n<meta property=\"og:type\" content=\"article\" \/>\n<meta property=\"og:title\" content=\"Riidekoid peletavad seedripuust r\u00f5ngad Green Protect 12tk\/pakis - Horticom\" \/>\n<meta property=\"og:description\" content=\"R\u00f5ngad on tehtud seedripuust, mille tugev l\u00f5hn on koidele v\u00e4ga eemalet\u00f5ukav. Lisaks sellele aitab l\u00f5hn \u00e4ra hoida kopitushaisu. Riputa r\u00f5ngad korrastatud riidekappi riidepuu konksu k\u00fclge v\u00f5i aseta nad lihtsalt riiulitele. L\u00f5hn kestab v\u00e4rskena 6-8 kuud. Kui l\u00f5hn r\u00f5ngastelt kaob, siis on v\u00f5imalik neid taas v\u00e4rskendada &#8211; selleks tuleks neid h\u00f5\u00f5ruda liivapaberiga.\" \/>\n<meta property=\"og:url\" content=\"https:\/\/horticom.ee\/e-pood\/toode\/riidekoid-peletavad-seedripuust-rongad-green-protect-12tk-pakis\/\" \/>\n<meta property=\"og:site_name\" content=\"Horticom.ee\" \/>\n<meta property=\"article:publisher\" content=\"https:\/\/www.facebook.com\/horticom.ee\/e-pood\" \/>\n<meta property=\"article:modified_time\" content=\"2026-05-14T00:12:19+00:00\" \/>\n<meta property=\"og:image\" content=\"https:\/\/horticom.ee\/e-pood\/wp-content\/uploads\/importedmedia\/product-2324156_0-P0019.jpg\" \/>\n\t<meta property=\"og:image:width\" content=\"1000\" \/>\n\t<meta property=\"og:image:height\" content=\"1000\" \/>\n\t<meta property=\"og:image:type\" content=\"image\/jpeg\" \/>\n<meta name=\"twitter:card\" content=\"summary_large_image\" \/>\n<script type=\"application\/ld+json\" class=\"yoast-schema-graph\">{\"@context\":\"https:\/\/schema.org\",\"@graph\":[{\"@type\":\"WebPage\",\"@id\":\"https:\/\/horticom.ee\/e-pood\/toode\/riidekoid-peletavad-seedripuust-rongad-green-protect-12tk-pakis\/\",\"url\":\"https:\/\/horticom.ee\/e-pood\/toode\/riidekoid-peletavad-seedripuust-rongad-green-protect-12tk-pakis\/\",\"name\":\"Riidekoid peletavad seedripuust r\u00f5ngad Green Protect 12tk\/pakis - Horticom\",\"isPartOf\":{\"@id\":\"https:\/\/horticom.ee\/e-pood\/#website\"},\"primaryImageOfPage\":{\"@id\":\"https:\/\/horticom.ee\/e-pood\/toode\/riidekoid-peletavad-seedripuust-rongad-green-protect-12tk-pakis\/#primaryimage\"},\"image\":{\"@id\":\"https:\/\/horticom.ee\/e-pood\/toode\/riidekoid-peletavad-seedripuust-rongad-green-protect-12tk-pakis\/#primaryimage\"},\"thumbnailUrl\":\"https:\/\/horticom.ee\/e-pood\/wp-content\/uploads\/importedmedia\/product-2324156_0-P0019.jpg\",\"datePublished\":\"2024-12-17T10:01:26+00:00\",\"dateModified\":\"2026-05-14T00:12:19+00:00\",\"breadcrumb\":{\"@id\":\"https:\/\/horticom.ee\/e-pood\/toode\/riidekoid-peletavad-seedripuust-rongad-green-protect-12tk-pakis\/#breadcrumb\"},\"inLanguage\":\"et\",\"potentialAction\":[{\"@type\":\"ReadAction\",\"target\":[\"https:\/\/horticom.ee\/e-pood\/toode\/riidekoid-peletavad-seedripuust-rongad-green-protect-12tk-pakis\/\"]}]},{\"@type\":\"ImageObject\",\"inLanguage\":\"et\",\"@id\":\"https:\/\/horticom.ee\/e-pood\/toode\/riidekoid-peletavad-seedripuust-rongad-green-protect-12tk-pakis\/#primaryimage\",\"url\":\"https:\/\/horticom.ee\/e-pood\/wp-content\/uploads\/importedmedia\/product-2324156_0-P0019.jpg\",\"contentUrl\":\"https:\/\/horticom.ee\/e-pood\/wp-content\/uploads\/importedmedia\/product-2324156_0-P0019.jpg\",\"width\":1000,\"height\":1000},{\"@type\":\"BreadcrumbList\",\"@id\":\"https:\/\/horticom.ee\/e-pood\/toode\/riidekoid-peletavad-seedripuust-rongad-green-protect-12tk-pakis\/#breadcrumb\",\"itemListElement\":[{\"@type\":\"ListItem\",\"position\":1,\"name\":\"Home\",\"item\":\"https:\/\/horticom.ee\/e-pood\/\"},{\"@type\":\"ListItem\",\"position\":2,\"name\":\"Pood\",\"item\":\"https:\/\/horticom.ee\/e-pood\/pood\/\"},{\"@type\":\"ListItem\",\"position\":3,\"name\":\"Riidekoid peletavad seedripuust r\u00f5ngad Green Protect 12tk\/pakis\"}]},{\"@type\":\"WebSite\",\"@id\":\"https:\/\/horticom.ee\/e-pood\/#website\",\"url\":\"https:\/\/horticom.ee\/e-pood\/\",\"name\":\"Horticom.ee\",\"description\":\"Aianduskaubad ja kodukaubad nii harrastajatele kui professionaalidele\",\"potentialAction\":[{\"@type\":\"SearchAction\",\"target\":{\"@type\":\"EntryPoint\",\"urlTemplate\":\"https:\/\/horticom.ee\/e-pood\/?s={search_term_string}\"},\"query-input\":{\"@type\":\"PropertyValueSpecification\",\"valueRequired\":true,\"valueName\":\"search_term_string\"}}],\"inLanguage\":\"et\"}]}<\/script>\n<!-- \/ Yoast SEO plugin. -->","yoast_head_json":{"title":"Riidekoid peletavad seedripuust r\u00f5ngad Green Protect 12tk\/pakis - Horticom","robots":{"index":"index","follow":"follow","max-snippet":"max-snippet:-1","max-image-preview":"max-image-preview:large","max-video-preview":"max-video-preview:-1"},"canonical":"https:\/\/horticom.ee\/e-pood\/toode\/riidekoid-peletavad-seedripuust-rongad-green-protect-12tk-pakis\/","og_locale":"et_EE","og_type":"article","og_title":"Riidekoid peletavad seedripuust r\u00f5ngad Green Protect 12tk\/pakis - Horticom","og_description":"R\u00f5ngad on tehtud seedripuust, mille tugev l\u00f5hn on koidele v\u00e4ga eemalet\u00f5ukav. Lisaks sellele aitab l\u00f5hn \u00e4ra hoida kopitushaisu. Riputa r\u00f5ngad korrastatud riidekappi riidepuu konksu k\u00fclge v\u00f5i aseta nad lihtsalt riiulitele. L\u00f5hn kestab v\u00e4rskena 6-8 kuud. Kui l\u00f5hn r\u00f5ngastelt kaob, siis on v\u00f5imalik neid taas v\u00e4rskendada &#8211; selleks tuleks neid h\u00f5\u00f5ruda liivapaberiga.","og_url":"https:\/\/horticom.ee\/e-pood\/toode\/riidekoid-peletavad-seedripuust-rongad-green-protect-12tk-pakis\/","og_site_name":"Horticom.ee","article_publisher":"https:\/\/www.facebook.com\/horticom.ee\/e-pood","article_modified_time":"2026-05-14T00:12:19+00:00","og_image":[{"width":1000,"height":1000,"url":"https:\/\/horticom.ee\/e-pood\/wp-content\/uploads\/importedmedia\/product-2324156_0-P0019.jpg","type":"image\/jpeg"}],"twitter_card":"summary_large_image","schema":{"@context":"https:\/\/schema.org","@graph":[{"@type":"WebPage","@id":"https:\/\/horticom.ee\/e-pood\/toode\/riidekoid-peletavad-seedripuust-rongad-green-protect-12tk-pakis\/","url":"https:\/\/horticom.ee\/e-pood\/toode\/riidekoid-peletavad-seedripuust-rongad-green-protect-12tk-pakis\/","name":"Riidekoid peletavad seedripuust r\u00f5ngad Green Protect 12tk\/pakis - Horticom","isPartOf":{"@id":"https:\/\/horticom.ee\/e-pood\/#website"},"primaryImageOfPage":{"@id":"https:\/\/horticom.ee\/e-pood\/toode\/riidekoid-peletavad-seedripuust-rongad-green-protect-12tk-pakis\/#primaryimage"},"image":{"@id":"https:\/\/horticom.ee\/e-pood\/toode\/riidekoid-peletavad-seedripuust-rongad-green-protect-12tk-pakis\/#primaryimage"},"thumbnailUrl":"https:\/\/horticom.ee\/e-pood\/wp-content\/uploads\/importedmedia\/product-2324156_0-P0019.jpg","datePublished":"2024-12-17T10:01:26+00:00","dateModified":"2026-05-14T00:12:19+00:00","breadcrumb":{"@id":"https:\/\/horticom.ee\/e-pood\/toode\/riidekoid-peletavad-seedripuust-rongad-green-protect-12tk-pakis\/#breadcrumb"},"inLanguage":"et","potentialAction":[{"@type":"ReadAction","target":["https:\/\/horticom.ee\/e-pood\/toode\/riidekoid-peletavad-seedripuust-rongad-green-protect-12tk-pakis\/"]}]},{"@type":"ImageObject","inLanguage":"et","@id":"https:\/\/horticom.ee\/e-pood\/toode\/riidekoid-peletavad-seedripuust-rongad-green-protect-12tk-pakis\/#primaryimage","url":"https:\/\/horticom.ee\/e-pood\/wp-content\/uploads\/importedmedia\/product-2324156_0-P0019.jpg","contentUrl":"https:\/\/horticom.ee\/e-pood\/wp-content\/uploads\/importedmedia\/product-2324156_0-P0019.jpg","width":1000,"height":1000},{"@type":"BreadcrumbList","@id":"https:\/\/horticom.ee\/e-pood\/toode\/riidekoid-peletavad-seedripuust-rongad-green-protect-12tk-pakis\/#breadcrumb","itemListElement":[{"@type":"ListItem","position":1,"name":"Home","item":"https:\/\/horticom.ee\/e-pood\/"},{"@type":"ListItem","position":2,"name":"Pood","item":"https:\/\/horticom.ee\/e-pood\/pood\/"},{"@type":"ListItem","position":3,"name":"Riidekoid peletavad seedripuust r\u00f5ngad Green Protect 12tk\/pakis"}]},{"@type":"WebSite","@id":"https:\/\/horticom.ee\/e-pood\/#website","url":"https:\/\/horticom.ee\/e-pood\/","name":"Horticom.ee","description":"Aianduskaubad ja kodukaubad nii harrastajatele kui professionaalidele","potentialAction":[{"@type":"SearchAction","target":{"@type":"EntryPoint","urlTemplate":"https:\/\/horticom.ee\/e-pood\/?s={search_term_string}"},"query-input":{"@type":"PropertyValueSpecification","valueRequired":true,"valueName":"search_term_string"}}],"inLanguage":"et"}]}},"_links":{"self":[{"href":"https:\/\/horticom.ee\/e-pood\/wp-json\/wp\/v2\/product\/2324156","targetHints":{"allow":["GET"]}}],"collection":[{"href":"https:\/\/horticom.ee\/e-pood\/wp-json\/wp\/v2\/product"}],"about":[{"href":"https:\/\/horticom.ee\/e-pood\/wp-json\/wp\/v2\/types\/product"}],"replies":[{"embeddable":true,"href":"https:\/\/horticom.ee\/e-pood\/wp-json\/wp\/v2\/comments?post=2324156"}],"wp:featuredmedia":[{"embeddable":true,"href":"https:\/\/horticom.ee\/e-pood\/wp-json\/wp\/v2\/media\/2380056"}],"wp:attachment":[{"href":"https:\/\/horticom.ee\/e-pood\/wp-json\/wp\/v2\/media?parent=2324156"}],"wp:term":[{"taxonomy":"product_cat","embeddable":true,"href":"https:\/\/horticom.ee\/e-pood\/wp-json\/wp\/v2\/product_cat?post=2324156"},{"taxonomy":"product_tag","embeddable":true,"href":"https:\/\/horticom.ee\/e-pood\/wp-json\/wp\/v2\/product_tag?post=2324156"}],"curies":[{"name":"wp","href":"https:\/\/api.w.org\/{rel}","templated":true}]}}