{"id":2324172,"date":"2024-12-17T12:01:30","date_gmt":"2024-12-17T10:01:30","guid":{"rendered":"https:\/\/horticom.ee\/e-pood\/toode\/viinamarja-kastmisvaetis-horticom-300g\/"},"modified":"2026-05-01T03:11:27","modified_gmt":"2026-05-01T00:11:27","slug":"viinamarja-kastmisvaetis-horticom-300g","status":"publish","type":"product","link":"https:\/\/horticom.ee\/e-pood\/toode\/viinamarja-kastmisvaetis-horticom-300g\/","title":{"rendered":"Viinamarja kastmisv\u00e4etis Horticom 300g"},"content":{"rendered":"<p>Veeslahustuv mikroelementidega viinapuudele m\u00f5eldud kastmisv\u00e4etis sisaldab k\u00f5iki taimede kasvuks ja arenguks vajalikke p\u00f5hitoitaineid sobivas vahekorras ning mikroelemente kergesti omastatavas vormis. K\u00f5rge fosfori osakaal soodustab rikkalikku \u00f5itsemist ja viljumist.  Saak on rohke ning marjade maitse intensiivne ja aromaatne. NPK 10-10-30+3,3 MgO+mikroelemendid. 100% veeslahustuv kompleksv\u00e4etis<\/p>\n","protected":false},"excerpt":{"rendered":"<p>Veeslahustuv mikroelementidega viinapuudele m\u00f5eldud kastmisv\u00e4etis sisaldab k\u00f5iki taimede kasvuks ja arenguks vajalikke p\u00f5hitoitaineid sobivas vahekorras ning mikroelemente kergesti omastatavas vormis. K\u00f5rge fosfori osakaal soodustab rikkalikku \u00f5itsemist ja viljumist. Saak on rohke ning marjade maitse intensiivne ja aromaatne. NPK 10-10-30+3,3 MgO+mikroelemendid. 100% veeslahustuv kompleksv\u00e4etis<\/p>\n","protected":false},"featured_media":2378724,"comment_status":"closed","ping_status":"closed","template":"","meta":{"_themeisle_gutenberg_block_has_review":false},"product_cat":[16966],"product_tag":[],"class_list":{"0":"post-2324172","1":"product","2":"type-product","3":"status-publish","4":"has-post-thumbnail","6":"product_cat-marjadele-ja-puuviljadele","8":"first","9":"instock","10":"shipping-taxable","11":"purchasable","12":"product-type-simple"},"yoast_head":"<!-- This site is optimized with the Yoast SEO plugin v24.0 - https:\/\/yoast.com\/wordpress\/plugins\/seo\/ -->\n<title>Viinamarja kastmisv\u00e4etis Horticom 300g - Horticom<\/title>\n<meta name=\"robots\" content=\"index, follow, max-snippet:-1, max-image-preview:large, max-video-preview:-1\" \/>\n<link rel=\"canonical\" href=\"https:\/\/horticom.ee\/e-pood\/toode\/viinamarja-kastmisvaetis-horticom-300g\/\" \/>\n<meta property=\"og:locale\" content=\"et_EE\" \/>\n<meta property=\"og:type\" content=\"article\" \/>\n<meta property=\"og:title\" content=\"Viinamarja kastmisv\u00e4etis Horticom 300g - Horticom\" \/>\n<meta property=\"og:description\" content=\"Veeslahustuv mikroelementidega viinapuudele m\u00f5eldud kastmisv\u00e4etis sisaldab k\u00f5iki taimede kasvuks ja arenguks vajalikke p\u00f5hitoitaineid sobivas vahekorras ning mikroelemente kergesti omastatavas vormis. K\u00f5rge fosfori osakaal soodustab rikkalikku \u00f5itsemist ja viljumist. Saak on rohke ning marjade maitse intensiivne ja aromaatne. NPK 10-10-30+3,3 MgO+mikroelemendid. 100% veeslahustuv kompleksv\u00e4etis\" \/>\n<meta property=\"og:url\" content=\"https:\/\/horticom.ee\/e-pood\/toode\/viinamarja-kastmisvaetis-horticom-300g\/\" \/>\n<meta property=\"og:site_name\" content=\"Horticom.ee\" \/>\n<meta property=\"article:publisher\" content=\"https:\/\/www.facebook.com\/horticom.ee\/e-pood\" \/>\n<meta property=\"article:modified_time\" content=\"2026-05-01T00:11:27+00:00\" \/>\n<meta property=\"og:image\" content=\"https:\/\/horticom.ee\/e-pood\/wp-content\/uploads\/importedmedia\/product-2324172_0-6700651.jpg\" \/>\n\t<meta property=\"og:image:width\" content=\"1000\" \/>\n\t<meta property=\"og:image:height\" content=\"1000\" \/>\n\t<meta property=\"og:image:type\" content=\"image\/jpeg\" \/>\n<meta name=\"twitter:card\" content=\"summary_large_image\" \/>\n<script type=\"application\/ld+json\" class=\"yoast-schema-graph\">{\"@context\":\"https:\/\/schema.org\",\"@graph\":[{\"@type\":\"WebPage\",\"@id\":\"https:\/\/horticom.ee\/e-pood\/toode\/viinamarja-kastmisvaetis-horticom-300g\/\",\"url\":\"https:\/\/horticom.ee\/e-pood\/toode\/viinamarja-kastmisvaetis-horticom-300g\/\",\"name\":\"Viinamarja kastmisv\u00e4etis Horticom 300g - Horticom\",\"isPartOf\":{\"@id\":\"https:\/\/horticom.ee\/e-pood\/#website\"},\"primaryImageOfPage\":{\"@id\":\"https:\/\/horticom.ee\/e-pood\/toode\/viinamarja-kastmisvaetis-horticom-300g\/#primaryimage\"},\"image\":{\"@id\":\"https:\/\/horticom.ee\/e-pood\/toode\/viinamarja-kastmisvaetis-horticom-300g\/#primaryimage\"},\"thumbnailUrl\":\"https:\/\/horticom.ee\/e-pood\/wp-content\/uploads\/importedmedia\/product-2324172_0-6700651.jpg\",\"datePublished\":\"2024-12-17T10:01:30+00:00\",\"dateModified\":\"2026-05-01T00:11:27+00:00\",\"breadcrumb\":{\"@id\":\"https:\/\/horticom.ee\/e-pood\/toode\/viinamarja-kastmisvaetis-horticom-300g\/#breadcrumb\"},\"inLanguage\":\"et\",\"potentialAction\":[{\"@type\":\"ReadAction\",\"target\":[\"https:\/\/horticom.ee\/e-pood\/toode\/viinamarja-kastmisvaetis-horticom-300g\/\"]}]},{\"@type\":\"ImageObject\",\"inLanguage\":\"et\",\"@id\":\"https:\/\/horticom.ee\/e-pood\/toode\/viinamarja-kastmisvaetis-horticom-300g\/#primaryimage\",\"url\":\"https:\/\/horticom.ee\/e-pood\/wp-content\/uploads\/importedmedia\/product-2324172_0-6700651.jpg\",\"contentUrl\":\"https:\/\/horticom.ee\/e-pood\/wp-content\/uploads\/importedmedia\/product-2324172_0-6700651.jpg\",\"width\":1000,\"height\":1000},{\"@type\":\"BreadcrumbList\",\"@id\":\"https:\/\/horticom.ee\/e-pood\/toode\/viinamarja-kastmisvaetis-horticom-300g\/#breadcrumb\",\"itemListElement\":[{\"@type\":\"ListItem\",\"position\":1,\"name\":\"Home\",\"item\":\"https:\/\/horticom.ee\/e-pood\/\"},{\"@type\":\"ListItem\",\"position\":2,\"name\":\"Pood\",\"item\":\"https:\/\/horticom.ee\/e-pood\/pood\/\"},{\"@type\":\"ListItem\",\"position\":3,\"name\":\"Viinamarja kastmisv\u00e4etis Horticom 300g\"}]},{\"@type\":\"WebSite\",\"@id\":\"https:\/\/horticom.ee\/e-pood\/#website\",\"url\":\"https:\/\/horticom.ee\/e-pood\/\",\"name\":\"Horticom.ee\",\"description\":\"Aianduskaubad ja kodukaubad nii harrastajatele kui professionaalidele\",\"potentialAction\":[{\"@type\":\"SearchAction\",\"target\":{\"@type\":\"EntryPoint\",\"urlTemplate\":\"https:\/\/horticom.ee\/e-pood\/?s={search_term_string}\"},\"query-input\":{\"@type\":\"PropertyValueSpecification\",\"valueRequired\":true,\"valueName\":\"search_term_string\"}}],\"inLanguage\":\"et\"}]}<\/script>\n<!-- \/ Yoast SEO plugin. -->","yoast_head_json":{"title":"Viinamarja kastmisv\u00e4etis Horticom 300g - Horticom","robots":{"index":"index","follow":"follow","max-snippet":"max-snippet:-1","max-image-preview":"max-image-preview:large","max-video-preview":"max-video-preview:-1"},"canonical":"https:\/\/horticom.ee\/e-pood\/toode\/viinamarja-kastmisvaetis-horticom-300g\/","og_locale":"et_EE","og_type":"article","og_title":"Viinamarja kastmisv\u00e4etis Horticom 300g - Horticom","og_description":"Veeslahustuv mikroelementidega viinapuudele m\u00f5eldud kastmisv\u00e4etis sisaldab k\u00f5iki taimede kasvuks ja arenguks vajalikke p\u00f5hitoitaineid sobivas vahekorras ning mikroelemente kergesti omastatavas vormis. K\u00f5rge fosfori osakaal soodustab rikkalikku \u00f5itsemist ja viljumist. Saak on rohke ning marjade maitse intensiivne ja aromaatne. NPK 10-10-30+3,3 MgO+mikroelemendid. 100% veeslahustuv kompleksv\u00e4etis","og_url":"https:\/\/horticom.ee\/e-pood\/toode\/viinamarja-kastmisvaetis-horticom-300g\/","og_site_name":"Horticom.ee","article_publisher":"https:\/\/www.facebook.com\/horticom.ee\/e-pood","article_modified_time":"2026-05-01T00:11:27+00:00","og_image":[{"width":1000,"height":1000,"url":"https:\/\/horticom.ee\/e-pood\/wp-content\/uploads\/importedmedia\/product-2324172_0-6700651.jpg","type":"image\/jpeg"}],"twitter_card":"summary_large_image","schema":{"@context":"https:\/\/schema.org","@graph":[{"@type":"WebPage","@id":"https:\/\/horticom.ee\/e-pood\/toode\/viinamarja-kastmisvaetis-horticom-300g\/","url":"https:\/\/horticom.ee\/e-pood\/toode\/viinamarja-kastmisvaetis-horticom-300g\/","name":"Viinamarja kastmisv\u00e4etis Horticom 300g - Horticom","isPartOf":{"@id":"https:\/\/horticom.ee\/e-pood\/#website"},"primaryImageOfPage":{"@id":"https:\/\/horticom.ee\/e-pood\/toode\/viinamarja-kastmisvaetis-horticom-300g\/#primaryimage"},"image":{"@id":"https:\/\/horticom.ee\/e-pood\/toode\/viinamarja-kastmisvaetis-horticom-300g\/#primaryimage"},"thumbnailUrl":"https:\/\/horticom.ee\/e-pood\/wp-content\/uploads\/importedmedia\/product-2324172_0-6700651.jpg","datePublished":"2024-12-17T10:01:30+00:00","dateModified":"2026-05-01T00:11:27+00:00","breadcrumb":{"@id":"https:\/\/horticom.ee\/e-pood\/toode\/viinamarja-kastmisvaetis-horticom-300g\/#breadcrumb"},"inLanguage":"et","potentialAction":[{"@type":"ReadAction","target":["https:\/\/horticom.ee\/e-pood\/toode\/viinamarja-kastmisvaetis-horticom-300g\/"]}]},{"@type":"ImageObject","inLanguage":"et","@id":"https:\/\/horticom.ee\/e-pood\/toode\/viinamarja-kastmisvaetis-horticom-300g\/#primaryimage","url":"https:\/\/horticom.ee\/e-pood\/wp-content\/uploads\/importedmedia\/product-2324172_0-6700651.jpg","contentUrl":"https:\/\/horticom.ee\/e-pood\/wp-content\/uploads\/importedmedia\/product-2324172_0-6700651.jpg","width":1000,"height":1000},{"@type":"BreadcrumbList","@id":"https:\/\/horticom.ee\/e-pood\/toode\/viinamarja-kastmisvaetis-horticom-300g\/#breadcrumb","itemListElement":[{"@type":"ListItem","position":1,"name":"Home","item":"https:\/\/horticom.ee\/e-pood\/"},{"@type":"ListItem","position":2,"name":"Pood","item":"https:\/\/horticom.ee\/e-pood\/pood\/"},{"@type":"ListItem","position":3,"name":"Viinamarja kastmisv\u00e4etis Horticom 300g"}]},{"@type":"WebSite","@id":"https:\/\/horticom.ee\/e-pood\/#website","url":"https:\/\/horticom.ee\/e-pood\/","name":"Horticom.ee","description":"Aianduskaubad ja kodukaubad nii harrastajatele kui professionaalidele","potentialAction":[{"@type":"SearchAction","target":{"@type":"EntryPoint","urlTemplate":"https:\/\/horticom.ee\/e-pood\/?s={search_term_string}"},"query-input":{"@type":"PropertyValueSpecification","valueRequired":true,"valueName":"search_term_string"}}],"inLanguage":"et"}]}},"_links":{"self":[{"href":"https:\/\/horticom.ee\/e-pood\/wp-json\/wp\/v2\/product\/2324172","targetHints":{"allow":["GET"]}}],"collection":[{"href":"https:\/\/horticom.ee\/e-pood\/wp-json\/wp\/v2\/product"}],"about":[{"href":"https:\/\/horticom.ee\/e-pood\/wp-json\/wp\/v2\/types\/product"}],"replies":[{"embeddable":true,"href":"https:\/\/horticom.ee\/e-pood\/wp-json\/wp\/v2\/comments?post=2324172"}],"wp:featuredmedia":[{"embeddable":true,"href":"https:\/\/horticom.ee\/e-pood\/wp-json\/wp\/v2\/media\/2378724"}],"wp:attachment":[{"href":"https:\/\/horticom.ee\/e-pood\/wp-json\/wp\/v2\/media?parent=2324172"}],"wp:term":[{"taxonomy":"product_cat","embeddable":true,"href":"https:\/\/horticom.ee\/e-pood\/wp-json\/wp\/v2\/product_cat?post=2324172"},{"taxonomy":"product_tag","embeddable":true,"href":"https:\/\/horticom.ee\/e-pood\/wp-json\/wp\/v2\/product_tag?post=2324172"}],"curies":[{"name":"wp","href":"https:\/\/api.w.org\/{rel}","templated":true}]}}