{"id":2324178,"date":"2024-12-17T12:01:32","date_gmt":"2024-12-17T10:01:32","guid":{"rendered":"https:\/\/horticom.ee\/e-pood\/toode\/karbsepaber-aknale-vetroband-2tk-pakis\/"},"modified":"2026-05-03T03:12:25","modified_gmt":"2026-05-03T00:12:25","slug":"karbsepaber-aknale-vetroband-2tk-pakis","status":"publish","type":"product","link":"https:\/\/horticom.ee\/e-pood\/toode\/karbsepaber-aknale-vetroband-2tk-pakis\/","title":{"rendered":"K\u00e4rbsepaber aknale Vetroband 2tk\/pakis"},"content":{"rendered":"<p>\u00dchepoolne liimteip koos atraktantidega, mis tagab t\u00f5husa k\u00e4rbeste p\u00fc\u00fcdmise. K\u00e4rbsepaberil on tagak\u00fcljel punane liimteip, millega kinnitataks aknaklaasile. Kiire ja lihtne paigaldamine. Aknalt eemaldamisel ei j\u00e4ta see j\u00e4lgi, mida oleks vaja puhastada. Tagak\u00fcljel olev liimiriba j\u00e4\u00e4b endiselt kleepuvaks, seega on v\u00f5imalik k\u00e4rbsep\u00fc\u00fcdjat korduvalt eemaldada ja uuesti aknaklaasile kinnitada.  Liimpind ei kuiva ja j\u00e4\u00e4b kleepuvaks, kuni see on t\u00e4idetud p\u00fc\u00fctud putukate v\u00f5i tolmuga (kui seda kasutatakse tolmuses keskkonnas).<\/p>\n","protected":false},"excerpt":{"rendered":"<p>\u00dchepoolne liimteip koos atraktantidega, mis tagab t\u00f5husa k\u00e4rbeste p\u00fc\u00fcdmise. K\u00e4rbsepaberil on tagak\u00fcljel punane liimteip, millega kinnitataks aknaklaasile. Kiire ja lihtne paigaldamine. Aknalt eemaldamisel ei j\u00e4ta see j\u00e4lgi, mida oleks vaja puhastada. Tagak\u00fcljel olev liimiriba j\u00e4\u00e4b endiselt kleepuvaks, seega on v\u00f5imalik k\u00e4rbsep\u00fc\u00fcdjat korduvalt eemaldada ja uuesti aknaklaasile kinnitada. Liimpind ei kuiva ja j\u00e4\u00e4b kleepuvaks, kuni see [&hellip;]<\/p>\n","protected":false},"featured_media":2360968,"comment_status":"closed","ping_status":"closed","template":"","meta":{"_themeisle_gutenberg_block_has_review":false},"product_cat":[13597],"product_tag":[],"class_list":{"0":"post-2324178","1":"product","2":"type-product","3":"status-publish","4":"has-post-thumbnail","6":"product_cat-karbsed","8":"first","9":"instock","10":"shipping-taxable","11":"purchasable","12":"product-type-simple"},"yoast_head":"<!-- This site is optimized with the Yoast SEO plugin v24.0 - https:\/\/yoast.com\/wordpress\/plugins\/seo\/ -->\n<title>K\u00e4rbsepaber aknale Vetroband 2tk\/pakis - Horticom<\/title>\n<meta name=\"robots\" content=\"index, follow, max-snippet:-1, max-image-preview:large, max-video-preview:-1\" \/>\n<link rel=\"canonical\" href=\"https:\/\/horticom.ee\/e-pood\/toode\/karbsepaber-aknale-vetroband-2tk-pakis\/\" \/>\n<meta property=\"og:locale\" content=\"et_EE\" \/>\n<meta property=\"og:type\" content=\"article\" \/>\n<meta property=\"og:title\" content=\"K\u00e4rbsepaber aknale Vetroband 2tk\/pakis - Horticom\" \/>\n<meta property=\"og:description\" content=\"\u00dchepoolne liimteip koos atraktantidega, mis tagab t\u00f5husa k\u00e4rbeste p\u00fc\u00fcdmise. K\u00e4rbsepaberil on tagak\u00fcljel punane liimteip, millega kinnitataks aknaklaasile. Kiire ja lihtne paigaldamine. Aknalt eemaldamisel ei j\u00e4ta see j\u00e4lgi, mida oleks vaja puhastada. Tagak\u00fcljel olev liimiriba j\u00e4\u00e4b endiselt kleepuvaks, seega on v\u00f5imalik k\u00e4rbsep\u00fc\u00fcdjat korduvalt eemaldada ja uuesti aknaklaasile kinnitada. Liimpind ei kuiva ja j\u00e4\u00e4b kleepuvaks, kuni see [&hellip;]\" \/>\n<meta property=\"og:url\" content=\"https:\/\/horticom.ee\/e-pood\/toode\/karbsepaber-aknale-vetroband-2tk-pakis\/\" \/>\n<meta property=\"og:site_name\" content=\"Horticom.ee\" \/>\n<meta property=\"article:publisher\" content=\"https:\/\/www.facebook.com\/horticom.ee\/e-pood\" \/>\n<meta property=\"article:modified_time\" content=\"2026-05-03T00:12:25+00:00\" \/>\n<meta property=\"og:image\" content=\"https:\/\/horticom.ee\/e-pood\/wp-content\/uploads\/importedmedia\/product-2324178_0-P0030.jpg\" \/>\n\t<meta property=\"og:image:width\" content=\"999\" \/>\n\t<meta property=\"og:image:height\" content=\"785\" \/>\n\t<meta property=\"og:image:type\" content=\"image\/jpeg\" \/>\n<meta name=\"twitter:card\" content=\"summary_large_image\" \/>\n<script type=\"application\/ld+json\" class=\"yoast-schema-graph\">{\"@context\":\"https:\/\/schema.org\",\"@graph\":[{\"@type\":\"WebPage\",\"@id\":\"https:\/\/horticom.ee\/e-pood\/toode\/karbsepaber-aknale-vetroband-2tk-pakis\/\",\"url\":\"https:\/\/horticom.ee\/e-pood\/toode\/karbsepaber-aknale-vetroband-2tk-pakis\/\",\"name\":\"K\u00e4rbsepaber aknale Vetroband 2tk\/pakis - Horticom\",\"isPartOf\":{\"@id\":\"https:\/\/horticom.ee\/e-pood\/#website\"},\"primaryImageOfPage\":{\"@id\":\"https:\/\/horticom.ee\/e-pood\/toode\/karbsepaber-aknale-vetroband-2tk-pakis\/#primaryimage\"},\"image\":{\"@id\":\"https:\/\/horticom.ee\/e-pood\/toode\/karbsepaber-aknale-vetroband-2tk-pakis\/#primaryimage\"},\"thumbnailUrl\":\"https:\/\/horticom.ee\/e-pood\/wp-content\/uploads\/importedmedia\/product-2324178_0-P0030.jpg\",\"datePublished\":\"2024-12-17T10:01:32+00:00\",\"dateModified\":\"2026-05-03T00:12:25+00:00\",\"breadcrumb\":{\"@id\":\"https:\/\/horticom.ee\/e-pood\/toode\/karbsepaber-aknale-vetroband-2tk-pakis\/#breadcrumb\"},\"inLanguage\":\"et\",\"potentialAction\":[{\"@type\":\"ReadAction\",\"target\":[\"https:\/\/horticom.ee\/e-pood\/toode\/karbsepaber-aknale-vetroband-2tk-pakis\/\"]}]},{\"@type\":\"ImageObject\",\"inLanguage\":\"et\",\"@id\":\"https:\/\/horticom.ee\/e-pood\/toode\/karbsepaber-aknale-vetroband-2tk-pakis\/#primaryimage\",\"url\":\"https:\/\/horticom.ee\/e-pood\/wp-content\/uploads\/importedmedia\/product-2324178_0-P0030.jpg\",\"contentUrl\":\"https:\/\/horticom.ee\/e-pood\/wp-content\/uploads\/importedmedia\/product-2324178_0-P0030.jpg\",\"width\":999,\"height\":785},{\"@type\":\"BreadcrumbList\",\"@id\":\"https:\/\/horticom.ee\/e-pood\/toode\/karbsepaber-aknale-vetroband-2tk-pakis\/#breadcrumb\",\"itemListElement\":[{\"@type\":\"ListItem\",\"position\":1,\"name\":\"Home\",\"item\":\"https:\/\/horticom.ee\/e-pood\/\"},{\"@type\":\"ListItem\",\"position\":2,\"name\":\"Pood\",\"item\":\"https:\/\/horticom.ee\/e-pood\/pood\/\"},{\"@type\":\"ListItem\",\"position\":3,\"name\":\"K\u00e4rbsepaber aknale Vetroband 2tk\/pakis\"}]},{\"@type\":\"WebSite\",\"@id\":\"https:\/\/horticom.ee\/e-pood\/#website\",\"url\":\"https:\/\/horticom.ee\/e-pood\/\",\"name\":\"Horticom.ee\",\"description\":\"Aianduskaubad ja kodukaubad nii harrastajatele kui professionaalidele\",\"potentialAction\":[{\"@type\":\"SearchAction\",\"target\":{\"@type\":\"EntryPoint\",\"urlTemplate\":\"https:\/\/horticom.ee\/e-pood\/?s={search_term_string}\"},\"query-input\":{\"@type\":\"PropertyValueSpecification\",\"valueRequired\":true,\"valueName\":\"search_term_string\"}}],\"inLanguage\":\"et\"}]}<\/script>\n<!-- \/ Yoast SEO plugin. -->","yoast_head_json":{"title":"K\u00e4rbsepaber aknale Vetroband 2tk\/pakis - Horticom","robots":{"index":"index","follow":"follow","max-snippet":"max-snippet:-1","max-image-preview":"max-image-preview:large","max-video-preview":"max-video-preview:-1"},"canonical":"https:\/\/horticom.ee\/e-pood\/toode\/karbsepaber-aknale-vetroband-2tk-pakis\/","og_locale":"et_EE","og_type":"article","og_title":"K\u00e4rbsepaber aknale Vetroband 2tk\/pakis - Horticom","og_description":"\u00dchepoolne liimteip koos atraktantidega, mis tagab t\u00f5husa k\u00e4rbeste p\u00fc\u00fcdmise. K\u00e4rbsepaberil on tagak\u00fcljel punane liimteip, millega kinnitataks aknaklaasile. Kiire ja lihtne paigaldamine. Aknalt eemaldamisel ei j\u00e4ta see j\u00e4lgi, mida oleks vaja puhastada. Tagak\u00fcljel olev liimiriba j\u00e4\u00e4b endiselt kleepuvaks, seega on v\u00f5imalik k\u00e4rbsep\u00fc\u00fcdjat korduvalt eemaldada ja uuesti aknaklaasile kinnitada. Liimpind ei kuiva ja j\u00e4\u00e4b kleepuvaks, kuni see [&hellip;]","og_url":"https:\/\/horticom.ee\/e-pood\/toode\/karbsepaber-aknale-vetroband-2tk-pakis\/","og_site_name":"Horticom.ee","article_publisher":"https:\/\/www.facebook.com\/horticom.ee\/e-pood","article_modified_time":"2026-05-03T00:12:25+00:00","og_image":[{"width":999,"height":785,"url":"https:\/\/horticom.ee\/e-pood\/wp-content\/uploads\/importedmedia\/product-2324178_0-P0030.jpg","type":"image\/jpeg"}],"twitter_card":"summary_large_image","schema":{"@context":"https:\/\/schema.org","@graph":[{"@type":"WebPage","@id":"https:\/\/horticom.ee\/e-pood\/toode\/karbsepaber-aknale-vetroband-2tk-pakis\/","url":"https:\/\/horticom.ee\/e-pood\/toode\/karbsepaber-aknale-vetroband-2tk-pakis\/","name":"K\u00e4rbsepaber aknale Vetroband 2tk\/pakis - Horticom","isPartOf":{"@id":"https:\/\/horticom.ee\/e-pood\/#website"},"primaryImageOfPage":{"@id":"https:\/\/horticom.ee\/e-pood\/toode\/karbsepaber-aknale-vetroband-2tk-pakis\/#primaryimage"},"image":{"@id":"https:\/\/horticom.ee\/e-pood\/toode\/karbsepaber-aknale-vetroband-2tk-pakis\/#primaryimage"},"thumbnailUrl":"https:\/\/horticom.ee\/e-pood\/wp-content\/uploads\/importedmedia\/product-2324178_0-P0030.jpg","datePublished":"2024-12-17T10:01:32+00:00","dateModified":"2026-05-03T00:12:25+00:00","breadcrumb":{"@id":"https:\/\/horticom.ee\/e-pood\/toode\/karbsepaber-aknale-vetroband-2tk-pakis\/#breadcrumb"},"inLanguage":"et","potentialAction":[{"@type":"ReadAction","target":["https:\/\/horticom.ee\/e-pood\/toode\/karbsepaber-aknale-vetroband-2tk-pakis\/"]}]},{"@type":"ImageObject","inLanguage":"et","@id":"https:\/\/horticom.ee\/e-pood\/toode\/karbsepaber-aknale-vetroband-2tk-pakis\/#primaryimage","url":"https:\/\/horticom.ee\/e-pood\/wp-content\/uploads\/importedmedia\/product-2324178_0-P0030.jpg","contentUrl":"https:\/\/horticom.ee\/e-pood\/wp-content\/uploads\/importedmedia\/product-2324178_0-P0030.jpg","width":999,"height":785},{"@type":"BreadcrumbList","@id":"https:\/\/horticom.ee\/e-pood\/toode\/karbsepaber-aknale-vetroband-2tk-pakis\/#breadcrumb","itemListElement":[{"@type":"ListItem","position":1,"name":"Home","item":"https:\/\/horticom.ee\/e-pood\/"},{"@type":"ListItem","position":2,"name":"Pood","item":"https:\/\/horticom.ee\/e-pood\/pood\/"},{"@type":"ListItem","position":3,"name":"K\u00e4rbsepaber aknale Vetroband 2tk\/pakis"}]},{"@type":"WebSite","@id":"https:\/\/horticom.ee\/e-pood\/#website","url":"https:\/\/horticom.ee\/e-pood\/","name":"Horticom.ee","description":"Aianduskaubad ja kodukaubad nii harrastajatele kui professionaalidele","potentialAction":[{"@type":"SearchAction","target":{"@type":"EntryPoint","urlTemplate":"https:\/\/horticom.ee\/e-pood\/?s={search_term_string}"},"query-input":{"@type":"PropertyValueSpecification","valueRequired":true,"valueName":"search_term_string"}}],"inLanguage":"et"}]}},"_links":{"self":[{"href":"https:\/\/horticom.ee\/e-pood\/wp-json\/wp\/v2\/product\/2324178","targetHints":{"allow":["GET"]}}],"collection":[{"href":"https:\/\/horticom.ee\/e-pood\/wp-json\/wp\/v2\/product"}],"about":[{"href":"https:\/\/horticom.ee\/e-pood\/wp-json\/wp\/v2\/types\/product"}],"replies":[{"embeddable":true,"href":"https:\/\/horticom.ee\/e-pood\/wp-json\/wp\/v2\/comments?post=2324178"}],"wp:featuredmedia":[{"embeddable":true,"href":"https:\/\/horticom.ee\/e-pood\/wp-json\/wp\/v2\/media\/2360968"}],"wp:attachment":[{"href":"https:\/\/horticom.ee\/e-pood\/wp-json\/wp\/v2\/media?parent=2324178"}],"wp:term":[{"taxonomy":"product_cat","embeddable":true,"href":"https:\/\/horticom.ee\/e-pood\/wp-json\/wp\/v2\/product_cat?post=2324178"},{"taxonomy":"product_tag","embeddable":true,"href":"https:\/\/horticom.ee\/e-pood\/wp-json\/wp\/v2\/product_tag?post=2324178"}],"curies":[{"name":"wp","href":"https:\/\/api.w.org\/{rel}","templated":true}]}}