{"id":2324477,"date":"2024-12-19T16:00:24","date_gmt":"2024-12-19T14:00:24","guid":{"rendered":"https:\/\/horticom.ee\/e-pood\/toode\/istutuspott-elho-green-basics-d-11-x-10cm-06l-leheroheline\/"},"modified":"2026-05-13T18:09:29","modified_gmt":"2026-05-13T15:09:29","slug":"istutuspott-elho-green-basics-d-11-x-10cm-06l-leheroheline","status":"publish","type":"product","link":"https:\/\/horticom.ee\/e-pood\/toode\/istutuspott-elho-green-basics-d-11-x-10cm-06l-leheroheline\/","title":{"rendered":"Istutuspott Elho Green Basics d 11 x 10cm 0,6L leheroheline"},"content":{"rendered":"<p>Elho baassarja istutuspott. Taask\u00e4ideldatav, toodetud 100% taaskasutatud materjalidest tuuleenergia abil. Toote originaalv\u00e4rv p\u00fcsib kauem, kuna valmistamisel kasutatakse erilisi v\u00e4rvipigmente. Sobilik alustaldrik d 10cm.<\/p>\n","protected":false},"excerpt":{"rendered":"<p>Elho baassarja istutuspott. Taask\u00e4ideldatav, toodetud 100% taaskasutatud materjalidest tuuleenergia abil. Toote originaalv\u00e4rv p\u00fcsib kauem, kuna valmistamisel kasutatakse erilisi v\u00e4rvipigmente. Sobilik alustaldrik d 10cm.<\/p>\n","protected":false},"featured_media":2392681,"comment_status":"closed","ping_status":"closed","template":"","meta":{"_themeisle_gutenberg_block_has_review":false},"product_cat":[13475],"product_tag":[],"class_list":{"0":"post-2324477","1":"product","2":"type-product","3":"status-publish","4":"has-post-thumbnail","6":"product_cat-istutuspotid","8":"first","9":"instock","10":"shipping-taxable","11":"purchasable","12":"product-type-simple"},"yoast_head":"<!-- This site is optimized with the Yoast SEO plugin v24.0 - https:\/\/yoast.com\/wordpress\/plugins\/seo\/ -->\n<title>Istutuspott Elho Green Basics d 11 x 10cm 0,6L leheroheline - Horticom<\/title>\n<meta name=\"robots\" content=\"index, follow, max-snippet:-1, max-image-preview:large, max-video-preview:-1\" \/>\n<link rel=\"canonical\" href=\"https:\/\/horticom.ee\/e-pood\/toode\/istutuspott-elho-green-basics-d-11-x-10cm-06l-leheroheline\/\" \/>\n<meta property=\"og:locale\" content=\"et_EE\" \/>\n<meta property=\"og:type\" content=\"article\" \/>\n<meta property=\"og:title\" content=\"Istutuspott Elho Green Basics d 11 x 10cm 0,6L leheroheline - Horticom\" \/>\n<meta property=\"og:description\" content=\"Elho baassarja istutuspott. Taask\u00e4ideldatav, toodetud 100% taaskasutatud materjalidest tuuleenergia abil. Toote originaalv\u00e4rv p\u00fcsib kauem, kuna valmistamisel kasutatakse erilisi v\u00e4rvipigmente. Sobilik alustaldrik d 10cm.\" \/>\n<meta property=\"og:url\" content=\"https:\/\/horticom.ee\/e-pood\/toode\/istutuspott-elho-green-basics-d-11-x-10cm-06l-leheroheline\/\" \/>\n<meta property=\"og:site_name\" content=\"Horticom.ee\" \/>\n<meta property=\"article:publisher\" content=\"https:\/\/www.facebook.com\/horticom.ee\/e-pood\" \/>\n<meta property=\"article:modified_time\" content=\"2026-05-13T15:09:29+00:00\" \/>\n<meta property=\"og:image\" content=\"https:\/\/horticom.ee\/e-pood\/wp-content\/uploads\/2024\/12\/8711904299521-scaled.jpg\" \/>\n\t<meta property=\"og:image:width\" content=\"2560\" \/>\n\t<meta property=\"og:image:height\" content=\"2560\" \/>\n\t<meta property=\"og:image:type\" content=\"image\/jpeg\" \/>\n<meta name=\"twitter:card\" content=\"summary_large_image\" \/>\n<meta name=\"twitter:label1\" content=\"Est. reading time\" \/>\n\t<meta name=\"twitter:data1\" content=\"1 minut\" \/>\n<script type=\"application\/ld+json\" class=\"yoast-schema-graph\">{\"@context\":\"https:\/\/schema.org\",\"@graph\":[{\"@type\":\"WebPage\",\"@id\":\"https:\/\/horticom.ee\/e-pood\/toode\/istutuspott-elho-green-basics-d-11-x-10cm-06l-leheroheline\/\",\"url\":\"https:\/\/horticom.ee\/e-pood\/toode\/istutuspott-elho-green-basics-d-11-x-10cm-06l-leheroheline\/\",\"name\":\"Istutuspott Elho Green Basics d 11 x 10cm 0,6L leheroheline - Horticom\",\"isPartOf\":{\"@id\":\"https:\/\/horticom.ee\/e-pood\/#website\"},\"primaryImageOfPage\":{\"@id\":\"https:\/\/horticom.ee\/e-pood\/toode\/istutuspott-elho-green-basics-d-11-x-10cm-06l-leheroheline\/#primaryimage\"},\"image\":{\"@id\":\"https:\/\/horticom.ee\/e-pood\/toode\/istutuspott-elho-green-basics-d-11-x-10cm-06l-leheroheline\/#primaryimage\"},\"thumbnailUrl\":\"https:\/\/horticom.ee\/e-pood\/wp-content\/uploads\/2024\/12\/8711904299521-scaled.jpg\",\"datePublished\":\"2024-12-19T14:00:24+00:00\",\"dateModified\":\"2026-05-13T15:09:29+00:00\",\"breadcrumb\":{\"@id\":\"https:\/\/horticom.ee\/e-pood\/toode\/istutuspott-elho-green-basics-d-11-x-10cm-06l-leheroheline\/#breadcrumb\"},\"inLanguage\":\"et\",\"potentialAction\":[{\"@type\":\"ReadAction\",\"target\":[\"https:\/\/horticom.ee\/e-pood\/toode\/istutuspott-elho-green-basics-d-11-x-10cm-06l-leheroheline\/\"]}]},{\"@type\":\"ImageObject\",\"inLanguage\":\"et\",\"@id\":\"https:\/\/horticom.ee\/e-pood\/toode\/istutuspott-elho-green-basics-d-11-x-10cm-06l-leheroheline\/#primaryimage\",\"url\":\"https:\/\/horticom.ee\/e-pood\/wp-content\/uploads\/2024\/12\/8711904299521-scaled.jpg\",\"contentUrl\":\"https:\/\/horticom.ee\/e-pood\/wp-content\/uploads\/2024\/12\/8711904299521-scaled.jpg\",\"width\":2560,\"height\":2560},{\"@type\":\"BreadcrumbList\",\"@id\":\"https:\/\/horticom.ee\/e-pood\/toode\/istutuspott-elho-green-basics-d-11-x-10cm-06l-leheroheline\/#breadcrumb\",\"itemListElement\":[{\"@type\":\"ListItem\",\"position\":1,\"name\":\"Home\",\"item\":\"https:\/\/horticom.ee\/e-pood\/\"},{\"@type\":\"ListItem\",\"position\":2,\"name\":\"Pood\",\"item\":\"https:\/\/horticom.ee\/e-pood\/pood\/\"},{\"@type\":\"ListItem\",\"position\":3,\"name\":\"Istutuspott Elho Green Basics d 11 x 10cm 0,6L leheroheline\"}]},{\"@type\":\"WebSite\",\"@id\":\"https:\/\/horticom.ee\/e-pood\/#website\",\"url\":\"https:\/\/horticom.ee\/e-pood\/\",\"name\":\"Horticom.ee\",\"description\":\"Aianduskaubad ja kodukaubad nii harrastajatele kui professionaalidele\",\"potentialAction\":[{\"@type\":\"SearchAction\",\"target\":{\"@type\":\"EntryPoint\",\"urlTemplate\":\"https:\/\/horticom.ee\/e-pood\/?s={search_term_string}\"},\"query-input\":{\"@type\":\"PropertyValueSpecification\",\"valueRequired\":true,\"valueName\":\"search_term_string\"}}],\"inLanguage\":\"et\"}]}<\/script>\n<!-- \/ Yoast SEO plugin. -->","yoast_head_json":{"title":"Istutuspott Elho Green Basics d 11 x 10cm 0,6L leheroheline - Horticom","robots":{"index":"index","follow":"follow","max-snippet":"max-snippet:-1","max-image-preview":"max-image-preview:large","max-video-preview":"max-video-preview:-1"},"canonical":"https:\/\/horticom.ee\/e-pood\/toode\/istutuspott-elho-green-basics-d-11-x-10cm-06l-leheroheline\/","og_locale":"et_EE","og_type":"article","og_title":"Istutuspott Elho Green Basics d 11 x 10cm 0,6L leheroheline - Horticom","og_description":"Elho baassarja istutuspott. Taask\u00e4ideldatav, toodetud 100% taaskasutatud materjalidest tuuleenergia abil. Toote originaalv\u00e4rv p\u00fcsib kauem, kuna valmistamisel kasutatakse erilisi v\u00e4rvipigmente. Sobilik alustaldrik d 10cm.","og_url":"https:\/\/horticom.ee\/e-pood\/toode\/istutuspott-elho-green-basics-d-11-x-10cm-06l-leheroheline\/","og_site_name":"Horticom.ee","article_publisher":"https:\/\/www.facebook.com\/horticom.ee\/e-pood","article_modified_time":"2026-05-13T15:09:29+00:00","og_image":[{"width":2560,"height":2560,"url":"https:\/\/horticom.ee\/e-pood\/wp-content\/uploads\/2024\/12\/8711904299521-scaled.jpg","type":"image\/jpeg"}],"twitter_card":"summary_large_image","twitter_misc":{"Est. reading time":"1 minut"},"schema":{"@context":"https:\/\/schema.org","@graph":[{"@type":"WebPage","@id":"https:\/\/horticom.ee\/e-pood\/toode\/istutuspott-elho-green-basics-d-11-x-10cm-06l-leheroheline\/","url":"https:\/\/horticom.ee\/e-pood\/toode\/istutuspott-elho-green-basics-d-11-x-10cm-06l-leheroheline\/","name":"Istutuspott Elho Green Basics d 11 x 10cm 0,6L leheroheline - Horticom","isPartOf":{"@id":"https:\/\/horticom.ee\/e-pood\/#website"},"primaryImageOfPage":{"@id":"https:\/\/horticom.ee\/e-pood\/toode\/istutuspott-elho-green-basics-d-11-x-10cm-06l-leheroheline\/#primaryimage"},"image":{"@id":"https:\/\/horticom.ee\/e-pood\/toode\/istutuspott-elho-green-basics-d-11-x-10cm-06l-leheroheline\/#primaryimage"},"thumbnailUrl":"https:\/\/horticom.ee\/e-pood\/wp-content\/uploads\/2024\/12\/8711904299521-scaled.jpg","datePublished":"2024-12-19T14:00:24+00:00","dateModified":"2026-05-13T15:09:29+00:00","breadcrumb":{"@id":"https:\/\/horticom.ee\/e-pood\/toode\/istutuspott-elho-green-basics-d-11-x-10cm-06l-leheroheline\/#breadcrumb"},"inLanguage":"et","potentialAction":[{"@type":"ReadAction","target":["https:\/\/horticom.ee\/e-pood\/toode\/istutuspott-elho-green-basics-d-11-x-10cm-06l-leheroheline\/"]}]},{"@type":"ImageObject","inLanguage":"et","@id":"https:\/\/horticom.ee\/e-pood\/toode\/istutuspott-elho-green-basics-d-11-x-10cm-06l-leheroheline\/#primaryimage","url":"https:\/\/horticom.ee\/e-pood\/wp-content\/uploads\/2024\/12\/8711904299521-scaled.jpg","contentUrl":"https:\/\/horticom.ee\/e-pood\/wp-content\/uploads\/2024\/12\/8711904299521-scaled.jpg","width":2560,"height":2560},{"@type":"BreadcrumbList","@id":"https:\/\/horticom.ee\/e-pood\/toode\/istutuspott-elho-green-basics-d-11-x-10cm-06l-leheroheline\/#breadcrumb","itemListElement":[{"@type":"ListItem","position":1,"name":"Home","item":"https:\/\/horticom.ee\/e-pood\/"},{"@type":"ListItem","position":2,"name":"Pood","item":"https:\/\/horticom.ee\/e-pood\/pood\/"},{"@type":"ListItem","position":3,"name":"Istutuspott Elho Green Basics d 11 x 10cm 0,6L leheroheline"}]},{"@type":"WebSite","@id":"https:\/\/horticom.ee\/e-pood\/#website","url":"https:\/\/horticom.ee\/e-pood\/","name":"Horticom.ee","description":"Aianduskaubad ja kodukaubad nii harrastajatele kui professionaalidele","potentialAction":[{"@type":"SearchAction","target":{"@type":"EntryPoint","urlTemplate":"https:\/\/horticom.ee\/e-pood\/?s={search_term_string}"},"query-input":{"@type":"PropertyValueSpecification","valueRequired":true,"valueName":"search_term_string"}}],"inLanguage":"et"}]}},"_links":{"self":[{"href":"https:\/\/horticom.ee\/e-pood\/wp-json\/wp\/v2\/product\/2324477","targetHints":{"allow":["GET"]}}],"collection":[{"href":"https:\/\/horticom.ee\/e-pood\/wp-json\/wp\/v2\/product"}],"about":[{"href":"https:\/\/horticom.ee\/e-pood\/wp-json\/wp\/v2\/types\/product"}],"replies":[{"embeddable":true,"href":"https:\/\/horticom.ee\/e-pood\/wp-json\/wp\/v2\/comments?post=2324477"}],"wp:featuredmedia":[{"embeddable":true,"href":"https:\/\/horticom.ee\/e-pood\/wp-json\/wp\/v2\/media\/2392681"}],"wp:attachment":[{"href":"https:\/\/horticom.ee\/e-pood\/wp-json\/wp\/v2\/media?parent=2324477"}],"wp:term":[{"taxonomy":"product_cat","embeddable":true,"href":"https:\/\/horticom.ee\/e-pood\/wp-json\/wp\/v2\/product_cat?post=2324477"},{"taxonomy":"product_tag","embeddable":true,"href":"https:\/\/horticom.ee\/e-pood\/wp-json\/wp\/v2\/product_tag?post=2324477"}],"curies":[{"name":"wp","href":"https:\/\/api.w.org\/{rel}","templated":true}]}}