{"id":2347293,"date":"2025-02-17T16:09:11","date_gmt":"2025-02-17T14:09:11","guid":{"rendered":"https:\/\/horticom.ee\/e-pood\/toode\/kurk-dirigent-f1-puhtimata-100s\/"},"modified":"2026-04-25T03:13:14","modified_gmt":"2026-04-25T00:13:14","slug":"kurk-dirigent-f1-puhtimata-100s","status":"publish","type":"product","link":"https:\/\/horticom.ee\/e-pood\/toode\/kurk-dirigent-f1-puhtimata-100s\/","title":{"rendered":"Kurk Dirigent F1 puhtimata 100s"},"content":{"rendered":"<p>55p. Viljad on esmaklassilised, \u00fchendatud on v\u00e4ga varajane saagikus ja viljade kvaliteet. Viljad s\u00e4ilitavad tugeva kr\u00f5mpsuva sisestruktuuri ja ilusa v\u00e4rvuse ka pikaajalisel hoidistamisel. Sordile on omane v\u00e4iksem lehtede mass, mis h\u00f5lbustab tunduvalt kasvatamist ja viljade korjamist. Hetkel Skandinaaviamaade konserveerimiskurgina k\u00f5ige enam hinnatud. Vilja pikkuse laiuse suhe 3,1:1 Partenokarpne h\u00fcbriidsort, kindel mosaiikt\u00f5ve ja jahukaste suhtes, viljad on m\u00f5ruvabad, sobivad hapendamiseks ja konserveerimiseks.<\/p>\n","protected":false},"excerpt":{"rendered":"<p>55p. Viljad on esmaklassilised, \u00fchendatud on v\u00e4ga varajane saagikus ja viljade kvaliteet. Viljad s\u00e4ilitavad tugeva kr\u00f5mpsuva sisestruktuuri ja ilusa v\u00e4rvuse ka pikaajalisel hoidistamisel. Sordile on omane v\u00e4iksem lehtede mass, mis h\u00f5lbustab tunduvalt kasvatamist ja viljade korjamist. Hetkel Skandinaaviamaade konserveerimiskurgina k\u00f5ige enam hinnatud. Vilja pikkuse laiuse suhe 3,1:1 Partenokarpne h\u00fcbriidsort, kindel mosaiikt\u00f5ve ja jahukaste suhtes, viljad [&hellip;]<\/p>\n","protected":false},"featured_media":0,"comment_status":"closed","ping_status":"closed","template":"","meta":{"_themeisle_gutenberg_block_has_review":false},"product_cat":[13493],"product_tag":[],"class_list":{"0":"post-2347293","1":"product","2":"type-product","3":"status-publish","5":"product_cat-kurk","7":"first","8":"instock","9":"shipping-taxable","10":"purchasable","11":"product-type-simple"},"yoast_head":"<!-- This site is optimized with the Yoast SEO plugin v24.0 - https:\/\/yoast.com\/wordpress\/plugins\/seo\/ -->\n<title>Kurk Dirigent F1 puhtimata 100s - Horticom<\/title>\n<meta name=\"robots\" content=\"index, follow, max-snippet:-1, max-image-preview:large, max-video-preview:-1\" \/>\n<link rel=\"canonical\" href=\"https:\/\/horticom.ee\/e-pood\/toode\/kurk-dirigent-f1-puhtimata-100s\/\" \/>\n<meta property=\"og:locale\" content=\"et_EE\" \/>\n<meta property=\"og:type\" content=\"article\" \/>\n<meta property=\"og:title\" content=\"Kurk Dirigent F1 puhtimata 100s - Horticom\" \/>\n<meta property=\"og:description\" content=\"55p. Viljad on esmaklassilised, \u00fchendatud on v\u00e4ga varajane saagikus ja viljade kvaliteet. Viljad s\u00e4ilitavad tugeva kr\u00f5mpsuva sisestruktuuri ja ilusa v\u00e4rvuse ka pikaajalisel hoidistamisel. Sordile on omane v\u00e4iksem lehtede mass, mis h\u00f5lbustab tunduvalt kasvatamist ja viljade korjamist. Hetkel Skandinaaviamaade konserveerimiskurgina k\u00f5ige enam hinnatud. Vilja pikkuse laiuse suhe 3,1:1 Partenokarpne h\u00fcbriidsort, kindel mosaiikt\u00f5ve ja jahukaste suhtes, viljad [&hellip;]\" \/>\n<meta property=\"og:url\" content=\"https:\/\/horticom.ee\/e-pood\/toode\/kurk-dirigent-f1-puhtimata-100s\/\" \/>\n<meta property=\"og:site_name\" content=\"Horticom.ee\" \/>\n<meta property=\"article:publisher\" content=\"https:\/\/www.facebook.com\/horticom.ee\/e-pood\" \/>\n<meta property=\"article:modified_time\" content=\"2026-04-25T00:13:14+00:00\" \/>\n<meta name=\"twitter:card\" content=\"summary_large_image\" \/>\n<script type=\"application\/ld+json\" class=\"yoast-schema-graph\">{\"@context\":\"https:\/\/schema.org\",\"@graph\":[{\"@type\":\"WebPage\",\"@id\":\"https:\/\/horticom.ee\/e-pood\/toode\/kurk-dirigent-f1-puhtimata-100s\/\",\"url\":\"https:\/\/horticom.ee\/e-pood\/toode\/kurk-dirigent-f1-puhtimata-100s\/\",\"name\":\"Kurk Dirigent F1 puhtimata 100s - Horticom\",\"isPartOf\":{\"@id\":\"https:\/\/horticom.ee\/e-pood\/#website\"},\"datePublished\":\"2025-02-17T14:09:11+00:00\",\"dateModified\":\"2026-04-25T00:13:14+00:00\",\"breadcrumb\":{\"@id\":\"https:\/\/horticom.ee\/e-pood\/toode\/kurk-dirigent-f1-puhtimata-100s\/#breadcrumb\"},\"inLanguage\":\"et\",\"potentialAction\":[{\"@type\":\"ReadAction\",\"target\":[\"https:\/\/horticom.ee\/e-pood\/toode\/kurk-dirigent-f1-puhtimata-100s\/\"]}]},{\"@type\":\"BreadcrumbList\",\"@id\":\"https:\/\/horticom.ee\/e-pood\/toode\/kurk-dirigent-f1-puhtimata-100s\/#breadcrumb\",\"itemListElement\":[{\"@type\":\"ListItem\",\"position\":1,\"name\":\"Home\",\"item\":\"https:\/\/horticom.ee\/e-pood\/\"},{\"@type\":\"ListItem\",\"position\":2,\"name\":\"Pood\",\"item\":\"https:\/\/horticom.ee\/e-pood\/pood\/\"},{\"@type\":\"ListItem\",\"position\":3,\"name\":\"Kurk Dirigent F1 puhtimata 100s\"}]},{\"@type\":\"WebSite\",\"@id\":\"https:\/\/horticom.ee\/e-pood\/#website\",\"url\":\"https:\/\/horticom.ee\/e-pood\/\",\"name\":\"Horticom.ee\",\"description\":\"Aianduskaubad ja kodukaubad nii harrastajatele kui professionaalidele\",\"potentialAction\":[{\"@type\":\"SearchAction\",\"target\":{\"@type\":\"EntryPoint\",\"urlTemplate\":\"https:\/\/horticom.ee\/e-pood\/?s={search_term_string}\"},\"query-input\":{\"@type\":\"PropertyValueSpecification\",\"valueRequired\":true,\"valueName\":\"search_term_string\"}}],\"inLanguage\":\"et\"}]}<\/script>\n<!-- \/ Yoast SEO plugin. -->","yoast_head_json":{"title":"Kurk Dirigent F1 puhtimata 100s - Horticom","robots":{"index":"index","follow":"follow","max-snippet":"max-snippet:-1","max-image-preview":"max-image-preview:large","max-video-preview":"max-video-preview:-1"},"canonical":"https:\/\/horticom.ee\/e-pood\/toode\/kurk-dirigent-f1-puhtimata-100s\/","og_locale":"et_EE","og_type":"article","og_title":"Kurk Dirigent F1 puhtimata 100s - Horticom","og_description":"55p. Viljad on esmaklassilised, \u00fchendatud on v\u00e4ga varajane saagikus ja viljade kvaliteet. Viljad s\u00e4ilitavad tugeva kr\u00f5mpsuva sisestruktuuri ja ilusa v\u00e4rvuse ka pikaajalisel hoidistamisel. Sordile on omane v\u00e4iksem lehtede mass, mis h\u00f5lbustab tunduvalt kasvatamist ja viljade korjamist. Hetkel Skandinaaviamaade konserveerimiskurgina k\u00f5ige enam hinnatud. Vilja pikkuse laiuse suhe 3,1:1 Partenokarpne h\u00fcbriidsort, kindel mosaiikt\u00f5ve ja jahukaste suhtes, viljad [&hellip;]","og_url":"https:\/\/horticom.ee\/e-pood\/toode\/kurk-dirigent-f1-puhtimata-100s\/","og_site_name":"Horticom.ee","article_publisher":"https:\/\/www.facebook.com\/horticom.ee\/e-pood","article_modified_time":"2026-04-25T00:13:14+00:00","twitter_card":"summary_large_image","schema":{"@context":"https:\/\/schema.org","@graph":[{"@type":"WebPage","@id":"https:\/\/horticom.ee\/e-pood\/toode\/kurk-dirigent-f1-puhtimata-100s\/","url":"https:\/\/horticom.ee\/e-pood\/toode\/kurk-dirigent-f1-puhtimata-100s\/","name":"Kurk Dirigent F1 puhtimata 100s - Horticom","isPartOf":{"@id":"https:\/\/horticom.ee\/e-pood\/#website"},"datePublished":"2025-02-17T14:09:11+00:00","dateModified":"2026-04-25T00:13:14+00:00","breadcrumb":{"@id":"https:\/\/horticom.ee\/e-pood\/toode\/kurk-dirigent-f1-puhtimata-100s\/#breadcrumb"},"inLanguage":"et","potentialAction":[{"@type":"ReadAction","target":["https:\/\/horticom.ee\/e-pood\/toode\/kurk-dirigent-f1-puhtimata-100s\/"]}]},{"@type":"BreadcrumbList","@id":"https:\/\/horticom.ee\/e-pood\/toode\/kurk-dirigent-f1-puhtimata-100s\/#breadcrumb","itemListElement":[{"@type":"ListItem","position":1,"name":"Home","item":"https:\/\/horticom.ee\/e-pood\/"},{"@type":"ListItem","position":2,"name":"Pood","item":"https:\/\/horticom.ee\/e-pood\/pood\/"},{"@type":"ListItem","position":3,"name":"Kurk Dirigent F1 puhtimata 100s"}]},{"@type":"WebSite","@id":"https:\/\/horticom.ee\/e-pood\/#website","url":"https:\/\/horticom.ee\/e-pood\/","name":"Horticom.ee","description":"Aianduskaubad ja kodukaubad nii harrastajatele kui professionaalidele","potentialAction":[{"@type":"SearchAction","target":{"@type":"EntryPoint","urlTemplate":"https:\/\/horticom.ee\/e-pood\/?s={search_term_string}"},"query-input":{"@type":"PropertyValueSpecification","valueRequired":true,"valueName":"search_term_string"}}],"inLanguage":"et"}]}},"_links":{"self":[{"href":"https:\/\/horticom.ee\/e-pood\/wp-json\/wp\/v2\/product\/2347293","targetHints":{"allow":["GET"]}}],"collection":[{"href":"https:\/\/horticom.ee\/e-pood\/wp-json\/wp\/v2\/product"}],"about":[{"href":"https:\/\/horticom.ee\/e-pood\/wp-json\/wp\/v2\/types\/product"}],"replies":[{"embeddable":true,"href":"https:\/\/horticom.ee\/e-pood\/wp-json\/wp\/v2\/comments?post=2347293"}],"wp:attachment":[{"href":"https:\/\/horticom.ee\/e-pood\/wp-json\/wp\/v2\/media?parent=2347293"}],"wp:term":[{"taxonomy":"product_cat","embeddable":true,"href":"https:\/\/horticom.ee\/e-pood\/wp-json\/wp\/v2\/product_cat?post=2347293"},{"taxonomy":"product_tag","embeddable":true,"href":"https:\/\/horticom.ee\/e-pood\/wp-json\/wp\/v2\/product_tag?post=2347293"}],"curies":[{"name":"wp","href":"https:\/\/api.w.org\/{rel}","templated":true}]}}