{"id":2351901,"date":"2025-02-21T06:01:15","date_gmt":"2025-02-21T04:01:15","guid":{"rendered":"https:\/\/horticom.ee\/e-pood\/toode\/taimelamp-alusega-elho-leaf-garden-39-x-26-x-48cm-leheroheline\/"},"modified":"2026-04-24T03:13:34","modified_gmt":"2026-04-24T00:13:34","slug":"taimelamp-alusega-elho-leaf-garden-39-x-26-x-48cm-leheroheline","status":"publish","type":"product","link":"https:\/\/horticom.ee\/e-pood\/toode\/taimelamp-alusega-elho-leaf-garden-39-x-26-x-48cm-leheroheline\/","title":{"rendered":"Taimelamp alusega Elho Leaf Garden 39 x 26 x 48cm leheroheline"},"content":{"rendered":"<p>Ideaalne abivahend sinu taimedele ajal, mil naturaalset valgust on v\u00e4he. Sobib nii tavalistele toataimedele kui ka maitsetaimedele. Disainilt lihtne &#8211; nelinurkne alustaldrik ning reguleeritava k\u00f5rgusega pikk lamp. T\u00e4nu taimelambi spetsiaalselt v\u00e4ljat\u00f6\u00f6tatud valguse tugevuse ning v\u00e4rvi kombinatsioonile kasvavad taimed kiiresti tugevaks.<br \/>\nLambis kasutusel olev LED-s\u00fcsteem tarbib v\u00e4he elektrit (2,5W) ning omab 12-18H valgustusts\u00fcklit sarnaselt p\u00e4ikesevalgusele (hommikul \u00f5rnem valgus, p\u00e4eval tugevam ning \u00f6\u00f6sel kustus)<\/p>\n","protected":false},"excerpt":{"rendered":"<p>Ideaalne abivahend sinu taimedele ajal, mil naturaalset valgust on v\u00e4he. Sobib nii tavalistele toataimedele kui ka maitsetaimedele. Disainilt lihtne &#8211; nelinurkne alustaldrik ning reguleeritava k\u00f5rgusega pikk lamp. T\u00e4nu taimelambi spetsiaalselt v\u00e4ljat\u00f6\u00f6tatud valguse tugevuse ning v\u00e4rvi kombinatsioonile kasvavad taimed kiiresti tugevaks. Lambis kasutusel olev LED-s\u00fcsteem tarbib v\u00e4he elektrit (2,5W) ning omab 12-18H valgustusts\u00fcklit sarnaselt p\u00e4ikesevalgusele (hommikul [&hellip;]<\/p>\n","protected":false},"featured_media":2384076,"comment_status":"closed","ping_status":"closed","template":"","meta":{"_themeisle_gutenberg_block_has_review":false},"product_cat":[18563,14994,13371],"product_tag":[],"class_list":{"0":"post-2351901","1":"product","2":"type-product","3":"status-publish","4":"has-post-thumbnail","6":"product_cat-lopumuugitooted","7":"product_cat-plastikust-umbrispotid","8":"product_cat-ettekasvastuse-abivahendid","10":"first","11":"instock","12":"sale","13":"shipping-taxable","14":"purchasable","15":"product-type-simple"},"yoast_head":"<!-- This site is optimized with the Yoast SEO plugin v24.0 - https:\/\/yoast.com\/wordpress\/plugins\/seo\/ -->\n<title>Taimelamp alusega Elho Leaf Garden 39 x 26 x 48cm leheroheline - Horticom<\/title>\n<meta name=\"robots\" content=\"index, follow, max-snippet:-1, max-image-preview:large, max-video-preview:-1\" \/>\n<link rel=\"canonical\" href=\"https:\/\/horticom.ee\/e-pood\/toode\/taimelamp-alusega-elho-leaf-garden-39-x-26-x-48cm-leheroheline\/\" \/>\n<meta property=\"og:locale\" content=\"et_EE\" \/>\n<meta property=\"og:type\" content=\"article\" \/>\n<meta property=\"og:title\" content=\"Taimelamp alusega Elho Leaf Garden 39 x 26 x 48cm leheroheline - Horticom\" \/>\n<meta property=\"og:description\" content=\"Ideaalne abivahend sinu taimedele ajal, mil naturaalset valgust on v\u00e4he. Sobib nii tavalistele toataimedele kui ka maitsetaimedele. Disainilt lihtne &#8211; nelinurkne alustaldrik ning reguleeritava k\u00f5rgusega pikk lamp. T\u00e4nu taimelambi spetsiaalselt v\u00e4ljat\u00f6\u00f6tatud valguse tugevuse ning v\u00e4rvi kombinatsioonile kasvavad taimed kiiresti tugevaks. Lambis kasutusel olev LED-s\u00fcsteem tarbib v\u00e4he elektrit (2,5W) ning omab 12-18H valgustusts\u00fcklit sarnaselt p\u00e4ikesevalgusele (hommikul [&hellip;]\" \/>\n<meta property=\"og:url\" content=\"https:\/\/horticom.ee\/e-pood\/toode\/taimelamp-alusega-elho-leaf-garden-39-x-26-x-48cm-leheroheline\/\" \/>\n<meta property=\"og:site_name\" content=\"Horticom.ee\" \/>\n<meta property=\"article:publisher\" content=\"https:\/\/www.facebook.com\/horticom.ee\/e-pood\" \/>\n<meta property=\"article:modified_time\" content=\"2026-04-24T00:13:34+00:00\" \/>\n<meta property=\"og:image\" content=\"https:\/\/horticom.ee\/e-pood\/wp-content\/uploads\/importedmedia\/product-2351901_0-64090g_236.jpg\" \/>\n\t<meta property=\"og:image:width\" content=\"1000\" \/>\n\t<meta property=\"og:image:height\" content=\"1001\" \/>\n\t<meta property=\"og:image:type\" content=\"image\/jpeg\" \/>\n<meta name=\"twitter:card\" content=\"summary_large_image\" \/>\n<script type=\"application\/ld+json\" class=\"yoast-schema-graph\">{\"@context\":\"https:\/\/schema.org\",\"@graph\":[{\"@type\":\"WebPage\",\"@id\":\"https:\/\/horticom.ee\/e-pood\/toode\/taimelamp-alusega-elho-leaf-garden-39-x-26-x-48cm-leheroheline\/\",\"url\":\"https:\/\/horticom.ee\/e-pood\/toode\/taimelamp-alusega-elho-leaf-garden-39-x-26-x-48cm-leheroheline\/\",\"name\":\"Taimelamp alusega Elho Leaf Garden 39 x 26 x 48cm leheroheline - Horticom\",\"isPartOf\":{\"@id\":\"https:\/\/horticom.ee\/e-pood\/#website\"},\"primaryImageOfPage\":{\"@id\":\"https:\/\/horticom.ee\/e-pood\/toode\/taimelamp-alusega-elho-leaf-garden-39-x-26-x-48cm-leheroheline\/#primaryimage\"},\"image\":{\"@id\":\"https:\/\/horticom.ee\/e-pood\/toode\/taimelamp-alusega-elho-leaf-garden-39-x-26-x-48cm-leheroheline\/#primaryimage\"},\"thumbnailUrl\":\"https:\/\/horticom.ee\/e-pood\/wp-content\/uploads\/importedmedia\/product-2351901_0-64090g_236.jpg\",\"datePublished\":\"2025-02-21T04:01:15+00:00\",\"dateModified\":\"2026-04-24T00:13:34+00:00\",\"breadcrumb\":{\"@id\":\"https:\/\/horticom.ee\/e-pood\/toode\/taimelamp-alusega-elho-leaf-garden-39-x-26-x-48cm-leheroheline\/#breadcrumb\"},\"inLanguage\":\"et\",\"potentialAction\":[{\"@type\":\"ReadAction\",\"target\":[\"https:\/\/horticom.ee\/e-pood\/toode\/taimelamp-alusega-elho-leaf-garden-39-x-26-x-48cm-leheroheline\/\"]}]},{\"@type\":\"ImageObject\",\"inLanguage\":\"et\",\"@id\":\"https:\/\/horticom.ee\/e-pood\/toode\/taimelamp-alusega-elho-leaf-garden-39-x-26-x-48cm-leheroheline\/#primaryimage\",\"url\":\"https:\/\/horticom.ee\/e-pood\/wp-content\/uploads\/importedmedia\/product-2351901_0-64090g_236.jpg\",\"contentUrl\":\"https:\/\/horticom.ee\/e-pood\/wp-content\/uploads\/importedmedia\/product-2351901_0-64090g_236.jpg\",\"width\":1000,\"height\":1001},{\"@type\":\"BreadcrumbList\",\"@id\":\"https:\/\/horticom.ee\/e-pood\/toode\/taimelamp-alusega-elho-leaf-garden-39-x-26-x-48cm-leheroheline\/#breadcrumb\",\"itemListElement\":[{\"@type\":\"ListItem\",\"position\":1,\"name\":\"Home\",\"item\":\"https:\/\/horticom.ee\/e-pood\/\"},{\"@type\":\"ListItem\",\"position\":2,\"name\":\"Pood\",\"item\":\"https:\/\/horticom.ee\/e-pood\/pood\/\"},{\"@type\":\"ListItem\",\"position\":3,\"name\":\"Taimelamp alusega Elho Leaf Garden 39 x 26 x 48cm leheroheline\"}]},{\"@type\":\"WebSite\",\"@id\":\"https:\/\/horticom.ee\/e-pood\/#website\",\"url\":\"https:\/\/horticom.ee\/e-pood\/\",\"name\":\"Horticom.ee\",\"description\":\"Aianduskaubad ja kodukaubad nii harrastajatele kui professionaalidele\",\"potentialAction\":[{\"@type\":\"SearchAction\",\"target\":{\"@type\":\"EntryPoint\",\"urlTemplate\":\"https:\/\/horticom.ee\/e-pood\/?s={search_term_string}\"},\"query-input\":{\"@type\":\"PropertyValueSpecification\",\"valueRequired\":true,\"valueName\":\"search_term_string\"}}],\"inLanguage\":\"et\"}]}<\/script>\n<!-- \/ Yoast SEO plugin. -->","yoast_head_json":{"title":"Taimelamp alusega Elho Leaf Garden 39 x 26 x 48cm leheroheline - Horticom","robots":{"index":"index","follow":"follow","max-snippet":"max-snippet:-1","max-image-preview":"max-image-preview:large","max-video-preview":"max-video-preview:-1"},"canonical":"https:\/\/horticom.ee\/e-pood\/toode\/taimelamp-alusega-elho-leaf-garden-39-x-26-x-48cm-leheroheline\/","og_locale":"et_EE","og_type":"article","og_title":"Taimelamp alusega Elho Leaf Garden 39 x 26 x 48cm leheroheline - Horticom","og_description":"Ideaalne abivahend sinu taimedele ajal, mil naturaalset valgust on v\u00e4he. Sobib nii tavalistele toataimedele kui ka maitsetaimedele. Disainilt lihtne &#8211; nelinurkne alustaldrik ning reguleeritava k\u00f5rgusega pikk lamp. T\u00e4nu taimelambi spetsiaalselt v\u00e4ljat\u00f6\u00f6tatud valguse tugevuse ning v\u00e4rvi kombinatsioonile kasvavad taimed kiiresti tugevaks. Lambis kasutusel olev LED-s\u00fcsteem tarbib v\u00e4he elektrit (2,5W) ning omab 12-18H valgustusts\u00fcklit sarnaselt p\u00e4ikesevalgusele (hommikul [&hellip;]","og_url":"https:\/\/horticom.ee\/e-pood\/toode\/taimelamp-alusega-elho-leaf-garden-39-x-26-x-48cm-leheroheline\/","og_site_name":"Horticom.ee","article_publisher":"https:\/\/www.facebook.com\/horticom.ee\/e-pood","article_modified_time":"2026-04-24T00:13:34+00:00","og_image":[{"width":1000,"height":1001,"url":"https:\/\/horticom.ee\/e-pood\/wp-content\/uploads\/importedmedia\/product-2351901_0-64090g_236.jpg","type":"image\/jpeg"}],"twitter_card":"summary_large_image","schema":{"@context":"https:\/\/schema.org","@graph":[{"@type":"WebPage","@id":"https:\/\/horticom.ee\/e-pood\/toode\/taimelamp-alusega-elho-leaf-garden-39-x-26-x-48cm-leheroheline\/","url":"https:\/\/horticom.ee\/e-pood\/toode\/taimelamp-alusega-elho-leaf-garden-39-x-26-x-48cm-leheroheline\/","name":"Taimelamp alusega Elho Leaf Garden 39 x 26 x 48cm leheroheline - Horticom","isPartOf":{"@id":"https:\/\/horticom.ee\/e-pood\/#website"},"primaryImageOfPage":{"@id":"https:\/\/horticom.ee\/e-pood\/toode\/taimelamp-alusega-elho-leaf-garden-39-x-26-x-48cm-leheroheline\/#primaryimage"},"image":{"@id":"https:\/\/horticom.ee\/e-pood\/toode\/taimelamp-alusega-elho-leaf-garden-39-x-26-x-48cm-leheroheline\/#primaryimage"},"thumbnailUrl":"https:\/\/horticom.ee\/e-pood\/wp-content\/uploads\/importedmedia\/product-2351901_0-64090g_236.jpg","datePublished":"2025-02-21T04:01:15+00:00","dateModified":"2026-04-24T00:13:34+00:00","breadcrumb":{"@id":"https:\/\/horticom.ee\/e-pood\/toode\/taimelamp-alusega-elho-leaf-garden-39-x-26-x-48cm-leheroheline\/#breadcrumb"},"inLanguage":"et","potentialAction":[{"@type":"ReadAction","target":["https:\/\/horticom.ee\/e-pood\/toode\/taimelamp-alusega-elho-leaf-garden-39-x-26-x-48cm-leheroheline\/"]}]},{"@type":"ImageObject","inLanguage":"et","@id":"https:\/\/horticom.ee\/e-pood\/toode\/taimelamp-alusega-elho-leaf-garden-39-x-26-x-48cm-leheroheline\/#primaryimage","url":"https:\/\/horticom.ee\/e-pood\/wp-content\/uploads\/importedmedia\/product-2351901_0-64090g_236.jpg","contentUrl":"https:\/\/horticom.ee\/e-pood\/wp-content\/uploads\/importedmedia\/product-2351901_0-64090g_236.jpg","width":1000,"height":1001},{"@type":"BreadcrumbList","@id":"https:\/\/horticom.ee\/e-pood\/toode\/taimelamp-alusega-elho-leaf-garden-39-x-26-x-48cm-leheroheline\/#breadcrumb","itemListElement":[{"@type":"ListItem","position":1,"name":"Home","item":"https:\/\/horticom.ee\/e-pood\/"},{"@type":"ListItem","position":2,"name":"Pood","item":"https:\/\/horticom.ee\/e-pood\/pood\/"},{"@type":"ListItem","position":3,"name":"Taimelamp alusega Elho Leaf Garden 39 x 26 x 48cm leheroheline"}]},{"@type":"WebSite","@id":"https:\/\/horticom.ee\/e-pood\/#website","url":"https:\/\/horticom.ee\/e-pood\/","name":"Horticom.ee","description":"Aianduskaubad ja kodukaubad nii harrastajatele kui professionaalidele","potentialAction":[{"@type":"SearchAction","target":{"@type":"EntryPoint","urlTemplate":"https:\/\/horticom.ee\/e-pood\/?s={search_term_string}"},"query-input":{"@type":"PropertyValueSpecification","valueRequired":true,"valueName":"search_term_string"}}],"inLanguage":"et"}]}},"_links":{"self":[{"href":"https:\/\/horticom.ee\/e-pood\/wp-json\/wp\/v2\/product\/2351901","targetHints":{"allow":["GET"]}}],"collection":[{"href":"https:\/\/horticom.ee\/e-pood\/wp-json\/wp\/v2\/product"}],"about":[{"href":"https:\/\/horticom.ee\/e-pood\/wp-json\/wp\/v2\/types\/product"}],"replies":[{"embeddable":true,"href":"https:\/\/horticom.ee\/e-pood\/wp-json\/wp\/v2\/comments?post=2351901"}],"wp:featuredmedia":[{"embeddable":true,"href":"https:\/\/horticom.ee\/e-pood\/wp-json\/wp\/v2\/media\/2384076"}],"wp:attachment":[{"href":"https:\/\/horticom.ee\/e-pood\/wp-json\/wp\/v2\/media?parent=2351901"}],"wp:term":[{"taxonomy":"product_cat","embeddable":true,"href":"https:\/\/horticom.ee\/e-pood\/wp-json\/wp\/v2\/product_cat?post=2351901"},{"taxonomy":"product_tag","embeddable":true,"href":"https:\/\/horticom.ee\/e-pood\/wp-json\/wp\/v2\/product_tag?post=2351901"}],"curies":[{"name":"wp","href":"https:\/\/api.w.org\/{rel}","templated":true}]}}