{"id":2371236,"date":"2025-03-04T16:01:49","date_gmt":"2025-03-04T14:01:49","guid":{"rendered":"https:\/\/horticom.ee\/e-pood\/toode\/kasvuturvas-osmocote-vaetisega-opm-025w-280l-pakendamisel-300l-osmocote-pro-5-6k-2kg-m3\/"},"modified":"2026-04-22T12:01:11","modified_gmt":"2026-04-22T09:01:11","slug":"kasvuturvas-osmocote-vaetisega-opm-025w-280l-pakendamisel-300l-osmocote-pro-5-6k-2kg-m3","status":"publish","type":"product","link":"https:\/\/horticom.ee\/e-pood\/toode\/kasvuturvas-osmocote-vaetisega-opm-025w-280l-pakendamisel-300l-osmocote-pro-5-6k-2kg-m3\/","title":{"rendered":"Kasvuturvas Osmocote v\u00e4etisega OPM 025W 280L (pakendamisel 300L) + Osmocote Pro 5-6k 2kg\/m3"},"content":{"rendered":"<p>Kasvuturvas sobib roheliste ja \u00f5itsvate potitaimede kasvatamiseks v\u00e4ikestes ja keskmise suurusega pottides. OPM 025 W on segu hoolikalt valitud algmaterjalist, mis kindlustab toote p\u00fcsiva kvaliteedi kogu hooaja v\u00e4ltel. T\u00e4nu lisatud looduslikule m\u00e4rgajale toimub vee imendumine substraati v\u00e4ga kiirelt.<\/p>\n","protected":false},"excerpt":{"rendered":"<p>Kasvuturvas sobib roheliste ja \u00f5itsvate potitaimede kasvatamiseks v\u00e4ikestes ja keskmise suurusega pottides. OPM 025 W on segu hoolikalt valitud algmaterjalist, mis kindlustab toote p\u00fcsiva kvaliteedi kogu hooaja v\u00e4ltel. T\u00e4nu lisatud looduslikule m\u00e4rgajale toimub vee imendumine substraati v\u00e4ga kiirelt.<\/p>\n","protected":false},"featured_media":2378330,"comment_status":"closed","ping_status":"closed","template":"","meta":{"_themeisle_gutenberg_block_has_review":false},"product_cat":[13575],"product_tag":[],"class_list":{"0":"post-2371236","1":"product","2":"type-product","3":"status-publish","4":"has-post-thumbnail","6":"product_cat-mullad-ja-turbad","8":"first","9":"instock","10":"shipping-taxable","11":"purchasable","12":"product-type-simple"},"yoast_head":"<!-- This site is optimized with the Yoast SEO plugin v24.0 - https:\/\/yoast.com\/wordpress\/plugins\/seo\/ -->\n<title>Kasvuturvas Osmocote v\u00e4etisega OPM 025W 280L (pakendamisel 300L) + Osmocote Pro 5-6k 2kg\/m3 - Horticom<\/title>\n<meta name=\"robots\" content=\"index, follow, max-snippet:-1, max-image-preview:large, max-video-preview:-1\" \/>\n<link rel=\"canonical\" href=\"https:\/\/horticom.ee\/e-pood\/toode\/kasvuturvas-osmocote-vaetisega-opm-025w-280l-pakendamisel-300l-osmocote-pro-5-6k-2kg-m3\/\" \/>\n<meta property=\"og:locale\" content=\"et_EE\" \/>\n<meta property=\"og:type\" content=\"article\" \/>\n<meta property=\"og:title\" content=\"Kasvuturvas Osmocote v\u00e4etisega OPM 025W 280L (pakendamisel 300L) + Osmocote Pro 5-6k 2kg\/m3 - Horticom\" \/>\n<meta property=\"og:description\" content=\"Kasvuturvas sobib roheliste ja \u00f5itsvate potitaimede kasvatamiseks v\u00e4ikestes ja keskmise suurusega pottides. OPM 025 W on segu hoolikalt valitud algmaterjalist, mis kindlustab toote p\u00fcsiva kvaliteedi kogu hooaja v\u00e4ltel. T\u00e4nu lisatud looduslikule m\u00e4rgajale toimub vee imendumine substraati v\u00e4ga kiirelt.\" \/>\n<meta property=\"og:url\" content=\"https:\/\/horticom.ee\/e-pood\/toode\/kasvuturvas-osmocote-vaetisega-opm-025w-280l-pakendamisel-300l-osmocote-pro-5-6k-2kg-m3\/\" \/>\n<meta property=\"og:site_name\" content=\"Horticom.ee\" \/>\n<meta property=\"article:publisher\" content=\"https:\/\/www.facebook.com\/horticom.ee\/e-pood\" \/>\n<meta property=\"article:modified_time\" content=\"2026-04-22T09:01:11+00:00\" \/>\n<meta property=\"og:image\" content=\"https:\/\/horticom.ee\/e-pood\/wp-content\/uploads\/importedmedia\/product-2371236_0-432505.jpg\" \/>\n\t<meta property=\"og:image:width\" content=\"1000\" \/>\n\t<meta property=\"og:image:height\" content=\"1497\" \/>\n\t<meta property=\"og:image:type\" content=\"image\/jpeg\" \/>\n<meta name=\"twitter:card\" content=\"summary_large_image\" \/>\n<script type=\"application\/ld+json\" class=\"yoast-schema-graph\">{\"@context\":\"https:\/\/schema.org\",\"@graph\":[{\"@type\":\"WebPage\",\"@id\":\"https:\/\/horticom.ee\/e-pood\/toode\/kasvuturvas-osmocote-vaetisega-opm-025w-280l-pakendamisel-300l-osmocote-pro-5-6k-2kg-m3\/\",\"url\":\"https:\/\/horticom.ee\/e-pood\/toode\/kasvuturvas-osmocote-vaetisega-opm-025w-280l-pakendamisel-300l-osmocote-pro-5-6k-2kg-m3\/\",\"name\":\"Kasvuturvas Osmocote v\u00e4etisega OPM 025W 280L (pakendamisel 300L) + Osmocote Pro 5-6k 2kg\/m3 - Horticom\",\"isPartOf\":{\"@id\":\"https:\/\/horticom.ee\/e-pood\/#website\"},\"primaryImageOfPage\":{\"@id\":\"https:\/\/horticom.ee\/e-pood\/toode\/kasvuturvas-osmocote-vaetisega-opm-025w-280l-pakendamisel-300l-osmocote-pro-5-6k-2kg-m3\/#primaryimage\"},\"image\":{\"@id\":\"https:\/\/horticom.ee\/e-pood\/toode\/kasvuturvas-osmocote-vaetisega-opm-025w-280l-pakendamisel-300l-osmocote-pro-5-6k-2kg-m3\/#primaryimage\"},\"thumbnailUrl\":\"https:\/\/horticom.ee\/e-pood\/wp-content\/uploads\/importedmedia\/product-2371236_0-432505.jpg\",\"datePublished\":\"2025-03-04T14:01:49+00:00\",\"dateModified\":\"2026-04-22T09:01:11+00:00\",\"breadcrumb\":{\"@id\":\"https:\/\/horticom.ee\/e-pood\/toode\/kasvuturvas-osmocote-vaetisega-opm-025w-280l-pakendamisel-300l-osmocote-pro-5-6k-2kg-m3\/#breadcrumb\"},\"inLanguage\":\"et\",\"potentialAction\":[{\"@type\":\"ReadAction\",\"target\":[\"https:\/\/horticom.ee\/e-pood\/toode\/kasvuturvas-osmocote-vaetisega-opm-025w-280l-pakendamisel-300l-osmocote-pro-5-6k-2kg-m3\/\"]}]},{\"@type\":\"ImageObject\",\"inLanguage\":\"et\",\"@id\":\"https:\/\/horticom.ee\/e-pood\/toode\/kasvuturvas-osmocote-vaetisega-opm-025w-280l-pakendamisel-300l-osmocote-pro-5-6k-2kg-m3\/#primaryimage\",\"url\":\"https:\/\/horticom.ee\/e-pood\/wp-content\/uploads\/importedmedia\/product-2371236_0-432505.jpg\",\"contentUrl\":\"https:\/\/horticom.ee\/e-pood\/wp-content\/uploads\/importedmedia\/product-2371236_0-432505.jpg\",\"width\":1000,\"height\":1497},{\"@type\":\"BreadcrumbList\",\"@id\":\"https:\/\/horticom.ee\/e-pood\/toode\/kasvuturvas-osmocote-vaetisega-opm-025w-280l-pakendamisel-300l-osmocote-pro-5-6k-2kg-m3\/#breadcrumb\",\"itemListElement\":[{\"@type\":\"ListItem\",\"position\":1,\"name\":\"Home\",\"item\":\"https:\/\/horticom.ee\/e-pood\/\"},{\"@type\":\"ListItem\",\"position\":2,\"name\":\"Pood\",\"item\":\"https:\/\/horticom.ee\/e-pood\/pood\/\"},{\"@type\":\"ListItem\",\"position\":3,\"name\":\"Kasvuturvas Osmocote v\u00e4etisega OPM 025W 280L (pakendamisel 300L) + Osmocote Pro 5-6k 2kg\/m3\"}]},{\"@type\":\"WebSite\",\"@id\":\"https:\/\/horticom.ee\/e-pood\/#website\",\"url\":\"https:\/\/horticom.ee\/e-pood\/\",\"name\":\"Horticom.ee\",\"description\":\"Aianduskaubad ja kodukaubad nii harrastajatele kui professionaalidele\",\"potentialAction\":[{\"@type\":\"SearchAction\",\"target\":{\"@type\":\"EntryPoint\",\"urlTemplate\":\"https:\/\/horticom.ee\/e-pood\/?s={search_term_string}\"},\"query-input\":{\"@type\":\"PropertyValueSpecification\",\"valueRequired\":true,\"valueName\":\"search_term_string\"}}],\"inLanguage\":\"et\"}]}<\/script>\n<!-- \/ Yoast SEO plugin. -->","yoast_head_json":{"title":"Kasvuturvas Osmocote v\u00e4etisega OPM 025W 280L (pakendamisel 300L) + Osmocote Pro 5-6k 2kg\/m3 - Horticom","robots":{"index":"index","follow":"follow","max-snippet":"max-snippet:-1","max-image-preview":"max-image-preview:large","max-video-preview":"max-video-preview:-1"},"canonical":"https:\/\/horticom.ee\/e-pood\/toode\/kasvuturvas-osmocote-vaetisega-opm-025w-280l-pakendamisel-300l-osmocote-pro-5-6k-2kg-m3\/","og_locale":"et_EE","og_type":"article","og_title":"Kasvuturvas Osmocote v\u00e4etisega OPM 025W 280L (pakendamisel 300L) + Osmocote Pro 5-6k 2kg\/m3 - Horticom","og_description":"Kasvuturvas sobib roheliste ja \u00f5itsvate potitaimede kasvatamiseks v\u00e4ikestes ja keskmise suurusega pottides. OPM 025 W on segu hoolikalt valitud algmaterjalist, mis kindlustab toote p\u00fcsiva kvaliteedi kogu hooaja v\u00e4ltel. T\u00e4nu lisatud looduslikule m\u00e4rgajale toimub vee imendumine substraati v\u00e4ga kiirelt.","og_url":"https:\/\/horticom.ee\/e-pood\/toode\/kasvuturvas-osmocote-vaetisega-opm-025w-280l-pakendamisel-300l-osmocote-pro-5-6k-2kg-m3\/","og_site_name":"Horticom.ee","article_publisher":"https:\/\/www.facebook.com\/horticom.ee\/e-pood","article_modified_time":"2026-04-22T09:01:11+00:00","og_image":[{"width":1000,"height":1497,"url":"https:\/\/horticom.ee\/e-pood\/wp-content\/uploads\/importedmedia\/product-2371236_0-432505.jpg","type":"image\/jpeg"}],"twitter_card":"summary_large_image","schema":{"@context":"https:\/\/schema.org","@graph":[{"@type":"WebPage","@id":"https:\/\/horticom.ee\/e-pood\/toode\/kasvuturvas-osmocote-vaetisega-opm-025w-280l-pakendamisel-300l-osmocote-pro-5-6k-2kg-m3\/","url":"https:\/\/horticom.ee\/e-pood\/toode\/kasvuturvas-osmocote-vaetisega-opm-025w-280l-pakendamisel-300l-osmocote-pro-5-6k-2kg-m3\/","name":"Kasvuturvas Osmocote v\u00e4etisega OPM 025W 280L (pakendamisel 300L) + Osmocote Pro 5-6k 2kg\/m3 - Horticom","isPartOf":{"@id":"https:\/\/horticom.ee\/e-pood\/#website"},"primaryImageOfPage":{"@id":"https:\/\/horticom.ee\/e-pood\/toode\/kasvuturvas-osmocote-vaetisega-opm-025w-280l-pakendamisel-300l-osmocote-pro-5-6k-2kg-m3\/#primaryimage"},"image":{"@id":"https:\/\/horticom.ee\/e-pood\/toode\/kasvuturvas-osmocote-vaetisega-opm-025w-280l-pakendamisel-300l-osmocote-pro-5-6k-2kg-m3\/#primaryimage"},"thumbnailUrl":"https:\/\/horticom.ee\/e-pood\/wp-content\/uploads\/importedmedia\/product-2371236_0-432505.jpg","datePublished":"2025-03-04T14:01:49+00:00","dateModified":"2026-04-22T09:01:11+00:00","breadcrumb":{"@id":"https:\/\/horticom.ee\/e-pood\/toode\/kasvuturvas-osmocote-vaetisega-opm-025w-280l-pakendamisel-300l-osmocote-pro-5-6k-2kg-m3\/#breadcrumb"},"inLanguage":"et","potentialAction":[{"@type":"ReadAction","target":["https:\/\/horticom.ee\/e-pood\/toode\/kasvuturvas-osmocote-vaetisega-opm-025w-280l-pakendamisel-300l-osmocote-pro-5-6k-2kg-m3\/"]}]},{"@type":"ImageObject","inLanguage":"et","@id":"https:\/\/horticom.ee\/e-pood\/toode\/kasvuturvas-osmocote-vaetisega-opm-025w-280l-pakendamisel-300l-osmocote-pro-5-6k-2kg-m3\/#primaryimage","url":"https:\/\/horticom.ee\/e-pood\/wp-content\/uploads\/importedmedia\/product-2371236_0-432505.jpg","contentUrl":"https:\/\/horticom.ee\/e-pood\/wp-content\/uploads\/importedmedia\/product-2371236_0-432505.jpg","width":1000,"height":1497},{"@type":"BreadcrumbList","@id":"https:\/\/horticom.ee\/e-pood\/toode\/kasvuturvas-osmocote-vaetisega-opm-025w-280l-pakendamisel-300l-osmocote-pro-5-6k-2kg-m3\/#breadcrumb","itemListElement":[{"@type":"ListItem","position":1,"name":"Home","item":"https:\/\/horticom.ee\/e-pood\/"},{"@type":"ListItem","position":2,"name":"Pood","item":"https:\/\/horticom.ee\/e-pood\/pood\/"},{"@type":"ListItem","position":3,"name":"Kasvuturvas Osmocote v\u00e4etisega OPM 025W 280L (pakendamisel 300L) + Osmocote Pro 5-6k 2kg\/m3"}]},{"@type":"WebSite","@id":"https:\/\/horticom.ee\/e-pood\/#website","url":"https:\/\/horticom.ee\/e-pood\/","name":"Horticom.ee","description":"Aianduskaubad ja kodukaubad nii harrastajatele kui professionaalidele","potentialAction":[{"@type":"SearchAction","target":{"@type":"EntryPoint","urlTemplate":"https:\/\/horticom.ee\/e-pood\/?s={search_term_string}"},"query-input":{"@type":"PropertyValueSpecification","valueRequired":true,"valueName":"search_term_string"}}],"inLanguage":"et"}]}},"_links":{"self":[{"href":"https:\/\/horticom.ee\/e-pood\/wp-json\/wp\/v2\/product\/2371236","targetHints":{"allow":["GET"]}}],"collection":[{"href":"https:\/\/horticom.ee\/e-pood\/wp-json\/wp\/v2\/product"}],"about":[{"href":"https:\/\/horticom.ee\/e-pood\/wp-json\/wp\/v2\/types\/product"}],"replies":[{"embeddable":true,"href":"https:\/\/horticom.ee\/e-pood\/wp-json\/wp\/v2\/comments?post=2371236"}],"wp:featuredmedia":[{"embeddable":true,"href":"https:\/\/horticom.ee\/e-pood\/wp-json\/wp\/v2\/media\/2378330"}],"wp:attachment":[{"href":"https:\/\/horticom.ee\/e-pood\/wp-json\/wp\/v2\/media?parent=2371236"}],"wp:term":[{"taxonomy":"product_cat","embeddable":true,"href":"https:\/\/horticom.ee\/e-pood\/wp-json\/wp\/v2\/product_cat?post=2371236"},{"taxonomy":"product_tag","embeddable":true,"href":"https:\/\/horticom.ee\/e-pood\/wp-json\/wp\/v2\/product_tag?post=2371236"}],"curies":[{"name":"wp","href":"https:\/\/api.w.org\/{rel}","templated":true}]}}