{"id":2376220,"date":"2025-03-18T06:00:25","date_gmt":"2025-03-18T04:00:25","guid":{"rendered":"https:\/\/horticom.ee\/e-pood\/toode\/hortensiamuld-horticom-30l\/"},"modified":"2026-04-30T03:11:54","modified_gmt":"2026-04-30T00:11:54","slug":"hortensiamuld-horticom-30l","status":"publish","type":"product","link":"https:\/\/horticom.ee\/e-pood\/toode\/hortensiamuld-horticom-30l\/","title":{"rendered":"Hortensiamuld Horticom 30L"},"content":{"rendered":"<p>Horticomi hortensiamuld on kvaliteetne istutusmuld spetsiaalselt happelist kasvukeskkonda armastavatele taimedele. Muld on valmistatud k\u00f5rgeimate kvaliteedistandardite j\u00e4rgi, tagades hortensiatele optimaalsed kasvutingimused j\u00f5uliseks kasvuks ja muljetavaldavaks \u00f5itsemiseks. Kasutage meie istutusmulda kindlasti koos Horticomi hortensiav\u00e4etistega. Muld sobib ideaalselt erinevatele potis ja peenras kasvavatele hortensiatele.<\/p>\n","protected":false},"excerpt":{"rendered":"<p>Horticomi hortensiamuld on kvaliteetne istutusmuld spetsiaalselt happelist kasvukeskkonda armastavatele taimedele. Muld on valmistatud k\u00f5rgeimate kvaliteedistandardite j\u00e4rgi, tagades hortensiatele optimaalsed kasvutingimused j\u00f5uliseks kasvuks ja muljetavaldavaks \u00f5itsemiseks. Kasutage meie istutusmulda kindlasti koos Horticomi hortensiav\u00e4etistega. Muld sobib ideaalselt erinevatele potis ja peenras kasvavatele hortensiatele.<\/p>\n","protected":false},"featured_media":2376224,"comment_status":"closed","ping_status":"closed","template":"","meta":{"_themeisle_gutenberg_block_has_review":false},"product_cat":[13575],"product_tag":[],"class_list":{"0":"post-2376220","1":"product","2":"type-product","3":"status-publish","4":"has-post-thumbnail","6":"product_cat-mullad-ja-turbad","8":"first","9":"instock","10":"shipping-taxable","11":"purchasable","12":"product-type-simple"},"yoast_head":"<!-- This site is optimized with the Yoast SEO plugin v24.0 - https:\/\/yoast.com\/wordpress\/plugins\/seo\/ -->\n<title>Hortensiamuld Horticom 30L - Horticom<\/title>\n<meta name=\"robots\" content=\"index, follow, max-snippet:-1, max-image-preview:large, max-video-preview:-1\" \/>\n<link rel=\"canonical\" href=\"https:\/\/horticom.ee\/e-pood\/toode\/hortensiamuld-horticom-30l\/\" \/>\n<meta property=\"og:locale\" content=\"et_EE\" \/>\n<meta property=\"og:type\" content=\"article\" \/>\n<meta property=\"og:title\" content=\"Hortensiamuld Horticom 30L - Horticom\" \/>\n<meta property=\"og:description\" content=\"Horticomi hortensiamuld on kvaliteetne istutusmuld spetsiaalselt happelist kasvukeskkonda armastavatele taimedele. Muld on valmistatud k\u00f5rgeimate kvaliteedistandardite j\u00e4rgi, tagades hortensiatele optimaalsed kasvutingimused j\u00f5uliseks kasvuks ja muljetavaldavaks \u00f5itsemiseks. Kasutage meie istutusmulda kindlasti koos Horticomi hortensiav\u00e4etistega. Muld sobib ideaalselt erinevatele potis ja peenras kasvavatele hortensiatele.\" \/>\n<meta property=\"og:url\" content=\"https:\/\/horticom.ee\/e-pood\/toode\/hortensiamuld-horticom-30l\/\" \/>\n<meta property=\"og:site_name\" content=\"Horticom.ee\" \/>\n<meta property=\"article:publisher\" content=\"https:\/\/www.facebook.com\/horticom.ee\/e-pood\" \/>\n<meta property=\"article:modified_time\" content=\"2026-04-30T00:11:54+00:00\" \/>\n<meta property=\"og:image\" content=\"https:\/\/horticom.ee\/e-pood\/wp-content\/uploads\/2025\/03\/4742375002864-scaled.jpg\" \/>\n\t<meta property=\"og:image:width\" content=\"2560\" \/>\n\t<meta property=\"og:image:height\" content=\"2560\" \/>\n\t<meta property=\"og:image:type\" content=\"image\/jpeg\" \/>\n<meta name=\"twitter:card\" content=\"summary_large_image\" \/>\n<meta name=\"twitter:label1\" content=\"Est. reading time\" \/>\n\t<meta name=\"twitter:data1\" content=\"1 minut\" \/>\n<script type=\"application\/ld+json\" class=\"yoast-schema-graph\">{\"@context\":\"https:\/\/schema.org\",\"@graph\":[{\"@type\":\"WebPage\",\"@id\":\"https:\/\/horticom.ee\/e-pood\/toode\/hortensiamuld-horticom-30l\/\",\"url\":\"https:\/\/horticom.ee\/e-pood\/toode\/hortensiamuld-horticom-30l\/\",\"name\":\"Hortensiamuld Horticom 30L - Horticom\",\"isPartOf\":{\"@id\":\"https:\/\/horticom.ee\/e-pood\/#website\"},\"primaryImageOfPage\":{\"@id\":\"https:\/\/horticom.ee\/e-pood\/toode\/hortensiamuld-horticom-30l\/#primaryimage\"},\"image\":{\"@id\":\"https:\/\/horticom.ee\/e-pood\/toode\/hortensiamuld-horticom-30l\/#primaryimage\"},\"thumbnailUrl\":\"https:\/\/horticom.ee\/e-pood\/wp-content\/uploads\/2025\/03\/4742375002864-scaled.jpg\",\"datePublished\":\"2025-03-18T04:00:25+00:00\",\"dateModified\":\"2026-04-30T00:11:54+00:00\",\"breadcrumb\":{\"@id\":\"https:\/\/horticom.ee\/e-pood\/toode\/hortensiamuld-horticom-30l\/#breadcrumb\"},\"inLanguage\":\"et\",\"potentialAction\":[{\"@type\":\"ReadAction\",\"target\":[\"https:\/\/horticom.ee\/e-pood\/toode\/hortensiamuld-horticom-30l\/\"]}]},{\"@type\":\"ImageObject\",\"inLanguage\":\"et\",\"@id\":\"https:\/\/horticom.ee\/e-pood\/toode\/hortensiamuld-horticom-30l\/#primaryimage\",\"url\":\"https:\/\/horticom.ee\/e-pood\/wp-content\/uploads\/2025\/03\/4742375002864-scaled.jpg\",\"contentUrl\":\"https:\/\/horticom.ee\/e-pood\/wp-content\/uploads\/2025\/03\/4742375002864-scaled.jpg\",\"width\":2560,\"height\":2560},{\"@type\":\"BreadcrumbList\",\"@id\":\"https:\/\/horticom.ee\/e-pood\/toode\/hortensiamuld-horticom-30l\/#breadcrumb\",\"itemListElement\":[{\"@type\":\"ListItem\",\"position\":1,\"name\":\"Home\",\"item\":\"https:\/\/horticom.ee\/e-pood\/\"},{\"@type\":\"ListItem\",\"position\":2,\"name\":\"Pood\",\"item\":\"https:\/\/horticom.ee\/e-pood\/pood\/\"},{\"@type\":\"ListItem\",\"position\":3,\"name\":\"Hortensiamuld Horticom 30L\"}]},{\"@type\":\"WebSite\",\"@id\":\"https:\/\/horticom.ee\/e-pood\/#website\",\"url\":\"https:\/\/horticom.ee\/e-pood\/\",\"name\":\"Horticom.ee\",\"description\":\"Aianduskaubad ja kodukaubad nii harrastajatele kui professionaalidele\",\"potentialAction\":[{\"@type\":\"SearchAction\",\"target\":{\"@type\":\"EntryPoint\",\"urlTemplate\":\"https:\/\/horticom.ee\/e-pood\/?s={search_term_string}\"},\"query-input\":{\"@type\":\"PropertyValueSpecification\",\"valueRequired\":true,\"valueName\":\"search_term_string\"}}],\"inLanguage\":\"et\"}]}<\/script>\n<!-- \/ Yoast SEO plugin. -->","yoast_head_json":{"title":"Hortensiamuld Horticom 30L - Horticom","robots":{"index":"index","follow":"follow","max-snippet":"max-snippet:-1","max-image-preview":"max-image-preview:large","max-video-preview":"max-video-preview:-1"},"canonical":"https:\/\/horticom.ee\/e-pood\/toode\/hortensiamuld-horticom-30l\/","og_locale":"et_EE","og_type":"article","og_title":"Hortensiamuld Horticom 30L - Horticom","og_description":"Horticomi hortensiamuld on kvaliteetne istutusmuld spetsiaalselt happelist kasvukeskkonda armastavatele taimedele. Muld on valmistatud k\u00f5rgeimate kvaliteedistandardite j\u00e4rgi, tagades hortensiatele optimaalsed kasvutingimused j\u00f5uliseks kasvuks ja muljetavaldavaks \u00f5itsemiseks. Kasutage meie istutusmulda kindlasti koos Horticomi hortensiav\u00e4etistega. Muld sobib ideaalselt erinevatele potis ja peenras kasvavatele hortensiatele.","og_url":"https:\/\/horticom.ee\/e-pood\/toode\/hortensiamuld-horticom-30l\/","og_site_name":"Horticom.ee","article_publisher":"https:\/\/www.facebook.com\/horticom.ee\/e-pood","article_modified_time":"2026-04-30T00:11:54+00:00","og_image":[{"width":2560,"height":2560,"url":"https:\/\/horticom.ee\/e-pood\/wp-content\/uploads\/2025\/03\/4742375002864-scaled.jpg","type":"image\/jpeg"}],"twitter_card":"summary_large_image","twitter_misc":{"Est. reading time":"1 minut"},"schema":{"@context":"https:\/\/schema.org","@graph":[{"@type":"WebPage","@id":"https:\/\/horticom.ee\/e-pood\/toode\/hortensiamuld-horticom-30l\/","url":"https:\/\/horticom.ee\/e-pood\/toode\/hortensiamuld-horticom-30l\/","name":"Hortensiamuld Horticom 30L - Horticom","isPartOf":{"@id":"https:\/\/horticom.ee\/e-pood\/#website"},"primaryImageOfPage":{"@id":"https:\/\/horticom.ee\/e-pood\/toode\/hortensiamuld-horticom-30l\/#primaryimage"},"image":{"@id":"https:\/\/horticom.ee\/e-pood\/toode\/hortensiamuld-horticom-30l\/#primaryimage"},"thumbnailUrl":"https:\/\/horticom.ee\/e-pood\/wp-content\/uploads\/2025\/03\/4742375002864-scaled.jpg","datePublished":"2025-03-18T04:00:25+00:00","dateModified":"2026-04-30T00:11:54+00:00","breadcrumb":{"@id":"https:\/\/horticom.ee\/e-pood\/toode\/hortensiamuld-horticom-30l\/#breadcrumb"},"inLanguage":"et","potentialAction":[{"@type":"ReadAction","target":["https:\/\/horticom.ee\/e-pood\/toode\/hortensiamuld-horticom-30l\/"]}]},{"@type":"ImageObject","inLanguage":"et","@id":"https:\/\/horticom.ee\/e-pood\/toode\/hortensiamuld-horticom-30l\/#primaryimage","url":"https:\/\/horticom.ee\/e-pood\/wp-content\/uploads\/2025\/03\/4742375002864-scaled.jpg","contentUrl":"https:\/\/horticom.ee\/e-pood\/wp-content\/uploads\/2025\/03\/4742375002864-scaled.jpg","width":2560,"height":2560},{"@type":"BreadcrumbList","@id":"https:\/\/horticom.ee\/e-pood\/toode\/hortensiamuld-horticom-30l\/#breadcrumb","itemListElement":[{"@type":"ListItem","position":1,"name":"Home","item":"https:\/\/horticom.ee\/e-pood\/"},{"@type":"ListItem","position":2,"name":"Pood","item":"https:\/\/horticom.ee\/e-pood\/pood\/"},{"@type":"ListItem","position":3,"name":"Hortensiamuld Horticom 30L"}]},{"@type":"WebSite","@id":"https:\/\/horticom.ee\/e-pood\/#website","url":"https:\/\/horticom.ee\/e-pood\/","name":"Horticom.ee","description":"Aianduskaubad ja kodukaubad nii harrastajatele kui professionaalidele","potentialAction":[{"@type":"SearchAction","target":{"@type":"EntryPoint","urlTemplate":"https:\/\/horticom.ee\/e-pood\/?s={search_term_string}"},"query-input":{"@type":"PropertyValueSpecification","valueRequired":true,"valueName":"search_term_string"}}],"inLanguage":"et"}]}},"_links":{"self":[{"href":"https:\/\/horticom.ee\/e-pood\/wp-json\/wp\/v2\/product\/2376220","targetHints":{"allow":["GET"]}}],"collection":[{"href":"https:\/\/horticom.ee\/e-pood\/wp-json\/wp\/v2\/product"}],"about":[{"href":"https:\/\/horticom.ee\/e-pood\/wp-json\/wp\/v2\/types\/product"}],"replies":[{"embeddable":true,"href":"https:\/\/horticom.ee\/e-pood\/wp-json\/wp\/v2\/comments?post=2376220"}],"wp:featuredmedia":[{"embeddable":true,"href":"https:\/\/horticom.ee\/e-pood\/wp-json\/wp\/v2\/media\/2376224"}],"wp:attachment":[{"href":"https:\/\/horticom.ee\/e-pood\/wp-json\/wp\/v2\/media?parent=2376220"}],"wp:term":[{"taxonomy":"product_cat","embeddable":true,"href":"https:\/\/horticom.ee\/e-pood\/wp-json\/wp\/v2\/product_cat?post=2376220"},{"taxonomy":"product_tag","embeddable":true,"href":"https:\/\/horticom.ee\/e-pood\/wp-json\/wp\/v2\/product_tag?post=2376220"}],"curies":[{"name":"wp","href":"https:\/\/api.w.org\/{rel}","templated":true}]}}