{"id":2385201,"date":"2025-03-22T06:00:54","date_gmt":"2025-03-22T04:00:54","guid":{"rendered":"https:\/\/horticom.ee\/e-pood\/toode\/kasvuhoone-ja-peenrakastimuld-horticom-40l-x-54tk-alusega\/"},"modified":"2026-04-29T03:11:52","modified_gmt":"2026-04-29T00:11:52","slug":"kasvuhoone-ja-peenrakastimuld-horticom-40l-x-54tk-alusega","status":"publish","type":"product","link":"https:\/\/horticom.ee\/e-pood\/toode\/kasvuhoone-ja-peenrakastimuld-horticom-40l-x-54tk-alusega\/","title":{"rendered":"Kasvuhoone- ja peenrakastimuld Horticom 40L x 54tk alusega"},"content":{"rendered":"<p>Horticomi kasvuhoone- ja peenrakastimuld on v\u00e4lja t\u00f6\u00f6tatud spetsiaalselt k\u00f6\u00f6givilja- ja aiataimedele, pakkudes neile tasakaalustatud toitaineid, head niiskuses\u00e4ilitust ja \u00fcleliigse vee \u00e4ravoolu. Mullas sisalduv v\u00e4etis toidab taimi juurtest alates, pakkudes taimedele pikaajalist toitainetega varustatust ning tagades tugeva kasvu, rikkalikku \u00f5itsemise ning kvaliteetse ja k\u00fcllusliku saagi. T\u00e4nu \u00f5hulisele mullastruktuurile soodustab kasvuhoone- ja peenrakastimuld tugevat juurekasvu.<\/p>\n","protected":false},"excerpt":{"rendered":"<p>Horticomi kasvuhoone- ja peenrakastimuld on v\u00e4lja t\u00f6\u00f6tatud spetsiaalselt k\u00f6\u00f6givilja- ja aiataimedele, pakkudes neile tasakaalustatud toitaineid, head niiskuses\u00e4ilitust ja \u00fcleliigse vee \u00e4ravoolu. Mullas sisalduv v\u00e4etis toidab taimi juurtest alates, pakkudes taimedele pikaajalist toitainetega varustatust ning tagades tugeva kasvu, rikkalikku \u00f5itsemise ning kvaliteetse ja k\u00fcllusliku saagi. T\u00e4nu \u00f5hulisele mullastruktuurile soodustab kasvuhoone- ja peenrakastimuld tugevat juurekasvu.<\/p>\n","protected":false},"featured_media":2385561,"comment_status":"closed","ping_status":"closed","template":"","meta":{"_themeisle_gutenberg_block_has_review":false},"product_cat":[13575],"product_tag":[],"class_list":{"0":"post-2385201","1":"product","2":"type-product","3":"status-publish","4":"has-post-thumbnail","6":"product_cat-mullad-ja-turbad","8":"first","9":"instock","10":"sale","11":"shipping-taxable","12":"purchasable","13":"product-type-simple"},"yoast_head":"<!-- This site is optimized with the Yoast SEO plugin v24.0 - https:\/\/yoast.com\/wordpress\/plugins\/seo\/ -->\n<title>Kasvuhoone- ja peenrakastimuld Horticom 40L x 54tk alusega - Horticom<\/title>\n<meta name=\"robots\" content=\"index, follow, max-snippet:-1, max-image-preview:large, max-video-preview:-1\" \/>\n<link rel=\"canonical\" href=\"https:\/\/horticom.ee\/e-pood\/toode\/kasvuhoone-ja-peenrakastimuld-horticom-40l-x-54tk-alusega\/\" \/>\n<meta property=\"og:locale\" content=\"et_EE\" \/>\n<meta property=\"og:type\" content=\"article\" \/>\n<meta property=\"og:title\" content=\"Kasvuhoone- ja peenrakastimuld Horticom 40L x 54tk alusega - Horticom\" \/>\n<meta property=\"og:description\" content=\"Horticomi kasvuhoone- ja peenrakastimuld on v\u00e4lja t\u00f6\u00f6tatud spetsiaalselt k\u00f6\u00f6givilja- ja aiataimedele, pakkudes neile tasakaalustatud toitaineid, head niiskuses\u00e4ilitust ja \u00fcleliigse vee \u00e4ravoolu. Mullas sisalduv v\u00e4etis toidab taimi juurtest alates, pakkudes taimedele pikaajalist toitainetega varustatust ning tagades tugeva kasvu, rikkalikku \u00f5itsemise ning kvaliteetse ja k\u00fcllusliku saagi. T\u00e4nu \u00f5hulisele mullastruktuurile soodustab kasvuhoone- ja peenrakastimuld tugevat juurekasvu.\" \/>\n<meta property=\"og:url\" content=\"https:\/\/horticom.ee\/e-pood\/toode\/kasvuhoone-ja-peenrakastimuld-horticom-40l-x-54tk-alusega\/\" \/>\n<meta property=\"og:site_name\" content=\"Horticom.ee\" \/>\n<meta property=\"article:publisher\" content=\"https:\/\/www.facebook.com\/horticom.ee\/e-pood\" \/>\n<meta property=\"article:modified_time\" content=\"2026-04-29T00:11:52+00:00\" \/>\n<meta property=\"og:image\" content=\"https:\/\/horticom.ee\/e-pood\/wp-content\/uploads\/2025\/03\/6800001A.jpg\" \/>\n\t<meta property=\"og:image:width\" content=\"1536\" \/>\n\t<meta property=\"og:image:height\" content=\"2048\" \/>\n\t<meta property=\"og:image:type\" content=\"image\/jpeg\" \/>\n<meta name=\"twitter:card\" content=\"summary_large_image\" \/>\n<meta name=\"twitter:label1\" content=\"Est. reading time\" \/>\n\t<meta name=\"twitter:data1\" content=\"1 minut\" \/>\n<script type=\"application\/ld+json\" class=\"yoast-schema-graph\">{\"@context\":\"https:\/\/schema.org\",\"@graph\":[{\"@type\":\"WebPage\",\"@id\":\"https:\/\/horticom.ee\/e-pood\/toode\/kasvuhoone-ja-peenrakastimuld-horticom-40l-x-54tk-alusega\/\",\"url\":\"https:\/\/horticom.ee\/e-pood\/toode\/kasvuhoone-ja-peenrakastimuld-horticom-40l-x-54tk-alusega\/\",\"name\":\"Kasvuhoone- ja peenrakastimuld Horticom 40L x 54tk alusega - Horticom\",\"isPartOf\":{\"@id\":\"https:\/\/horticom.ee\/e-pood\/#website\"},\"primaryImageOfPage\":{\"@id\":\"https:\/\/horticom.ee\/e-pood\/toode\/kasvuhoone-ja-peenrakastimuld-horticom-40l-x-54tk-alusega\/#primaryimage\"},\"image\":{\"@id\":\"https:\/\/horticom.ee\/e-pood\/toode\/kasvuhoone-ja-peenrakastimuld-horticom-40l-x-54tk-alusega\/#primaryimage\"},\"thumbnailUrl\":\"https:\/\/horticom.ee\/e-pood\/wp-content\/uploads\/2025\/03\/6800001A.jpg\",\"datePublished\":\"2025-03-22T04:00:54+00:00\",\"dateModified\":\"2026-04-29T00:11:52+00:00\",\"breadcrumb\":{\"@id\":\"https:\/\/horticom.ee\/e-pood\/toode\/kasvuhoone-ja-peenrakastimuld-horticom-40l-x-54tk-alusega\/#breadcrumb\"},\"inLanguage\":\"et\",\"potentialAction\":[{\"@type\":\"ReadAction\",\"target\":[\"https:\/\/horticom.ee\/e-pood\/toode\/kasvuhoone-ja-peenrakastimuld-horticom-40l-x-54tk-alusega\/\"]}]},{\"@type\":\"ImageObject\",\"inLanguage\":\"et\",\"@id\":\"https:\/\/horticom.ee\/e-pood\/toode\/kasvuhoone-ja-peenrakastimuld-horticom-40l-x-54tk-alusega\/#primaryimage\",\"url\":\"https:\/\/horticom.ee\/e-pood\/wp-content\/uploads\/2025\/03\/6800001A.jpg\",\"contentUrl\":\"https:\/\/horticom.ee\/e-pood\/wp-content\/uploads\/2025\/03\/6800001A.jpg\",\"width\":1536,\"height\":2048},{\"@type\":\"BreadcrumbList\",\"@id\":\"https:\/\/horticom.ee\/e-pood\/toode\/kasvuhoone-ja-peenrakastimuld-horticom-40l-x-54tk-alusega\/#breadcrumb\",\"itemListElement\":[{\"@type\":\"ListItem\",\"position\":1,\"name\":\"Home\",\"item\":\"https:\/\/horticom.ee\/e-pood\/\"},{\"@type\":\"ListItem\",\"position\":2,\"name\":\"Pood\",\"item\":\"https:\/\/horticom.ee\/e-pood\/pood\/\"},{\"@type\":\"ListItem\",\"position\":3,\"name\":\"Kasvuhoone- ja peenrakastimuld Horticom 40L x 54tk alusega\"}]},{\"@type\":\"WebSite\",\"@id\":\"https:\/\/horticom.ee\/e-pood\/#website\",\"url\":\"https:\/\/horticom.ee\/e-pood\/\",\"name\":\"Horticom.ee\",\"description\":\"Aianduskaubad ja kodukaubad nii harrastajatele kui professionaalidele\",\"potentialAction\":[{\"@type\":\"SearchAction\",\"target\":{\"@type\":\"EntryPoint\",\"urlTemplate\":\"https:\/\/horticom.ee\/e-pood\/?s={search_term_string}\"},\"query-input\":{\"@type\":\"PropertyValueSpecification\",\"valueRequired\":true,\"valueName\":\"search_term_string\"}}],\"inLanguage\":\"et\"}]}<\/script>\n<!-- \/ Yoast SEO plugin. -->","yoast_head_json":{"title":"Kasvuhoone- ja peenrakastimuld Horticom 40L x 54tk alusega - Horticom","robots":{"index":"index","follow":"follow","max-snippet":"max-snippet:-1","max-image-preview":"max-image-preview:large","max-video-preview":"max-video-preview:-1"},"canonical":"https:\/\/horticom.ee\/e-pood\/toode\/kasvuhoone-ja-peenrakastimuld-horticom-40l-x-54tk-alusega\/","og_locale":"et_EE","og_type":"article","og_title":"Kasvuhoone- ja peenrakastimuld Horticom 40L x 54tk alusega - Horticom","og_description":"Horticomi kasvuhoone- ja peenrakastimuld on v\u00e4lja t\u00f6\u00f6tatud spetsiaalselt k\u00f6\u00f6givilja- ja aiataimedele, pakkudes neile tasakaalustatud toitaineid, head niiskuses\u00e4ilitust ja \u00fcleliigse vee \u00e4ravoolu. Mullas sisalduv v\u00e4etis toidab taimi juurtest alates, pakkudes taimedele pikaajalist toitainetega varustatust ning tagades tugeva kasvu, rikkalikku \u00f5itsemise ning kvaliteetse ja k\u00fcllusliku saagi. T\u00e4nu \u00f5hulisele mullastruktuurile soodustab kasvuhoone- ja peenrakastimuld tugevat juurekasvu.","og_url":"https:\/\/horticom.ee\/e-pood\/toode\/kasvuhoone-ja-peenrakastimuld-horticom-40l-x-54tk-alusega\/","og_site_name":"Horticom.ee","article_publisher":"https:\/\/www.facebook.com\/horticom.ee\/e-pood","article_modified_time":"2026-04-29T00:11:52+00:00","og_image":[{"width":1536,"height":2048,"url":"https:\/\/horticom.ee\/e-pood\/wp-content\/uploads\/2025\/03\/6800001A.jpg","type":"image\/jpeg"}],"twitter_card":"summary_large_image","twitter_misc":{"Est. reading time":"1 minut"},"schema":{"@context":"https:\/\/schema.org","@graph":[{"@type":"WebPage","@id":"https:\/\/horticom.ee\/e-pood\/toode\/kasvuhoone-ja-peenrakastimuld-horticom-40l-x-54tk-alusega\/","url":"https:\/\/horticom.ee\/e-pood\/toode\/kasvuhoone-ja-peenrakastimuld-horticom-40l-x-54tk-alusega\/","name":"Kasvuhoone- ja peenrakastimuld Horticom 40L x 54tk alusega - Horticom","isPartOf":{"@id":"https:\/\/horticom.ee\/e-pood\/#website"},"primaryImageOfPage":{"@id":"https:\/\/horticom.ee\/e-pood\/toode\/kasvuhoone-ja-peenrakastimuld-horticom-40l-x-54tk-alusega\/#primaryimage"},"image":{"@id":"https:\/\/horticom.ee\/e-pood\/toode\/kasvuhoone-ja-peenrakastimuld-horticom-40l-x-54tk-alusega\/#primaryimage"},"thumbnailUrl":"https:\/\/horticom.ee\/e-pood\/wp-content\/uploads\/2025\/03\/6800001A.jpg","datePublished":"2025-03-22T04:00:54+00:00","dateModified":"2026-04-29T00:11:52+00:00","breadcrumb":{"@id":"https:\/\/horticom.ee\/e-pood\/toode\/kasvuhoone-ja-peenrakastimuld-horticom-40l-x-54tk-alusega\/#breadcrumb"},"inLanguage":"et","potentialAction":[{"@type":"ReadAction","target":["https:\/\/horticom.ee\/e-pood\/toode\/kasvuhoone-ja-peenrakastimuld-horticom-40l-x-54tk-alusega\/"]}]},{"@type":"ImageObject","inLanguage":"et","@id":"https:\/\/horticom.ee\/e-pood\/toode\/kasvuhoone-ja-peenrakastimuld-horticom-40l-x-54tk-alusega\/#primaryimage","url":"https:\/\/horticom.ee\/e-pood\/wp-content\/uploads\/2025\/03\/6800001A.jpg","contentUrl":"https:\/\/horticom.ee\/e-pood\/wp-content\/uploads\/2025\/03\/6800001A.jpg","width":1536,"height":2048},{"@type":"BreadcrumbList","@id":"https:\/\/horticom.ee\/e-pood\/toode\/kasvuhoone-ja-peenrakastimuld-horticom-40l-x-54tk-alusega\/#breadcrumb","itemListElement":[{"@type":"ListItem","position":1,"name":"Home","item":"https:\/\/horticom.ee\/e-pood\/"},{"@type":"ListItem","position":2,"name":"Pood","item":"https:\/\/horticom.ee\/e-pood\/pood\/"},{"@type":"ListItem","position":3,"name":"Kasvuhoone- ja peenrakastimuld Horticom 40L x 54tk alusega"}]},{"@type":"WebSite","@id":"https:\/\/horticom.ee\/e-pood\/#website","url":"https:\/\/horticom.ee\/e-pood\/","name":"Horticom.ee","description":"Aianduskaubad ja kodukaubad nii harrastajatele kui professionaalidele","potentialAction":[{"@type":"SearchAction","target":{"@type":"EntryPoint","urlTemplate":"https:\/\/horticom.ee\/e-pood\/?s={search_term_string}"},"query-input":{"@type":"PropertyValueSpecification","valueRequired":true,"valueName":"search_term_string"}}],"inLanguage":"et"}]}},"_links":{"self":[{"href":"https:\/\/horticom.ee\/e-pood\/wp-json\/wp\/v2\/product\/2385201","targetHints":{"allow":["GET"]}}],"collection":[{"href":"https:\/\/horticom.ee\/e-pood\/wp-json\/wp\/v2\/product"}],"about":[{"href":"https:\/\/horticom.ee\/e-pood\/wp-json\/wp\/v2\/types\/product"}],"replies":[{"embeddable":true,"href":"https:\/\/horticom.ee\/e-pood\/wp-json\/wp\/v2\/comments?post=2385201"}],"wp:featuredmedia":[{"embeddable":true,"href":"https:\/\/horticom.ee\/e-pood\/wp-json\/wp\/v2\/media\/2385561"}],"wp:attachment":[{"href":"https:\/\/horticom.ee\/e-pood\/wp-json\/wp\/v2\/media?parent=2385201"}],"wp:term":[{"taxonomy":"product_cat","embeddable":true,"href":"https:\/\/horticom.ee\/e-pood\/wp-json\/wp\/v2\/product_cat?post=2385201"},{"taxonomy":"product_tag","embeddable":true,"href":"https:\/\/horticom.ee\/e-pood\/wp-json\/wp\/v2\/product_tag?post=2385201"}],"curies":[{"name":"wp","href":"https:\/\/api.w.org\/{rel}","templated":true}]}}