{"id":2385660,"date":"2025-03-24T16:00:32","date_gmt":"2025-03-24T14:00:32","guid":{"rendered":"https:\/\/horticom.ee\/e-pood\/toode\/suvelillemuld-pikaajalise-vaetisega-horticom-30l-x-66tk-alusega\/"},"modified":"2026-05-02T03:11:13","modified_gmt":"2026-05-02T00:11:13","slug":"suvelillemuld-pikaajalise-vaetisega-horticom-30l-x-66tk-alusega","status":"publish","type":"product","link":"https:\/\/horticom.ee\/e-pood\/toode\/suvelillemuld-pikaajalise-vaetisega-horticom-30l-x-66tk-alusega\/","title":{"rendered":"Suvelillemuld pikaajalise v\u00e4etisega Horticom 30L x 66tk alusega"},"content":{"rendered":"<p>Suvelillemuld pikaajalise v\u00e4etisega Horticom on kvaliteetne suvelillemuld, mis aitab sul kasvatada imelised suvelilled ning nautida nende lopsakat \u00f5itsemist. Muld on valmistatud k\u00f5rgeimate kvaliteedistandardite j\u00e4rgi, tagades suvelilledele optimaalsed kasvutingimused garanteerides rikkaliku ja pika \u00f5itsemisperioodi. Lisaks sisaldab suvelillemuld juba pikaajaliselt toimivat v\u00e4etist, mis toidab taimi j\u00e4rkj\u00e4rgult, tagades pikaajalise toitainetevarustuse ja eduka \u00f5itsemise. See lihtsustab taimehooldust, kuna koheselt ei ole vaja eraldi v\u00e4etist juurde anda. Suvelillemulda on lisatud ka h\u00fcdrogeeli, mis v\u00e4hendab oluliselt kastmisvajadust. Muld sobib ideaalselt erinevatele r\u00f5dukastides, amplites ja peenras kasvavatele suvelilledele.<\/p>\n","protected":false},"excerpt":{"rendered":"<p>Suvelillemuld pikaajalise v\u00e4etisega Horticom on kvaliteetne suvelillemuld, mis aitab sul kasvatada imelised suvelilled ning nautida nende lopsakat \u00f5itsemist. Muld on valmistatud k\u00f5rgeimate kvaliteedistandardite j\u00e4rgi, tagades suvelilledele optimaalsed kasvutingimused garanteerides rikkaliku ja pika \u00f5itsemisperioodi. Lisaks sisaldab suvelillemuld juba pikaajaliselt toimivat v\u00e4etist, mis toidab taimi j\u00e4rkj\u00e4rgult, tagades pikaajalise toitainetevarustuse ja eduka \u00f5itsemise. See lihtsustab taimehooldust, kuna koheselt [&hellip;]<\/p>\n","protected":false},"featured_media":2385800,"comment_status":"closed","ping_status":"closed","template":"","meta":{"_themeisle_gutenberg_block_has_review":false},"product_cat":[13575],"product_tag":[],"class_list":{"0":"post-2385660","1":"product","2":"type-product","3":"status-publish","4":"has-post-thumbnail","6":"product_cat-mullad-ja-turbad","8":"first","9":"instock","10":"sale","11":"shipping-taxable","12":"purchasable","13":"product-type-simple"},"yoast_head":"<!-- This site is optimized with the Yoast SEO plugin v24.0 - https:\/\/yoast.com\/wordpress\/plugins\/seo\/ -->\n<title>Suvelillemuld pikaajalise v\u00e4etisega Horticom 30L x 66tk alusega - Horticom<\/title>\n<meta name=\"robots\" content=\"index, follow, max-snippet:-1, max-image-preview:large, max-video-preview:-1\" \/>\n<link rel=\"canonical\" href=\"https:\/\/horticom.ee\/e-pood\/toode\/suvelillemuld-pikaajalise-vaetisega-horticom-30l-x-66tk-alusega\/\" \/>\n<meta property=\"og:locale\" content=\"et_EE\" \/>\n<meta property=\"og:type\" content=\"article\" \/>\n<meta property=\"og:title\" content=\"Suvelillemuld pikaajalise v\u00e4etisega Horticom 30L x 66tk alusega - Horticom\" \/>\n<meta property=\"og:description\" content=\"Suvelillemuld pikaajalise v\u00e4etisega Horticom on kvaliteetne suvelillemuld, mis aitab sul kasvatada imelised suvelilled ning nautida nende lopsakat \u00f5itsemist. Muld on valmistatud k\u00f5rgeimate kvaliteedistandardite j\u00e4rgi, tagades suvelilledele optimaalsed kasvutingimused garanteerides rikkaliku ja pika \u00f5itsemisperioodi. Lisaks sisaldab suvelillemuld juba pikaajaliselt toimivat v\u00e4etist, mis toidab taimi j\u00e4rkj\u00e4rgult, tagades pikaajalise toitainetevarustuse ja eduka \u00f5itsemise. See lihtsustab taimehooldust, kuna koheselt [&hellip;]\" \/>\n<meta property=\"og:url\" content=\"https:\/\/horticom.ee\/e-pood\/toode\/suvelillemuld-pikaajalise-vaetisega-horticom-30l-x-66tk-alusega\/\" \/>\n<meta property=\"og:site_name\" content=\"Horticom.ee\" \/>\n<meta property=\"article:publisher\" content=\"https:\/\/www.facebook.com\/horticom.ee\/e-pood\" \/>\n<meta property=\"article:modified_time\" content=\"2026-05-02T00:11:13+00:00\" \/>\n<meta property=\"og:image\" content=\"https:\/\/horticom.ee\/e-pood\/wp-content\/uploads\/2025\/03\/6800003A.jpg\" \/>\n\t<meta property=\"og:image:width\" content=\"1536\" \/>\n\t<meta property=\"og:image:height\" content=\"2048\" \/>\n\t<meta property=\"og:image:type\" content=\"image\/jpeg\" \/>\n<meta name=\"twitter:card\" content=\"summary_large_image\" \/>\n<meta name=\"twitter:label1\" content=\"Est. reading time\" \/>\n\t<meta name=\"twitter:data1\" content=\"1 minut\" \/>\n<script type=\"application\/ld+json\" class=\"yoast-schema-graph\">{\"@context\":\"https:\/\/schema.org\",\"@graph\":[{\"@type\":\"WebPage\",\"@id\":\"https:\/\/horticom.ee\/e-pood\/toode\/suvelillemuld-pikaajalise-vaetisega-horticom-30l-x-66tk-alusega\/\",\"url\":\"https:\/\/horticom.ee\/e-pood\/toode\/suvelillemuld-pikaajalise-vaetisega-horticom-30l-x-66tk-alusega\/\",\"name\":\"Suvelillemuld pikaajalise v\u00e4etisega Horticom 30L x 66tk alusega - Horticom\",\"isPartOf\":{\"@id\":\"https:\/\/horticom.ee\/e-pood\/#website\"},\"primaryImageOfPage\":{\"@id\":\"https:\/\/horticom.ee\/e-pood\/toode\/suvelillemuld-pikaajalise-vaetisega-horticom-30l-x-66tk-alusega\/#primaryimage\"},\"image\":{\"@id\":\"https:\/\/horticom.ee\/e-pood\/toode\/suvelillemuld-pikaajalise-vaetisega-horticom-30l-x-66tk-alusega\/#primaryimage\"},\"thumbnailUrl\":\"https:\/\/horticom.ee\/e-pood\/wp-content\/uploads\/2025\/03\/6800003A.jpg\",\"datePublished\":\"2025-03-24T14:00:32+00:00\",\"dateModified\":\"2026-05-02T00:11:13+00:00\",\"breadcrumb\":{\"@id\":\"https:\/\/horticom.ee\/e-pood\/toode\/suvelillemuld-pikaajalise-vaetisega-horticom-30l-x-66tk-alusega\/#breadcrumb\"},\"inLanguage\":\"et\",\"potentialAction\":[{\"@type\":\"ReadAction\",\"target\":[\"https:\/\/horticom.ee\/e-pood\/toode\/suvelillemuld-pikaajalise-vaetisega-horticom-30l-x-66tk-alusega\/\"]}]},{\"@type\":\"ImageObject\",\"inLanguage\":\"et\",\"@id\":\"https:\/\/horticom.ee\/e-pood\/toode\/suvelillemuld-pikaajalise-vaetisega-horticom-30l-x-66tk-alusega\/#primaryimage\",\"url\":\"https:\/\/horticom.ee\/e-pood\/wp-content\/uploads\/2025\/03\/6800003A.jpg\",\"contentUrl\":\"https:\/\/horticom.ee\/e-pood\/wp-content\/uploads\/2025\/03\/6800003A.jpg\",\"width\":1536,\"height\":2048},{\"@type\":\"BreadcrumbList\",\"@id\":\"https:\/\/horticom.ee\/e-pood\/toode\/suvelillemuld-pikaajalise-vaetisega-horticom-30l-x-66tk-alusega\/#breadcrumb\",\"itemListElement\":[{\"@type\":\"ListItem\",\"position\":1,\"name\":\"Home\",\"item\":\"https:\/\/horticom.ee\/e-pood\/\"},{\"@type\":\"ListItem\",\"position\":2,\"name\":\"Pood\",\"item\":\"https:\/\/horticom.ee\/e-pood\/pood\/\"},{\"@type\":\"ListItem\",\"position\":3,\"name\":\"Suvelillemuld pikaajalise v\u00e4etisega Horticom 30L x 66tk alusega\"}]},{\"@type\":\"WebSite\",\"@id\":\"https:\/\/horticom.ee\/e-pood\/#website\",\"url\":\"https:\/\/horticom.ee\/e-pood\/\",\"name\":\"Horticom.ee\",\"description\":\"Aianduskaubad ja kodukaubad nii harrastajatele kui professionaalidele\",\"potentialAction\":[{\"@type\":\"SearchAction\",\"target\":{\"@type\":\"EntryPoint\",\"urlTemplate\":\"https:\/\/horticom.ee\/e-pood\/?s={search_term_string}\"},\"query-input\":{\"@type\":\"PropertyValueSpecification\",\"valueRequired\":true,\"valueName\":\"search_term_string\"}}],\"inLanguage\":\"et\"}]}<\/script>\n<!-- \/ Yoast SEO plugin. -->","yoast_head_json":{"title":"Suvelillemuld pikaajalise v\u00e4etisega Horticom 30L x 66tk alusega - Horticom","robots":{"index":"index","follow":"follow","max-snippet":"max-snippet:-1","max-image-preview":"max-image-preview:large","max-video-preview":"max-video-preview:-1"},"canonical":"https:\/\/horticom.ee\/e-pood\/toode\/suvelillemuld-pikaajalise-vaetisega-horticom-30l-x-66tk-alusega\/","og_locale":"et_EE","og_type":"article","og_title":"Suvelillemuld pikaajalise v\u00e4etisega Horticom 30L x 66tk alusega - Horticom","og_description":"Suvelillemuld pikaajalise v\u00e4etisega Horticom on kvaliteetne suvelillemuld, mis aitab sul kasvatada imelised suvelilled ning nautida nende lopsakat \u00f5itsemist. Muld on valmistatud k\u00f5rgeimate kvaliteedistandardite j\u00e4rgi, tagades suvelilledele optimaalsed kasvutingimused garanteerides rikkaliku ja pika \u00f5itsemisperioodi. Lisaks sisaldab suvelillemuld juba pikaajaliselt toimivat v\u00e4etist, mis toidab taimi j\u00e4rkj\u00e4rgult, tagades pikaajalise toitainetevarustuse ja eduka \u00f5itsemise. See lihtsustab taimehooldust, kuna koheselt [&hellip;]","og_url":"https:\/\/horticom.ee\/e-pood\/toode\/suvelillemuld-pikaajalise-vaetisega-horticom-30l-x-66tk-alusega\/","og_site_name":"Horticom.ee","article_publisher":"https:\/\/www.facebook.com\/horticom.ee\/e-pood","article_modified_time":"2026-05-02T00:11:13+00:00","og_image":[{"width":1536,"height":2048,"url":"https:\/\/horticom.ee\/e-pood\/wp-content\/uploads\/2025\/03\/6800003A.jpg","type":"image\/jpeg"}],"twitter_card":"summary_large_image","twitter_misc":{"Est. reading time":"1 minut"},"schema":{"@context":"https:\/\/schema.org","@graph":[{"@type":"WebPage","@id":"https:\/\/horticom.ee\/e-pood\/toode\/suvelillemuld-pikaajalise-vaetisega-horticom-30l-x-66tk-alusega\/","url":"https:\/\/horticom.ee\/e-pood\/toode\/suvelillemuld-pikaajalise-vaetisega-horticom-30l-x-66tk-alusega\/","name":"Suvelillemuld pikaajalise v\u00e4etisega Horticom 30L x 66tk alusega - Horticom","isPartOf":{"@id":"https:\/\/horticom.ee\/e-pood\/#website"},"primaryImageOfPage":{"@id":"https:\/\/horticom.ee\/e-pood\/toode\/suvelillemuld-pikaajalise-vaetisega-horticom-30l-x-66tk-alusega\/#primaryimage"},"image":{"@id":"https:\/\/horticom.ee\/e-pood\/toode\/suvelillemuld-pikaajalise-vaetisega-horticom-30l-x-66tk-alusega\/#primaryimage"},"thumbnailUrl":"https:\/\/horticom.ee\/e-pood\/wp-content\/uploads\/2025\/03\/6800003A.jpg","datePublished":"2025-03-24T14:00:32+00:00","dateModified":"2026-05-02T00:11:13+00:00","breadcrumb":{"@id":"https:\/\/horticom.ee\/e-pood\/toode\/suvelillemuld-pikaajalise-vaetisega-horticom-30l-x-66tk-alusega\/#breadcrumb"},"inLanguage":"et","potentialAction":[{"@type":"ReadAction","target":["https:\/\/horticom.ee\/e-pood\/toode\/suvelillemuld-pikaajalise-vaetisega-horticom-30l-x-66tk-alusega\/"]}]},{"@type":"ImageObject","inLanguage":"et","@id":"https:\/\/horticom.ee\/e-pood\/toode\/suvelillemuld-pikaajalise-vaetisega-horticom-30l-x-66tk-alusega\/#primaryimage","url":"https:\/\/horticom.ee\/e-pood\/wp-content\/uploads\/2025\/03\/6800003A.jpg","contentUrl":"https:\/\/horticom.ee\/e-pood\/wp-content\/uploads\/2025\/03\/6800003A.jpg","width":1536,"height":2048},{"@type":"BreadcrumbList","@id":"https:\/\/horticom.ee\/e-pood\/toode\/suvelillemuld-pikaajalise-vaetisega-horticom-30l-x-66tk-alusega\/#breadcrumb","itemListElement":[{"@type":"ListItem","position":1,"name":"Home","item":"https:\/\/horticom.ee\/e-pood\/"},{"@type":"ListItem","position":2,"name":"Pood","item":"https:\/\/horticom.ee\/e-pood\/pood\/"},{"@type":"ListItem","position":3,"name":"Suvelillemuld pikaajalise v\u00e4etisega Horticom 30L x 66tk alusega"}]},{"@type":"WebSite","@id":"https:\/\/horticom.ee\/e-pood\/#website","url":"https:\/\/horticom.ee\/e-pood\/","name":"Horticom.ee","description":"Aianduskaubad ja kodukaubad nii harrastajatele kui professionaalidele","potentialAction":[{"@type":"SearchAction","target":{"@type":"EntryPoint","urlTemplate":"https:\/\/horticom.ee\/e-pood\/?s={search_term_string}"},"query-input":{"@type":"PropertyValueSpecification","valueRequired":true,"valueName":"search_term_string"}}],"inLanguage":"et"}]}},"_links":{"self":[{"href":"https:\/\/horticom.ee\/e-pood\/wp-json\/wp\/v2\/product\/2385660","targetHints":{"allow":["GET"]}}],"collection":[{"href":"https:\/\/horticom.ee\/e-pood\/wp-json\/wp\/v2\/product"}],"about":[{"href":"https:\/\/horticom.ee\/e-pood\/wp-json\/wp\/v2\/types\/product"}],"replies":[{"embeddable":true,"href":"https:\/\/horticom.ee\/e-pood\/wp-json\/wp\/v2\/comments?post=2385660"}],"wp:featuredmedia":[{"embeddable":true,"href":"https:\/\/horticom.ee\/e-pood\/wp-json\/wp\/v2\/media\/2385800"}],"wp:attachment":[{"href":"https:\/\/horticom.ee\/e-pood\/wp-json\/wp\/v2\/media?parent=2385660"}],"wp:term":[{"taxonomy":"product_cat","embeddable":true,"href":"https:\/\/horticom.ee\/e-pood\/wp-json\/wp\/v2\/product_cat?post=2385660"},{"taxonomy":"product_tag","embeddable":true,"href":"https:\/\/horticom.ee\/e-pood\/wp-json\/wp\/v2\/product_tag?post=2385660"}],"curies":[{"name":"wp","href":"https:\/\/api.w.org\/{rel}","templated":true}]}}