{"id":2389265,"date":"2025-03-31T15:52:23","date_gmt":"2025-03-31T12:52:23","guid":{"rendered":"https:\/\/horticom.ee\/e-pood\/toode\/taimeandur-elho-smart-pebble-helepruun\/"},"modified":"2026-04-23T03:19:49","modified_gmt":"2026-04-23T00:19:49","slug":"taimeandur-elho-smart-pebble-helepruun","status":"publish","type":"product","link":"https:\/\/horticom.ee\/e-pood\/toode\/taimeandur-elho-smart-pebble-helepruun\/","title":{"rendered":"Taimeandur Elho Smart Pebble helepruun"},"content":{"rendered":"<p>Elho nutikas kivike \u2013 ainulaadne \u201etaimesosistaja\u201c, mis \u00fctleb teile t\u00e4pselt, mida taim vajab. See nutikas seade peidab end diskreetselt lillepotis ja aitab sul m\u00f5ista, kuidas sinu taim end tunneb. See n\u00e4itab automaatselt, millal su taim vajab rohkem vett, toitaineid ja valgust ning kas temperatuur on sobilik. Kaasasolev rakendus pakub n\u00e4pun\u00e4iteid ja trikke, et hoida sinu rohelus terve ja \u00f5itsevana ning sisaldab ulatuslikku taimede raamatukogu. Disain on loomulik sulandudes h\u00e4sti taimede ja erinevate interj\u00f6\u00f6ridega.<br \/>\nToodetud 100% taaskasutatud materjalidest tuuleenergia abil ning on ise samuti taask\u00e4ideldatav.<br \/>\nToote valmistamisel kasutatakse erilisi v\u00e4rvipigmente, mist\u00f5ttu toodetel p\u00fcsib originaalv\u00e4rv kauem.<\/p>\n","protected":false},"excerpt":{"rendered":"<p>Elho nutikas kivike \u2013 ainulaadne \u201etaimesosistaja\u201c, mis \u00fctleb teile t\u00e4pselt, mida taim vajab. See nutikas seade peidab end diskreetselt lillepotis ja aitab sul m\u00f5ista, kuidas sinu taim end tunneb. See n\u00e4itab automaatselt, millal su taim vajab rohkem vett, toitaineid ja valgust ning kas temperatuur on sobilik. Kaasasolev rakendus pakub n\u00e4pun\u00e4iteid ja trikke, et hoida sinu [&hellip;]<\/p>\n","protected":false},"featured_media":2389271,"comment_status":"closed","ping_status":"closed","template":"","meta":{"_themeisle_gutenberg_block_has_review":false},"product_cat":[13371],"product_tag":[],"class_list":{"0":"post-2389265","1":"product","2":"type-product","3":"status-publish","4":"has-post-thumbnail","6":"product_cat-ettekasvastuse-abivahendid","8":"first","9":"instock","10":"shipping-taxable","11":"purchasable","12":"product-type-simple"},"yoast_head":"<!-- This site is optimized with the Yoast SEO plugin v24.0 - https:\/\/yoast.com\/wordpress\/plugins\/seo\/ -->\n<title>Taimeandur Elho Smart Pebble helepruun - Horticom<\/title>\n<meta name=\"robots\" content=\"index, follow, max-snippet:-1, max-image-preview:large, max-video-preview:-1\" \/>\n<link rel=\"canonical\" href=\"https:\/\/horticom.ee\/e-pood\/toode\/taimeandur-elho-smart-pebble-helepruun\/\" \/>\n<meta property=\"og:locale\" content=\"et_EE\" \/>\n<meta property=\"og:type\" content=\"article\" \/>\n<meta property=\"og:title\" content=\"Taimeandur Elho Smart Pebble helepruun - Horticom\" \/>\n<meta property=\"og:description\" content=\"Elho nutikas kivike \u2013 ainulaadne \u201etaimesosistaja\u201c, mis \u00fctleb teile t\u00e4pselt, mida taim vajab. See nutikas seade peidab end diskreetselt lillepotis ja aitab sul m\u00f5ista, kuidas sinu taim end tunneb. See n\u00e4itab automaatselt, millal su taim vajab rohkem vett, toitaineid ja valgust ning kas temperatuur on sobilik. Kaasasolev rakendus pakub n\u00e4pun\u00e4iteid ja trikke, et hoida sinu [&hellip;]\" \/>\n<meta property=\"og:url\" content=\"https:\/\/horticom.ee\/e-pood\/toode\/taimeandur-elho-smart-pebble-helepruun\/\" \/>\n<meta property=\"og:site_name\" content=\"Horticom.ee\" \/>\n<meta property=\"article:publisher\" content=\"https:\/\/www.facebook.com\/horticom.ee\/e-pood\" \/>\n<meta property=\"article:modified_time\" content=\"2026-04-23T00:19:49+00:00\" \/>\n<meta property=\"og:image\" content=\"https:\/\/horticom.ee\/e-pood\/wp-content\/uploads\/importedmedia\/product_2389265_1_64002000_757.jpg\" \/>\n\t<meta property=\"og:image:width\" content=\"1000\" \/>\n\t<meta property=\"og:image:height\" content=\"1000\" \/>\n\t<meta property=\"og:image:type\" content=\"image\/jpeg\" \/>\n<meta name=\"twitter:card\" content=\"summary_large_image\" \/>\n<meta name=\"twitter:label1\" content=\"Est. reading time\" \/>\n\t<meta name=\"twitter:data1\" content=\"1 minut\" \/>\n<script type=\"application\/ld+json\" class=\"yoast-schema-graph\">{\"@context\":\"https:\/\/schema.org\",\"@graph\":[{\"@type\":\"WebPage\",\"@id\":\"https:\/\/horticom.ee\/e-pood\/toode\/taimeandur-elho-smart-pebble-helepruun\/\",\"url\":\"https:\/\/horticom.ee\/e-pood\/toode\/taimeandur-elho-smart-pebble-helepruun\/\",\"name\":\"Taimeandur Elho Smart Pebble helepruun - Horticom\",\"isPartOf\":{\"@id\":\"https:\/\/horticom.ee\/e-pood\/#website\"},\"primaryImageOfPage\":{\"@id\":\"https:\/\/horticom.ee\/e-pood\/toode\/taimeandur-elho-smart-pebble-helepruun\/#primaryimage\"},\"image\":{\"@id\":\"https:\/\/horticom.ee\/e-pood\/toode\/taimeandur-elho-smart-pebble-helepruun\/#primaryimage\"},\"thumbnailUrl\":\"https:\/\/horticom.ee\/e-pood\/wp-content\/uploads\/importedmedia\/product_2389265_1_64002000_757.jpg\",\"datePublished\":\"2025-03-31T12:52:23+00:00\",\"dateModified\":\"2026-04-23T00:19:49+00:00\",\"breadcrumb\":{\"@id\":\"https:\/\/horticom.ee\/e-pood\/toode\/taimeandur-elho-smart-pebble-helepruun\/#breadcrumb\"},\"inLanguage\":\"et\",\"potentialAction\":[{\"@type\":\"ReadAction\",\"target\":[\"https:\/\/horticom.ee\/e-pood\/toode\/taimeandur-elho-smart-pebble-helepruun\/\"]}]},{\"@type\":\"ImageObject\",\"inLanguage\":\"et\",\"@id\":\"https:\/\/horticom.ee\/e-pood\/toode\/taimeandur-elho-smart-pebble-helepruun\/#primaryimage\",\"url\":\"https:\/\/horticom.ee\/e-pood\/wp-content\/uploads\/importedmedia\/product_2389265_1_64002000_757.jpg\",\"contentUrl\":\"https:\/\/horticom.ee\/e-pood\/wp-content\/uploads\/importedmedia\/product_2389265_1_64002000_757.jpg\",\"width\":1000,\"height\":1000},{\"@type\":\"BreadcrumbList\",\"@id\":\"https:\/\/horticom.ee\/e-pood\/toode\/taimeandur-elho-smart-pebble-helepruun\/#breadcrumb\",\"itemListElement\":[{\"@type\":\"ListItem\",\"position\":1,\"name\":\"Home\",\"item\":\"https:\/\/horticom.ee\/e-pood\/\"},{\"@type\":\"ListItem\",\"position\":2,\"name\":\"Pood\",\"item\":\"https:\/\/horticom.ee\/e-pood\/pood\/\"},{\"@type\":\"ListItem\",\"position\":3,\"name\":\"Taimeandur Elho Smart Pebble helepruun\"}]},{\"@type\":\"WebSite\",\"@id\":\"https:\/\/horticom.ee\/e-pood\/#website\",\"url\":\"https:\/\/horticom.ee\/e-pood\/\",\"name\":\"Horticom.ee\",\"description\":\"Aianduskaubad ja kodukaubad nii harrastajatele kui professionaalidele\",\"potentialAction\":[{\"@type\":\"SearchAction\",\"target\":{\"@type\":\"EntryPoint\",\"urlTemplate\":\"https:\/\/horticom.ee\/e-pood\/?s={search_term_string}\"},\"query-input\":{\"@type\":\"PropertyValueSpecification\",\"valueRequired\":true,\"valueName\":\"search_term_string\"}}],\"inLanguage\":\"et\"}]}<\/script>\n<!-- \/ Yoast SEO plugin. -->","yoast_head_json":{"title":"Taimeandur Elho Smart Pebble helepruun - Horticom","robots":{"index":"index","follow":"follow","max-snippet":"max-snippet:-1","max-image-preview":"max-image-preview:large","max-video-preview":"max-video-preview:-1"},"canonical":"https:\/\/horticom.ee\/e-pood\/toode\/taimeandur-elho-smart-pebble-helepruun\/","og_locale":"et_EE","og_type":"article","og_title":"Taimeandur Elho Smart Pebble helepruun - Horticom","og_description":"Elho nutikas kivike \u2013 ainulaadne \u201etaimesosistaja\u201c, mis \u00fctleb teile t\u00e4pselt, mida taim vajab. See nutikas seade peidab end diskreetselt lillepotis ja aitab sul m\u00f5ista, kuidas sinu taim end tunneb. See n\u00e4itab automaatselt, millal su taim vajab rohkem vett, toitaineid ja valgust ning kas temperatuur on sobilik. Kaasasolev rakendus pakub n\u00e4pun\u00e4iteid ja trikke, et hoida sinu [&hellip;]","og_url":"https:\/\/horticom.ee\/e-pood\/toode\/taimeandur-elho-smart-pebble-helepruun\/","og_site_name":"Horticom.ee","article_publisher":"https:\/\/www.facebook.com\/horticom.ee\/e-pood","article_modified_time":"2026-04-23T00:19:49+00:00","og_image":[{"width":1000,"height":1000,"url":"https:\/\/horticom.ee\/e-pood\/wp-content\/uploads\/importedmedia\/product_2389265_1_64002000_757.jpg","type":"image\/jpeg"}],"twitter_card":"summary_large_image","twitter_misc":{"Est. reading time":"1 minut"},"schema":{"@context":"https:\/\/schema.org","@graph":[{"@type":"WebPage","@id":"https:\/\/horticom.ee\/e-pood\/toode\/taimeandur-elho-smart-pebble-helepruun\/","url":"https:\/\/horticom.ee\/e-pood\/toode\/taimeandur-elho-smart-pebble-helepruun\/","name":"Taimeandur Elho Smart Pebble helepruun - Horticom","isPartOf":{"@id":"https:\/\/horticom.ee\/e-pood\/#website"},"primaryImageOfPage":{"@id":"https:\/\/horticom.ee\/e-pood\/toode\/taimeandur-elho-smart-pebble-helepruun\/#primaryimage"},"image":{"@id":"https:\/\/horticom.ee\/e-pood\/toode\/taimeandur-elho-smart-pebble-helepruun\/#primaryimage"},"thumbnailUrl":"https:\/\/horticom.ee\/e-pood\/wp-content\/uploads\/importedmedia\/product_2389265_1_64002000_757.jpg","datePublished":"2025-03-31T12:52:23+00:00","dateModified":"2026-04-23T00:19:49+00:00","breadcrumb":{"@id":"https:\/\/horticom.ee\/e-pood\/toode\/taimeandur-elho-smart-pebble-helepruun\/#breadcrumb"},"inLanguage":"et","potentialAction":[{"@type":"ReadAction","target":["https:\/\/horticom.ee\/e-pood\/toode\/taimeandur-elho-smart-pebble-helepruun\/"]}]},{"@type":"ImageObject","inLanguage":"et","@id":"https:\/\/horticom.ee\/e-pood\/toode\/taimeandur-elho-smart-pebble-helepruun\/#primaryimage","url":"https:\/\/horticom.ee\/e-pood\/wp-content\/uploads\/importedmedia\/product_2389265_1_64002000_757.jpg","contentUrl":"https:\/\/horticom.ee\/e-pood\/wp-content\/uploads\/importedmedia\/product_2389265_1_64002000_757.jpg","width":1000,"height":1000},{"@type":"BreadcrumbList","@id":"https:\/\/horticom.ee\/e-pood\/toode\/taimeandur-elho-smart-pebble-helepruun\/#breadcrumb","itemListElement":[{"@type":"ListItem","position":1,"name":"Home","item":"https:\/\/horticom.ee\/e-pood\/"},{"@type":"ListItem","position":2,"name":"Pood","item":"https:\/\/horticom.ee\/e-pood\/pood\/"},{"@type":"ListItem","position":3,"name":"Taimeandur Elho Smart Pebble helepruun"}]},{"@type":"WebSite","@id":"https:\/\/horticom.ee\/e-pood\/#website","url":"https:\/\/horticom.ee\/e-pood\/","name":"Horticom.ee","description":"Aianduskaubad ja kodukaubad nii harrastajatele kui professionaalidele","potentialAction":[{"@type":"SearchAction","target":{"@type":"EntryPoint","urlTemplate":"https:\/\/horticom.ee\/e-pood\/?s={search_term_string}"},"query-input":{"@type":"PropertyValueSpecification","valueRequired":true,"valueName":"search_term_string"}}],"inLanguage":"et"}]}},"_links":{"self":[{"href":"https:\/\/horticom.ee\/e-pood\/wp-json\/wp\/v2\/product\/2389265","targetHints":{"allow":["GET"]}}],"collection":[{"href":"https:\/\/horticom.ee\/e-pood\/wp-json\/wp\/v2\/product"}],"about":[{"href":"https:\/\/horticom.ee\/e-pood\/wp-json\/wp\/v2\/types\/product"}],"replies":[{"embeddable":true,"href":"https:\/\/horticom.ee\/e-pood\/wp-json\/wp\/v2\/comments?post=2389265"}],"wp:featuredmedia":[{"embeddable":true,"href":"https:\/\/horticom.ee\/e-pood\/wp-json\/wp\/v2\/media\/2389271"}],"wp:attachment":[{"href":"https:\/\/horticom.ee\/e-pood\/wp-json\/wp\/v2\/media?parent=2389265"}],"wp:term":[{"taxonomy":"product_cat","embeddable":true,"href":"https:\/\/horticom.ee\/e-pood\/wp-json\/wp\/v2\/product_cat?post=2389265"},{"taxonomy":"product_tag","embeddable":true,"href":"https:\/\/horticom.ee\/e-pood\/wp-json\/wp\/v2\/product_tag?post=2389265"}],"curies":[{"name":"wp","href":"https:\/\/api.w.org\/{rel}","templated":true}]}}