{"id":2391070,"date":"2025-04-07T13:00:24","date_gmt":"2025-04-07T10:00:24","guid":{"rendered":"https:\/\/horticom.ee\/e-pood\/toode\/universaalne-nuga-felco-3-90-50\/"},"modified":"2026-05-12T03:03:36","modified_gmt":"2026-05-12T00:03:36","slug":"universaalne-nuga-felco-3-90-50","status":"publish","type":"product","link":"https:\/\/horticom.ee\/e-pood\/toode\/universaalne-nuga-felco-3-90-50\/","title":{"rendered":"Universaalne nuga Felco 3.90 50 kaal 35g"},"content":{"rendered":"<p>Pookenuga on sirge teraga. V\u00e4ike kuid tugev. Punane nailonsang.Tugev tera on valmistatud 440 AISI roostevabast terasest, millel on lohk \u00fchel pool, paremak\u00e4eline, ja 57mm. Pehme, kriimustuskindel k\u00e4epide. Sobib kroon pookimiseks v\u00f5i pistikute paljundamiseks.<\/p>\n","protected":false},"excerpt":{"rendered":"<p>Pookenuga on sirge teraga. V\u00e4ike kuid tugev. Punane nailonsang.Tugev tera on valmistatud 440 AISI roostevabast terasest, millel on lohk \u00fchel pool, paremak\u00e4eline, ja 57mm. Pehme, kriimustuskindel k\u00e4epide. Sobib kroon pookimiseks v\u00f5i pistikute paljundamiseks.<\/p>\n","protected":false},"featured_media":2391753,"comment_status":"closed","ping_status":"closed","template":"","meta":{"_themeisle_gutenberg_block_has_review":false},"product_cat":[13342,13622],"product_tag":[],"class_list":{"0":"post-2391070","1":"product","2":"type-product","3":"status-publish","4":"has-post-thumbnail","6":"product_cat-pookimisvahendid","7":"product_cat-aiatooriistad-tootjale","9":"first","10":"instock","11":"shipping-taxable","12":"purchasable","13":"product-type-simple"},"yoast_head":"<!-- This site is optimized with the Yoast SEO plugin v24.0 - https:\/\/yoast.com\/wordpress\/plugins\/seo\/ -->\n<title>Universaalne nuga Felco 3.90 50 kaal 35g - Horticom<\/title>\n<meta name=\"robots\" content=\"index, follow, max-snippet:-1, max-image-preview:large, max-video-preview:-1\" \/>\n<link rel=\"canonical\" href=\"https:\/\/horticom.ee\/e-pood\/toode\/universaalne-nuga-felco-3-90-50\/\" \/>\n<meta property=\"og:locale\" content=\"et_EE\" \/>\n<meta property=\"og:type\" content=\"article\" \/>\n<meta property=\"og:title\" content=\"Universaalne nuga Felco 3.90 50 kaal 35g - Horticom\" \/>\n<meta property=\"og:description\" content=\"Pookenuga on sirge teraga. V\u00e4ike kuid tugev. Punane nailonsang.Tugev tera on valmistatud 440 AISI roostevabast terasest, millel on lohk \u00fchel pool, paremak\u00e4eline, ja 57mm. Pehme, kriimustuskindel k\u00e4epide. Sobib kroon pookimiseks v\u00f5i pistikute paljundamiseks.\" \/>\n<meta property=\"og:url\" content=\"https:\/\/horticom.ee\/e-pood\/toode\/universaalne-nuga-felco-3-90-50\/\" \/>\n<meta property=\"og:site_name\" content=\"Horticom.ee\" \/>\n<meta property=\"article:publisher\" content=\"https:\/\/www.facebook.com\/horticom.ee\/e-pood\" \/>\n<meta property=\"article:modified_time\" content=\"2026-05-12T00:03:36+00:00\" \/>\n<meta property=\"og:image\" content=\"https:\/\/horticom.ee\/e-pood\/wp-content\/uploads\/2025\/04\/783929401065-469x1024.jpg\" \/>\n\t<meta property=\"og:image:width\" content=\"469\" \/>\n\t<meta property=\"og:image:height\" content=\"1024\" \/>\n\t<meta property=\"og:image:type\" content=\"image\/jpeg\" \/>\n<meta name=\"twitter:card\" content=\"summary_large_image\" \/>\n<meta name=\"twitter:label1\" content=\"Est. reading time\" \/>\n\t<meta name=\"twitter:data1\" content=\"1 minut\" \/>\n<script type=\"application\/ld+json\" class=\"yoast-schema-graph\">{\"@context\":\"https:\/\/schema.org\",\"@graph\":[{\"@type\":\"WebPage\",\"@id\":\"https:\/\/horticom.ee\/e-pood\/toode\/universaalne-nuga-felco-3-90-50\/\",\"url\":\"https:\/\/horticom.ee\/e-pood\/toode\/universaalne-nuga-felco-3-90-50\/\",\"name\":\"Universaalne nuga Felco 3.90 50 kaal 35g - Horticom\",\"isPartOf\":{\"@id\":\"https:\/\/horticom.ee\/e-pood\/#website\"},\"primaryImageOfPage\":{\"@id\":\"https:\/\/horticom.ee\/e-pood\/toode\/universaalne-nuga-felco-3-90-50\/#primaryimage\"},\"image\":{\"@id\":\"https:\/\/horticom.ee\/e-pood\/toode\/universaalne-nuga-felco-3-90-50\/#primaryimage\"},\"thumbnailUrl\":\"https:\/\/horticom.ee\/e-pood\/wp-content\/uploads\/2025\/04\/783929401065.jpg\",\"datePublished\":\"2025-04-07T10:00:24+00:00\",\"dateModified\":\"2026-05-12T00:03:36+00:00\",\"breadcrumb\":{\"@id\":\"https:\/\/horticom.ee\/e-pood\/toode\/universaalne-nuga-felco-3-90-50\/#breadcrumb\"},\"inLanguage\":\"et\",\"potentialAction\":[{\"@type\":\"ReadAction\",\"target\":[\"https:\/\/horticom.ee\/e-pood\/toode\/universaalne-nuga-felco-3-90-50\/\"]}]},{\"@type\":\"ImageObject\",\"inLanguage\":\"et\",\"@id\":\"https:\/\/horticom.ee\/e-pood\/toode\/universaalne-nuga-felco-3-90-50\/#primaryimage\",\"url\":\"https:\/\/horticom.ee\/e-pood\/wp-content\/uploads\/2025\/04\/783929401065.jpg\",\"contentUrl\":\"https:\/\/horticom.ee\/e-pood\/wp-content\/uploads\/2025\/04\/783929401065.jpg\",\"width\":1169,\"height\":2550,\"caption\":\"3-90 50.tif\"},{\"@type\":\"BreadcrumbList\",\"@id\":\"https:\/\/horticom.ee\/e-pood\/toode\/universaalne-nuga-felco-3-90-50\/#breadcrumb\",\"itemListElement\":[{\"@type\":\"ListItem\",\"position\":1,\"name\":\"Home\",\"item\":\"https:\/\/horticom.ee\/e-pood\/\"},{\"@type\":\"ListItem\",\"position\":2,\"name\":\"Pood\",\"item\":\"https:\/\/horticom.ee\/e-pood\/pood\/\"},{\"@type\":\"ListItem\",\"position\":3,\"name\":\"Universaalne nuga Felco 3.90 50 kaal 35g\"}]},{\"@type\":\"WebSite\",\"@id\":\"https:\/\/horticom.ee\/e-pood\/#website\",\"url\":\"https:\/\/horticom.ee\/e-pood\/\",\"name\":\"Horticom.ee\",\"description\":\"Aianduskaubad ja kodukaubad nii harrastajatele kui professionaalidele\",\"potentialAction\":[{\"@type\":\"SearchAction\",\"target\":{\"@type\":\"EntryPoint\",\"urlTemplate\":\"https:\/\/horticom.ee\/e-pood\/?s={search_term_string}\"},\"query-input\":{\"@type\":\"PropertyValueSpecification\",\"valueRequired\":true,\"valueName\":\"search_term_string\"}}],\"inLanguage\":\"et\"}]}<\/script>\n<!-- \/ Yoast SEO plugin. -->","yoast_head_json":{"title":"Universaalne nuga Felco 3.90 50 kaal 35g - Horticom","robots":{"index":"index","follow":"follow","max-snippet":"max-snippet:-1","max-image-preview":"max-image-preview:large","max-video-preview":"max-video-preview:-1"},"canonical":"https:\/\/horticom.ee\/e-pood\/toode\/universaalne-nuga-felco-3-90-50\/","og_locale":"et_EE","og_type":"article","og_title":"Universaalne nuga Felco 3.90 50 kaal 35g - Horticom","og_description":"Pookenuga on sirge teraga. V\u00e4ike kuid tugev. Punane nailonsang.Tugev tera on valmistatud 440 AISI roostevabast terasest, millel on lohk \u00fchel pool, paremak\u00e4eline, ja 57mm. Pehme, kriimustuskindel k\u00e4epide. Sobib kroon pookimiseks v\u00f5i pistikute paljundamiseks.","og_url":"https:\/\/horticom.ee\/e-pood\/toode\/universaalne-nuga-felco-3-90-50\/","og_site_name":"Horticom.ee","article_publisher":"https:\/\/www.facebook.com\/horticom.ee\/e-pood","article_modified_time":"2026-05-12T00:03:36+00:00","og_image":[{"width":469,"height":1024,"url":"https:\/\/horticom.ee\/e-pood\/wp-content\/uploads\/2025\/04\/783929401065-469x1024.jpg","type":"image\/jpeg"}],"twitter_card":"summary_large_image","twitter_misc":{"Est. reading time":"1 minut"},"schema":{"@context":"https:\/\/schema.org","@graph":[{"@type":"WebPage","@id":"https:\/\/horticom.ee\/e-pood\/toode\/universaalne-nuga-felco-3-90-50\/","url":"https:\/\/horticom.ee\/e-pood\/toode\/universaalne-nuga-felco-3-90-50\/","name":"Universaalne nuga Felco 3.90 50 kaal 35g - Horticom","isPartOf":{"@id":"https:\/\/horticom.ee\/e-pood\/#website"},"primaryImageOfPage":{"@id":"https:\/\/horticom.ee\/e-pood\/toode\/universaalne-nuga-felco-3-90-50\/#primaryimage"},"image":{"@id":"https:\/\/horticom.ee\/e-pood\/toode\/universaalne-nuga-felco-3-90-50\/#primaryimage"},"thumbnailUrl":"https:\/\/horticom.ee\/e-pood\/wp-content\/uploads\/2025\/04\/783929401065.jpg","datePublished":"2025-04-07T10:00:24+00:00","dateModified":"2026-05-12T00:03:36+00:00","breadcrumb":{"@id":"https:\/\/horticom.ee\/e-pood\/toode\/universaalne-nuga-felco-3-90-50\/#breadcrumb"},"inLanguage":"et","potentialAction":[{"@type":"ReadAction","target":["https:\/\/horticom.ee\/e-pood\/toode\/universaalne-nuga-felco-3-90-50\/"]}]},{"@type":"ImageObject","inLanguage":"et","@id":"https:\/\/horticom.ee\/e-pood\/toode\/universaalne-nuga-felco-3-90-50\/#primaryimage","url":"https:\/\/horticom.ee\/e-pood\/wp-content\/uploads\/2025\/04\/783929401065.jpg","contentUrl":"https:\/\/horticom.ee\/e-pood\/wp-content\/uploads\/2025\/04\/783929401065.jpg","width":1169,"height":2550,"caption":"3-90 50.tif"},{"@type":"BreadcrumbList","@id":"https:\/\/horticom.ee\/e-pood\/toode\/universaalne-nuga-felco-3-90-50\/#breadcrumb","itemListElement":[{"@type":"ListItem","position":1,"name":"Home","item":"https:\/\/horticom.ee\/e-pood\/"},{"@type":"ListItem","position":2,"name":"Pood","item":"https:\/\/horticom.ee\/e-pood\/pood\/"},{"@type":"ListItem","position":3,"name":"Universaalne nuga Felco 3.90 50 kaal 35g"}]},{"@type":"WebSite","@id":"https:\/\/horticom.ee\/e-pood\/#website","url":"https:\/\/horticom.ee\/e-pood\/","name":"Horticom.ee","description":"Aianduskaubad ja kodukaubad nii harrastajatele kui professionaalidele","potentialAction":[{"@type":"SearchAction","target":{"@type":"EntryPoint","urlTemplate":"https:\/\/horticom.ee\/e-pood\/?s={search_term_string}"},"query-input":{"@type":"PropertyValueSpecification","valueRequired":true,"valueName":"search_term_string"}}],"inLanguage":"et"}]}},"_links":{"self":[{"href":"https:\/\/horticom.ee\/e-pood\/wp-json\/wp\/v2\/product\/2391070","targetHints":{"allow":["GET"]}}],"collection":[{"href":"https:\/\/horticom.ee\/e-pood\/wp-json\/wp\/v2\/product"}],"about":[{"href":"https:\/\/horticom.ee\/e-pood\/wp-json\/wp\/v2\/types\/product"}],"replies":[{"embeddable":true,"href":"https:\/\/horticom.ee\/e-pood\/wp-json\/wp\/v2\/comments?post=2391070"}],"wp:featuredmedia":[{"embeddable":true,"href":"https:\/\/horticom.ee\/e-pood\/wp-json\/wp\/v2\/media\/2391753"}],"wp:attachment":[{"href":"https:\/\/horticom.ee\/e-pood\/wp-json\/wp\/v2\/media?parent=2391070"}],"wp:term":[{"taxonomy":"product_cat","embeddable":true,"href":"https:\/\/horticom.ee\/e-pood\/wp-json\/wp\/v2\/product_cat?post=2391070"},{"taxonomy":"product_tag","embeddable":true,"href":"https:\/\/horticom.ee\/e-pood\/wp-json\/wp\/v2\/product_tag?post=2391070"}],"curies":[{"name":"wp","href":"https:\/\/api.w.org\/{rel}","templated":true}]}}