{"id":2407198,"date":"2025-06-04T13:00:42","date_gmt":"2025-06-04T10:00:42","guid":{"rendered":"https:\/\/horticom.ee\/e-pood\/toode\/sunnipaevakuunal-number-2-lohnatu-roosa-kuld\/"},"modified":"2026-04-26T03:11:51","modified_gmt":"2026-04-26T00:11:51","slug":"sunnipaevakuunal-number-2-lohnatu-roosa-kuld","status":"publish","type":"product","link":"https:\/\/horticom.ee\/e-pood\/toode\/sunnipaevakuunal-number-2-lohnatu-roosa-kuld\/","title":{"rendered":"S\u00fcnnip\u00e4evak\u00fc\u00fcnal number &#8220;2&#8221; l\u00f5hnatu roosa kuld"},"content":{"rendered":"<p>Traditsiooniline numbrikujutisega elegantses metalses toonis k\u00fc\u00fcnal tordi kaunistuseks.<\/p>\n","protected":false},"excerpt":{"rendered":"<p>Traditsiooniline numbrikujutisega elegantses metalses toonis k\u00fc\u00fcnal tordi kaunistuseks.<\/p>\n","protected":false},"featured_media":2409169,"comment_status":"closed","ping_status":"closed","template":"","meta":{"_themeisle_gutenberg_block_has_review":false},"product_cat":[13449],"product_tag":[],"class_list":{"0":"post-2407198","1":"product","2":"type-product","3":"status-publish","4":"has-post-thumbnail","6":"product_cat-tordikuunlad","8":"first","9":"instock","10":"sale","11":"shipping-taxable","12":"purchasable","13":"product-type-simple"},"yoast_head":"<!-- This site is optimized with the Yoast SEO plugin v24.0 - https:\/\/yoast.com\/wordpress\/plugins\/seo\/ -->\n<title>S\u00fcnnip\u00e4evak\u00fc\u00fcnal number &quot;2&quot; l\u00f5hnatu roosa kuld - Horticom<\/title>\n<meta name=\"robots\" content=\"index, follow, max-snippet:-1, max-image-preview:large, max-video-preview:-1\" \/>\n<link rel=\"canonical\" href=\"https:\/\/horticom.ee\/e-pood\/toode\/sunnipaevakuunal-number-2-lohnatu-roosa-kuld\/\" \/>\n<meta property=\"og:locale\" content=\"et_EE\" \/>\n<meta property=\"og:type\" content=\"article\" \/>\n<meta property=\"og:title\" content=\"S\u00fcnnip\u00e4evak\u00fc\u00fcnal number &quot;2&quot; l\u00f5hnatu roosa kuld - Horticom\" \/>\n<meta property=\"og:description\" content=\"Traditsiooniline numbrikujutisega elegantses metalses toonis k\u00fc\u00fcnal tordi kaunistuseks.\" \/>\n<meta property=\"og:url\" content=\"https:\/\/horticom.ee\/e-pood\/toode\/sunnipaevakuunal-number-2-lohnatu-roosa-kuld\/\" \/>\n<meta property=\"og:site_name\" content=\"Horticom.ee\" \/>\n<meta property=\"article:publisher\" content=\"https:\/\/www.facebook.com\/horticom.ee\/e-pood\" \/>\n<meta property=\"article:modified_time\" content=\"2026-04-26T00:11:51+00:00\" \/>\n<meta property=\"og:image\" content=\"https:\/\/horticom.ee\/e-pood\/wp-content\/uploads\/2025\/06\/5411708193010.jpg\" \/>\n\t<meta property=\"og:image:width\" content=\"2000\" \/>\n\t<meta property=\"og:image:height\" content=\"2000\" \/>\n\t<meta property=\"og:image:type\" content=\"image\/jpeg\" \/>\n<meta name=\"twitter:card\" content=\"summary_large_image\" \/>\n<meta name=\"twitter:label1\" content=\"Est. reading time\" \/>\n\t<meta name=\"twitter:data1\" content=\"1 minut\" \/>\n<script type=\"application\/ld+json\" class=\"yoast-schema-graph\">{\"@context\":\"https:\/\/schema.org\",\"@graph\":[{\"@type\":\"WebPage\",\"@id\":\"https:\/\/horticom.ee\/e-pood\/toode\/sunnipaevakuunal-number-2-lohnatu-roosa-kuld\/\",\"url\":\"https:\/\/horticom.ee\/e-pood\/toode\/sunnipaevakuunal-number-2-lohnatu-roosa-kuld\/\",\"name\":\"S\u00fcnnip\u00e4evak\u00fc\u00fcnal number \\\"2\\\" l\u00f5hnatu roosa kuld - Horticom\",\"isPartOf\":{\"@id\":\"https:\/\/horticom.ee\/e-pood\/#website\"},\"primaryImageOfPage\":{\"@id\":\"https:\/\/horticom.ee\/e-pood\/toode\/sunnipaevakuunal-number-2-lohnatu-roosa-kuld\/#primaryimage\"},\"image\":{\"@id\":\"https:\/\/horticom.ee\/e-pood\/toode\/sunnipaevakuunal-number-2-lohnatu-roosa-kuld\/#primaryimage\"},\"thumbnailUrl\":\"https:\/\/horticom.ee\/e-pood\/wp-content\/uploads\/2025\/06\/5411708193010.jpg\",\"datePublished\":\"2025-06-04T10:00:42+00:00\",\"dateModified\":\"2026-04-26T00:11:51+00:00\",\"breadcrumb\":{\"@id\":\"https:\/\/horticom.ee\/e-pood\/toode\/sunnipaevakuunal-number-2-lohnatu-roosa-kuld\/#breadcrumb\"},\"inLanguage\":\"et\",\"potentialAction\":[{\"@type\":\"ReadAction\",\"target\":[\"https:\/\/horticom.ee\/e-pood\/toode\/sunnipaevakuunal-number-2-lohnatu-roosa-kuld\/\"]}]},{\"@type\":\"ImageObject\",\"inLanguage\":\"et\",\"@id\":\"https:\/\/horticom.ee\/e-pood\/toode\/sunnipaevakuunal-number-2-lohnatu-roosa-kuld\/#primaryimage\",\"url\":\"https:\/\/horticom.ee\/e-pood\/wp-content\/uploads\/2025\/06\/5411708193010.jpg\",\"contentUrl\":\"https:\/\/horticom.ee\/e-pood\/wp-content\/uploads\/2025\/06\/5411708193010.jpg\",\"width\":2000,\"height\":2000},{\"@type\":\"BreadcrumbList\",\"@id\":\"https:\/\/horticom.ee\/e-pood\/toode\/sunnipaevakuunal-number-2-lohnatu-roosa-kuld\/#breadcrumb\",\"itemListElement\":[{\"@type\":\"ListItem\",\"position\":1,\"name\":\"Home\",\"item\":\"https:\/\/horticom.ee\/e-pood\/\"},{\"@type\":\"ListItem\",\"position\":2,\"name\":\"Pood\",\"item\":\"https:\/\/horticom.ee\/e-pood\/pood\/\"},{\"@type\":\"ListItem\",\"position\":3,\"name\":\"S\u00fcnnip\u00e4evak\u00fc\u00fcnal number &#8220;2&#8221; l\u00f5hnatu roosa kuld\"}]},{\"@type\":\"WebSite\",\"@id\":\"https:\/\/horticom.ee\/e-pood\/#website\",\"url\":\"https:\/\/horticom.ee\/e-pood\/\",\"name\":\"Horticom.ee\",\"description\":\"Aianduskaubad ja kodukaubad nii harrastajatele kui professionaalidele\",\"potentialAction\":[{\"@type\":\"SearchAction\",\"target\":{\"@type\":\"EntryPoint\",\"urlTemplate\":\"https:\/\/horticom.ee\/e-pood\/?s={search_term_string}\"},\"query-input\":{\"@type\":\"PropertyValueSpecification\",\"valueRequired\":true,\"valueName\":\"search_term_string\"}}],\"inLanguage\":\"et\"}]}<\/script>\n<!-- \/ Yoast SEO plugin. -->","yoast_head_json":{"title":"S\u00fcnnip\u00e4evak\u00fc\u00fcnal number \"2\" l\u00f5hnatu roosa kuld - Horticom","robots":{"index":"index","follow":"follow","max-snippet":"max-snippet:-1","max-image-preview":"max-image-preview:large","max-video-preview":"max-video-preview:-1"},"canonical":"https:\/\/horticom.ee\/e-pood\/toode\/sunnipaevakuunal-number-2-lohnatu-roosa-kuld\/","og_locale":"et_EE","og_type":"article","og_title":"S\u00fcnnip\u00e4evak\u00fc\u00fcnal number \"2\" l\u00f5hnatu roosa kuld - Horticom","og_description":"Traditsiooniline numbrikujutisega elegantses metalses toonis k\u00fc\u00fcnal tordi kaunistuseks.","og_url":"https:\/\/horticom.ee\/e-pood\/toode\/sunnipaevakuunal-number-2-lohnatu-roosa-kuld\/","og_site_name":"Horticom.ee","article_publisher":"https:\/\/www.facebook.com\/horticom.ee\/e-pood","article_modified_time":"2026-04-26T00:11:51+00:00","og_image":[{"width":2000,"height":2000,"url":"https:\/\/horticom.ee\/e-pood\/wp-content\/uploads\/2025\/06\/5411708193010.jpg","type":"image\/jpeg"}],"twitter_card":"summary_large_image","twitter_misc":{"Est. reading time":"1 minut"},"schema":{"@context":"https:\/\/schema.org","@graph":[{"@type":"WebPage","@id":"https:\/\/horticom.ee\/e-pood\/toode\/sunnipaevakuunal-number-2-lohnatu-roosa-kuld\/","url":"https:\/\/horticom.ee\/e-pood\/toode\/sunnipaevakuunal-number-2-lohnatu-roosa-kuld\/","name":"S\u00fcnnip\u00e4evak\u00fc\u00fcnal number \"2\" l\u00f5hnatu roosa kuld - Horticom","isPartOf":{"@id":"https:\/\/horticom.ee\/e-pood\/#website"},"primaryImageOfPage":{"@id":"https:\/\/horticom.ee\/e-pood\/toode\/sunnipaevakuunal-number-2-lohnatu-roosa-kuld\/#primaryimage"},"image":{"@id":"https:\/\/horticom.ee\/e-pood\/toode\/sunnipaevakuunal-number-2-lohnatu-roosa-kuld\/#primaryimage"},"thumbnailUrl":"https:\/\/horticom.ee\/e-pood\/wp-content\/uploads\/2025\/06\/5411708193010.jpg","datePublished":"2025-06-04T10:00:42+00:00","dateModified":"2026-04-26T00:11:51+00:00","breadcrumb":{"@id":"https:\/\/horticom.ee\/e-pood\/toode\/sunnipaevakuunal-number-2-lohnatu-roosa-kuld\/#breadcrumb"},"inLanguage":"et","potentialAction":[{"@type":"ReadAction","target":["https:\/\/horticom.ee\/e-pood\/toode\/sunnipaevakuunal-number-2-lohnatu-roosa-kuld\/"]}]},{"@type":"ImageObject","inLanguage":"et","@id":"https:\/\/horticom.ee\/e-pood\/toode\/sunnipaevakuunal-number-2-lohnatu-roosa-kuld\/#primaryimage","url":"https:\/\/horticom.ee\/e-pood\/wp-content\/uploads\/2025\/06\/5411708193010.jpg","contentUrl":"https:\/\/horticom.ee\/e-pood\/wp-content\/uploads\/2025\/06\/5411708193010.jpg","width":2000,"height":2000},{"@type":"BreadcrumbList","@id":"https:\/\/horticom.ee\/e-pood\/toode\/sunnipaevakuunal-number-2-lohnatu-roosa-kuld\/#breadcrumb","itemListElement":[{"@type":"ListItem","position":1,"name":"Home","item":"https:\/\/horticom.ee\/e-pood\/"},{"@type":"ListItem","position":2,"name":"Pood","item":"https:\/\/horticom.ee\/e-pood\/pood\/"},{"@type":"ListItem","position":3,"name":"S\u00fcnnip\u00e4evak\u00fc\u00fcnal number &#8220;2&#8221; l\u00f5hnatu roosa kuld"}]},{"@type":"WebSite","@id":"https:\/\/horticom.ee\/e-pood\/#website","url":"https:\/\/horticom.ee\/e-pood\/","name":"Horticom.ee","description":"Aianduskaubad ja kodukaubad nii harrastajatele kui professionaalidele","potentialAction":[{"@type":"SearchAction","target":{"@type":"EntryPoint","urlTemplate":"https:\/\/horticom.ee\/e-pood\/?s={search_term_string}"},"query-input":{"@type":"PropertyValueSpecification","valueRequired":true,"valueName":"search_term_string"}}],"inLanguage":"et"}]}},"_links":{"self":[{"href":"https:\/\/horticom.ee\/e-pood\/wp-json\/wp\/v2\/product\/2407198","targetHints":{"allow":["GET"]}}],"collection":[{"href":"https:\/\/horticom.ee\/e-pood\/wp-json\/wp\/v2\/product"}],"about":[{"href":"https:\/\/horticom.ee\/e-pood\/wp-json\/wp\/v2\/types\/product"}],"replies":[{"embeddable":true,"href":"https:\/\/horticom.ee\/e-pood\/wp-json\/wp\/v2\/comments?post=2407198"}],"wp:featuredmedia":[{"embeddable":true,"href":"https:\/\/horticom.ee\/e-pood\/wp-json\/wp\/v2\/media\/2409169"}],"wp:attachment":[{"href":"https:\/\/horticom.ee\/e-pood\/wp-json\/wp\/v2\/media?parent=2407198"}],"wp:term":[{"taxonomy":"product_cat","embeddable":true,"href":"https:\/\/horticom.ee\/e-pood\/wp-json\/wp\/v2\/product_cat?post=2407198"},{"taxonomy":"product_tag","embeddable":true,"href":"https:\/\/horticom.ee\/e-pood\/wp-json\/wp\/v2\/product_tag?post=2407198"}],"curies":[{"name":"wp","href":"https:\/\/api.w.org\/{rel}","templated":true}]}}