{"id":2407855,"date":"2025-06-06T13:00:39","date_gmt":"2025-06-06T10:00:39","guid":{"rendered":"https:\/\/horticom.ee\/e-pood\/toode\/kaalikas-purple-top-white-globe-brassica-rapa-l\/"},"modified":"2026-03-05T10:01:43","modified_gmt":"2026-03-05T08:01:43","slug":"kaalikas-purple-top-white-globe-brassica-rapa-l","status":"publish","type":"product","link":"https:\/\/horticom.ee\/e-pood\/toode\/kaalikas-purple-top-white-globe-brassica-rapa-l\/","title":{"rendered":"Kaalikas Purple top white globe &#8211; Brassica rapa L."},"content":{"rendered":"<p>Kaalikas Purple Top White Globe on keskvarane sort. Juurvili \u00fcmar, valge, pealt violetse varjundiga, viljaliha mahlakas. Seeme k\u00fclvata otse mulda v\u00f5i taimed ette kasvatada. Saak p\u00e4rast istutust 130 p\u00e4eva p\u00e4rast. Toiduks tarvitada v\u00e4rskelt, keedetult v\u00f5i marineeritult. S\u00e4ilivus talvel hea.<\/p>\n","protected":false},"excerpt":{"rendered":"<p>Kaalikas Purple Top White Globe on keskvarane sort. Juurvili \u00fcmar, valge, pealt violetse varjundiga, viljaliha mahlakas. Seeme k\u00fclvata otse mulda v\u00f5i taimed ette kasvatada. Saak p\u00e4rast istutust 130 p\u00e4eva p\u00e4rast. Toiduks tarvitada v\u00e4rskelt, keedetult v\u00f5i marineeritult. S\u00e4ilivus talvel hea.<\/p>\n","protected":false},"featured_media":2427372,"comment_status":"closed","ping_status":"closed","template":"","meta":{"_themeisle_gutenberg_block_has_review":false},"product_cat":[13488],"product_tag":[],"class_list":{"0":"post-2407855","1":"product","2":"type-product","3":"status-publish","4":"has-post-thumbnail","6":"product_cat-peet-punapeet-kaalikas","8":"first","9":"outofstock","10":"shipping-taxable","11":"purchasable","12":"product-type-simple"},"yoast_head":"<!-- This site is optimized with the Yoast SEO plugin v24.0 - https:\/\/yoast.com\/wordpress\/plugins\/seo\/ -->\n<title>Kaalikas Purple top white globe - Brassica rapa L. - Horticom<\/title>\n<meta name=\"robots\" content=\"index, follow, max-snippet:-1, max-image-preview:large, max-video-preview:-1\" \/>\n<link rel=\"canonical\" href=\"https:\/\/horticom.ee\/e-pood\/toode\/kaalikas-purple-top-white-globe-brassica-rapa-l\/\" \/>\n<meta property=\"og:locale\" content=\"et_EE\" \/>\n<meta property=\"og:type\" content=\"article\" \/>\n<meta property=\"og:title\" content=\"Kaalikas Purple top white globe - Brassica rapa L. - Horticom\" \/>\n<meta property=\"og:description\" content=\"Kaalikas Purple Top White Globe on keskvarane sort. Juurvili \u00fcmar, valge, pealt violetse varjundiga, viljaliha mahlakas. Seeme k\u00fclvata otse mulda v\u00f5i taimed ette kasvatada. Saak p\u00e4rast istutust 130 p\u00e4eva p\u00e4rast. Toiduks tarvitada v\u00e4rskelt, keedetult v\u00f5i marineeritult. S\u00e4ilivus talvel hea.\" \/>\n<meta property=\"og:url\" content=\"https:\/\/horticom.ee\/e-pood\/toode\/kaalikas-purple-top-white-globe-brassica-rapa-l\/\" \/>\n<meta property=\"og:site_name\" content=\"Horticom.ee\" \/>\n<meta property=\"article:publisher\" content=\"https:\/\/www.facebook.com\/horticom.ee\/e-pood\" \/>\n<meta property=\"article:modified_time\" content=\"2026-03-05T08:01:43+00:00\" \/>\n<meta property=\"og:image\" content=\"https:\/\/horticom.ee\/e-pood\/wp-content\/uploads\/importedmedia\/product_2407855_0_L1001.jpg\" \/>\n\t<meta property=\"og:image:width\" content=\"1000\" \/>\n\t<meta property=\"og:image:height\" content=\"1758\" \/>\n\t<meta property=\"og:image:type\" content=\"image\/jpeg\" \/>\n<meta name=\"twitter:card\" content=\"summary_large_image\" \/>\n<script type=\"application\/ld+json\" class=\"yoast-schema-graph\">{\"@context\":\"https:\/\/schema.org\",\"@graph\":[{\"@type\":\"WebPage\",\"@id\":\"https:\/\/horticom.ee\/e-pood\/toode\/kaalikas-purple-top-white-globe-brassica-rapa-l\/\",\"url\":\"https:\/\/horticom.ee\/e-pood\/toode\/kaalikas-purple-top-white-globe-brassica-rapa-l\/\",\"name\":\"Kaalikas Purple top white globe - Brassica rapa L. - Horticom\",\"isPartOf\":{\"@id\":\"https:\/\/horticom.ee\/e-pood\/#website\"},\"primaryImageOfPage\":{\"@id\":\"https:\/\/horticom.ee\/e-pood\/toode\/kaalikas-purple-top-white-globe-brassica-rapa-l\/#primaryimage\"},\"image\":{\"@id\":\"https:\/\/horticom.ee\/e-pood\/toode\/kaalikas-purple-top-white-globe-brassica-rapa-l\/#primaryimage\"},\"thumbnailUrl\":\"https:\/\/horticom.ee\/e-pood\/wp-content\/uploads\/importedmedia\/product_2407855_0_L1001.jpg\",\"datePublished\":\"2025-06-06T10:00:39+00:00\",\"dateModified\":\"2026-03-05T08:01:43+00:00\",\"breadcrumb\":{\"@id\":\"https:\/\/horticom.ee\/e-pood\/toode\/kaalikas-purple-top-white-globe-brassica-rapa-l\/#breadcrumb\"},\"inLanguage\":\"et\",\"potentialAction\":[{\"@type\":\"ReadAction\",\"target\":[\"https:\/\/horticom.ee\/e-pood\/toode\/kaalikas-purple-top-white-globe-brassica-rapa-l\/\"]}]},{\"@type\":\"ImageObject\",\"inLanguage\":\"et\",\"@id\":\"https:\/\/horticom.ee\/e-pood\/toode\/kaalikas-purple-top-white-globe-brassica-rapa-l\/#primaryimage\",\"url\":\"https:\/\/horticom.ee\/e-pood\/wp-content\/uploads\/importedmedia\/product_2407855_0_L1001.jpg\",\"contentUrl\":\"https:\/\/horticom.ee\/e-pood\/wp-content\/uploads\/importedmedia\/product_2407855_0_L1001.jpg\",\"width\":1000,\"height\":1758},{\"@type\":\"BreadcrumbList\",\"@id\":\"https:\/\/horticom.ee\/e-pood\/toode\/kaalikas-purple-top-white-globe-brassica-rapa-l\/#breadcrumb\",\"itemListElement\":[{\"@type\":\"ListItem\",\"position\":1,\"name\":\"Home\",\"item\":\"https:\/\/horticom.ee\/e-pood\/\"},{\"@type\":\"ListItem\",\"position\":2,\"name\":\"Pood\",\"item\":\"https:\/\/horticom.ee\/e-pood\/pood\/\"},{\"@type\":\"ListItem\",\"position\":3,\"name\":\"Kaalikas Purple top white globe &#8211; Brassica rapa L.\"}]},{\"@type\":\"WebSite\",\"@id\":\"https:\/\/horticom.ee\/e-pood\/#website\",\"url\":\"https:\/\/horticom.ee\/e-pood\/\",\"name\":\"Horticom.ee\",\"description\":\"Aianduskaubad ja kodukaubad nii harrastajatele kui professionaalidele\",\"potentialAction\":[{\"@type\":\"SearchAction\",\"target\":{\"@type\":\"EntryPoint\",\"urlTemplate\":\"https:\/\/horticom.ee\/e-pood\/?s={search_term_string}\"},\"query-input\":{\"@type\":\"PropertyValueSpecification\",\"valueRequired\":true,\"valueName\":\"search_term_string\"}}],\"inLanguage\":\"et\"}]}<\/script>\n<!-- \/ Yoast SEO plugin. -->","yoast_head_json":{"title":"Kaalikas Purple top white globe - Brassica rapa L. - Horticom","robots":{"index":"index","follow":"follow","max-snippet":"max-snippet:-1","max-image-preview":"max-image-preview:large","max-video-preview":"max-video-preview:-1"},"canonical":"https:\/\/horticom.ee\/e-pood\/toode\/kaalikas-purple-top-white-globe-brassica-rapa-l\/","og_locale":"et_EE","og_type":"article","og_title":"Kaalikas Purple top white globe - Brassica rapa L. - Horticom","og_description":"Kaalikas Purple Top White Globe on keskvarane sort. Juurvili \u00fcmar, valge, pealt violetse varjundiga, viljaliha mahlakas. Seeme k\u00fclvata otse mulda v\u00f5i taimed ette kasvatada. Saak p\u00e4rast istutust 130 p\u00e4eva p\u00e4rast. Toiduks tarvitada v\u00e4rskelt, keedetult v\u00f5i marineeritult. S\u00e4ilivus talvel hea.","og_url":"https:\/\/horticom.ee\/e-pood\/toode\/kaalikas-purple-top-white-globe-brassica-rapa-l\/","og_site_name":"Horticom.ee","article_publisher":"https:\/\/www.facebook.com\/horticom.ee\/e-pood","article_modified_time":"2026-03-05T08:01:43+00:00","og_image":[{"width":1000,"height":1758,"url":"https:\/\/horticom.ee\/e-pood\/wp-content\/uploads\/importedmedia\/product_2407855_0_L1001.jpg","type":"image\/jpeg"}],"twitter_card":"summary_large_image","schema":{"@context":"https:\/\/schema.org","@graph":[{"@type":"WebPage","@id":"https:\/\/horticom.ee\/e-pood\/toode\/kaalikas-purple-top-white-globe-brassica-rapa-l\/","url":"https:\/\/horticom.ee\/e-pood\/toode\/kaalikas-purple-top-white-globe-brassica-rapa-l\/","name":"Kaalikas Purple top white globe - Brassica rapa L. - Horticom","isPartOf":{"@id":"https:\/\/horticom.ee\/e-pood\/#website"},"primaryImageOfPage":{"@id":"https:\/\/horticom.ee\/e-pood\/toode\/kaalikas-purple-top-white-globe-brassica-rapa-l\/#primaryimage"},"image":{"@id":"https:\/\/horticom.ee\/e-pood\/toode\/kaalikas-purple-top-white-globe-brassica-rapa-l\/#primaryimage"},"thumbnailUrl":"https:\/\/horticom.ee\/e-pood\/wp-content\/uploads\/importedmedia\/product_2407855_0_L1001.jpg","datePublished":"2025-06-06T10:00:39+00:00","dateModified":"2026-03-05T08:01:43+00:00","breadcrumb":{"@id":"https:\/\/horticom.ee\/e-pood\/toode\/kaalikas-purple-top-white-globe-brassica-rapa-l\/#breadcrumb"},"inLanguage":"et","potentialAction":[{"@type":"ReadAction","target":["https:\/\/horticom.ee\/e-pood\/toode\/kaalikas-purple-top-white-globe-brassica-rapa-l\/"]}]},{"@type":"ImageObject","inLanguage":"et","@id":"https:\/\/horticom.ee\/e-pood\/toode\/kaalikas-purple-top-white-globe-brassica-rapa-l\/#primaryimage","url":"https:\/\/horticom.ee\/e-pood\/wp-content\/uploads\/importedmedia\/product_2407855_0_L1001.jpg","contentUrl":"https:\/\/horticom.ee\/e-pood\/wp-content\/uploads\/importedmedia\/product_2407855_0_L1001.jpg","width":1000,"height":1758},{"@type":"BreadcrumbList","@id":"https:\/\/horticom.ee\/e-pood\/toode\/kaalikas-purple-top-white-globe-brassica-rapa-l\/#breadcrumb","itemListElement":[{"@type":"ListItem","position":1,"name":"Home","item":"https:\/\/horticom.ee\/e-pood\/"},{"@type":"ListItem","position":2,"name":"Pood","item":"https:\/\/horticom.ee\/e-pood\/pood\/"},{"@type":"ListItem","position":3,"name":"Kaalikas Purple top white globe &#8211; Brassica rapa L."}]},{"@type":"WebSite","@id":"https:\/\/horticom.ee\/e-pood\/#website","url":"https:\/\/horticom.ee\/e-pood\/","name":"Horticom.ee","description":"Aianduskaubad ja kodukaubad nii harrastajatele kui professionaalidele","potentialAction":[{"@type":"SearchAction","target":{"@type":"EntryPoint","urlTemplate":"https:\/\/horticom.ee\/e-pood\/?s={search_term_string}"},"query-input":{"@type":"PropertyValueSpecification","valueRequired":true,"valueName":"search_term_string"}}],"inLanguage":"et"}]}},"_links":{"self":[{"href":"https:\/\/horticom.ee\/e-pood\/wp-json\/wp\/v2\/product\/2407855","targetHints":{"allow":["GET"]}}],"collection":[{"href":"https:\/\/horticom.ee\/e-pood\/wp-json\/wp\/v2\/product"}],"about":[{"href":"https:\/\/horticom.ee\/e-pood\/wp-json\/wp\/v2\/types\/product"}],"replies":[{"embeddable":true,"href":"https:\/\/horticom.ee\/e-pood\/wp-json\/wp\/v2\/comments?post=2407855"}],"wp:featuredmedia":[{"embeddable":true,"href":"https:\/\/horticom.ee\/e-pood\/wp-json\/wp\/v2\/media\/2427372"}],"wp:attachment":[{"href":"https:\/\/horticom.ee\/e-pood\/wp-json\/wp\/v2\/media?parent=2407855"}],"wp:term":[{"taxonomy":"product_cat","embeddable":true,"href":"https:\/\/horticom.ee\/e-pood\/wp-json\/wp\/v2\/product_cat?post=2407855"},{"taxonomy":"product_tag","embeddable":true,"href":"https:\/\/horticom.ee\/e-pood\/wp-json\/wp\/v2\/product_tag?post=2407855"}],"curies":[{"name":"wp","href":"https:\/\/api.w.org\/{rel}","templated":true}]}}