{"id":2407858,"date":"2025-06-06T13:00:42","date_gmt":"2025-06-06T10:00:42","guid":{"rendered":"https:\/\/horticom.ee\/e-pood\/toode\/harilik-saialill-pot-marigold-pink-surprise-calendula-officinalis-l\/"},"modified":"2026-04-17T11:01:16","modified_gmt":"2026-04-17T08:01:16","slug":"harilik-saialill-pot-marigold-pink-surprise-calendula-officinalis-l","status":"publish","type":"product","link":"https:\/\/horticom.ee\/e-pood\/toode\/harilik-saialill-pot-marigold-pink-surprise-calendula-officinalis-l\/","title":{"rendered":"Harilik saialill Pot Marigold Pink Surprise &#8211; Calendula officinalis L."},"content":{"rendered":"<p>Harilik saialill Pink Surprise on 55-60cm k\u00f5rgune. Maheda aprikoosi v\u00e4rvi t\u00e4idiskorvikud, mille tumedat s\u00fcdamikku \u00fcmbritseb kollane v\u00f5ru. Vananedes muutuvad \u00f5ied heledamaks. \u00d5ielehtede tagak\u00fclg ja pungad on purpursed. Eelistab p\u00e4ikesepaistelist kuni poolvarjulist kerge mullaga kasvukohta. V\u00e4hen\u00f5udlik. Talub kergemaid k\u00fclmasid. K\u00fclv aprillis &#8211; juunis v\u00f5i s\u00fcgisel septembris (\u00f5itseb varem)<\/p>\n","protected":false},"excerpt":{"rendered":"<p>Harilik saialill Pink Surprise on 55-60cm k\u00f5rgune. Maheda aprikoosi v\u00e4rvi t\u00e4idiskorvikud, mille tumedat s\u00fcdamikku \u00fcmbritseb kollane v\u00f5ru. Vananedes muutuvad \u00f5ied heledamaks. \u00d5ielehtede tagak\u00fclg ja pungad on purpursed. Eelistab p\u00e4ikesepaistelist kuni poolvarjulist kerge mullaga kasvukohta. V\u00e4hen\u00f5udlik. Talub kergemaid k\u00fclmasid. K\u00fclv aprillis &#8211; juunis v\u00f5i s\u00fcgisel septembris (\u00f5itseb varem)<\/p>\n","protected":false},"featured_media":2427366,"comment_status":"closed","ping_status":"closed","template":"","meta":{"_themeisle_gutenberg_block_has_review":false},"product_cat":[13501],"product_tag":[],"class_list":{"0":"post-2407858","1":"product","2":"type-product","3":"status-publish","4":"has-post-thumbnail","6":"product_cat-saialill","8":"first","9":"instock","10":"shipping-taxable","11":"purchasable","12":"product-type-simple"},"yoast_head":"<!-- This site is optimized with the Yoast SEO plugin v24.0 - https:\/\/yoast.com\/wordpress\/plugins\/seo\/ -->\n<title>Harilik saialill Pot Marigold Pink Surprise - Calendula officinalis L. - Horticom<\/title>\n<meta name=\"robots\" content=\"index, follow, max-snippet:-1, max-image-preview:large, max-video-preview:-1\" \/>\n<link rel=\"canonical\" href=\"https:\/\/horticom.ee\/e-pood\/toode\/harilik-saialill-pot-marigold-pink-surprise-calendula-officinalis-l\/\" \/>\n<meta property=\"og:locale\" content=\"et_EE\" \/>\n<meta property=\"og:type\" content=\"article\" \/>\n<meta property=\"og:title\" content=\"Harilik saialill Pot Marigold Pink Surprise - Calendula officinalis L. - Horticom\" \/>\n<meta property=\"og:description\" content=\"Harilik saialill Pink Surprise on 55-60cm k\u00f5rgune. Maheda aprikoosi v\u00e4rvi t\u00e4idiskorvikud, mille tumedat s\u00fcdamikku \u00fcmbritseb kollane v\u00f5ru. Vananedes muutuvad \u00f5ied heledamaks. \u00d5ielehtede tagak\u00fclg ja pungad on purpursed. Eelistab p\u00e4ikesepaistelist kuni poolvarjulist kerge mullaga kasvukohta. V\u00e4hen\u00f5udlik. Talub kergemaid k\u00fclmasid. K\u00fclv aprillis &#8211; juunis v\u00f5i s\u00fcgisel septembris (\u00f5itseb varem)\" \/>\n<meta property=\"og:url\" content=\"https:\/\/horticom.ee\/e-pood\/toode\/harilik-saialill-pot-marigold-pink-surprise-calendula-officinalis-l\/\" \/>\n<meta property=\"og:site_name\" content=\"Horticom.ee\" \/>\n<meta property=\"article:publisher\" content=\"https:\/\/www.facebook.com\/horticom.ee\/e-pood\" \/>\n<meta property=\"article:modified_time\" content=\"2026-04-17T08:01:16+00:00\" \/>\n<meta property=\"og:image\" content=\"https:\/\/horticom.ee\/e-pood\/wp-content\/uploads\/importedmedia\/product_2407858_0_L2059.jpg\" \/>\n\t<meta property=\"og:image:width\" content=\"999\" \/>\n\t<meta property=\"og:image:height\" content=\"1756\" \/>\n\t<meta property=\"og:image:type\" content=\"image\/jpeg\" \/>\n<meta name=\"twitter:card\" content=\"summary_large_image\" \/>\n<script type=\"application\/ld+json\" class=\"yoast-schema-graph\">{\"@context\":\"https:\/\/schema.org\",\"@graph\":[{\"@type\":\"WebPage\",\"@id\":\"https:\/\/horticom.ee\/e-pood\/toode\/harilik-saialill-pot-marigold-pink-surprise-calendula-officinalis-l\/\",\"url\":\"https:\/\/horticom.ee\/e-pood\/toode\/harilik-saialill-pot-marigold-pink-surprise-calendula-officinalis-l\/\",\"name\":\"Harilik saialill Pot Marigold Pink Surprise - Calendula officinalis L. - Horticom\",\"isPartOf\":{\"@id\":\"https:\/\/horticom.ee\/e-pood\/#website\"},\"primaryImageOfPage\":{\"@id\":\"https:\/\/horticom.ee\/e-pood\/toode\/harilik-saialill-pot-marigold-pink-surprise-calendula-officinalis-l\/#primaryimage\"},\"image\":{\"@id\":\"https:\/\/horticom.ee\/e-pood\/toode\/harilik-saialill-pot-marigold-pink-surprise-calendula-officinalis-l\/#primaryimage\"},\"thumbnailUrl\":\"https:\/\/horticom.ee\/e-pood\/wp-content\/uploads\/importedmedia\/product_2407858_0_L2059.jpg\",\"datePublished\":\"2025-06-06T10:00:42+00:00\",\"dateModified\":\"2026-04-17T08:01:16+00:00\",\"breadcrumb\":{\"@id\":\"https:\/\/horticom.ee\/e-pood\/toode\/harilik-saialill-pot-marigold-pink-surprise-calendula-officinalis-l\/#breadcrumb\"},\"inLanguage\":\"et\",\"potentialAction\":[{\"@type\":\"ReadAction\",\"target\":[\"https:\/\/horticom.ee\/e-pood\/toode\/harilik-saialill-pot-marigold-pink-surprise-calendula-officinalis-l\/\"]}]},{\"@type\":\"ImageObject\",\"inLanguage\":\"et\",\"@id\":\"https:\/\/horticom.ee\/e-pood\/toode\/harilik-saialill-pot-marigold-pink-surprise-calendula-officinalis-l\/#primaryimage\",\"url\":\"https:\/\/horticom.ee\/e-pood\/wp-content\/uploads\/importedmedia\/product_2407858_0_L2059.jpg\",\"contentUrl\":\"https:\/\/horticom.ee\/e-pood\/wp-content\/uploads\/importedmedia\/product_2407858_0_L2059.jpg\",\"width\":999,\"height\":1756},{\"@type\":\"BreadcrumbList\",\"@id\":\"https:\/\/horticom.ee\/e-pood\/toode\/harilik-saialill-pot-marigold-pink-surprise-calendula-officinalis-l\/#breadcrumb\",\"itemListElement\":[{\"@type\":\"ListItem\",\"position\":1,\"name\":\"Home\",\"item\":\"https:\/\/horticom.ee\/e-pood\/\"},{\"@type\":\"ListItem\",\"position\":2,\"name\":\"Pood\",\"item\":\"https:\/\/horticom.ee\/e-pood\/pood\/\"},{\"@type\":\"ListItem\",\"position\":3,\"name\":\"Harilik saialill Pot Marigold Pink Surprise &#8211; Calendula officinalis L.\"}]},{\"@type\":\"WebSite\",\"@id\":\"https:\/\/horticom.ee\/e-pood\/#website\",\"url\":\"https:\/\/horticom.ee\/e-pood\/\",\"name\":\"Horticom.ee\",\"description\":\"Aianduskaubad ja kodukaubad nii harrastajatele kui professionaalidele\",\"potentialAction\":[{\"@type\":\"SearchAction\",\"target\":{\"@type\":\"EntryPoint\",\"urlTemplate\":\"https:\/\/horticom.ee\/e-pood\/?s={search_term_string}\"},\"query-input\":{\"@type\":\"PropertyValueSpecification\",\"valueRequired\":true,\"valueName\":\"search_term_string\"}}],\"inLanguage\":\"et\"}]}<\/script>\n<!-- \/ Yoast SEO plugin. -->","yoast_head_json":{"title":"Harilik saialill Pot Marigold Pink Surprise - Calendula officinalis L. - Horticom","robots":{"index":"index","follow":"follow","max-snippet":"max-snippet:-1","max-image-preview":"max-image-preview:large","max-video-preview":"max-video-preview:-1"},"canonical":"https:\/\/horticom.ee\/e-pood\/toode\/harilik-saialill-pot-marigold-pink-surprise-calendula-officinalis-l\/","og_locale":"et_EE","og_type":"article","og_title":"Harilik saialill Pot Marigold Pink Surprise - Calendula officinalis L. - Horticom","og_description":"Harilik saialill Pink Surprise on 55-60cm k\u00f5rgune. Maheda aprikoosi v\u00e4rvi t\u00e4idiskorvikud, mille tumedat s\u00fcdamikku \u00fcmbritseb kollane v\u00f5ru. Vananedes muutuvad \u00f5ied heledamaks. \u00d5ielehtede tagak\u00fclg ja pungad on purpursed. Eelistab p\u00e4ikesepaistelist kuni poolvarjulist kerge mullaga kasvukohta. V\u00e4hen\u00f5udlik. Talub kergemaid k\u00fclmasid. K\u00fclv aprillis &#8211; juunis v\u00f5i s\u00fcgisel septembris (\u00f5itseb varem)","og_url":"https:\/\/horticom.ee\/e-pood\/toode\/harilik-saialill-pot-marigold-pink-surprise-calendula-officinalis-l\/","og_site_name":"Horticom.ee","article_publisher":"https:\/\/www.facebook.com\/horticom.ee\/e-pood","article_modified_time":"2026-04-17T08:01:16+00:00","og_image":[{"width":999,"height":1756,"url":"https:\/\/horticom.ee\/e-pood\/wp-content\/uploads\/importedmedia\/product_2407858_0_L2059.jpg","type":"image\/jpeg"}],"twitter_card":"summary_large_image","schema":{"@context":"https:\/\/schema.org","@graph":[{"@type":"WebPage","@id":"https:\/\/horticom.ee\/e-pood\/toode\/harilik-saialill-pot-marigold-pink-surprise-calendula-officinalis-l\/","url":"https:\/\/horticom.ee\/e-pood\/toode\/harilik-saialill-pot-marigold-pink-surprise-calendula-officinalis-l\/","name":"Harilik saialill Pot Marigold Pink Surprise - Calendula officinalis L. - Horticom","isPartOf":{"@id":"https:\/\/horticom.ee\/e-pood\/#website"},"primaryImageOfPage":{"@id":"https:\/\/horticom.ee\/e-pood\/toode\/harilik-saialill-pot-marigold-pink-surprise-calendula-officinalis-l\/#primaryimage"},"image":{"@id":"https:\/\/horticom.ee\/e-pood\/toode\/harilik-saialill-pot-marigold-pink-surprise-calendula-officinalis-l\/#primaryimage"},"thumbnailUrl":"https:\/\/horticom.ee\/e-pood\/wp-content\/uploads\/importedmedia\/product_2407858_0_L2059.jpg","datePublished":"2025-06-06T10:00:42+00:00","dateModified":"2026-04-17T08:01:16+00:00","breadcrumb":{"@id":"https:\/\/horticom.ee\/e-pood\/toode\/harilik-saialill-pot-marigold-pink-surprise-calendula-officinalis-l\/#breadcrumb"},"inLanguage":"et","potentialAction":[{"@type":"ReadAction","target":["https:\/\/horticom.ee\/e-pood\/toode\/harilik-saialill-pot-marigold-pink-surprise-calendula-officinalis-l\/"]}]},{"@type":"ImageObject","inLanguage":"et","@id":"https:\/\/horticom.ee\/e-pood\/toode\/harilik-saialill-pot-marigold-pink-surprise-calendula-officinalis-l\/#primaryimage","url":"https:\/\/horticom.ee\/e-pood\/wp-content\/uploads\/importedmedia\/product_2407858_0_L2059.jpg","contentUrl":"https:\/\/horticom.ee\/e-pood\/wp-content\/uploads\/importedmedia\/product_2407858_0_L2059.jpg","width":999,"height":1756},{"@type":"BreadcrumbList","@id":"https:\/\/horticom.ee\/e-pood\/toode\/harilik-saialill-pot-marigold-pink-surprise-calendula-officinalis-l\/#breadcrumb","itemListElement":[{"@type":"ListItem","position":1,"name":"Home","item":"https:\/\/horticom.ee\/e-pood\/"},{"@type":"ListItem","position":2,"name":"Pood","item":"https:\/\/horticom.ee\/e-pood\/pood\/"},{"@type":"ListItem","position":3,"name":"Harilik saialill Pot Marigold Pink Surprise &#8211; Calendula officinalis L."}]},{"@type":"WebSite","@id":"https:\/\/horticom.ee\/e-pood\/#website","url":"https:\/\/horticom.ee\/e-pood\/","name":"Horticom.ee","description":"Aianduskaubad ja kodukaubad nii harrastajatele kui professionaalidele","potentialAction":[{"@type":"SearchAction","target":{"@type":"EntryPoint","urlTemplate":"https:\/\/horticom.ee\/e-pood\/?s={search_term_string}"},"query-input":{"@type":"PropertyValueSpecification","valueRequired":true,"valueName":"search_term_string"}}],"inLanguage":"et"}]}},"_links":{"self":[{"href":"https:\/\/horticom.ee\/e-pood\/wp-json\/wp\/v2\/product\/2407858","targetHints":{"allow":["GET"]}}],"collection":[{"href":"https:\/\/horticom.ee\/e-pood\/wp-json\/wp\/v2\/product"}],"about":[{"href":"https:\/\/horticom.ee\/e-pood\/wp-json\/wp\/v2\/types\/product"}],"replies":[{"embeddable":true,"href":"https:\/\/horticom.ee\/e-pood\/wp-json\/wp\/v2\/comments?post=2407858"}],"wp:featuredmedia":[{"embeddable":true,"href":"https:\/\/horticom.ee\/e-pood\/wp-json\/wp\/v2\/media\/2427366"}],"wp:attachment":[{"href":"https:\/\/horticom.ee\/e-pood\/wp-json\/wp\/v2\/media?parent=2407858"}],"wp:term":[{"taxonomy":"product_cat","embeddable":true,"href":"https:\/\/horticom.ee\/e-pood\/wp-json\/wp\/v2\/product_cat?post=2407858"},{"taxonomy":"product_tag","embeddable":true,"href":"https:\/\/horticom.ee\/e-pood\/wp-json\/wp\/v2\/product_tag?post=2407858"}],"curies":[{"name":"wp","href":"https:\/\/api.w.org\/{rel}","templated":true}]}}