{"id":2469566,"date":"2025-10-10T17:00:17","date_gmt":"2025-10-10T14:00:17","guid":{"rendered":"https:\/\/horticom.ee\/e-pood\/toode\/redise-seemned-idandamiseks\/"},"modified":"2026-05-02T03:06:57","modified_gmt":"2026-05-02T00:06:57","slug":"redise-seemned-idandamiseks","status":"publish","type":"product","link":"https:\/\/horticom.ee\/e-pood\/toode\/redise-seemned-idandamiseks\/","title":{"rendered":"Redise seemned idandamiseks"},"content":{"rendered":"<p>Idandamiseks Redis \u2013 idandatud seemned on v\u00e4ga v\u00e4\u00e4rtuslik ja tervislik toiduaine. Idanevates seemnetes moodustub mitmeid kordi rohkem eluliselt olulisi aineid kui t\u00e4iskasvanud taimes. Seemneid idandada ei ole keeruline. Need tuleb pesta korralikult l\u00e4bi, kallata idandamiseks m\u00f5eldud n\u00f5u sisse ja valada vett peale. Vesi peab seemned \u00fcle ujutama. Seda peab olema 3-4 korda rohkem kui seemneid. Seemneid tuleb vees leotada 4-12 tundi (s\u00f5ltuvalt nende suurusest), kuni need paisuvad. Hiljem valada vesi \u00e4ra. Paisunud seemneid hoida ilma veeta kinnikaetud n\u00f5us, et need \u00e4ra ei kuivaks, kuni seemned idanevad. Idandada seemneid 2-10 p\u00e4eva (s\u00f5ltuvalt nende sordist). Idanevaid seemneid tuleb v\u00e4hemalt paar korda p\u00e4evas niisutada (valada vett peale ja j\u00e4lle \u00e4ra valada). \u00dclekasvanud idandatud seemneid kasvatada edasi valguse k\u00e4es. V\u00f5rsed l\u00f5igata \u00e4ra ja pigistada nendest mahl v\u00e4lja. Pakis 20g.<\/p>\n","protected":false},"excerpt":{"rendered":"<p>Idandamiseks Redis \u2013 idandatud seemned on v\u00e4ga v\u00e4\u00e4rtuslik ja tervislik toiduaine. Idanevates seemnetes moodustub mitmeid kordi rohkem eluliselt olulisi aineid kui t\u00e4iskasvanud taimes. Seemneid idandada ei ole keeruline. Need tuleb pesta korralikult l\u00e4bi, kallata idandamiseks m\u00f5eldud n\u00f5u sisse ja valada vett peale. Vesi peab seemned \u00fcle ujutama. Seda peab olema 3-4 korda rohkem kui seemneid. [&hellip;]<\/p>\n","protected":false},"featured_media":2469639,"comment_status":"closed","ping_status":"closed","template":"","meta":{"_themeisle_gutenberg_block_has_review":false},"product_cat":[13495],"product_tag":[],"class_list":{"0":"post-2469566","1":"product","2":"type-product","3":"status-publish","4":"has-post-thumbnail","6":"product_cat-idandid","8":"first","9":"outofstock","10":"shipping-taxable","11":"purchasable","12":"product-type-simple"},"yoast_head":"<!-- This site is optimized with the Yoast SEO plugin v24.0 - https:\/\/yoast.com\/wordpress\/plugins\/seo\/ -->\n<title>Redise seemned idandamiseks - Horticom<\/title>\n<meta name=\"robots\" content=\"index, follow, max-snippet:-1, max-image-preview:large, max-video-preview:-1\" \/>\n<link rel=\"canonical\" href=\"https:\/\/horticom.ee\/e-pood\/toode\/redise-seemned-idandamiseks\/\" \/>\n<meta property=\"og:locale\" content=\"et_EE\" \/>\n<meta property=\"og:type\" content=\"article\" \/>\n<meta property=\"og:title\" content=\"Redise seemned idandamiseks - Horticom\" \/>\n<meta property=\"og:description\" content=\"Idandamiseks Redis \u2013 idandatud seemned on v\u00e4ga v\u00e4\u00e4rtuslik ja tervislik toiduaine. Idanevates seemnetes moodustub mitmeid kordi rohkem eluliselt olulisi aineid kui t\u00e4iskasvanud taimes. Seemneid idandada ei ole keeruline. Need tuleb pesta korralikult l\u00e4bi, kallata idandamiseks m\u00f5eldud n\u00f5u sisse ja valada vett peale. Vesi peab seemned \u00fcle ujutama. Seda peab olema 3-4 korda rohkem kui seemneid. [&hellip;]\" \/>\n<meta property=\"og:url\" content=\"https:\/\/horticom.ee\/e-pood\/toode\/redise-seemned-idandamiseks\/\" \/>\n<meta property=\"og:site_name\" content=\"Horticom.ee\" \/>\n<meta property=\"article:publisher\" content=\"https:\/\/www.facebook.com\/horticom.ee\/e-pood\" \/>\n<meta property=\"article:modified_time\" content=\"2026-05-02T00:06:57+00:00\" \/>\n<meta property=\"og:image\" content=\"https:\/\/horticom.ee\/e-pood\/wp-content\/uploads\/importedmedia\/product_2469566_0_VC554-528x1024.jpg\" \/>\n\t<meta property=\"og:image:width\" content=\"528\" \/>\n\t<meta property=\"og:image:height\" content=\"1024\" \/>\n\t<meta property=\"og:image:type\" content=\"image\/jpeg\" \/>\n<meta name=\"twitter:card\" content=\"summary_large_image\" \/>\n<meta name=\"twitter:label1\" content=\"Est. reading time\" \/>\n\t<meta name=\"twitter:data1\" content=\"1 minut\" \/>\n<script type=\"application\/ld+json\" class=\"yoast-schema-graph\">{\"@context\":\"https:\/\/schema.org\",\"@graph\":[{\"@type\":\"WebPage\",\"@id\":\"https:\/\/horticom.ee\/e-pood\/toode\/redise-seemned-idandamiseks\/\",\"url\":\"https:\/\/horticom.ee\/e-pood\/toode\/redise-seemned-idandamiseks\/\",\"name\":\"Redise seemned idandamiseks - Horticom\",\"isPartOf\":{\"@id\":\"https:\/\/horticom.ee\/e-pood\/#website\"},\"primaryImageOfPage\":{\"@id\":\"https:\/\/horticom.ee\/e-pood\/toode\/redise-seemned-idandamiseks\/#primaryimage\"},\"image\":{\"@id\":\"https:\/\/horticom.ee\/e-pood\/toode\/redise-seemned-idandamiseks\/#primaryimage\"},\"thumbnailUrl\":\"https:\/\/horticom.ee\/e-pood\/wp-content\/uploads\/importedmedia\/product_2469566_0_VC554.jpg\",\"datePublished\":\"2025-10-10T14:00:17+00:00\",\"dateModified\":\"2026-05-02T00:06:57+00:00\",\"breadcrumb\":{\"@id\":\"https:\/\/horticom.ee\/e-pood\/toode\/redise-seemned-idandamiseks\/#breadcrumb\"},\"inLanguage\":\"et\",\"potentialAction\":[{\"@type\":\"ReadAction\",\"target\":[\"https:\/\/horticom.ee\/e-pood\/toode\/redise-seemned-idandamiseks\/\"]}]},{\"@type\":\"ImageObject\",\"inLanguage\":\"et\",\"@id\":\"https:\/\/horticom.ee\/e-pood\/toode\/redise-seemned-idandamiseks\/#primaryimage\",\"url\":\"https:\/\/horticom.ee\/e-pood\/wp-content\/uploads\/importedmedia\/product_2469566_0_VC554.jpg\",\"contentUrl\":\"https:\/\/horticom.ee\/e-pood\/wp-content\/uploads\/importedmedia\/product_2469566_0_VC554.jpg\",\"width\":1000,\"height\":1938},{\"@type\":\"BreadcrumbList\",\"@id\":\"https:\/\/horticom.ee\/e-pood\/toode\/redise-seemned-idandamiseks\/#breadcrumb\",\"itemListElement\":[{\"@type\":\"ListItem\",\"position\":1,\"name\":\"Home\",\"item\":\"https:\/\/horticom.ee\/e-pood\/\"},{\"@type\":\"ListItem\",\"position\":2,\"name\":\"Pood\",\"item\":\"https:\/\/horticom.ee\/e-pood\/pood\/\"},{\"@type\":\"ListItem\",\"position\":3,\"name\":\"Redise seemned idandamiseks\"}]},{\"@type\":\"WebSite\",\"@id\":\"https:\/\/horticom.ee\/e-pood\/#website\",\"url\":\"https:\/\/horticom.ee\/e-pood\/\",\"name\":\"Horticom.ee\",\"description\":\"Aianduskaubad ja kodukaubad nii harrastajatele kui professionaalidele\",\"potentialAction\":[{\"@type\":\"SearchAction\",\"target\":{\"@type\":\"EntryPoint\",\"urlTemplate\":\"https:\/\/horticom.ee\/e-pood\/?s={search_term_string}\"},\"query-input\":{\"@type\":\"PropertyValueSpecification\",\"valueRequired\":true,\"valueName\":\"search_term_string\"}}],\"inLanguage\":\"et\"}]}<\/script>\n<!-- \/ Yoast SEO plugin. -->","yoast_head_json":{"title":"Redise seemned idandamiseks - Horticom","robots":{"index":"index","follow":"follow","max-snippet":"max-snippet:-1","max-image-preview":"max-image-preview:large","max-video-preview":"max-video-preview:-1"},"canonical":"https:\/\/horticom.ee\/e-pood\/toode\/redise-seemned-idandamiseks\/","og_locale":"et_EE","og_type":"article","og_title":"Redise seemned idandamiseks - Horticom","og_description":"Idandamiseks Redis \u2013 idandatud seemned on v\u00e4ga v\u00e4\u00e4rtuslik ja tervislik toiduaine. Idanevates seemnetes moodustub mitmeid kordi rohkem eluliselt olulisi aineid kui t\u00e4iskasvanud taimes. Seemneid idandada ei ole keeruline. Need tuleb pesta korralikult l\u00e4bi, kallata idandamiseks m\u00f5eldud n\u00f5u sisse ja valada vett peale. Vesi peab seemned \u00fcle ujutama. Seda peab olema 3-4 korda rohkem kui seemneid. [&hellip;]","og_url":"https:\/\/horticom.ee\/e-pood\/toode\/redise-seemned-idandamiseks\/","og_site_name":"Horticom.ee","article_publisher":"https:\/\/www.facebook.com\/horticom.ee\/e-pood","article_modified_time":"2026-05-02T00:06:57+00:00","og_image":[{"width":528,"height":1024,"url":"https:\/\/horticom.ee\/e-pood\/wp-content\/uploads\/importedmedia\/product_2469566_0_VC554-528x1024.jpg","type":"image\/jpeg"}],"twitter_card":"summary_large_image","twitter_misc":{"Est. reading time":"1 minut"},"schema":{"@context":"https:\/\/schema.org","@graph":[{"@type":"WebPage","@id":"https:\/\/horticom.ee\/e-pood\/toode\/redise-seemned-idandamiseks\/","url":"https:\/\/horticom.ee\/e-pood\/toode\/redise-seemned-idandamiseks\/","name":"Redise seemned idandamiseks - Horticom","isPartOf":{"@id":"https:\/\/horticom.ee\/e-pood\/#website"},"primaryImageOfPage":{"@id":"https:\/\/horticom.ee\/e-pood\/toode\/redise-seemned-idandamiseks\/#primaryimage"},"image":{"@id":"https:\/\/horticom.ee\/e-pood\/toode\/redise-seemned-idandamiseks\/#primaryimage"},"thumbnailUrl":"https:\/\/horticom.ee\/e-pood\/wp-content\/uploads\/importedmedia\/product_2469566_0_VC554.jpg","datePublished":"2025-10-10T14:00:17+00:00","dateModified":"2026-05-02T00:06:57+00:00","breadcrumb":{"@id":"https:\/\/horticom.ee\/e-pood\/toode\/redise-seemned-idandamiseks\/#breadcrumb"},"inLanguage":"et","potentialAction":[{"@type":"ReadAction","target":["https:\/\/horticom.ee\/e-pood\/toode\/redise-seemned-idandamiseks\/"]}]},{"@type":"ImageObject","inLanguage":"et","@id":"https:\/\/horticom.ee\/e-pood\/toode\/redise-seemned-idandamiseks\/#primaryimage","url":"https:\/\/horticom.ee\/e-pood\/wp-content\/uploads\/importedmedia\/product_2469566_0_VC554.jpg","contentUrl":"https:\/\/horticom.ee\/e-pood\/wp-content\/uploads\/importedmedia\/product_2469566_0_VC554.jpg","width":1000,"height":1938},{"@type":"BreadcrumbList","@id":"https:\/\/horticom.ee\/e-pood\/toode\/redise-seemned-idandamiseks\/#breadcrumb","itemListElement":[{"@type":"ListItem","position":1,"name":"Home","item":"https:\/\/horticom.ee\/e-pood\/"},{"@type":"ListItem","position":2,"name":"Pood","item":"https:\/\/horticom.ee\/e-pood\/pood\/"},{"@type":"ListItem","position":3,"name":"Redise seemned idandamiseks"}]},{"@type":"WebSite","@id":"https:\/\/horticom.ee\/e-pood\/#website","url":"https:\/\/horticom.ee\/e-pood\/","name":"Horticom.ee","description":"Aianduskaubad ja kodukaubad nii harrastajatele kui professionaalidele","potentialAction":[{"@type":"SearchAction","target":{"@type":"EntryPoint","urlTemplate":"https:\/\/horticom.ee\/e-pood\/?s={search_term_string}"},"query-input":{"@type":"PropertyValueSpecification","valueRequired":true,"valueName":"search_term_string"}}],"inLanguage":"et"}]}},"_links":{"self":[{"href":"https:\/\/horticom.ee\/e-pood\/wp-json\/wp\/v2\/product\/2469566","targetHints":{"allow":["GET"]}}],"collection":[{"href":"https:\/\/horticom.ee\/e-pood\/wp-json\/wp\/v2\/product"}],"about":[{"href":"https:\/\/horticom.ee\/e-pood\/wp-json\/wp\/v2\/types\/product"}],"replies":[{"embeddable":true,"href":"https:\/\/horticom.ee\/e-pood\/wp-json\/wp\/v2\/comments?post=2469566"}],"wp:featuredmedia":[{"embeddable":true,"href":"https:\/\/horticom.ee\/e-pood\/wp-json\/wp\/v2\/media\/2469639"}],"wp:attachment":[{"href":"https:\/\/horticom.ee\/e-pood\/wp-json\/wp\/v2\/media?parent=2469566"}],"wp:term":[{"taxonomy":"product_cat","embeddable":true,"href":"https:\/\/horticom.ee\/e-pood\/wp-json\/wp\/v2\/product_cat?post=2469566"},{"taxonomy":"product_tag","embeddable":true,"href":"https:\/\/horticom.ee\/e-pood\/wp-json\/wp\/v2\/product_tag?post=2469566"}],"curies":[{"name":"wp","href":"https:\/\/api.w.org\/{rel}","templated":true}]}}