{"id":2472251,"date":"2025-10-14T06:00:25","date_gmt":"2025-10-14T03:00:25","guid":{"rendered":"https:\/\/horticom.ee\/e-pood\/toode\/orhideepoti-umbris-elho-brussels-d-125cm-13l-korge-labipaistev\/"},"modified":"2026-04-24T03:11:51","modified_gmt":"2026-04-24T00:11:51","slug":"orhideepoti-umbris-elho-brussels-d-125cm-13l-korge-labipaistev","status":"publish","type":"product","link":"https:\/\/horticom.ee\/e-pood\/toode\/orhideepoti-umbris-elho-brussels-d-125cm-13l-korge-labipaistev\/","title":{"rendered":"Orhideepoti \u00fcmbris Elho Brussels d 12,5cm 1,3L k\u00f5rge l\u00e4bipaistev"},"content":{"rendered":"<p>Orhideepoti \u00fcmbris Brussels on valmistatud \u00fcmbert\u00f6\u00f6deldud vastupidavast plastikust ning on v\u00e4ljat\u00f6\u00f6tatud ja disainitud koos professionaalsete kasvatajatega. Pott on k\u00f5rgendatud p\u00f5hjaga, et taimel oleks \u00f5hutus ja drenaaz. Toote valmistamisel kasutatakse erilisi v\u00e4rvipigmente, mist\u00f5ttu toodetel p\u00fcsib originaalv\u00e4rv kauem.<\/p>\n","protected":false},"excerpt":{"rendered":"<p>Orhideepoti \u00fcmbris Brussels on valmistatud \u00fcmbert\u00f6\u00f6deldud vastupidavast plastikust ning on v\u00e4ljat\u00f6\u00f6tatud ja disainitud koos professionaalsete kasvatajatega. Pott on k\u00f5rgendatud p\u00f5hjaga, et taimel oleks \u00f5hutus ja drenaaz. Toote valmistamisel kasutatakse erilisi v\u00e4rvipigmente, mist\u00f5ttu toodetel p\u00fcsib originaalv\u00e4rv kauem.<\/p>\n","protected":false},"featured_media":2472813,"comment_status":"closed","ping_status":"closed","template":"","meta":{"_themeisle_gutenberg_block_has_review":false},"product_cat":[13438],"product_tag":[],"class_list":{"0":"post-2472251","1":"product","2":"type-product","3":"status-publish","4":"has-post-thumbnail","6":"product_cat-orhideepotid-ja-tarvikud","8":"first","9":"instock","10":"sale","11":"shipping-taxable","12":"purchasable","13":"product-type-simple"},"yoast_head":"<!-- This site is optimized with the Yoast SEO plugin v24.0 - https:\/\/yoast.com\/wordpress\/plugins\/seo\/ -->\n<title>Orhideepoti \u00fcmbris Elho Brussels d 12,5cm 1,3L k\u00f5rge l\u00e4bipaistev - Horticom<\/title>\n<meta name=\"robots\" content=\"index, follow, max-snippet:-1, max-image-preview:large, max-video-preview:-1\" \/>\n<link rel=\"canonical\" href=\"https:\/\/horticom.ee\/e-pood\/toode\/orhideepoti-umbris-elho-brussels-d-125cm-13l-korge-labipaistev\/\" \/>\n<meta property=\"og:locale\" content=\"et_EE\" \/>\n<meta property=\"og:type\" content=\"article\" \/>\n<meta property=\"og:title\" content=\"Orhideepoti \u00fcmbris Elho Brussels d 12,5cm 1,3L k\u00f5rge l\u00e4bipaistev - Horticom\" \/>\n<meta property=\"og:description\" content=\"Orhideepoti \u00fcmbris Brussels on valmistatud \u00fcmbert\u00f6\u00f6deldud vastupidavast plastikust ning on v\u00e4ljat\u00f6\u00f6tatud ja disainitud koos professionaalsete kasvatajatega. Pott on k\u00f5rgendatud p\u00f5hjaga, et taimel oleks \u00f5hutus ja drenaaz. Toote valmistamisel kasutatakse erilisi v\u00e4rvipigmente, mist\u00f5ttu toodetel p\u00fcsib originaalv\u00e4rv kauem.\" \/>\n<meta property=\"og:url\" content=\"https:\/\/horticom.ee\/e-pood\/toode\/orhideepoti-umbris-elho-brussels-d-125cm-13l-korge-labipaistev\/\" \/>\n<meta property=\"og:site_name\" content=\"Horticom.ee\" \/>\n<meta property=\"article:publisher\" content=\"https:\/\/www.facebook.com\/horticom.ee\/e-pood\" \/>\n<meta property=\"article:modified_time\" content=\"2026-04-24T00:11:51+00:00\" \/>\n<meta property=\"og:image\" content=\"https:\/\/horticom.ee\/e-pood\/wp-content\/uploads\/importedmedia\/product_2472251_0_64414213_100.jpg\" \/>\n\t<meta property=\"og:image:width\" content=\"1000\" \/>\n\t<meta property=\"og:image:height\" content=\"1000\" \/>\n\t<meta property=\"og:image:type\" content=\"image\/jpeg\" \/>\n<meta name=\"twitter:card\" content=\"summary_large_image\" \/>\n<script type=\"application\/ld+json\" class=\"yoast-schema-graph\">{\"@context\":\"https:\/\/schema.org\",\"@graph\":[{\"@type\":\"WebPage\",\"@id\":\"https:\/\/horticom.ee\/e-pood\/toode\/orhideepoti-umbris-elho-brussels-d-125cm-13l-korge-labipaistev\/\",\"url\":\"https:\/\/horticom.ee\/e-pood\/toode\/orhideepoti-umbris-elho-brussels-d-125cm-13l-korge-labipaistev\/\",\"name\":\"Orhideepoti \u00fcmbris Elho Brussels d 12,5cm 1,3L k\u00f5rge l\u00e4bipaistev - Horticom\",\"isPartOf\":{\"@id\":\"https:\/\/horticom.ee\/e-pood\/#website\"},\"primaryImageOfPage\":{\"@id\":\"https:\/\/horticom.ee\/e-pood\/toode\/orhideepoti-umbris-elho-brussels-d-125cm-13l-korge-labipaistev\/#primaryimage\"},\"image\":{\"@id\":\"https:\/\/horticom.ee\/e-pood\/toode\/orhideepoti-umbris-elho-brussels-d-125cm-13l-korge-labipaistev\/#primaryimage\"},\"thumbnailUrl\":\"https:\/\/horticom.ee\/e-pood\/wp-content\/uploads\/importedmedia\/product_2472251_0_64414213_100.jpg\",\"datePublished\":\"2025-10-14T03:00:25+00:00\",\"dateModified\":\"2026-04-24T00:11:51+00:00\",\"breadcrumb\":{\"@id\":\"https:\/\/horticom.ee\/e-pood\/toode\/orhideepoti-umbris-elho-brussels-d-125cm-13l-korge-labipaistev\/#breadcrumb\"},\"inLanguage\":\"et\",\"potentialAction\":[{\"@type\":\"ReadAction\",\"target\":[\"https:\/\/horticom.ee\/e-pood\/toode\/orhideepoti-umbris-elho-brussels-d-125cm-13l-korge-labipaistev\/\"]}]},{\"@type\":\"ImageObject\",\"inLanguage\":\"et\",\"@id\":\"https:\/\/horticom.ee\/e-pood\/toode\/orhideepoti-umbris-elho-brussels-d-125cm-13l-korge-labipaistev\/#primaryimage\",\"url\":\"https:\/\/horticom.ee\/e-pood\/wp-content\/uploads\/importedmedia\/product_2472251_0_64414213_100.jpg\",\"contentUrl\":\"https:\/\/horticom.ee\/e-pood\/wp-content\/uploads\/importedmedia\/product_2472251_0_64414213_100.jpg\",\"width\":1000,\"height\":1000},{\"@type\":\"BreadcrumbList\",\"@id\":\"https:\/\/horticom.ee\/e-pood\/toode\/orhideepoti-umbris-elho-brussels-d-125cm-13l-korge-labipaistev\/#breadcrumb\",\"itemListElement\":[{\"@type\":\"ListItem\",\"position\":1,\"name\":\"Home\",\"item\":\"https:\/\/horticom.ee\/e-pood\/\"},{\"@type\":\"ListItem\",\"position\":2,\"name\":\"Pood\",\"item\":\"https:\/\/horticom.ee\/e-pood\/pood\/\"},{\"@type\":\"ListItem\",\"position\":3,\"name\":\"Orhideepoti \u00fcmbris Elho Brussels d 12,5cm 1,3L k\u00f5rge l\u00e4bipaistev\"}]},{\"@type\":\"WebSite\",\"@id\":\"https:\/\/horticom.ee\/e-pood\/#website\",\"url\":\"https:\/\/horticom.ee\/e-pood\/\",\"name\":\"Horticom.ee\",\"description\":\"Aianduskaubad ja kodukaubad nii harrastajatele kui professionaalidele\",\"potentialAction\":[{\"@type\":\"SearchAction\",\"target\":{\"@type\":\"EntryPoint\",\"urlTemplate\":\"https:\/\/horticom.ee\/e-pood\/?s={search_term_string}\"},\"query-input\":{\"@type\":\"PropertyValueSpecification\",\"valueRequired\":true,\"valueName\":\"search_term_string\"}}],\"inLanguage\":\"et\"}]}<\/script>\n<!-- \/ Yoast SEO plugin. -->","yoast_head_json":{"title":"Orhideepoti \u00fcmbris Elho Brussels d 12,5cm 1,3L k\u00f5rge l\u00e4bipaistev - Horticom","robots":{"index":"index","follow":"follow","max-snippet":"max-snippet:-1","max-image-preview":"max-image-preview:large","max-video-preview":"max-video-preview:-1"},"canonical":"https:\/\/horticom.ee\/e-pood\/toode\/orhideepoti-umbris-elho-brussels-d-125cm-13l-korge-labipaistev\/","og_locale":"et_EE","og_type":"article","og_title":"Orhideepoti \u00fcmbris Elho Brussels d 12,5cm 1,3L k\u00f5rge l\u00e4bipaistev - Horticom","og_description":"Orhideepoti \u00fcmbris Brussels on valmistatud \u00fcmbert\u00f6\u00f6deldud vastupidavast plastikust ning on v\u00e4ljat\u00f6\u00f6tatud ja disainitud koos professionaalsete kasvatajatega. Pott on k\u00f5rgendatud p\u00f5hjaga, et taimel oleks \u00f5hutus ja drenaaz. Toote valmistamisel kasutatakse erilisi v\u00e4rvipigmente, mist\u00f5ttu toodetel p\u00fcsib originaalv\u00e4rv kauem.","og_url":"https:\/\/horticom.ee\/e-pood\/toode\/orhideepoti-umbris-elho-brussels-d-125cm-13l-korge-labipaistev\/","og_site_name":"Horticom.ee","article_publisher":"https:\/\/www.facebook.com\/horticom.ee\/e-pood","article_modified_time":"2026-04-24T00:11:51+00:00","og_image":[{"width":1000,"height":1000,"url":"https:\/\/horticom.ee\/e-pood\/wp-content\/uploads\/importedmedia\/product_2472251_0_64414213_100.jpg","type":"image\/jpeg"}],"twitter_card":"summary_large_image","schema":{"@context":"https:\/\/schema.org","@graph":[{"@type":"WebPage","@id":"https:\/\/horticom.ee\/e-pood\/toode\/orhideepoti-umbris-elho-brussels-d-125cm-13l-korge-labipaistev\/","url":"https:\/\/horticom.ee\/e-pood\/toode\/orhideepoti-umbris-elho-brussels-d-125cm-13l-korge-labipaistev\/","name":"Orhideepoti \u00fcmbris Elho Brussels d 12,5cm 1,3L k\u00f5rge l\u00e4bipaistev - Horticom","isPartOf":{"@id":"https:\/\/horticom.ee\/e-pood\/#website"},"primaryImageOfPage":{"@id":"https:\/\/horticom.ee\/e-pood\/toode\/orhideepoti-umbris-elho-brussels-d-125cm-13l-korge-labipaistev\/#primaryimage"},"image":{"@id":"https:\/\/horticom.ee\/e-pood\/toode\/orhideepoti-umbris-elho-brussels-d-125cm-13l-korge-labipaistev\/#primaryimage"},"thumbnailUrl":"https:\/\/horticom.ee\/e-pood\/wp-content\/uploads\/importedmedia\/product_2472251_0_64414213_100.jpg","datePublished":"2025-10-14T03:00:25+00:00","dateModified":"2026-04-24T00:11:51+00:00","breadcrumb":{"@id":"https:\/\/horticom.ee\/e-pood\/toode\/orhideepoti-umbris-elho-brussels-d-125cm-13l-korge-labipaistev\/#breadcrumb"},"inLanguage":"et","potentialAction":[{"@type":"ReadAction","target":["https:\/\/horticom.ee\/e-pood\/toode\/orhideepoti-umbris-elho-brussels-d-125cm-13l-korge-labipaistev\/"]}]},{"@type":"ImageObject","inLanguage":"et","@id":"https:\/\/horticom.ee\/e-pood\/toode\/orhideepoti-umbris-elho-brussels-d-125cm-13l-korge-labipaistev\/#primaryimage","url":"https:\/\/horticom.ee\/e-pood\/wp-content\/uploads\/importedmedia\/product_2472251_0_64414213_100.jpg","contentUrl":"https:\/\/horticom.ee\/e-pood\/wp-content\/uploads\/importedmedia\/product_2472251_0_64414213_100.jpg","width":1000,"height":1000},{"@type":"BreadcrumbList","@id":"https:\/\/horticom.ee\/e-pood\/toode\/orhideepoti-umbris-elho-brussels-d-125cm-13l-korge-labipaistev\/#breadcrumb","itemListElement":[{"@type":"ListItem","position":1,"name":"Home","item":"https:\/\/horticom.ee\/e-pood\/"},{"@type":"ListItem","position":2,"name":"Pood","item":"https:\/\/horticom.ee\/e-pood\/pood\/"},{"@type":"ListItem","position":3,"name":"Orhideepoti \u00fcmbris Elho Brussels d 12,5cm 1,3L k\u00f5rge l\u00e4bipaistev"}]},{"@type":"WebSite","@id":"https:\/\/horticom.ee\/e-pood\/#website","url":"https:\/\/horticom.ee\/e-pood\/","name":"Horticom.ee","description":"Aianduskaubad ja kodukaubad nii harrastajatele kui professionaalidele","potentialAction":[{"@type":"SearchAction","target":{"@type":"EntryPoint","urlTemplate":"https:\/\/horticom.ee\/e-pood\/?s={search_term_string}"},"query-input":{"@type":"PropertyValueSpecification","valueRequired":true,"valueName":"search_term_string"}}],"inLanguage":"et"}]}},"_links":{"self":[{"href":"https:\/\/horticom.ee\/e-pood\/wp-json\/wp\/v2\/product\/2472251","targetHints":{"allow":["GET"]}}],"collection":[{"href":"https:\/\/horticom.ee\/e-pood\/wp-json\/wp\/v2\/product"}],"about":[{"href":"https:\/\/horticom.ee\/e-pood\/wp-json\/wp\/v2\/types\/product"}],"replies":[{"embeddable":true,"href":"https:\/\/horticom.ee\/e-pood\/wp-json\/wp\/v2\/comments?post=2472251"}],"wp:featuredmedia":[{"embeddable":true,"href":"https:\/\/horticom.ee\/e-pood\/wp-json\/wp\/v2\/media\/2472813"}],"wp:attachment":[{"href":"https:\/\/horticom.ee\/e-pood\/wp-json\/wp\/v2\/media?parent=2472251"}],"wp:term":[{"taxonomy":"product_cat","embeddable":true,"href":"https:\/\/horticom.ee\/e-pood\/wp-json\/wp\/v2\/product_cat?post=2472251"},{"taxonomy":"product_tag","embeddable":true,"href":"https:\/\/horticom.ee\/e-pood\/wp-json\/wp\/v2\/product_tag?post=2472251"}],"curies":[{"name":"wp","href":"https:\/\/api.w.org\/{rel}","templated":true}]}}