{"id":2477357,"date":"2025-10-22T13:00:36","date_gmt":"2025-10-22T10:00:36","guid":{"rendered":"https:\/\/horticom.ee\/e-pood\/toode\/vaetis-mixprof-v3-10-3-152-3-4-kuud-viano-25kg\/"},"modified":"2026-04-15T03:14:31","modified_gmt":"2026-04-15T00:14:31","slug":"vaetis-mixprof-v3-10-3-152-3-4-kuud-viano-25kg","status":"publish","type":"product","link":"https:\/\/horticom.ee\/e-pood\/toode\/vaetis-mixprof-v3-10-3-152-3-4-kuud-viano-25kg\/","title":{"rendered":"V\u00e4etis MixProf V3 10-3-15(+2) \/ 3-4 kuud Viano 25kg"},"content":{"rendered":"<p>Orgaaniline v\u00e4etis, mis tagab kiire alguse ja pikaajalise toime. T\u00e4nu selle valemi v\u00e4ga spetsiifilisele koostisele (t\u00e4ielikult taimne) on MixProf V3 ideaalne v\u00e4etis l\u00e4mmastikuprobleemi v\u00e4hendamiseks lehtk\u00f6\u00f6giviljades (nt salat). See tagab maksimaalse saagi ja tugevamad taimed, v\u00e4hem kahjustusi koristamisel ning \u00fcldiselt parema kvaliteediga puu- ja k\u00f6\u00f6giviljad. Toimib kuni 3-4 kuud. Viano MixProf V3 ei sisalda loomseid k\u00f5rvalsaadusi! Kulunorm: 50-150 g\/m\u00b2<\/p>\n","protected":false},"excerpt":{"rendered":"<p>Orgaaniline v\u00e4etis, mis tagab kiire alguse ja pikaajalise toime. T\u00e4nu selle valemi v\u00e4ga spetsiifilisele koostisele (t\u00e4ielikult taimne) on MixProf V3 ideaalne v\u00e4etis l\u00e4mmastikuprobleemi v\u00e4hendamiseks lehtk\u00f6\u00f6giviljades (nt salat). See tagab maksimaalse saagi ja tugevamad taimed, v\u00e4hem kahjustusi koristamisel ning \u00fcldiselt parema kvaliteediga puu- ja k\u00f6\u00f6giviljad. Toimib kuni 3-4 kuud. Viano MixProf V3 ei sisalda loomseid k\u00f5rvalsaadusi! [&hellip;]<\/p>\n","protected":false},"featured_media":2477798,"comment_status":"closed","ping_status":"closed","template":"","meta":{"_themeisle_gutenberg_block_has_review":false},"product_cat":[16965,16966],"product_tag":[],"class_list":{"0":"post-2477357","1":"product","2":"type-product","3":"status-publish","4":"has-post-thumbnail","6":"product_cat-koogiviljadele-ja-maitsetaimedele","7":"product_cat-marjadele-ja-puuviljadele","9":"first","10":"instock","11":"shipping-taxable","12":"purchasable","13":"product-type-simple"},"yoast_head":"<!-- This site is optimized with the Yoast SEO plugin v24.0 - https:\/\/yoast.com\/wordpress\/plugins\/seo\/ -->\n<title>V\u00e4etis MixProf V3 10-3-15(+2) \/ 3-4 kuud Viano 25kg - Horticom<\/title>\n<meta name=\"robots\" content=\"index, follow, max-snippet:-1, max-image-preview:large, max-video-preview:-1\" \/>\n<link rel=\"canonical\" href=\"https:\/\/horticom.ee\/e-pood\/toode\/vaetis-mixprof-v3-10-3-152-3-4-kuud-viano-25kg\/\" \/>\n<meta property=\"og:locale\" content=\"et_EE\" \/>\n<meta property=\"og:type\" content=\"article\" \/>\n<meta property=\"og:title\" content=\"V\u00e4etis MixProf V3 10-3-15(+2) \/ 3-4 kuud Viano 25kg - Horticom\" \/>\n<meta property=\"og:description\" content=\"Orgaaniline v\u00e4etis, mis tagab kiire alguse ja pikaajalise toime. T\u00e4nu selle valemi v\u00e4ga spetsiifilisele koostisele (t\u00e4ielikult taimne) on MixProf V3 ideaalne v\u00e4etis l\u00e4mmastikuprobleemi v\u00e4hendamiseks lehtk\u00f6\u00f6giviljades (nt salat). See tagab maksimaalse saagi ja tugevamad taimed, v\u00e4hem kahjustusi koristamisel ning \u00fcldiselt parema kvaliteediga puu- ja k\u00f6\u00f6giviljad. Toimib kuni 3-4 kuud. Viano MixProf V3 ei sisalda loomseid k\u00f5rvalsaadusi! [&hellip;]\" \/>\n<meta property=\"og:url\" content=\"https:\/\/horticom.ee\/e-pood\/toode\/vaetis-mixprof-v3-10-3-152-3-4-kuud-viano-25kg\/\" \/>\n<meta property=\"og:site_name\" content=\"Horticom.ee\" \/>\n<meta property=\"article:publisher\" content=\"https:\/\/www.facebook.com\/horticom.ee\/e-pood\" \/>\n<meta property=\"article:modified_time\" content=\"2026-04-15T00:14:31+00:00\" \/>\n<meta property=\"og:image\" content=\"https:\/\/horticom.ee\/e-pood\/wp-content\/uploads\/importedmedia\/product_2477357_0_PFMV325.jpg\" \/>\n\t<meta property=\"og:image:width\" content=\"1000\" \/>\n\t<meta property=\"og:image:height\" content=\"1833\" \/>\n\t<meta property=\"og:image:type\" content=\"image\/jpeg\" \/>\n<meta name=\"twitter:card\" content=\"summary_large_image\" \/>\n<script type=\"application\/ld+json\" class=\"yoast-schema-graph\">{\"@context\":\"https:\/\/schema.org\",\"@graph\":[{\"@type\":\"WebPage\",\"@id\":\"https:\/\/horticom.ee\/e-pood\/toode\/vaetis-mixprof-v3-10-3-152-3-4-kuud-viano-25kg\/\",\"url\":\"https:\/\/horticom.ee\/e-pood\/toode\/vaetis-mixprof-v3-10-3-152-3-4-kuud-viano-25kg\/\",\"name\":\"V\u00e4etis MixProf V3 10-3-15(+2) \/ 3-4 kuud Viano 25kg - Horticom\",\"isPartOf\":{\"@id\":\"https:\/\/horticom.ee\/e-pood\/#website\"},\"primaryImageOfPage\":{\"@id\":\"https:\/\/horticom.ee\/e-pood\/toode\/vaetis-mixprof-v3-10-3-152-3-4-kuud-viano-25kg\/#primaryimage\"},\"image\":{\"@id\":\"https:\/\/horticom.ee\/e-pood\/toode\/vaetis-mixprof-v3-10-3-152-3-4-kuud-viano-25kg\/#primaryimage\"},\"thumbnailUrl\":\"https:\/\/horticom.ee\/e-pood\/wp-content\/uploads\/importedmedia\/product_2477357_0_PFMV325.jpg\",\"datePublished\":\"2025-10-22T10:00:36+00:00\",\"dateModified\":\"2026-04-15T00:14:31+00:00\",\"breadcrumb\":{\"@id\":\"https:\/\/horticom.ee\/e-pood\/toode\/vaetis-mixprof-v3-10-3-152-3-4-kuud-viano-25kg\/#breadcrumb\"},\"inLanguage\":\"et\",\"potentialAction\":[{\"@type\":\"ReadAction\",\"target\":[\"https:\/\/horticom.ee\/e-pood\/toode\/vaetis-mixprof-v3-10-3-152-3-4-kuud-viano-25kg\/\"]}]},{\"@type\":\"ImageObject\",\"inLanguage\":\"et\",\"@id\":\"https:\/\/horticom.ee\/e-pood\/toode\/vaetis-mixprof-v3-10-3-152-3-4-kuud-viano-25kg\/#primaryimage\",\"url\":\"https:\/\/horticom.ee\/e-pood\/wp-content\/uploads\/importedmedia\/product_2477357_0_PFMV325.jpg\",\"contentUrl\":\"https:\/\/horticom.ee\/e-pood\/wp-content\/uploads\/importedmedia\/product_2477357_0_PFMV325.jpg\",\"width\":1000,\"height\":1833},{\"@type\":\"BreadcrumbList\",\"@id\":\"https:\/\/horticom.ee\/e-pood\/toode\/vaetis-mixprof-v3-10-3-152-3-4-kuud-viano-25kg\/#breadcrumb\",\"itemListElement\":[{\"@type\":\"ListItem\",\"position\":1,\"name\":\"Home\",\"item\":\"https:\/\/horticom.ee\/e-pood\/\"},{\"@type\":\"ListItem\",\"position\":2,\"name\":\"Pood\",\"item\":\"https:\/\/horticom.ee\/e-pood\/pood\/\"},{\"@type\":\"ListItem\",\"position\":3,\"name\":\"V\u00e4etis MixProf V3 10-3-15(+2) \/ 3-4 kuud Viano 25kg\"}]},{\"@type\":\"WebSite\",\"@id\":\"https:\/\/horticom.ee\/e-pood\/#website\",\"url\":\"https:\/\/horticom.ee\/e-pood\/\",\"name\":\"Horticom.ee\",\"description\":\"Aianduskaubad ja kodukaubad nii harrastajatele kui professionaalidele\",\"potentialAction\":[{\"@type\":\"SearchAction\",\"target\":{\"@type\":\"EntryPoint\",\"urlTemplate\":\"https:\/\/horticom.ee\/e-pood\/?s={search_term_string}\"},\"query-input\":{\"@type\":\"PropertyValueSpecification\",\"valueRequired\":true,\"valueName\":\"search_term_string\"}}],\"inLanguage\":\"et\"}]}<\/script>\n<!-- \/ Yoast SEO plugin. -->","yoast_head_json":{"title":"V\u00e4etis MixProf V3 10-3-15(+2) \/ 3-4 kuud Viano 25kg - Horticom","robots":{"index":"index","follow":"follow","max-snippet":"max-snippet:-1","max-image-preview":"max-image-preview:large","max-video-preview":"max-video-preview:-1"},"canonical":"https:\/\/horticom.ee\/e-pood\/toode\/vaetis-mixprof-v3-10-3-152-3-4-kuud-viano-25kg\/","og_locale":"et_EE","og_type":"article","og_title":"V\u00e4etis MixProf V3 10-3-15(+2) \/ 3-4 kuud Viano 25kg - Horticom","og_description":"Orgaaniline v\u00e4etis, mis tagab kiire alguse ja pikaajalise toime. T\u00e4nu selle valemi v\u00e4ga spetsiifilisele koostisele (t\u00e4ielikult taimne) on MixProf V3 ideaalne v\u00e4etis l\u00e4mmastikuprobleemi v\u00e4hendamiseks lehtk\u00f6\u00f6giviljades (nt salat). See tagab maksimaalse saagi ja tugevamad taimed, v\u00e4hem kahjustusi koristamisel ning \u00fcldiselt parema kvaliteediga puu- ja k\u00f6\u00f6giviljad. Toimib kuni 3-4 kuud. Viano MixProf V3 ei sisalda loomseid k\u00f5rvalsaadusi! [&hellip;]","og_url":"https:\/\/horticom.ee\/e-pood\/toode\/vaetis-mixprof-v3-10-3-152-3-4-kuud-viano-25kg\/","og_site_name":"Horticom.ee","article_publisher":"https:\/\/www.facebook.com\/horticom.ee\/e-pood","article_modified_time":"2026-04-15T00:14:31+00:00","og_image":[{"width":1000,"height":1833,"url":"https:\/\/horticom.ee\/e-pood\/wp-content\/uploads\/importedmedia\/product_2477357_0_PFMV325.jpg","type":"image\/jpeg"}],"twitter_card":"summary_large_image","schema":{"@context":"https:\/\/schema.org","@graph":[{"@type":"WebPage","@id":"https:\/\/horticom.ee\/e-pood\/toode\/vaetis-mixprof-v3-10-3-152-3-4-kuud-viano-25kg\/","url":"https:\/\/horticom.ee\/e-pood\/toode\/vaetis-mixprof-v3-10-3-152-3-4-kuud-viano-25kg\/","name":"V\u00e4etis MixProf V3 10-3-15(+2) \/ 3-4 kuud Viano 25kg - Horticom","isPartOf":{"@id":"https:\/\/horticom.ee\/e-pood\/#website"},"primaryImageOfPage":{"@id":"https:\/\/horticom.ee\/e-pood\/toode\/vaetis-mixprof-v3-10-3-152-3-4-kuud-viano-25kg\/#primaryimage"},"image":{"@id":"https:\/\/horticom.ee\/e-pood\/toode\/vaetis-mixprof-v3-10-3-152-3-4-kuud-viano-25kg\/#primaryimage"},"thumbnailUrl":"https:\/\/horticom.ee\/e-pood\/wp-content\/uploads\/importedmedia\/product_2477357_0_PFMV325.jpg","datePublished":"2025-10-22T10:00:36+00:00","dateModified":"2026-04-15T00:14:31+00:00","breadcrumb":{"@id":"https:\/\/horticom.ee\/e-pood\/toode\/vaetis-mixprof-v3-10-3-152-3-4-kuud-viano-25kg\/#breadcrumb"},"inLanguage":"et","potentialAction":[{"@type":"ReadAction","target":["https:\/\/horticom.ee\/e-pood\/toode\/vaetis-mixprof-v3-10-3-152-3-4-kuud-viano-25kg\/"]}]},{"@type":"ImageObject","inLanguage":"et","@id":"https:\/\/horticom.ee\/e-pood\/toode\/vaetis-mixprof-v3-10-3-152-3-4-kuud-viano-25kg\/#primaryimage","url":"https:\/\/horticom.ee\/e-pood\/wp-content\/uploads\/importedmedia\/product_2477357_0_PFMV325.jpg","contentUrl":"https:\/\/horticom.ee\/e-pood\/wp-content\/uploads\/importedmedia\/product_2477357_0_PFMV325.jpg","width":1000,"height":1833},{"@type":"BreadcrumbList","@id":"https:\/\/horticom.ee\/e-pood\/toode\/vaetis-mixprof-v3-10-3-152-3-4-kuud-viano-25kg\/#breadcrumb","itemListElement":[{"@type":"ListItem","position":1,"name":"Home","item":"https:\/\/horticom.ee\/e-pood\/"},{"@type":"ListItem","position":2,"name":"Pood","item":"https:\/\/horticom.ee\/e-pood\/pood\/"},{"@type":"ListItem","position":3,"name":"V\u00e4etis MixProf V3 10-3-15(+2) \/ 3-4 kuud Viano 25kg"}]},{"@type":"WebSite","@id":"https:\/\/horticom.ee\/e-pood\/#website","url":"https:\/\/horticom.ee\/e-pood\/","name":"Horticom.ee","description":"Aianduskaubad ja kodukaubad nii harrastajatele kui professionaalidele","potentialAction":[{"@type":"SearchAction","target":{"@type":"EntryPoint","urlTemplate":"https:\/\/horticom.ee\/e-pood\/?s={search_term_string}"},"query-input":{"@type":"PropertyValueSpecification","valueRequired":true,"valueName":"search_term_string"}}],"inLanguage":"et"}]}},"_links":{"self":[{"href":"https:\/\/horticom.ee\/e-pood\/wp-json\/wp\/v2\/product\/2477357","targetHints":{"allow":["GET"]}}],"collection":[{"href":"https:\/\/horticom.ee\/e-pood\/wp-json\/wp\/v2\/product"}],"about":[{"href":"https:\/\/horticom.ee\/e-pood\/wp-json\/wp\/v2\/types\/product"}],"replies":[{"embeddable":true,"href":"https:\/\/horticom.ee\/e-pood\/wp-json\/wp\/v2\/comments?post=2477357"}],"wp:featuredmedia":[{"embeddable":true,"href":"https:\/\/horticom.ee\/e-pood\/wp-json\/wp\/v2\/media\/2477798"}],"wp:attachment":[{"href":"https:\/\/horticom.ee\/e-pood\/wp-json\/wp\/v2\/media?parent=2477357"}],"wp:term":[{"taxonomy":"product_cat","embeddable":true,"href":"https:\/\/horticom.ee\/e-pood\/wp-json\/wp\/v2\/product_cat?post=2477357"},{"taxonomy":"product_tag","embeddable":true,"href":"https:\/\/horticom.ee\/e-pood\/wp-json\/wp\/v2\/product_tag?post=2477357"}],"curies":[{"name":"wp","href":"https:\/\/api.w.org\/{rel}","templated":true}]}}