{"id":2477359,"date":"2025-10-22T13:00:37","date_gmt":"2025-10-22T10:00:37","guid":{"rendered":"https:\/\/horticom.ee\/e-pood\/toode\/bio-vedelvaetis-viano-mixprof-algopur-5l-vedel-merevetika-ekstrakt\/"},"modified":"2026-05-02T03:11:13","modified_gmt":"2026-05-02T00:11:13","slug":"bio-vedelvaetis-viano-mixprof-algopur-5l-vedel-merevetika-ekstrakt","status":"publish","type":"product","link":"https:\/\/horticom.ee\/e-pood\/toode\/bio-vedelvaetis-viano-mixprof-algopur-5l-vedel-merevetika-ekstrakt\/","title":{"rendered":"BIO Vedelv\u00e4etis Viano MixProf ALGOPUR 5L vedel merevetika ekstrakt"},"content":{"rendered":"<p>Viano MixProf AlgoPur on saadud vesiekstraktsiooni meetoditega ilma kemikaale lisamata. See vedel merevetikas p\u00e4rineb rohelisest merevetikast, Ascophyllum nodosum. Viano MixProf AlgoPur on v\u00e4ga rikas orgaaniliste komponentide, kasvustimulaatorite ja mikroelementide poolest. Lubatud kasutada mahep\u00f5llumajanduses. See toode on m\u00f5eldud laia valiku kultuuride, sh k\u00f6\u00f6giviljade, puuviljade, rohttaimede ja isegi muru jaoks. AlgoPur aitab t\u00f5sta taimede \u00fcldist tervist, eluj\u00f5udu ning suurendab vastupanuv\u00f5imet keskkonna stressiteguritele. Viano MixProf AlgoPur&#8217;i v\u00f5ib valada taime juurele v\u00f5i kasutada lehev\u00e4etisena. Soovitatav on kasutada iga 2-3 n\u00e4dala j\u00e4rel. L\u00f5petage t\u00f6\u00f6tlemine, kui hakkavad arenema \u00f5ie- ja viljapungad.  Lubatud lasutada mahetootmises!  Viano MixProf AlgoPur on suurep\u00e4rane valik igale aednikule, kes soovib oma taimi looduslikul moel toetada, saavutades samal ajal suurep\u00e4raseid tulemusi nii taimede kasvus kui ka viljade kvaliteedis.<\/p>\n","protected":false},"excerpt":{"rendered":"<p>Viano MixProf AlgoPur on saadud vesiekstraktsiooni meetoditega ilma kemikaale lisamata. See vedel merevetikas p\u00e4rineb rohelisest merevetikast, Ascophyllum nodosum. Viano MixProf AlgoPur on v\u00e4ga rikas orgaaniliste komponentide, kasvustimulaatorite ja mikroelementide poolest. Lubatud kasutada mahep\u00f5llumajanduses. See toode on m\u00f5eldud laia valiku kultuuride, sh k\u00f6\u00f6giviljade, puuviljade, rohttaimede ja isegi muru jaoks. AlgoPur aitab t\u00f5sta taimede \u00fcldist tervist, eluj\u00f5udu [&hellip;]<\/p>\n","protected":false},"featured_media":2484328,"comment_status":"closed","ping_status":"closed","template":"","meta":{"_themeisle_gutenberg_block_has_review":false},"product_cat":[16965,16966,16970,13572],"product_tag":[],"class_list":{"0":"post-2477359","1":"product","2":"type-product","3":"status-publish","4":"has-post-thumbnail","6":"product_cat-koogiviljadele-ja-maitsetaimedele","7":"product_cat-marjadele-ja-puuviljadele","8":"product_cat-murule","9":"product_cat-vaetised-lilledele","11":"first","12":"instock","13":"shipping-taxable","14":"purchasable","15":"product-type-simple"},"yoast_head":"<!-- This site is optimized with the Yoast SEO plugin v24.0 - https:\/\/yoast.com\/wordpress\/plugins\/seo\/ -->\n<title>BIO Vedelv\u00e4etis Viano MixProf ALGOPUR 5L vedel merevetika ekstrakt - Horticom<\/title>\n<meta name=\"robots\" content=\"index, follow, max-snippet:-1, max-image-preview:large, max-video-preview:-1\" \/>\n<link rel=\"canonical\" href=\"https:\/\/horticom.ee\/e-pood\/toode\/bio-vedelvaetis-viano-mixprof-algopur-5l-vedel-merevetika-ekstrakt\/\" \/>\n<meta property=\"og:locale\" content=\"et_EE\" \/>\n<meta property=\"og:type\" content=\"article\" \/>\n<meta property=\"og:title\" content=\"BIO Vedelv\u00e4etis Viano MixProf ALGOPUR 5L vedel merevetika ekstrakt - Horticom\" \/>\n<meta property=\"og:description\" content=\"Viano MixProf AlgoPur on saadud vesiekstraktsiooni meetoditega ilma kemikaale lisamata. See vedel merevetikas p\u00e4rineb rohelisest merevetikast, Ascophyllum nodosum. Viano MixProf AlgoPur on v\u00e4ga rikas orgaaniliste komponentide, kasvustimulaatorite ja mikroelementide poolest. Lubatud kasutada mahep\u00f5llumajanduses. See toode on m\u00f5eldud laia valiku kultuuride, sh k\u00f6\u00f6giviljade, puuviljade, rohttaimede ja isegi muru jaoks. AlgoPur aitab t\u00f5sta taimede \u00fcldist tervist, eluj\u00f5udu [&hellip;]\" \/>\n<meta property=\"og:url\" content=\"https:\/\/horticom.ee\/e-pood\/toode\/bio-vedelvaetis-viano-mixprof-algopur-5l-vedel-merevetika-ekstrakt\/\" \/>\n<meta property=\"og:site_name\" content=\"Horticom.ee\" \/>\n<meta property=\"article:publisher\" content=\"https:\/\/www.facebook.com\/horticom.ee\/e-pood\" \/>\n<meta property=\"article:modified_time\" content=\"2026-05-02T00:11:13+00:00\" \/>\n<meta property=\"og:image\" content=\"https:\/\/horticom.ee\/e-pood\/wp-content\/uploads\/importedmedia\/product_2477359_0_LQALG05.jpg\" \/>\n\t<meta property=\"og:image:width\" content=\"1000\" \/>\n\t<meta property=\"og:image:height\" content=\"1000\" \/>\n\t<meta property=\"og:image:type\" content=\"image\/jpeg\" \/>\n<meta name=\"twitter:card\" content=\"summary_large_image\" \/>\n<meta name=\"twitter:label1\" content=\"Est. reading time\" \/>\n\t<meta name=\"twitter:data1\" content=\"1 minut\" \/>\n<script type=\"application\/ld+json\" class=\"yoast-schema-graph\">{\"@context\":\"https:\/\/schema.org\",\"@graph\":[{\"@type\":\"WebPage\",\"@id\":\"https:\/\/horticom.ee\/e-pood\/toode\/bio-vedelvaetis-viano-mixprof-algopur-5l-vedel-merevetika-ekstrakt\/\",\"url\":\"https:\/\/horticom.ee\/e-pood\/toode\/bio-vedelvaetis-viano-mixprof-algopur-5l-vedel-merevetika-ekstrakt\/\",\"name\":\"BIO Vedelv\u00e4etis Viano MixProf ALGOPUR 5L vedel merevetika ekstrakt - Horticom\",\"isPartOf\":{\"@id\":\"https:\/\/horticom.ee\/e-pood\/#website\"},\"primaryImageOfPage\":{\"@id\":\"https:\/\/horticom.ee\/e-pood\/toode\/bio-vedelvaetis-viano-mixprof-algopur-5l-vedel-merevetika-ekstrakt\/#primaryimage\"},\"image\":{\"@id\":\"https:\/\/horticom.ee\/e-pood\/toode\/bio-vedelvaetis-viano-mixprof-algopur-5l-vedel-merevetika-ekstrakt\/#primaryimage\"},\"thumbnailUrl\":\"https:\/\/horticom.ee\/e-pood\/wp-content\/uploads\/importedmedia\/product_2477359_0_LQALG05.jpg\",\"datePublished\":\"2025-10-22T10:00:37+00:00\",\"dateModified\":\"2026-05-02T00:11:13+00:00\",\"breadcrumb\":{\"@id\":\"https:\/\/horticom.ee\/e-pood\/toode\/bio-vedelvaetis-viano-mixprof-algopur-5l-vedel-merevetika-ekstrakt\/#breadcrumb\"},\"inLanguage\":\"et\",\"potentialAction\":[{\"@type\":\"ReadAction\",\"target\":[\"https:\/\/horticom.ee\/e-pood\/toode\/bio-vedelvaetis-viano-mixprof-algopur-5l-vedel-merevetika-ekstrakt\/\"]}]},{\"@type\":\"ImageObject\",\"inLanguage\":\"et\",\"@id\":\"https:\/\/horticom.ee\/e-pood\/toode\/bio-vedelvaetis-viano-mixprof-algopur-5l-vedel-merevetika-ekstrakt\/#primaryimage\",\"url\":\"https:\/\/horticom.ee\/e-pood\/wp-content\/uploads\/importedmedia\/product_2477359_0_LQALG05.jpg\",\"contentUrl\":\"https:\/\/horticom.ee\/e-pood\/wp-content\/uploads\/importedmedia\/product_2477359_0_LQALG05.jpg\",\"width\":1000,\"height\":1000},{\"@type\":\"BreadcrumbList\",\"@id\":\"https:\/\/horticom.ee\/e-pood\/toode\/bio-vedelvaetis-viano-mixprof-algopur-5l-vedel-merevetika-ekstrakt\/#breadcrumb\",\"itemListElement\":[{\"@type\":\"ListItem\",\"position\":1,\"name\":\"Home\",\"item\":\"https:\/\/horticom.ee\/e-pood\/\"},{\"@type\":\"ListItem\",\"position\":2,\"name\":\"Pood\",\"item\":\"https:\/\/horticom.ee\/e-pood\/pood\/\"},{\"@type\":\"ListItem\",\"position\":3,\"name\":\"BIO Vedelv\u00e4etis Viano MixProf ALGOPUR 5L vedel merevetika ekstrakt\"}]},{\"@type\":\"WebSite\",\"@id\":\"https:\/\/horticom.ee\/e-pood\/#website\",\"url\":\"https:\/\/horticom.ee\/e-pood\/\",\"name\":\"Horticom.ee\",\"description\":\"Aianduskaubad ja kodukaubad nii harrastajatele kui professionaalidele\",\"potentialAction\":[{\"@type\":\"SearchAction\",\"target\":{\"@type\":\"EntryPoint\",\"urlTemplate\":\"https:\/\/horticom.ee\/e-pood\/?s={search_term_string}\"},\"query-input\":{\"@type\":\"PropertyValueSpecification\",\"valueRequired\":true,\"valueName\":\"search_term_string\"}}],\"inLanguage\":\"et\"}]}<\/script>\n<!-- \/ Yoast SEO plugin. -->","yoast_head_json":{"title":"BIO Vedelv\u00e4etis Viano MixProf ALGOPUR 5L vedel merevetika ekstrakt - Horticom","robots":{"index":"index","follow":"follow","max-snippet":"max-snippet:-1","max-image-preview":"max-image-preview:large","max-video-preview":"max-video-preview:-1"},"canonical":"https:\/\/horticom.ee\/e-pood\/toode\/bio-vedelvaetis-viano-mixprof-algopur-5l-vedel-merevetika-ekstrakt\/","og_locale":"et_EE","og_type":"article","og_title":"BIO Vedelv\u00e4etis Viano MixProf ALGOPUR 5L vedel merevetika ekstrakt - Horticom","og_description":"Viano MixProf AlgoPur on saadud vesiekstraktsiooni meetoditega ilma kemikaale lisamata. See vedel merevetikas p\u00e4rineb rohelisest merevetikast, Ascophyllum nodosum. Viano MixProf AlgoPur on v\u00e4ga rikas orgaaniliste komponentide, kasvustimulaatorite ja mikroelementide poolest. Lubatud kasutada mahep\u00f5llumajanduses. See toode on m\u00f5eldud laia valiku kultuuride, sh k\u00f6\u00f6giviljade, puuviljade, rohttaimede ja isegi muru jaoks. AlgoPur aitab t\u00f5sta taimede \u00fcldist tervist, eluj\u00f5udu [&hellip;]","og_url":"https:\/\/horticom.ee\/e-pood\/toode\/bio-vedelvaetis-viano-mixprof-algopur-5l-vedel-merevetika-ekstrakt\/","og_site_name":"Horticom.ee","article_publisher":"https:\/\/www.facebook.com\/horticom.ee\/e-pood","article_modified_time":"2026-05-02T00:11:13+00:00","og_image":[{"width":1000,"height":1000,"url":"https:\/\/horticom.ee\/e-pood\/wp-content\/uploads\/importedmedia\/product_2477359_0_LQALG05.jpg","type":"image\/jpeg"}],"twitter_card":"summary_large_image","twitter_misc":{"Est. reading time":"1 minut"},"schema":{"@context":"https:\/\/schema.org","@graph":[{"@type":"WebPage","@id":"https:\/\/horticom.ee\/e-pood\/toode\/bio-vedelvaetis-viano-mixprof-algopur-5l-vedel-merevetika-ekstrakt\/","url":"https:\/\/horticom.ee\/e-pood\/toode\/bio-vedelvaetis-viano-mixprof-algopur-5l-vedel-merevetika-ekstrakt\/","name":"BIO Vedelv\u00e4etis Viano MixProf ALGOPUR 5L vedel merevetika ekstrakt - Horticom","isPartOf":{"@id":"https:\/\/horticom.ee\/e-pood\/#website"},"primaryImageOfPage":{"@id":"https:\/\/horticom.ee\/e-pood\/toode\/bio-vedelvaetis-viano-mixprof-algopur-5l-vedel-merevetika-ekstrakt\/#primaryimage"},"image":{"@id":"https:\/\/horticom.ee\/e-pood\/toode\/bio-vedelvaetis-viano-mixprof-algopur-5l-vedel-merevetika-ekstrakt\/#primaryimage"},"thumbnailUrl":"https:\/\/horticom.ee\/e-pood\/wp-content\/uploads\/importedmedia\/product_2477359_0_LQALG05.jpg","datePublished":"2025-10-22T10:00:37+00:00","dateModified":"2026-05-02T00:11:13+00:00","breadcrumb":{"@id":"https:\/\/horticom.ee\/e-pood\/toode\/bio-vedelvaetis-viano-mixprof-algopur-5l-vedel-merevetika-ekstrakt\/#breadcrumb"},"inLanguage":"et","potentialAction":[{"@type":"ReadAction","target":["https:\/\/horticom.ee\/e-pood\/toode\/bio-vedelvaetis-viano-mixprof-algopur-5l-vedel-merevetika-ekstrakt\/"]}]},{"@type":"ImageObject","inLanguage":"et","@id":"https:\/\/horticom.ee\/e-pood\/toode\/bio-vedelvaetis-viano-mixprof-algopur-5l-vedel-merevetika-ekstrakt\/#primaryimage","url":"https:\/\/horticom.ee\/e-pood\/wp-content\/uploads\/importedmedia\/product_2477359_0_LQALG05.jpg","contentUrl":"https:\/\/horticom.ee\/e-pood\/wp-content\/uploads\/importedmedia\/product_2477359_0_LQALG05.jpg","width":1000,"height":1000},{"@type":"BreadcrumbList","@id":"https:\/\/horticom.ee\/e-pood\/toode\/bio-vedelvaetis-viano-mixprof-algopur-5l-vedel-merevetika-ekstrakt\/#breadcrumb","itemListElement":[{"@type":"ListItem","position":1,"name":"Home","item":"https:\/\/horticom.ee\/e-pood\/"},{"@type":"ListItem","position":2,"name":"Pood","item":"https:\/\/horticom.ee\/e-pood\/pood\/"},{"@type":"ListItem","position":3,"name":"BIO Vedelv\u00e4etis Viano MixProf ALGOPUR 5L vedel merevetika ekstrakt"}]},{"@type":"WebSite","@id":"https:\/\/horticom.ee\/e-pood\/#website","url":"https:\/\/horticom.ee\/e-pood\/","name":"Horticom.ee","description":"Aianduskaubad ja kodukaubad nii harrastajatele kui professionaalidele","potentialAction":[{"@type":"SearchAction","target":{"@type":"EntryPoint","urlTemplate":"https:\/\/horticom.ee\/e-pood\/?s={search_term_string}"},"query-input":{"@type":"PropertyValueSpecification","valueRequired":true,"valueName":"search_term_string"}}],"inLanguage":"et"}]}},"_links":{"self":[{"href":"https:\/\/horticom.ee\/e-pood\/wp-json\/wp\/v2\/product\/2477359","targetHints":{"allow":["GET"]}}],"collection":[{"href":"https:\/\/horticom.ee\/e-pood\/wp-json\/wp\/v2\/product"}],"about":[{"href":"https:\/\/horticom.ee\/e-pood\/wp-json\/wp\/v2\/types\/product"}],"replies":[{"embeddable":true,"href":"https:\/\/horticom.ee\/e-pood\/wp-json\/wp\/v2\/comments?post=2477359"}],"wp:featuredmedia":[{"embeddable":true,"href":"https:\/\/horticom.ee\/e-pood\/wp-json\/wp\/v2\/media\/2484328"}],"wp:attachment":[{"href":"https:\/\/horticom.ee\/e-pood\/wp-json\/wp\/v2\/media?parent=2477359"}],"wp:term":[{"taxonomy":"product_cat","embeddable":true,"href":"https:\/\/horticom.ee\/e-pood\/wp-json\/wp\/v2\/product_cat?post=2477359"},{"taxonomy":"product_tag","embeddable":true,"href":"https:\/\/horticom.ee\/e-pood\/wp-json\/wp\/v2\/product_tag?post=2477359"}],"curies":[{"name":"wp","href":"https:\/\/api.w.org\/{rel}","templated":true}]}}