{"id":2481329,"date":"2025-10-28T17:00:18","date_gmt":"2025-10-28T15:00:18","guid":{"rendered":"https:\/\/horticom.ee\/e-pood\/toode\/koogiviljaturvas-dsm-2w-extra-ph-65-ec25-0-6mm-280l-pakendamisel-300l\/"},"modified":"2026-04-25T03:10:27","modified_gmt":"2026-04-25T00:10:27","slug":"koogiviljaturvas-dsm-2w-extra-ph-65-ec25-0-6mm-280l-pakendamisel-300l","status":"publish","type":"product","link":"https:\/\/horticom.ee\/e-pood\/toode\/koogiviljaturvas-dsm-2w-extra-ph-65-ec25-0-6mm-280l-pakendamisel-300l\/","title":{"rendered":"K\u00f6\u00f6giviljaturvas DSM 2W Extra ph 6,5 \/eC2,5 \/0-6mm 280L pakendamisel 300L"},"content":{"rendered":"<p>Kekkil\u00e4 Professional eritoode k\u00f6\u00f6giviljataimede ettekasvatuseks taimekassetis v\u00f5i peenaral. Toode on s\u00f5elumisfraktsioonilt sarnane tootega k\u00fclviturvas DSM 1W, kuid rist\u00f5ieliste kultuuride turvalisemaks kasvatuseks on lisatud suuremas koguses dolomiitkriiti.<\/p>\n","protected":false},"excerpt":{"rendered":"<p>Kekkil\u00e4 Professional eritoode k\u00f6\u00f6giviljataimede ettekasvatuseks taimekassetis v\u00f5i peenaral. Toode on s\u00f5elumisfraktsioonilt sarnane tootega k\u00fclviturvas DSM 1W, kuid rist\u00f5ieliste kultuuride turvalisemaks kasvatuseks on lisatud suuremas koguses dolomiitkriiti.<\/p>\n","protected":false},"featured_media":0,"comment_status":"closed","ping_status":"closed","template":"","meta":{"_themeisle_gutenberg_block_has_review":false},"product_cat":[13575],"product_tag":[],"class_list":{"0":"post-2481329","1":"product","2":"type-product","3":"status-publish","5":"product_cat-mullad-ja-turbad","7":"first","8":"instock","9":"shipping-taxable","10":"purchasable","11":"product-type-simple"},"yoast_head":"<!-- This site is optimized with the Yoast SEO plugin v24.0 - https:\/\/yoast.com\/wordpress\/plugins\/seo\/ -->\n<title>K\u00f6\u00f6giviljaturvas DSM 2W Extra ph 6,5 \/eC2,5 \/0-6mm 280L pakendamisel 300L - Horticom<\/title>\n<meta name=\"robots\" content=\"index, follow, max-snippet:-1, max-image-preview:large, max-video-preview:-1\" \/>\n<link rel=\"canonical\" href=\"https:\/\/horticom.ee\/e-pood\/toode\/koogiviljaturvas-dsm-2w-extra-ph-65-ec25-0-6mm-280l-pakendamisel-300l\/\" \/>\n<meta property=\"og:locale\" content=\"et_EE\" \/>\n<meta property=\"og:type\" content=\"article\" \/>\n<meta property=\"og:title\" content=\"K\u00f6\u00f6giviljaturvas DSM 2W Extra ph 6,5 \/eC2,5 \/0-6mm 280L pakendamisel 300L - Horticom\" \/>\n<meta property=\"og:description\" content=\"Kekkil\u00e4 Professional eritoode k\u00f6\u00f6giviljataimede ettekasvatuseks taimekassetis v\u00f5i peenaral. Toode on s\u00f5elumisfraktsioonilt sarnane tootega k\u00fclviturvas DSM 1W, kuid rist\u00f5ieliste kultuuride turvalisemaks kasvatuseks on lisatud suuremas koguses dolomiitkriiti.\" \/>\n<meta property=\"og:url\" content=\"https:\/\/horticom.ee\/e-pood\/toode\/koogiviljaturvas-dsm-2w-extra-ph-65-ec25-0-6mm-280l-pakendamisel-300l\/\" \/>\n<meta property=\"og:site_name\" content=\"Horticom.ee\" \/>\n<meta property=\"article:publisher\" content=\"https:\/\/www.facebook.com\/horticom.ee\/e-pood\" \/>\n<meta property=\"article:modified_time\" content=\"2026-04-25T00:10:27+00:00\" \/>\n<meta name=\"twitter:card\" content=\"summary_large_image\" \/>\n<script type=\"application\/ld+json\" class=\"yoast-schema-graph\">{\"@context\":\"https:\/\/schema.org\",\"@graph\":[{\"@type\":\"WebPage\",\"@id\":\"https:\/\/horticom.ee\/e-pood\/toode\/koogiviljaturvas-dsm-2w-extra-ph-65-ec25-0-6mm-280l-pakendamisel-300l\/\",\"url\":\"https:\/\/horticom.ee\/e-pood\/toode\/koogiviljaturvas-dsm-2w-extra-ph-65-ec25-0-6mm-280l-pakendamisel-300l\/\",\"name\":\"K\u00f6\u00f6giviljaturvas DSM 2W Extra ph 6,5 \/eC2,5 \/0-6mm 280L pakendamisel 300L - Horticom\",\"isPartOf\":{\"@id\":\"https:\/\/horticom.ee\/e-pood\/#website\"},\"datePublished\":\"2025-10-28T15:00:18+00:00\",\"dateModified\":\"2026-04-25T00:10:27+00:00\",\"breadcrumb\":{\"@id\":\"https:\/\/horticom.ee\/e-pood\/toode\/koogiviljaturvas-dsm-2w-extra-ph-65-ec25-0-6mm-280l-pakendamisel-300l\/#breadcrumb\"},\"inLanguage\":\"et\",\"potentialAction\":[{\"@type\":\"ReadAction\",\"target\":[\"https:\/\/horticom.ee\/e-pood\/toode\/koogiviljaturvas-dsm-2w-extra-ph-65-ec25-0-6mm-280l-pakendamisel-300l\/\"]}]},{\"@type\":\"BreadcrumbList\",\"@id\":\"https:\/\/horticom.ee\/e-pood\/toode\/koogiviljaturvas-dsm-2w-extra-ph-65-ec25-0-6mm-280l-pakendamisel-300l\/#breadcrumb\",\"itemListElement\":[{\"@type\":\"ListItem\",\"position\":1,\"name\":\"Home\",\"item\":\"https:\/\/horticom.ee\/e-pood\/\"},{\"@type\":\"ListItem\",\"position\":2,\"name\":\"Pood\",\"item\":\"https:\/\/horticom.ee\/e-pood\/pood\/\"},{\"@type\":\"ListItem\",\"position\":3,\"name\":\"K\u00f6\u00f6giviljaturvas DSM 2W Extra ph 6,5 \/eC2,5 \/0-6mm 280L pakendamisel 300L\"}]},{\"@type\":\"WebSite\",\"@id\":\"https:\/\/horticom.ee\/e-pood\/#website\",\"url\":\"https:\/\/horticom.ee\/e-pood\/\",\"name\":\"Horticom.ee\",\"description\":\"Aianduskaubad ja kodukaubad nii harrastajatele kui professionaalidele\",\"potentialAction\":[{\"@type\":\"SearchAction\",\"target\":{\"@type\":\"EntryPoint\",\"urlTemplate\":\"https:\/\/horticom.ee\/e-pood\/?s={search_term_string}\"},\"query-input\":{\"@type\":\"PropertyValueSpecification\",\"valueRequired\":true,\"valueName\":\"search_term_string\"}}],\"inLanguage\":\"et\"}]}<\/script>\n<!-- \/ Yoast SEO plugin. -->","yoast_head_json":{"title":"K\u00f6\u00f6giviljaturvas DSM 2W Extra ph 6,5 \/eC2,5 \/0-6mm 280L pakendamisel 300L - Horticom","robots":{"index":"index","follow":"follow","max-snippet":"max-snippet:-1","max-image-preview":"max-image-preview:large","max-video-preview":"max-video-preview:-1"},"canonical":"https:\/\/horticom.ee\/e-pood\/toode\/koogiviljaturvas-dsm-2w-extra-ph-65-ec25-0-6mm-280l-pakendamisel-300l\/","og_locale":"et_EE","og_type":"article","og_title":"K\u00f6\u00f6giviljaturvas DSM 2W Extra ph 6,5 \/eC2,5 \/0-6mm 280L pakendamisel 300L - Horticom","og_description":"Kekkil\u00e4 Professional eritoode k\u00f6\u00f6giviljataimede ettekasvatuseks taimekassetis v\u00f5i peenaral. Toode on s\u00f5elumisfraktsioonilt sarnane tootega k\u00fclviturvas DSM 1W, kuid rist\u00f5ieliste kultuuride turvalisemaks kasvatuseks on lisatud suuremas koguses dolomiitkriiti.","og_url":"https:\/\/horticom.ee\/e-pood\/toode\/koogiviljaturvas-dsm-2w-extra-ph-65-ec25-0-6mm-280l-pakendamisel-300l\/","og_site_name":"Horticom.ee","article_publisher":"https:\/\/www.facebook.com\/horticom.ee\/e-pood","article_modified_time":"2026-04-25T00:10:27+00:00","twitter_card":"summary_large_image","schema":{"@context":"https:\/\/schema.org","@graph":[{"@type":"WebPage","@id":"https:\/\/horticom.ee\/e-pood\/toode\/koogiviljaturvas-dsm-2w-extra-ph-65-ec25-0-6mm-280l-pakendamisel-300l\/","url":"https:\/\/horticom.ee\/e-pood\/toode\/koogiviljaturvas-dsm-2w-extra-ph-65-ec25-0-6mm-280l-pakendamisel-300l\/","name":"K\u00f6\u00f6giviljaturvas DSM 2W Extra ph 6,5 \/eC2,5 \/0-6mm 280L pakendamisel 300L - Horticom","isPartOf":{"@id":"https:\/\/horticom.ee\/e-pood\/#website"},"datePublished":"2025-10-28T15:00:18+00:00","dateModified":"2026-04-25T00:10:27+00:00","breadcrumb":{"@id":"https:\/\/horticom.ee\/e-pood\/toode\/koogiviljaturvas-dsm-2w-extra-ph-65-ec25-0-6mm-280l-pakendamisel-300l\/#breadcrumb"},"inLanguage":"et","potentialAction":[{"@type":"ReadAction","target":["https:\/\/horticom.ee\/e-pood\/toode\/koogiviljaturvas-dsm-2w-extra-ph-65-ec25-0-6mm-280l-pakendamisel-300l\/"]}]},{"@type":"BreadcrumbList","@id":"https:\/\/horticom.ee\/e-pood\/toode\/koogiviljaturvas-dsm-2w-extra-ph-65-ec25-0-6mm-280l-pakendamisel-300l\/#breadcrumb","itemListElement":[{"@type":"ListItem","position":1,"name":"Home","item":"https:\/\/horticom.ee\/e-pood\/"},{"@type":"ListItem","position":2,"name":"Pood","item":"https:\/\/horticom.ee\/e-pood\/pood\/"},{"@type":"ListItem","position":3,"name":"K\u00f6\u00f6giviljaturvas DSM 2W Extra ph 6,5 \/eC2,5 \/0-6mm 280L pakendamisel 300L"}]},{"@type":"WebSite","@id":"https:\/\/horticom.ee\/e-pood\/#website","url":"https:\/\/horticom.ee\/e-pood\/","name":"Horticom.ee","description":"Aianduskaubad ja kodukaubad nii harrastajatele kui professionaalidele","potentialAction":[{"@type":"SearchAction","target":{"@type":"EntryPoint","urlTemplate":"https:\/\/horticom.ee\/e-pood\/?s={search_term_string}"},"query-input":{"@type":"PropertyValueSpecification","valueRequired":true,"valueName":"search_term_string"}}],"inLanguage":"et"}]}},"_links":{"self":[{"href":"https:\/\/horticom.ee\/e-pood\/wp-json\/wp\/v2\/product\/2481329","targetHints":{"allow":["GET"]}}],"collection":[{"href":"https:\/\/horticom.ee\/e-pood\/wp-json\/wp\/v2\/product"}],"about":[{"href":"https:\/\/horticom.ee\/e-pood\/wp-json\/wp\/v2\/types\/product"}],"replies":[{"embeddable":true,"href":"https:\/\/horticom.ee\/e-pood\/wp-json\/wp\/v2\/comments?post=2481329"}],"wp:attachment":[{"href":"https:\/\/horticom.ee\/e-pood\/wp-json\/wp\/v2\/media?parent=2481329"}],"wp:term":[{"taxonomy":"product_cat","embeddable":true,"href":"https:\/\/horticom.ee\/e-pood\/wp-json\/wp\/v2\/product_cat?post=2481329"},{"taxonomy":"product_tag","embeddable":true,"href":"https:\/\/horticom.ee\/e-pood\/wp-json\/wp\/v2\/product_tag?post=2481329"}],"curies":[{"name":"wp","href":"https:\/\/api.w.org\/{rel}","templated":true}]}}