{"id":2491243,"date":"2025-11-10T17:00:30","date_gmt":"2025-11-10T15:00:30","guid":{"rendered":"https:\/\/horticom.ee\/e-pood\/toode\/vaetis-ficote-total-17-9-112mgo-te-5-6k-25kg\/"},"modified":"2026-04-24T03:12:19","modified_gmt":"2026-04-24T00:12:19","slug":"vaetis-ficote-total-17-9-112mgo-te-5-6k-25kg","status":"publish","type":"product","link":"https:\/\/horticom.ee\/e-pood\/toode\/vaetis-ficote-total-17-9-112mgo-te-5-6k-25kg\/","title":{"rendered":"V\u00e4etis Ficote Total 17-9-11+2MgO +te \/ 5-6k 25kg"},"content":{"rendered":"<p>Ficote Total on 100% kaetud NPK v\u00e4etis. V\u00e4lja t\u00f6\u00f6tatud baasv\u00e4etisena kasutamiseks. Enamasti kasutatakse koos veeslahustuvate v\u00e4etistega taimedel, millel on v\u00e4iksem toitainete vajadus. See on teise klassi \u201e2nd generation\u201c v\u00e4etis, mis t\u00e4hendab, et pikaajaline toiteelementide vabanemine on garanteeritud.<\/p>\n","protected":false},"excerpt":{"rendered":"<p>Ficote Total on 100% kaetud NPK v\u00e4etis. V\u00e4lja t\u00f6\u00f6tatud baasv\u00e4etisena kasutamiseks. Enamasti kasutatakse koos veeslahustuvate v\u00e4etistega taimedel, millel on v\u00e4iksem toitainete vajadus. See on teise klassi \u201e2nd generation\u201c v\u00e4etis, mis t\u00e4hendab, et pikaajaline toiteelementide vabanemine on garanteeritud.<\/p>\n","protected":false},"featured_media":0,"comment_status":"closed","ping_status":"closed","template":"","meta":{"_themeisle_gutenberg_block_has_review":false},"product_cat":[16963,16964],"product_tag":[],"class_list":{"0":"post-2491243","1":"product","2":"type-product","3":"status-publish","5":"product_cat-roosidele","6":"product_cat-suvelilledele-ja-rodutaimedele","8":"first","9":"outofstock","10":"shipping-taxable","11":"purchasable","12":"product-type-simple"},"yoast_head":"<!-- This site is optimized with the Yoast SEO plugin v24.0 - https:\/\/yoast.com\/wordpress\/plugins\/seo\/ -->\n<title>V\u00e4etis Ficote Total 17-9-11+2MgO +te \/ 5-6k 25kg - Horticom<\/title>\n<meta name=\"robots\" content=\"index, follow, max-snippet:-1, max-image-preview:large, max-video-preview:-1\" \/>\n<link rel=\"canonical\" href=\"https:\/\/horticom.ee\/e-pood\/toode\/vaetis-ficote-total-17-9-112mgo-te-5-6k-25kg\/\" \/>\n<meta property=\"og:locale\" content=\"et_EE\" \/>\n<meta property=\"og:type\" content=\"article\" \/>\n<meta property=\"og:title\" content=\"V\u00e4etis Ficote Total 17-9-11+2MgO +te \/ 5-6k 25kg - Horticom\" \/>\n<meta property=\"og:description\" content=\"Ficote Total on 100% kaetud NPK v\u00e4etis. V\u00e4lja t\u00f6\u00f6tatud baasv\u00e4etisena kasutamiseks. Enamasti kasutatakse koos veeslahustuvate v\u00e4etistega taimedel, millel on v\u00e4iksem toitainete vajadus. See on teise klassi \u201e2nd generation\u201c v\u00e4etis, mis t\u00e4hendab, et pikaajaline toiteelementide vabanemine on garanteeritud.\" \/>\n<meta property=\"og:url\" content=\"https:\/\/horticom.ee\/e-pood\/toode\/vaetis-ficote-total-17-9-112mgo-te-5-6k-25kg\/\" \/>\n<meta property=\"og:site_name\" content=\"Horticom.ee\" \/>\n<meta property=\"article:publisher\" content=\"https:\/\/www.facebook.com\/horticom.ee\/e-pood\" \/>\n<meta property=\"article:modified_time\" content=\"2026-04-24T00:12:19+00:00\" \/>\n<meta name=\"twitter:card\" content=\"summary_large_image\" \/>\n<script type=\"application\/ld+json\" class=\"yoast-schema-graph\">{\"@context\":\"https:\/\/schema.org\",\"@graph\":[{\"@type\":\"WebPage\",\"@id\":\"https:\/\/horticom.ee\/e-pood\/toode\/vaetis-ficote-total-17-9-112mgo-te-5-6k-25kg\/\",\"url\":\"https:\/\/horticom.ee\/e-pood\/toode\/vaetis-ficote-total-17-9-112mgo-te-5-6k-25kg\/\",\"name\":\"V\u00e4etis Ficote Total 17-9-11+2MgO +te \/ 5-6k 25kg - Horticom\",\"isPartOf\":{\"@id\":\"https:\/\/horticom.ee\/e-pood\/#website\"},\"datePublished\":\"2025-11-10T15:00:30+00:00\",\"dateModified\":\"2026-04-24T00:12:19+00:00\",\"breadcrumb\":{\"@id\":\"https:\/\/horticom.ee\/e-pood\/toode\/vaetis-ficote-total-17-9-112mgo-te-5-6k-25kg\/#breadcrumb\"},\"inLanguage\":\"et\",\"potentialAction\":[{\"@type\":\"ReadAction\",\"target\":[\"https:\/\/horticom.ee\/e-pood\/toode\/vaetis-ficote-total-17-9-112mgo-te-5-6k-25kg\/\"]}]},{\"@type\":\"BreadcrumbList\",\"@id\":\"https:\/\/horticom.ee\/e-pood\/toode\/vaetis-ficote-total-17-9-112mgo-te-5-6k-25kg\/#breadcrumb\",\"itemListElement\":[{\"@type\":\"ListItem\",\"position\":1,\"name\":\"Home\",\"item\":\"https:\/\/horticom.ee\/e-pood\/\"},{\"@type\":\"ListItem\",\"position\":2,\"name\":\"Pood\",\"item\":\"https:\/\/horticom.ee\/e-pood\/pood\/\"},{\"@type\":\"ListItem\",\"position\":3,\"name\":\"V\u00e4etis Ficote Total 17-9-11+2MgO +te \/ 5-6k 25kg\"}]},{\"@type\":\"WebSite\",\"@id\":\"https:\/\/horticom.ee\/e-pood\/#website\",\"url\":\"https:\/\/horticom.ee\/e-pood\/\",\"name\":\"Horticom.ee\",\"description\":\"Aianduskaubad ja kodukaubad nii harrastajatele kui professionaalidele\",\"potentialAction\":[{\"@type\":\"SearchAction\",\"target\":{\"@type\":\"EntryPoint\",\"urlTemplate\":\"https:\/\/horticom.ee\/e-pood\/?s={search_term_string}\"},\"query-input\":{\"@type\":\"PropertyValueSpecification\",\"valueRequired\":true,\"valueName\":\"search_term_string\"}}],\"inLanguage\":\"et\"}]}<\/script>\n<!-- \/ Yoast SEO plugin. -->","yoast_head_json":{"title":"V\u00e4etis Ficote Total 17-9-11+2MgO +te \/ 5-6k 25kg - Horticom","robots":{"index":"index","follow":"follow","max-snippet":"max-snippet:-1","max-image-preview":"max-image-preview:large","max-video-preview":"max-video-preview:-1"},"canonical":"https:\/\/horticom.ee\/e-pood\/toode\/vaetis-ficote-total-17-9-112mgo-te-5-6k-25kg\/","og_locale":"et_EE","og_type":"article","og_title":"V\u00e4etis Ficote Total 17-9-11+2MgO +te \/ 5-6k 25kg - Horticom","og_description":"Ficote Total on 100% kaetud NPK v\u00e4etis. V\u00e4lja t\u00f6\u00f6tatud baasv\u00e4etisena kasutamiseks. Enamasti kasutatakse koos veeslahustuvate v\u00e4etistega taimedel, millel on v\u00e4iksem toitainete vajadus. See on teise klassi \u201e2nd generation\u201c v\u00e4etis, mis t\u00e4hendab, et pikaajaline toiteelementide vabanemine on garanteeritud.","og_url":"https:\/\/horticom.ee\/e-pood\/toode\/vaetis-ficote-total-17-9-112mgo-te-5-6k-25kg\/","og_site_name":"Horticom.ee","article_publisher":"https:\/\/www.facebook.com\/horticom.ee\/e-pood","article_modified_time":"2026-04-24T00:12:19+00:00","twitter_card":"summary_large_image","schema":{"@context":"https:\/\/schema.org","@graph":[{"@type":"WebPage","@id":"https:\/\/horticom.ee\/e-pood\/toode\/vaetis-ficote-total-17-9-112mgo-te-5-6k-25kg\/","url":"https:\/\/horticom.ee\/e-pood\/toode\/vaetis-ficote-total-17-9-112mgo-te-5-6k-25kg\/","name":"V\u00e4etis Ficote Total 17-9-11+2MgO +te \/ 5-6k 25kg - Horticom","isPartOf":{"@id":"https:\/\/horticom.ee\/e-pood\/#website"},"datePublished":"2025-11-10T15:00:30+00:00","dateModified":"2026-04-24T00:12:19+00:00","breadcrumb":{"@id":"https:\/\/horticom.ee\/e-pood\/toode\/vaetis-ficote-total-17-9-112mgo-te-5-6k-25kg\/#breadcrumb"},"inLanguage":"et","potentialAction":[{"@type":"ReadAction","target":["https:\/\/horticom.ee\/e-pood\/toode\/vaetis-ficote-total-17-9-112mgo-te-5-6k-25kg\/"]}]},{"@type":"BreadcrumbList","@id":"https:\/\/horticom.ee\/e-pood\/toode\/vaetis-ficote-total-17-9-112mgo-te-5-6k-25kg\/#breadcrumb","itemListElement":[{"@type":"ListItem","position":1,"name":"Home","item":"https:\/\/horticom.ee\/e-pood\/"},{"@type":"ListItem","position":2,"name":"Pood","item":"https:\/\/horticom.ee\/e-pood\/pood\/"},{"@type":"ListItem","position":3,"name":"V\u00e4etis Ficote Total 17-9-11+2MgO +te \/ 5-6k 25kg"}]},{"@type":"WebSite","@id":"https:\/\/horticom.ee\/e-pood\/#website","url":"https:\/\/horticom.ee\/e-pood\/","name":"Horticom.ee","description":"Aianduskaubad ja kodukaubad nii harrastajatele kui professionaalidele","potentialAction":[{"@type":"SearchAction","target":{"@type":"EntryPoint","urlTemplate":"https:\/\/horticom.ee\/e-pood\/?s={search_term_string}"},"query-input":{"@type":"PropertyValueSpecification","valueRequired":true,"valueName":"search_term_string"}}],"inLanguage":"et"}]}},"_links":{"self":[{"href":"https:\/\/horticom.ee\/e-pood\/wp-json\/wp\/v2\/product\/2491243","targetHints":{"allow":["GET"]}}],"collection":[{"href":"https:\/\/horticom.ee\/e-pood\/wp-json\/wp\/v2\/product"}],"about":[{"href":"https:\/\/horticom.ee\/e-pood\/wp-json\/wp\/v2\/types\/product"}],"replies":[{"embeddable":true,"href":"https:\/\/horticom.ee\/e-pood\/wp-json\/wp\/v2\/comments?post=2491243"}],"wp:attachment":[{"href":"https:\/\/horticom.ee\/e-pood\/wp-json\/wp\/v2\/media?parent=2491243"}],"wp:term":[{"taxonomy":"product_cat","embeddable":true,"href":"https:\/\/horticom.ee\/e-pood\/wp-json\/wp\/v2\/product_cat?post=2491243"},{"taxonomy":"product_tag","embeddable":true,"href":"https:\/\/horticom.ee\/e-pood\/wp-json\/wp\/v2\/product_tag?post=2491243"}],"curies":[{"name":"wp","href":"https:\/\/api.w.org\/{rel}","templated":true}]}}