{"id":2501104,"date":"2025-11-25T17:00:19","date_gmt":"2025-11-25T15:00:19","guid":{"rendered":"https:\/\/horticom.ee\/e-pood\/toode\/vetikate-pidurdaja-anti-fosfaat-250ml\/"},"modified":"2025-12-01T13:01:29","modified_gmt":"2025-12-01T11:01:29","slug":"vetikate-pidurdaja-anti-fosfaat-250ml","status":"publish","type":"product","link":"https:\/\/horticom.ee\/e-pood\/toode\/vetikate-pidurdaja-anti-fosfaat-250ml\/","title":{"rendered":"Vetikate pidurdaja anti-fosfaat 250ml"},"content":{"rendered":"<p>Vetikate pidurdaja \u2013 fosfaatide eemaldamiseks veest. Ideaalne kasutada enne ja p\u00e4rast talve, et h\u00e4vitada tiigiveest fosfaadid ning takistada sellega vetikate teket. Ideaalselt kasutatav filtri k\u00e4ivitusbakteritena k\u00f5ikides tiigifiltris\u00fcsteemides, kuid sobib ka tiikidele, kus ei kasutata filtrit.<br \/>\nNB! Ei sobi tiigivette, kus on koi-kalad.<\/p>\n","protected":false},"excerpt":{"rendered":"<p>Vetikate pidurdaja \u2013 fosfaatide eemaldamiseks veest. Ideaalne kasutada enne ja p\u00e4rast talve, et h\u00e4vitada tiigiveest fosfaadid ning takistada sellega vetikate teket. Ideaalselt kasutatav filtri k\u00e4ivitusbakteritena k\u00f5ikides tiigifiltris\u00fcsteemides, kuid sobib ka tiikidele, kus ei kasutata filtrit. NB! Ei sobi tiigivette, kus on koi-kalad.<\/p>\n","protected":false},"featured_media":2501149,"comment_status":"closed","ping_status":"closed","template":"","meta":{"_themeisle_gutenberg_block_has_review":false},"product_cat":[13362],"product_tag":[],"class_list":{"0":"post-2501104","1":"product","2":"type-product","3":"status-publish","4":"has-post-thumbnail","6":"product_cat-tiigi-ja-basseinipuhastajad","8":"first","9":"outofstock","10":"sale","11":"shipping-taxable","12":"purchasable","13":"product-type-simple"},"yoast_head":"<!-- This site is optimized with the Yoast SEO plugin v24.0 - https:\/\/yoast.com\/wordpress\/plugins\/seo\/ -->\n<title>Vetikate pidurdaja anti-fosfaat 250ml - Horticom<\/title>\n<meta name=\"robots\" content=\"index, follow, max-snippet:-1, max-image-preview:large, max-video-preview:-1\" \/>\n<link rel=\"canonical\" href=\"https:\/\/horticom.ee\/e-pood\/toode\/vetikate-pidurdaja-anti-fosfaat-250ml\/\" \/>\n<meta property=\"og:locale\" content=\"et_EE\" \/>\n<meta property=\"og:type\" content=\"article\" \/>\n<meta property=\"og:title\" content=\"Vetikate pidurdaja anti-fosfaat 250ml - Horticom\" \/>\n<meta property=\"og:description\" content=\"Vetikate pidurdaja \u2013 fosfaatide eemaldamiseks veest. Ideaalne kasutada enne ja p\u00e4rast talve, et h\u00e4vitada tiigiveest fosfaadid ning takistada sellega vetikate teket. Ideaalselt kasutatav filtri k\u00e4ivitusbakteritena k\u00f5ikides tiigifiltris\u00fcsteemides, kuid sobib ka tiikidele, kus ei kasutata filtrit. NB! Ei sobi tiigivette, kus on koi-kalad.\" \/>\n<meta property=\"og:url\" content=\"https:\/\/horticom.ee\/e-pood\/toode\/vetikate-pidurdaja-anti-fosfaat-250ml\/\" \/>\n<meta property=\"og:site_name\" content=\"Horticom.ee\" \/>\n<meta property=\"article:publisher\" content=\"https:\/\/www.facebook.com\/horticom.ee\/e-pood\" \/>\n<meta property=\"article:modified_time\" content=\"2025-12-01T11:01:29+00:00\" \/>\n<meta property=\"og:image\" content=\"https:\/\/horticom.ee\/e-pood\/wp-content\/uploads\/importedmedia\/product_2501104_0_850715.jpg\" \/>\n\t<meta property=\"og:image:width\" content=\"1000\" \/>\n\t<meta property=\"og:image:height\" content=\"1000\" \/>\n\t<meta property=\"og:image:type\" content=\"image\/jpeg\" \/>\n<meta name=\"twitter:card\" content=\"summary_large_image\" \/>\n<script type=\"application\/ld+json\" class=\"yoast-schema-graph\">{\"@context\":\"https:\/\/schema.org\",\"@graph\":[{\"@type\":\"WebPage\",\"@id\":\"https:\/\/horticom.ee\/e-pood\/toode\/vetikate-pidurdaja-anti-fosfaat-250ml\/\",\"url\":\"https:\/\/horticom.ee\/e-pood\/toode\/vetikate-pidurdaja-anti-fosfaat-250ml\/\",\"name\":\"Vetikate pidurdaja anti-fosfaat 250ml - Horticom\",\"isPartOf\":{\"@id\":\"https:\/\/horticom.ee\/e-pood\/#website\"},\"primaryImageOfPage\":{\"@id\":\"https:\/\/horticom.ee\/e-pood\/toode\/vetikate-pidurdaja-anti-fosfaat-250ml\/#primaryimage\"},\"image\":{\"@id\":\"https:\/\/horticom.ee\/e-pood\/toode\/vetikate-pidurdaja-anti-fosfaat-250ml\/#primaryimage\"},\"thumbnailUrl\":\"https:\/\/horticom.ee\/e-pood\/wp-content\/uploads\/importedmedia\/product_2501104_0_850715.jpg\",\"datePublished\":\"2025-11-25T15:00:19+00:00\",\"dateModified\":\"2025-12-01T11:01:29+00:00\",\"breadcrumb\":{\"@id\":\"https:\/\/horticom.ee\/e-pood\/toode\/vetikate-pidurdaja-anti-fosfaat-250ml\/#breadcrumb\"},\"inLanguage\":\"et\",\"potentialAction\":[{\"@type\":\"ReadAction\",\"target\":[\"https:\/\/horticom.ee\/e-pood\/toode\/vetikate-pidurdaja-anti-fosfaat-250ml\/\"]}]},{\"@type\":\"ImageObject\",\"inLanguage\":\"et\",\"@id\":\"https:\/\/horticom.ee\/e-pood\/toode\/vetikate-pidurdaja-anti-fosfaat-250ml\/#primaryimage\",\"url\":\"https:\/\/horticom.ee\/e-pood\/wp-content\/uploads\/importedmedia\/product_2501104_0_850715.jpg\",\"contentUrl\":\"https:\/\/horticom.ee\/e-pood\/wp-content\/uploads\/importedmedia\/product_2501104_0_850715.jpg\",\"width\":1000,\"height\":1000},{\"@type\":\"BreadcrumbList\",\"@id\":\"https:\/\/horticom.ee\/e-pood\/toode\/vetikate-pidurdaja-anti-fosfaat-250ml\/#breadcrumb\",\"itemListElement\":[{\"@type\":\"ListItem\",\"position\":1,\"name\":\"Home\",\"item\":\"https:\/\/horticom.ee\/e-pood\/\"},{\"@type\":\"ListItem\",\"position\":2,\"name\":\"Pood\",\"item\":\"https:\/\/horticom.ee\/e-pood\/pood\/\"},{\"@type\":\"ListItem\",\"position\":3,\"name\":\"Vetikate pidurdaja anti-fosfaat 250ml\"}]},{\"@type\":\"WebSite\",\"@id\":\"https:\/\/horticom.ee\/e-pood\/#website\",\"url\":\"https:\/\/horticom.ee\/e-pood\/\",\"name\":\"Horticom.ee\",\"description\":\"Aianduskaubad ja kodukaubad nii harrastajatele kui professionaalidele\",\"potentialAction\":[{\"@type\":\"SearchAction\",\"target\":{\"@type\":\"EntryPoint\",\"urlTemplate\":\"https:\/\/horticom.ee\/e-pood\/?s={search_term_string}\"},\"query-input\":{\"@type\":\"PropertyValueSpecification\",\"valueRequired\":true,\"valueName\":\"search_term_string\"}}],\"inLanguage\":\"et\"}]}<\/script>\n<!-- \/ Yoast SEO plugin. -->","yoast_head_json":{"title":"Vetikate pidurdaja anti-fosfaat 250ml - Horticom","robots":{"index":"index","follow":"follow","max-snippet":"max-snippet:-1","max-image-preview":"max-image-preview:large","max-video-preview":"max-video-preview:-1"},"canonical":"https:\/\/horticom.ee\/e-pood\/toode\/vetikate-pidurdaja-anti-fosfaat-250ml\/","og_locale":"et_EE","og_type":"article","og_title":"Vetikate pidurdaja anti-fosfaat 250ml - Horticom","og_description":"Vetikate pidurdaja \u2013 fosfaatide eemaldamiseks veest. Ideaalne kasutada enne ja p\u00e4rast talve, et h\u00e4vitada tiigiveest fosfaadid ning takistada sellega vetikate teket. Ideaalselt kasutatav filtri k\u00e4ivitusbakteritena k\u00f5ikides tiigifiltris\u00fcsteemides, kuid sobib ka tiikidele, kus ei kasutata filtrit. NB! Ei sobi tiigivette, kus on koi-kalad.","og_url":"https:\/\/horticom.ee\/e-pood\/toode\/vetikate-pidurdaja-anti-fosfaat-250ml\/","og_site_name":"Horticom.ee","article_publisher":"https:\/\/www.facebook.com\/horticom.ee\/e-pood","article_modified_time":"2025-12-01T11:01:29+00:00","og_image":[{"width":1000,"height":1000,"url":"https:\/\/horticom.ee\/e-pood\/wp-content\/uploads\/importedmedia\/product_2501104_0_850715.jpg","type":"image\/jpeg"}],"twitter_card":"summary_large_image","schema":{"@context":"https:\/\/schema.org","@graph":[{"@type":"WebPage","@id":"https:\/\/horticom.ee\/e-pood\/toode\/vetikate-pidurdaja-anti-fosfaat-250ml\/","url":"https:\/\/horticom.ee\/e-pood\/toode\/vetikate-pidurdaja-anti-fosfaat-250ml\/","name":"Vetikate pidurdaja anti-fosfaat 250ml - Horticom","isPartOf":{"@id":"https:\/\/horticom.ee\/e-pood\/#website"},"primaryImageOfPage":{"@id":"https:\/\/horticom.ee\/e-pood\/toode\/vetikate-pidurdaja-anti-fosfaat-250ml\/#primaryimage"},"image":{"@id":"https:\/\/horticom.ee\/e-pood\/toode\/vetikate-pidurdaja-anti-fosfaat-250ml\/#primaryimage"},"thumbnailUrl":"https:\/\/horticom.ee\/e-pood\/wp-content\/uploads\/importedmedia\/product_2501104_0_850715.jpg","datePublished":"2025-11-25T15:00:19+00:00","dateModified":"2025-12-01T11:01:29+00:00","breadcrumb":{"@id":"https:\/\/horticom.ee\/e-pood\/toode\/vetikate-pidurdaja-anti-fosfaat-250ml\/#breadcrumb"},"inLanguage":"et","potentialAction":[{"@type":"ReadAction","target":["https:\/\/horticom.ee\/e-pood\/toode\/vetikate-pidurdaja-anti-fosfaat-250ml\/"]}]},{"@type":"ImageObject","inLanguage":"et","@id":"https:\/\/horticom.ee\/e-pood\/toode\/vetikate-pidurdaja-anti-fosfaat-250ml\/#primaryimage","url":"https:\/\/horticom.ee\/e-pood\/wp-content\/uploads\/importedmedia\/product_2501104_0_850715.jpg","contentUrl":"https:\/\/horticom.ee\/e-pood\/wp-content\/uploads\/importedmedia\/product_2501104_0_850715.jpg","width":1000,"height":1000},{"@type":"BreadcrumbList","@id":"https:\/\/horticom.ee\/e-pood\/toode\/vetikate-pidurdaja-anti-fosfaat-250ml\/#breadcrumb","itemListElement":[{"@type":"ListItem","position":1,"name":"Home","item":"https:\/\/horticom.ee\/e-pood\/"},{"@type":"ListItem","position":2,"name":"Pood","item":"https:\/\/horticom.ee\/e-pood\/pood\/"},{"@type":"ListItem","position":3,"name":"Vetikate pidurdaja anti-fosfaat 250ml"}]},{"@type":"WebSite","@id":"https:\/\/horticom.ee\/e-pood\/#website","url":"https:\/\/horticom.ee\/e-pood\/","name":"Horticom.ee","description":"Aianduskaubad ja kodukaubad nii harrastajatele kui professionaalidele","potentialAction":[{"@type":"SearchAction","target":{"@type":"EntryPoint","urlTemplate":"https:\/\/horticom.ee\/e-pood\/?s={search_term_string}"},"query-input":{"@type":"PropertyValueSpecification","valueRequired":true,"valueName":"search_term_string"}}],"inLanguage":"et"}]}},"_links":{"self":[{"href":"https:\/\/horticom.ee\/e-pood\/wp-json\/wp\/v2\/product\/2501104","targetHints":{"allow":["GET"]}}],"collection":[{"href":"https:\/\/horticom.ee\/e-pood\/wp-json\/wp\/v2\/product"}],"about":[{"href":"https:\/\/horticom.ee\/e-pood\/wp-json\/wp\/v2\/types\/product"}],"replies":[{"embeddable":true,"href":"https:\/\/horticom.ee\/e-pood\/wp-json\/wp\/v2\/comments?post=2501104"}],"wp:featuredmedia":[{"embeddable":true,"href":"https:\/\/horticom.ee\/e-pood\/wp-json\/wp\/v2\/media\/2501149"}],"wp:attachment":[{"href":"https:\/\/horticom.ee\/e-pood\/wp-json\/wp\/v2\/media?parent=2501104"}],"wp:term":[{"taxonomy":"product_cat","embeddable":true,"href":"https:\/\/horticom.ee\/e-pood\/wp-json\/wp\/v2\/product_cat?post=2501104"},{"taxonomy":"product_tag","embeddable":true,"href":"https:\/\/horticom.ee\/e-pood\/wp-json\/wp\/v2\/product_tag?post=2501104"}],"curies":[{"name":"wp","href":"https:\/\/api.w.org\/{rel}","templated":true}]}}