{"id":2503053,"date":"2025-11-28T17:00:19","date_gmt":"2025-11-28T15:00:19","guid":{"rendered":"https:\/\/horticom.ee\/e-pood\/toode\/altkastmissusteem-mahuti-mona-link-3-ristkulik\/"},"modified":"2026-04-30T03:07:52","modified_gmt":"2026-04-30T00:07:52","slug":"altkastmissusteem-mahuti-mona-link-3-ristkulik","status":"publish","type":"product","link":"https:\/\/horticom.ee\/e-pood\/toode\/altkastmissusteem-mahuti-mona-link-3-ristkulik\/","title":{"rendered":"Altkastmiss\u00fcsteem mahuti Mona Link 3 ristk\u00fclik"},"content":{"rendered":"<p>Mona Link on v\u00e4ga hea lahendus kastmaks taimi peenardes ja suurtes haljastusprojektides.Tank 3 &#8211; 63cm x 13cm x 6,5cm &#8211; 33,5cm \u00f5hutustoruga. Vee mahutavus 3,3L. Sobib pottidesse mahutavusega 8L &#8211; 30L.<br \/>\nKaasa tuleb 2 kappillaarjalga, 3 \u00f5huklappi.<\/p>\n","protected":false},"excerpt":{"rendered":"<p>Mona Link on v\u00e4ga hea lahendus kastmaks taimi peenardes ja suurtes haljastusprojektides.Tank 3 &#8211; 63cm x 13cm x 6,5cm &#8211; 33,5cm \u00f5hutustoruga. Vee mahutavus 3,3L. Sobib pottidesse mahutavusega 8L &#8211; 30L. Kaasa tuleb 2 kappillaarjalga, 3 \u00f5huklappi.<\/p>\n","protected":false},"featured_media":0,"comment_status":"closed","ping_status":"closed","template":"","meta":{"_themeisle_gutenberg_block_has_review":false},"product_cat":[13644],"product_tag":[],"class_list":{"0":"post-2503053","1":"product","2":"type-product","3":"status-publish","5":"product_cat-altkastmissusteemid","7":"first","8":"instock","9":"shipping-taxable","10":"purchasable","11":"product-type-simple"},"yoast_head":"<!-- This site is optimized with the Yoast SEO plugin v24.0 - https:\/\/yoast.com\/wordpress\/plugins\/seo\/ -->\n<title>Altkastmiss\u00fcsteem mahuti Mona Link 3 ristk\u00fclik - Horticom<\/title>\n<meta name=\"robots\" content=\"index, follow, max-snippet:-1, max-image-preview:large, max-video-preview:-1\" \/>\n<link rel=\"canonical\" href=\"https:\/\/horticom.ee\/e-pood\/toode\/altkastmissusteem-mahuti-mona-link-3-ristkulik\/\" \/>\n<meta property=\"og:locale\" content=\"et_EE\" \/>\n<meta property=\"og:type\" content=\"article\" \/>\n<meta property=\"og:title\" content=\"Altkastmiss\u00fcsteem mahuti Mona Link 3 ristk\u00fclik - Horticom\" \/>\n<meta property=\"og:description\" content=\"Mona Link on v\u00e4ga hea lahendus kastmaks taimi peenardes ja suurtes haljastusprojektides.Tank 3 &#8211; 63cm x 13cm x 6,5cm &#8211; 33,5cm \u00f5hutustoruga. Vee mahutavus 3,3L. Sobib pottidesse mahutavusega 8L &#8211; 30L. Kaasa tuleb 2 kappillaarjalga, 3 \u00f5huklappi.\" \/>\n<meta property=\"og:url\" content=\"https:\/\/horticom.ee\/e-pood\/toode\/altkastmissusteem-mahuti-mona-link-3-ristkulik\/\" \/>\n<meta property=\"og:site_name\" content=\"Horticom.ee\" \/>\n<meta property=\"article:publisher\" content=\"https:\/\/www.facebook.com\/horticom.ee\/e-pood\" \/>\n<meta property=\"article:modified_time\" content=\"2026-04-30T00:07:52+00:00\" \/>\n<meta name=\"twitter:card\" content=\"summary_large_image\" \/>\n<script type=\"application\/ld+json\" class=\"yoast-schema-graph\">{\"@context\":\"https:\/\/schema.org\",\"@graph\":[{\"@type\":\"WebPage\",\"@id\":\"https:\/\/horticom.ee\/e-pood\/toode\/altkastmissusteem-mahuti-mona-link-3-ristkulik\/\",\"url\":\"https:\/\/horticom.ee\/e-pood\/toode\/altkastmissusteem-mahuti-mona-link-3-ristkulik\/\",\"name\":\"Altkastmiss\u00fcsteem mahuti Mona Link 3 ristk\u00fclik - Horticom\",\"isPartOf\":{\"@id\":\"https:\/\/horticom.ee\/e-pood\/#website\"},\"datePublished\":\"2025-11-28T15:00:19+00:00\",\"dateModified\":\"2026-04-30T00:07:52+00:00\",\"breadcrumb\":{\"@id\":\"https:\/\/horticom.ee\/e-pood\/toode\/altkastmissusteem-mahuti-mona-link-3-ristkulik\/#breadcrumb\"},\"inLanguage\":\"et\",\"potentialAction\":[{\"@type\":\"ReadAction\",\"target\":[\"https:\/\/horticom.ee\/e-pood\/toode\/altkastmissusteem-mahuti-mona-link-3-ristkulik\/\"]}]},{\"@type\":\"BreadcrumbList\",\"@id\":\"https:\/\/horticom.ee\/e-pood\/toode\/altkastmissusteem-mahuti-mona-link-3-ristkulik\/#breadcrumb\",\"itemListElement\":[{\"@type\":\"ListItem\",\"position\":1,\"name\":\"Home\",\"item\":\"https:\/\/horticom.ee\/e-pood\/\"},{\"@type\":\"ListItem\",\"position\":2,\"name\":\"Pood\",\"item\":\"https:\/\/horticom.ee\/e-pood\/pood\/\"},{\"@type\":\"ListItem\",\"position\":3,\"name\":\"Altkastmiss\u00fcsteem mahuti Mona Link 3 ristk\u00fclik\"}]},{\"@type\":\"WebSite\",\"@id\":\"https:\/\/horticom.ee\/e-pood\/#website\",\"url\":\"https:\/\/horticom.ee\/e-pood\/\",\"name\":\"Horticom.ee\",\"description\":\"Aianduskaubad ja kodukaubad nii harrastajatele kui professionaalidele\",\"potentialAction\":[{\"@type\":\"SearchAction\",\"target\":{\"@type\":\"EntryPoint\",\"urlTemplate\":\"https:\/\/horticom.ee\/e-pood\/?s={search_term_string}\"},\"query-input\":{\"@type\":\"PropertyValueSpecification\",\"valueRequired\":true,\"valueName\":\"search_term_string\"}}],\"inLanguage\":\"et\"}]}<\/script>\n<!-- \/ Yoast SEO plugin. -->","yoast_head_json":{"title":"Altkastmiss\u00fcsteem mahuti Mona Link 3 ristk\u00fclik - Horticom","robots":{"index":"index","follow":"follow","max-snippet":"max-snippet:-1","max-image-preview":"max-image-preview:large","max-video-preview":"max-video-preview:-1"},"canonical":"https:\/\/horticom.ee\/e-pood\/toode\/altkastmissusteem-mahuti-mona-link-3-ristkulik\/","og_locale":"et_EE","og_type":"article","og_title":"Altkastmiss\u00fcsteem mahuti Mona Link 3 ristk\u00fclik - Horticom","og_description":"Mona Link on v\u00e4ga hea lahendus kastmaks taimi peenardes ja suurtes haljastusprojektides.Tank 3 &#8211; 63cm x 13cm x 6,5cm &#8211; 33,5cm \u00f5hutustoruga. Vee mahutavus 3,3L. Sobib pottidesse mahutavusega 8L &#8211; 30L. Kaasa tuleb 2 kappillaarjalga, 3 \u00f5huklappi.","og_url":"https:\/\/horticom.ee\/e-pood\/toode\/altkastmissusteem-mahuti-mona-link-3-ristkulik\/","og_site_name":"Horticom.ee","article_publisher":"https:\/\/www.facebook.com\/horticom.ee\/e-pood","article_modified_time":"2026-04-30T00:07:52+00:00","twitter_card":"summary_large_image","schema":{"@context":"https:\/\/schema.org","@graph":[{"@type":"WebPage","@id":"https:\/\/horticom.ee\/e-pood\/toode\/altkastmissusteem-mahuti-mona-link-3-ristkulik\/","url":"https:\/\/horticom.ee\/e-pood\/toode\/altkastmissusteem-mahuti-mona-link-3-ristkulik\/","name":"Altkastmiss\u00fcsteem mahuti Mona Link 3 ristk\u00fclik - Horticom","isPartOf":{"@id":"https:\/\/horticom.ee\/e-pood\/#website"},"datePublished":"2025-11-28T15:00:19+00:00","dateModified":"2026-04-30T00:07:52+00:00","breadcrumb":{"@id":"https:\/\/horticom.ee\/e-pood\/toode\/altkastmissusteem-mahuti-mona-link-3-ristkulik\/#breadcrumb"},"inLanguage":"et","potentialAction":[{"@type":"ReadAction","target":["https:\/\/horticom.ee\/e-pood\/toode\/altkastmissusteem-mahuti-mona-link-3-ristkulik\/"]}]},{"@type":"BreadcrumbList","@id":"https:\/\/horticom.ee\/e-pood\/toode\/altkastmissusteem-mahuti-mona-link-3-ristkulik\/#breadcrumb","itemListElement":[{"@type":"ListItem","position":1,"name":"Home","item":"https:\/\/horticom.ee\/e-pood\/"},{"@type":"ListItem","position":2,"name":"Pood","item":"https:\/\/horticom.ee\/e-pood\/pood\/"},{"@type":"ListItem","position":3,"name":"Altkastmiss\u00fcsteem mahuti Mona Link 3 ristk\u00fclik"}]},{"@type":"WebSite","@id":"https:\/\/horticom.ee\/e-pood\/#website","url":"https:\/\/horticom.ee\/e-pood\/","name":"Horticom.ee","description":"Aianduskaubad ja kodukaubad nii harrastajatele kui professionaalidele","potentialAction":[{"@type":"SearchAction","target":{"@type":"EntryPoint","urlTemplate":"https:\/\/horticom.ee\/e-pood\/?s={search_term_string}"},"query-input":{"@type":"PropertyValueSpecification","valueRequired":true,"valueName":"search_term_string"}}],"inLanguage":"et"}]}},"_links":{"self":[{"href":"https:\/\/horticom.ee\/e-pood\/wp-json\/wp\/v2\/product\/2503053","targetHints":{"allow":["GET"]}}],"collection":[{"href":"https:\/\/horticom.ee\/e-pood\/wp-json\/wp\/v2\/product"}],"about":[{"href":"https:\/\/horticom.ee\/e-pood\/wp-json\/wp\/v2\/types\/product"}],"replies":[{"embeddable":true,"href":"https:\/\/horticom.ee\/e-pood\/wp-json\/wp\/v2\/comments?post=2503053"}],"wp:attachment":[{"href":"https:\/\/horticom.ee\/e-pood\/wp-json\/wp\/v2\/media?parent=2503053"}],"wp:term":[{"taxonomy":"product_cat","embeddable":true,"href":"https:\/\/horticom.ee\/e-pood\/wp-json\/wp\/v2\/product_cat?post=2503053"},{"taxonomy":"product_tag","embeddable":true,"href":"https:\/\/horticom.ee\/e-pood\/wp-json\/wp\/v2\/product_tag?post=2503053"}],"curies":[{"name":"wp","href":"https:\/\/api.w.org\/{rel}","templated":true}]}}