{"id":2506313,"date":"2025-12-03T17:00:25","date_gmt":"2025-12-03T15:00:25","guid":{"rendered":"https:\/\/horticom.ee\/e-pood\/toode\/toitelahus-rodulilledele-compo-5-x-30ml\/"},"modified":"2026-04-29T03:10:30","modified_gmt":"2026-04-29T00:10:30","slug":"toitelahus-rodulilledele-compo-5-x-30ml","status":"publish","type":"product","link":"https:\/\/horticom.ee\/e-pood\/toode\/toitelahus-rodulilledele-compo-5-x-30ml\/","title":{"rendered":"Toitelahus r\u00f5dulilledele Compo 5 x 30ml"},"content":{"rendered":"<p>Toitelahus turgutab n\u00f5rku taimi, soodustab rikkalikku \u00f5itsemist ja tugevdab juurestikku. T\u00e4nu oma erilisele koostisele parandab see oluliselt taimede olukorda ja juurestikku. Toote regulaarne kasutamine tagab pikaajalise ja rikkaliku \u00f5itsemise. Toitelahus sobib ka istutusj\u00e4rgse srtessi leevendamiseks. Asjatundlik, esteetiline ja kasutusvalmis pakend lihtsustab toote kasutamist. Toitelahus toimib kuni 4 n\u00e4dalat.<\/p>\n","protected":false},"excerpt":{"rendered":"<p>Toitelahus turgutab n\u00f5rku taimi, soodustab rikkalikku \u00f5itsemist ja tugevdab juurestikku. T\u00e4nu oma erilisele koostisele parandab see oluliselt taimede olukorda ja juurestikku. Toote regulaarne kasutamine tagab pikaajalise ja rikkaliku \u00f5itsemise. Toitelahus sobib ka istutusj\u00e4rgse srtessi leevendamiseks. Asjatundlik, esteetiline ja kasutusvalmis pakend lihtsustab toote kasutamist. Toitelahus toimib kuni 4 n\u00e4dalat.<\/p>\n","protected":false},"featured_media":2566709,"comment_status":"closed","ping_status":"closed","template":"","meta":{"_themeisle_gutenberg_block_has_review":false},"product_cat":[16962,16964],"product_tag":[],"class_list":{"0":"post-2506313","1":"product","2":"type-product","3":"status-publish","4":"has-post-thumbnail","6":"product_cat-ilupoosastele-ja-pusikutele","7":"product_cat-suvelilledele-ja-rodutaimedele","9":"first","10":"outofstock","11":"sale","12":"shipping-taxable","13":"purchasable","14":"product-type-simple"},"yoast_head":"<!-- This site is optimized with the Yoast SEO plugin v24.0 - https:\/\/yoast.com\/wordpress\/plugins\/seo\/ -->\n<title>Toitelahus r\u00f5dulilledele Compo 5 x 30ml - Horticom<\/title>\n<meta name=\"robots\" content=\"index, follow, max-snippet:-1, max-image-preview:large, max-video-preview:-1\" \/>\n<link rel=\"canonical\" href=\"https:\/\/horticom.ee\/e-pood\/toode\/toitelahus-rodulilledele-compo-5-x-30ml\/\" \/>\n<meta property=\"og:locale\" content=\"et_EE\" \/>\n<meta property=\"og:type\" content=\"article\" \/>\n<meta property=\"og:title\" content=\"Toitelahus r\u00f5dulilledele Compo 5 x 30ml - Horticom\" \/>\n<meta property=\"og:description\" content=\"Toitelahus turgutab n\u00f5rku taimi, soodustab rikkalikku \u00f5itsemist ja tugevdab juurestikku. T\u00e4nu oma erilisele koostisele parandab see oluliselt taimede olukorda ja juurestikku. Toote regulaarne kasutamine tagab pikaajalise ja rikkaliku \u00f5itsemise. Toitelahus sobib ka istutusj\u00e4rgse srtessi leevendamiseks. Asjatundlik, esteetiline ja kasutusvalmis pakend lihtsustab toote kasutamist. Toitelahus toimib kuni 4 n\u00e4dalat.\" \/>\n<meta property=\"og:url\" content=\"https:\/\/horticom.ee\/e-pood\/toode\/toitelahus-rodulilledele-compo-5-x-30ml\/\" \/>\n<meta property=\"og:site_name\" content=\"Horticom.ee\" \/>\n<meta property=\"article:publisher\" content=\"https:\/\/www.facebook.com\/horticom.ee\/e-pood\" \/>\n<meta property=\"article:modified_time\" content=\"2026-04-29T00:10:30+00:00\" \/>\n<meta property=\"og:image\" content=\"https:\/\/horticom.ee\/e-pood\/wp-content\/uploads\/importedmedia\/product_2506313_0_6701256.jpg\" \/>\n\t<meta property=\"og:image:width\" content=\"999\" \/>\n\t<meta property=\"og:image:height\" content=\"1000\" \/>\n\t<meta property=\"og:image:type\" content=\"image\/jpeg\" \/>\n<meta name=\"twitter:card\" content=\"summary_large_image\" \/>\n<script type=\"application\/ld+json\" class=\"yoast-schema-graph\">{\"@context\":\"https:\/\/schema.org\",\"@graph\":[{\"@type\":\"WebPage\",\"@id\":\"https:\/\/horticom.ee\/e-pood\/toode\/toitelahus-rodulilledele-compo-5-x-30ml\/\",\"url\":\"https:\/\/horticom.ee\/e-pood\/toode\/toitelahus-rodulilledele-compo-5-x-30ml\/\",\"name\":\"Toitelahus r\u00f5dulilledele Compo 5 x 30ml - Horticom\",\"isPartOf\":{\"@id\":\"https:\/\/horticom.ee\/e-pood\/#website\"},\"primaryImageOfPage\":{\"@id\":\"https:\/\/horticom.ee\/e-pood\/toode\/toitelahus-rodulilledele-compo-5-x-30ml\/#primaryimage\"},\"image\":{\"@id\":\"https:\/\/horticom.ee\/e-pood\/toode\/toitelahus-rodulilledele-compo-5-x-30ml\/#primaryimage\"},\"thumbnailUrl\":\"https:\/\/horticom.ee\/e-pood\/wp-content\/uploads\/importedmedia\/product_2506313_0_6701256.jpg\",\"datePublished\":\"2025-12-03T15:00:25+00:00\",\"dateModified\":\"2026-04-29T00:10:30+00:00\",\"breadcrumb\":{\"@id\":\"https:\/\/horticom.ee\/e-pood\/toode\/toitelahus-rodulilledele-compo-5-x-30ml\/#breadcrumb\"},\"inLanguage\":\"et\",\"potentialAction\":[{\"@type\":\"ReadAction\",\"target\":[\"https:\/\/horticom.ee\/e-pood\/toode\/toitelahus-rodulilledele-compo-5-x-30ml\/\"]}]},{\"@type\":\"ImageObject\",\"inLanguage\":\"et\",\"@id\":\"https:\/\/horticom.ee\/e-pood\/toode\/toitelahus-rodulilledele-compo-5-x-30ml\/#primaryimage\",\"url\":\"https:\/\/horticom.ee\/e-pood\/wp-content\/uploads\/importedmedia\/product_2506313_0_6701256.jpg\",\"contentUrl\":\"https:\/\/horticom.ee\/e-pood\/wp-content\/uploads\/importedmedia\/product_2506313_0_6701256.jpg\",\"width\":999,\"height\":1000},{\"@type\":\"BreadcrumbList\",\"@id\":\"https:\/\/horticom.ee\/e-pood\/toode\/toitelahus-rodulilledele-compo-5-x-30ml\/#breadcrumb\",\"itemListElement\":[{\"@type\":\"ListItem\",\"position\":1,\"name\":\"Home\",\"item\":\"https:\/\/horticom.ee\/e-pood\/\"},{\"@type\":\"ListItem\",\"position\":2,\"name\":\"Pood\",\"item\":\"https:\/\/horticom.ee\/e-pood\/pood\/\"},{\"@type\":\"ListItem\",\"position\":3,\"name\":\"Toitelahus r\u00f5dulilledele Compo 5 x 30ml\"}]},{\"@type\":\"WebSite\",\"@id\":\"https:\/\/horticom.ee\/e-pood\/#website\",\"url\":\"https:\/\/horticom.ee\/e-pood\/\",\"name\":\"Horticom.ee\",\"description\":\"Aianduskaubad ja kodukaubad nii harrastajatele kui professionaalidele\",\"potentialAction\":[{\"@type\":\"SearchAction\",\"target\":{\"@type\":\"EntryPoint\",\"urlTemplate\":\"https:\/\/horticom.ee\/e-pood\/?s={search_term_string}\"},\"query-input\":{\"@type\":\"PropertyValueSpecification\",\"valueRequired\":true,\"valueName\":\"search_term_string\"}}],\"inLanguage\":\"et\"}]}<\/script>\n<!-- \/ Yoast SEO plugin. -->","yoast_head_json":{"title":"Toitelahus r\u00f5dulilledele Compo 5 x 30ml - Horticom","robots":{"index":"index","follow":"follow","max-snippet":"max-snippet:-1","max-image-preview":"max-image-preview:large","max-video-preview":"max-video-preview:-1"},"canonical":"https:\/\/horticom.ee\/e-pood\/toode\/toitelahus-rodulilledele-compo-5-x-30ml\/","og_locale":"et_EE","og_type":"article","og_title":"Toitelahus r\u00f5dulilledele Compo 5 x 30ml - Horticom","og_description":"Toitelahus turgutab n\u00f5rku taimi, soodustab rikkalikku \u00f5itsemist ja tugevdab juurestikku. T\u00e4nu oma erilisele koostisele parandab see oluliselt taimede olukorda ja juurestikku. Toote regulaarne kasutamine tagab pikaajalise ja rikkaliku \u00f5itsemise. Toitelahus sobib ka istutusj\u00e4rgse srtessi leevendamiseks. Asjatundlik, esteetiline ja kasutusvalmis pakend lihtsustab toote kasutamist. Toitelahus toimib kuni 4 n\u00e4dalat.","og_url":"https:\/\/horticom.ee\/e-pood\/toode\/toitelahus-rodulilledele-compo-5-x-30ml\/","og_site_name":"Horticom.ee","article_publisher":"https:\/\/www.facebook.com\/horticom.ee\/e-pood","article_modified_time":"2026-04-29T00:10:30+00:00","og_image":[{"width":999,"height":1000,"url":"https:\/\/horticom.ee\/e-pood\/wp-content\/uploads\/importedmedia\/product_2506313_0_6701256.jpg","type":"image\/jpeg"}],"twitter_card":"summary_large_image","schema":{"@context":"https:\/\/schema.org","@graph":[{"@type":"WebPage","@id":"https:\/\/horticom.ee\/e-pood\/toode\/toitelahus-rodulilledele-compo-5-x-30ml\/","url":"https:\/\/horticom.ee\/e-pood\/toode\/toitelahus-rodulilledele-compo-5-x-30ml\/","name":"Toitelahus r\u00f5dulilledele Compo 5 x 30ml - Horticom","isPartOf":{"@id":"https:\/\/horticom.ee\/e-pood\/#website"},"primaryImageOfPage":{"@id":"https:\/\/horticom.ee\/e-pood\/toode\/toitelahus-rodulilledele-compo-5-x-30ml\/#primaryimage"},"image":{"@id":"https:\/\/horticom.ee\/e-pood\/toode\/toitelahus-rodulilledele-compo-5-x-30ml\/#primaryimage"},"thumbnailUrl":"https:\/\/horticom.ee\/e-pood\/wp-content\/uploads\/importedmedia\/product_2506313_0_6701256.jpg","datePublished":"2025-12-03T15:00:25+00:00","dateModified":"2026-04-29T00:10:30+00:00","breadcrumb":{"@id":"https:\/\/horticom.ee\/e-pood\/toode\/toitelahus-rodulilledele-compo-5-x-30ml\/#breadcrumb"},"inLanguage":"et","potentialAction":[{"@type":"ReadAction","target":["https:\/\/horticom.ee\/e-pood\/toode\/toitelahus-rodulilledele-compo-5-x-30ml\/"]}]},{"@type":"ImageObject","inLanguage":"et","@id":"https:\/\/horticom.ee\/e-pood\/toode\/toitelahus-rodulilledele-compo-5-x-30ml\/#primaryimage","url":"https:\/\/horticom.ee\/e-pood\/wp-content\/uploads\/importedmedia\/product_2506313_0_6701256.jpg","contentUrl":"https:\/\/horticom.ee\/e-pood\/wp-content\/uploads\/importedmedia\/product_2506313_0_6701256.jpg","width":999,"height":1000},{"@type":"BreadcrumbList","@id":"https:\/\/horticom.ee\/e-pood\/toode\/toitelahus-rodulilledele-compo-5-x-30ml\/#breadcrumb","itemListElement":[{"@type":"ListItem","position":1,"name":"Home","item":"https:\/\/horticom.ee\/e-pood\/"},{"@type":"ListItem","position":2,"name":"Pood","item":"https:\/\/horticom.ee\/e-pood\/pood\/"},{"@type":"ListItem","position":3,"name":"Toitelahus r\u00f5dulilledele Compo 5 x 30ml"}]},{"@type":"WebSite","@id":"https:\/\/horticom.ee\/e-pood\/#website","url":"https:\/\/horticom.ee\/e-pood\/","name":"Horticom.ee","description":"Aianduskaubad ja kodukaubad nii harrastajatele kui professionaalidele","potentialAction":[{"@type":"SearchAction","target":{"@type":"EntryPoint","urlTemplate":"https:\/\/horticom.ee\/e-pood\/?s={search_term_string}"},"query-input":{"@type":"PropertyValueSpecification","valueRequired":true,"valueName":"search_term_string"}}],"inLanguage":"et"}]}},"_links":{"self":[{"href":"https:\/\/horticom.ee\/e-pood\/wp-json\/wp\/v2\/product\/2506313","targetHints":{"allow":["GET"]}}],"collection":[{"href":"https:\/\/horticom.ee\/e-pood\/wp-json\/wp\/v2\/product"}],"about":[{"href":"https:\/\/horticom.ee\/e-pood\/wp-json\/wp\/v2\/types\/product"}],"replies":[{"embeddable":true,"href":"https:\/\/horticom.ee\/e-pood\/wp-json\/wp\/v2\/comments?post=2506313"}],"wp:featuredmedia":[{"embeddable":true,"href":"https:\/\/horticom.ee\/e-pood\/wp-json\/wp\/v2\/media\/2566709"}],"wp:attachment":[{"href":"https:\/\/horticom.ee\/e-pood\/wp-json\/wp\/v2\/media?parent=2506313"}],"wp:term":[{"taxonomy":"product_cat","embeddable":true,"href":"https:\/\/horticom.ee\/e-pood\/wp-json\/wp\/v2\/product_cat?post=2506313"},{"taxonomy":"product_tag","embeddable":true,"href":"https:\/\/horticom.ee\/e-pood\/wp-json\/wp\/v2\/product_tag?post=2506313"}],"curies":[{"name":"wp","href":"https:\/\/api.w.org\/{rel}","templated":true}]}}