{"id":2506338,"date":"2025-12-03T17:00:34","date_gmt":"2025-12-03T15:00:34","guid":{"rendered":"https:\/\/horticom.ee\/e-pood\/toode\/vedelvaetis-complete-compo-500ml\/"},"modified":"2026-05-02T03:10:58","modified_gmt":"2026-05-02T00:10:58","slug":"vedelvaetis-complete-compo-500ml","status":"publish","type":"product","link":"https:\/\/horticom.ee\/e-pood\/toode\/vedelvaetis-complete-compo-500ml\/","title":{"rendered":"Vedelv\u00e4etis COMPLETE Compo 500ml"},"content":{"rendered":"<p>Uuenduslik universaalne vedelv\u00e4etis, mis on rikastatud taimse kaltsiumi- ja magneesiumiga. Muudab taimed silmatorkavamateks ning kauem \u00f5itsvamateks. Kaltsium tugevdab raku struktuuri ja v\u00e4hendab m\u00e4rkimisv\u00e4\u00e4rselt lehtede langust. Unikaalne vedelv\u00e4etis sisaldab kaltsiumi ja magneesiumi, mis tagavad n\u00e4htavalt tugevate lehtede ja \u00f5ite kasvu. Konsentreeritud koostis, millest saab 2x rohkem v\u00e4etiselahust.<\/p>\n","protected":false},"excerpt":{"rendered":"<p>Uuenduslik universaalne vedelv\u00e4etis, mis on rikastatud taimse kaltsiumi- ja magneesiumiga. Muudab taimed silmatorkavamateks ning kauem \u00f5itsvamateks. Kaltsium tugevdab raku struktuuri ja v\u00e4hendab m\u00e4rkimisv\u00e4\u00e4rselt lehtede langust. Unikaalne vedelv\u00e4etis sisaldab kaltsiumi ja magneesiumi, mis tagavad n\u00e4htavalt tugevate lehtede ja \u00f5ite kasvu. Konsentreeritud koostis, millest saab 2x rohkem v\u00e4etiselahust.<\/p>\n","protected":false},"featured_media":2566685,"comment_status":"closed","ping_status":"closed","template":"","meta":{"_themeisle_gutenberg_block_has_review":false},"product_cat":[18563,16971,16968,16960],"product_tag":[],"class_list":{"0":"post-2506338","1":"product","2":"type-product","3":"status-publish","4":"has-post-thumbnail","6":"product_cat-lopumuugitooted","7":"product_cat-orhideedele","8":"product_cat-toataimedele","9":"product_cat-universaalvaetised","11":"first","12":"outofstock","13":"sale","14":"shipping-taxable","15":"purchasable","16":"product-type-simple"},"yoast_head":"<!-- This site is optimized with the Yoast SEO plugin v24.0 - https:\/\/yoast.com\/wordpress\/plugins\/seo\/ -->\n<title>Vedelv\u00e4etis COMPLETE Compo 500ml - Horticom<\/title>\n<meta name=\"robots\" content=\"index, follow, max-snippet:-1, max-image-preview:large, max-video-preview:-1\" \/>\n<link rel=\"canonical\" href=\"https:\/\/horticom.ee\/e-pood\/toode\/vedelvaetis-complete-compo-500ml\/\" \/>\n<meta property=\"og:locale\" content=\"et_EE\" \/>\n<meta property=\"og:type\" content=\"article\" \/>\n<meta property=\"og:title\" content=\"Vedelv\u00e4etis COMPLETE Compo 500ml - Horticom\" \/>\n<meta property=\"og:description\" content=\"Uuenduslik universaalne vedelv\u00e4etis, mis on rikastatud taimse kaltsiumi- ja magneesiumiga. Muudab taimed silmatorkavamateks ning kauem \u00f5itsvamateks. Kaltsium tugevdab raku struktuuri ja v\u00e4hendab m\u00e4rkimisv\u00e4\u00e4rselt lehtede langust. Unikaalne vedelv\u00e4etis sisaldab kaltsiumi ja magneesiumi, mis tagavad n\u00e4htavalt tugevate lehtede ja \u00f5ite kasvu. Konsentreeritud koostis, millest saab 2x rohkem v\u00e4etiselahust.\" \/>\n<meta property=\"og:url\" content=\"https:\/\/horticom.ee\/e-pood\/toode\/vedelvaetis-complete-compo-500ml\/\" \/>\n<meta property=\"og:site_name\" content=\"Horticom.ee\" \/>\n<meta property=\"article:publisher\" content=\"https:\/\/www.facebook.com\/horticom.ee\/e-pood\" \/>\n<meta property=\"article:modified_time\" content=\"2026-05-02T00:10:58+00:00\" \/>\n<meta property=\"og:image\" content=\"https:\/\/horticom.ee\/e-pood\/wp-content\/uploads\/importedmedia\/product_2506338_0_670101_1.jpg\" \/>\n\t<meta property=\"og:image:width\" content=\"1000\" \/>\n\t<meta property=\"og:image:height\" content=\"1414\" \/>\n\t<meta property=\"og:image:type\" content=\"image\/jpeg\" \/>\n<meta name=\"twitter:card\" content=\"summary_large_image\" \/>\n<script type=\"application\/ld+json\" class=\"yoast-schema-graph\">{\"@context\":\"https:\/\/schema.org\",\"@graph\":[{\"@type\":\"WebPage\",\"@id\":\"https:\/\/horticom.ee\/e-pood\/toode\/vedelvaetis-complete-compo-500ml\/\",\"url\":\"https:\/\/horticom.ee\/e-pood\/toode\/vedelvaetis-complete-compo-500ml\/\",\"name\":\"Vedelv\u00e4etis COMPLETE Compo 500ml - Horticom\",\"isPartOf\":{\"@id\":\"https:\/\/horticom.ee\/e-pood\/#website\"},\"primaryImageOfPage\":{\"@id\":\"https:\/\/horticom.ee\/e-pood\/toode\/vedelvaetis-complete-compo-500ml\/#primaryimage\"},\"image\":{\"@id\":\"https:\/\/horticom.ee\/e-pood\/toode\/vedelvaetis-complete-compo-500ml\/#primaryimage\"},\"thumbnailUrl\":\"https:\/\/horticom.ee\/e-pood\/wp-content\/uploads\/importedmedia\/product_2506338_0_670101_1.jpg\",\"datePublished\":\"2025-12-03T15:00:34+00:00\",\"dateModified\":\"2026-05-02T00:10:58+00:00\",\"breadcrumb\":{\"@id\":\"https:\/\/horticom.ee\/e-pood\/toode\/vedelvaetis-complete-compo-500ml\/#breadcrumb\"},\"inLanguage\":\"et\",\"potentialAction\":[{\"@type\":\"ReadAction\",\"target\":[\"https:\/\/horticom.ee\/e-pood\/toode\/vedelvaetis-complete-compo-500ml\/\"]}]},{\"@type\":\"ImageObject\",\"inLanguage\":\"et\",\"@id\":\"https:\/\/horticom.ee\/e-pood\/toode\/vedelvaetis-complete-compo-500ml\/#primaryimage\",\"url\":\"https:\/\/horticom.ee\/e-pood\/wp-content\/uploads\/importedmedia\/product_2506338_0_670101_1.jpg\",\"contentUrl\":\"https:\/\/horticom.ee\/e-pood\/wp-content\/uploads\/importedmedia\/product_2506338_0_670101_1.jpg\",\"width\":1000,\"height\":1414},{\"@type\":\"BreadcrumbList\",\"@id\":\"https:\/\/horticom.ee\/e-pood\/toode\/vedelvaetis-complete-compo-500ml\/#breadcrumb\",\"itemListElement\":[{\"@type\":\"ListItem\",\"position\":1,\"name\":\"Home\",\"item\":\"https:\/\/horticom.ee\/e-pood\/\"},{\"@type\":\"ListItem\",\"position\":2,\"name\":\"Pood\",\"item\":\"https:\/\/horticom.ee\/e-pood\/pood\/\"},{\"@type\":\"ListItem\",\"position\":3,\"name\":\"Vedelv\u00e4etis COMPLETE Compo 500ml\"}]},{\"@type\":\"WebSite\",\"@id\":\"https:\/\/horticom.ee\/e-pood\/#website\",\"url\":\"https:\/\/horticom.ee\/e-pood\/\",\"name\":\"Horticom.ee\",\"description\":\"Aianduskaubad ja kodukaubad nii harrastajatele kui professionaalidele\",\"potentialAction\":[{\"@type\":\"SearchAction\",\"target\":{\"@type\":\"EntryPoint\",\"urlTemplate\":\"https:\/\/horticom.ee\/e-pood\/?s={search_term_string}\"},\"query-input\":{\"@type\":\"PropertyValueSpecification\",\"valueRequired\":true,\"valueName\":\"search_term_string\"}}],\"inLanguage\":\"et\"}]}<\/script>\n<!-- \/ Yoast SEO plugin. -->","yoast_head_json":{"title":"Vedelv\u00e4etis COMPLETE Compo 500ml - Horticom","robots":{"index":"index","follow":"follow","max-snippet":"max-snippet:-1","max-image-preview":"max-image-preview:large","max-video-preview":"max-video-preview:-1"},"canonical":"https:\/\/horticom.ee\/e-pood\/toode\/vedelvaetis-complete-compo-500ml\/","og_locale":"et_EE","og_type":"article","og_title":"Vedelv\u00e4etis COMPLETE Compo 500ml - Horticom","og_description":"Uuenduslik universaalne vedelv\u00e4etis, mis on rikastatud taimse kaltsiumi- ja magneesiumiga. Muudab taimed silmatorkavamateks ning kauem \u00f5itsvamateks. Kaltsium tugevdab raku struktuuri ja v\u00e4hendab m\u00e4rkimisv\u00e4\u00e4rselt lehtede langust. Unikaalne vedelv\u00e4etis sisaldab kaltsiumi ja magneesiumi, mis tagavad n\u00e4htavalt tugevate lehtede ja \u00f5ite kasvu. Konsentreeritud koostis, millest saab 2x rohkem v\u00e4etiselahust.","og_url":"https:\/\/horticom.ee\/e-pood\/toode\/vedelvaetis-complete-compo-500ml\/","og_site_name":"Horticom.ee","article_publisher":"https:\/\/www.facebook.com\/horticom.ee\/e-pood","article_modified_time":"2026-05-02T00:10:58+00:00","og_image":[{"width":1000,"height":1414,"url":"https:\/\/horticom.ee\/e-pood\/wp-content\/uploads\/importedmedia\/product_2506338_0_670101_1.jpg","type":"image\/jpeg"}],"twitter_card":"summary_large_image","schema":{"@context":"https:\/\/schema.org","@graph":[{"@type":"WebPage","@id":"https:\/\/horticom.ee\/e-pood\/toode\/vedelvaetis-complete-compo-500ml\/","url":"https:\/\/horticom.ee\/e-pood\/toode\/vedelvaetis-complete-compo-500ml\/","name":"Vedelv\u00e4etis COMPLETE Compo 500ml - Horticom","isPartOf":{"@id":"https:\/\/horticom.ee\/e-pood\/#website"},"primaryImageOfPage":{"@id":"https:\/\/horticom.ee\/e-pood\/toode\/vedelvaetis-complete-compo-500ml\/#primaryimage"},"image":{"@id":"https:\/\/horticom.ee\/e-pood\/toode\/vedelvaetis-complete-compo-500ml\/#primaryimage"},"thumbnailUrl":"https:\/\/horticom.ee\/e-pood\/wp-content\/uploads\/importedmedia\/product_2506338_0_670101_1.jpg","datePublished":"2025-12-03T15:00:34+00:00","dateModified":"2026-05-02T00:10:58+00:00","breadcrumb":{"@id":"https:\/\/horticom.ee\/e-pood\/toode\/vedelvaetis-complete-compo-500ml\/#breadcrumb"},"inLanguage":"et","potentialAction":[{"@type":"ReadAction","target":["https:\/\/horticom.ee\/e-pood\/toode\/vedelvaetis-complete-compo-500ml\/"]}]},{"@type":"ImageObject","inLanguage":"et","@id":"https:\/\/horticom.ee\/e-pood\/toode\/vedelvaetis-complete-compo-500ml\/#primaryimage","url":"https:\/\/horticom.ee\/e-pood\/wp-content\/uploads\/importedmedia\/product_2506338_0_670101_1.jpg","contentUrl":"https:\/\/horticom.ee\/e-pood\/wp-content\/uploads\/importedmedia\/product_2506338_0_670101_1.jpg","width":1000,"height":1414},{"@type":"BreadcrumbList","@id":"https:\/\/horticom.ee\/e-pood\/toode\/vedelvaetis-complete-compo-500ml\/#breadcrumb","itemListElement":[{"@type":"ListItem","position":1,"name":"Home","item":"https:\/\/horticom.ee\/e-pood\/"},{"@type":"ListItem","position":2,"name":"Pood","item":"https:\/\/horticom.ee\/e-pood\/pood\/"},{"@type":"ListItem","position":3,"name":"Vedelv\u00e4etis COMPLETE Compo 500ml"}]},{"@type":"WebSite","@id":"https:\/\/horticom.ee\/e-pood\/#website","url":"https:\/\/horticom.ee\/e-pood\/","name":"Horticom.ee","description":"Aianduskaubad ja kodukaubad nii harrastajatele kui professionaalidele","potentialAction":[{"@type":"SearchAction","target":{"@type":"EntryPoint","urlTemplate":"https:\/\/horticom.ee\/e-pood\/?s={search_term_string}"},"query-input":{"@type":"PropertyValueSpecification","valueRequired":true,"valueName":"search_term_string"}}],"inLanguage":"et"}]}},"_links":{"self":[{"href":"https:\/\/horticom.ee\/e-pood\/wp-json\/wp\/v2\/product\/2506338","targetHints":{"allow":["GET"]}}],"collection":[{"href":"https:\/\/horticom.ee\/e-pood\/wp-json\/wp\/v2\/product"}],"about":[{"href":"https:\/\/horticom.ee\/e-pood\/wp-json\/wp\/v2\/types\/product"}],"replies":[{"embeddable":true,"href":"https:\/\/horticom.ee\/e-pood\/wp-json\/wp\/v2\/comments?post=2506338"}],"wp:featuredmedia":[{"embeddable":true,"href":"https:\/\/horticom.ee\/e-pood\/wp-json\/wp\/v2\/media\/2566685"}],"wp:attachment":[{"href":"https:\/\/horticom.ee\/e-pood\/wp-json\/wp\/v2\/media?parent=2506338"}],"wp:term":[{"taxonomy":"product_cat","embeddable":true,"href":"https:\/\/horticom.ee\/e-pood\/wp-json\/wp\/v2\/product_cat?post=2506338"},{"taxonomy":"product_tag","embeddable":true,"href":"https:\/\/horticom.ee\/e-pood\/wp-json\/wp\/v2\/product_tag?post=2506338"}],"curies":[{"name":"wp","href":"https:\/\/api.w.org\/{rel}","templated":true}]}}