{"id":2549974,"date":"2026-02-06T17:00:36","date_gmt":"2026-02-06T15:00:36","guid":{"rendered":"https:\/\/horticom.ee\/e-pood\/toode\/rododendronivaetis-kastmiseks-horticom-500g\/"},"modified":"2026-04-20T10:01:33","modified_gmt":"2026-04-20T07:01:33","slug":"rododendronivaetis-kastmiseks-horticom-500g","status":"publish","type":"product","link":"https:\/\/horticom.ee\/e-pood\/toode\/rododendronivaetis-kastmiseks-horticom-500g\/","title":{"rendered":"Rododendroniv\u00e4etis kastmiseks Horticom 500g"},"content":{"rendered":"<p>Kvaliteetv\u00e4etis mikroelementidega rododendronitele ja teistele happelist keskkonda vajavatele taimedele, mis muudab \u00f5itev\u00e4rvi kirkaks, l\u00f5hna intensiivseks, ergutab taime kasvu ja arendab juurekava. 100% veeslahustuv kompleksv\u00e4etis<\/p>\n","protected":false},"excerpt":{"rendered":"<p>Kvaliteetv\u00e4etis mikroelementidega rododendronitele ja teistele happelist keskkonda vajavatele taimedele, mis muudab \u00f5itev\u00e4rvi kirkaks, l\u00f5hna intensiivseks, ergutab taime kasvu ja arendab juurekava. 100% veeslahustuv kompleksv\u00e4etis<\/p>\n","protected":false},"featured_media":2598634,"comment_status":"closed","ping_status":"closed","template":"","meta":{"_themeisle_gutenberg_block_has_review":false},"product_cat":[16967],"product_tag":[],"class_list":{"0":"post-2549974","1":"product","2":"type-product","3":"status-publish","4":"has-post-thumbnail","6":"product_cat-okaspuudele-rododele-ja-hortensiatele","8":"first","9":"instock","10":"shipping-taxable","11":"purchasable","12":"product-type-simple"},"yoast_head":"<!-- This site is optimized with the Yoast SEO plugin v24.0 - https:\/\/yoast.com\/wordpress\/plugins\/seo\/ -->\n<title>Rododendroniv\u00e4etis kastmiseks Horticom 500g - Horticom<\/title>\n<meta name=\"robots\" content=\"index, follow, max-snippet:-1, max-image-preview:large, max-video-preview:-1\" \/>\n<link rel=\"canonical\" href=\"https:\/\/horticom.ee\/e-pood\/toode\/rododendronivaetis-kastmiseks-horticom-500g\/\" \/>\n<meta property=\"og:locale\" content=\"et_EE\" \/>\n<meta property=\"og:type\" content=\"article\" \/>\n<meta property=\"og:title\" content=\"Rododendroniv\u00e4etis kastmiseks Horticom 500g - Horticom\" \/>\n<meta property=\"og:description\" content=\"Kvaliteetv\u00e4etis mikroelementidega rododendronitele ja teistele happelist keskkonda vajavatele taimedele, mis muudab \u00f5itev\u00e4rvi kirkaks, l\u00f5hna intensiivseks, ergutab taime kasvu ja arendab juurekava. 100% veeslahustuv kompleksv\u00e4etis\" \/>\n<meta property=\"og:url\" content=\"https:\/\/horticom.ee\/e-pood\/toode\/rododendronivaetis-kastmiseks-horticom-500g\/\" \/>\n<meta property=\"og:site_name\" content=\"Horticom.ee\" \/>\n<meta property=\"article:publisher\" content=\"https:\/\/www.facebook.com\/horticom.ee\/e-pood\" \/>\n<meta property=\"article:modified_time\" content=\"2026-04-20T07:01:33+00:00\" \/>\n<meta property=\"og:image\" content=\"https:\/\/horticom.ee\/e-pood\/wp-content\/uploads\/importedmedia\/product_2549974_0_67000631.jpg\" \/>\n\t<meta property=\"og:image:width\" content=\"999\" \/>\n\t<meta property=\"og:image:height\" content=\"667\" \/>\n\t<meta property=\"og:image:type\" content=\"image\/jpeg\" \/>\n<meta name=\"twitter:card\" content=\"summary_large_image\" \/>\n<script type=\"application\/ld+json\" class=\"yoast-schema-graph\">{\"@context\":\"https:\/\/schema.org\",\"@graph\":[{\"@type\":\"WebPage\",\"@id\":\"https:\/\/horticom.ee\/e-pood\/toode\/rododendronivaetis-kastmiseks-horticom-500g\/\",\"url\":\"https:\/\/horticom.ee\/e-pood\/toode\/rododendronivaetis-kastmiseks-horticom-500g\/\",\"name\":\"Rododendroniv\u00e4etis kastmiseks Horticom 500g - Horticom\",\"isPartOf\":{\"@id\":\"https:\/\/horticom.ee\/e-pood\/#website\"},\"primaryImageOfPage\":{\"@id\":\"https:\/\/horticom.ee\/e-pood\/toode\/rododendronivaetis-kastmiseks-horticom-500g\/#primaryimage\"},\"image\":{\"@id\":\"https:\/\/horticom.ee\/e-pood\/toode\/rododendronivaetis-kastmiseks-horticom-500g\/#primaryimage\"},\"thumbnailUrl\":\"https:\/\/horticom.ee\/e-pood\/wp-content\/uploads\/importedmedia\/product_2549974_0_67000631.jpg\",\"datePublished\":\"2026-02-06T15:00:36+00:00\",\"dateModified\":\"2026-04-20T07:01:33+00:00\",\"breadcrumb\":{\"@id\":\"https:\/\/horticom.ee\/e-pood\/toode\/rododendronivaetis-kastmiseks-horticom-500g\/#breadcrumb\"},\"inLanguage\":\"et\",\"potentialAction\":[{\"@type\":\"ReadAction\",\"target\":[\"https:\/\/horticom.ee\/e-pood\/toode\/rododendronivaetis-kastmiseks-horticom-500g\/\"]}]},{\"@type\":\"ImageObject\",\"inLanguage\":\"et\",\"@id\":\"https:\/\/horticom.ee\/e-pood\/toode\/rododendronivaetis-kastmiseks-horticom-500g\/#primaryimage\",\"url\":\"https:\/\/horticom.ee\/e-pood\/wp-content\/uploads\/importedmedia\/product_2549974_0_67000631.jpg\",\"contentUrl\":\"https:\/\/horticom.ee\/e-pood\/wp-content\/uploads\/importedmedia\/product_2549974_0_67000631.jpg\",\"width\":999,\"height\":667},{\"@type\":\"BreadcrumbList\",\"@id\":\"https:\/\/horticom.ee\/e-pood\/toode\/rododendronivaetis-kastmiseks-horticom-500g\/#breadcrumb\",\"itemListElement\":[{\"@type\":\"ListItem\",\"position\":1,\"name\":\"Home\",\"item\":\"https:\/\/horticom.ee\/e-pood\/\"},{\"@type\":\"ListItem\",\"position\":2,\"name\":\"Pood\",\"item\":\"https:\/\/horticom.ee\/e-pood\/pood\/\"},{\"@type\":\"ListItem\",\"position\":3,\"name\":\"Rododendroniv\u00e4etis kastmiseks Horticom 500g\"}]},{\"@type\":\"WebSite\",\"@id\":\"https:\/\/horticom.ee\/e-pood\/#website\",\"url\":\"https:\/\/horticom.ee\/e-pood\/\",\"name\":\"Horticom.ee\",\"description\":\"Aianduskaubad ja kodukaubad nii harrastajatele kui professionaalidele\",\"potentialAction\":[{\"@type\":\"SearchAction\",\"target\":{\"@type\":\"EntryPoint\",\"urlTemplate\":\"https:\/\/horticom.ee\/e-pood\/?s={search_term_string}\"},\"query-input\":{\"@type\":\"PropertyValueSpecification\",\"valueRequired\":true,\"valueName\":\"search_term_string\"}}],\"inLanguage\":\"et\"}]}<\/script>\n<!-- \/ Yoast SEO plugin. -->","yoast_head_json":{"title":"Rododendroniv\u00e4etis kastmiseks Horticom 500g - Horticom","robots":{"index":"index","follow":"follow","max-snippet":"max-snippet:-1","max-image-preview":"max-image-preview:large","max-video-preview":"max-video-preview:-1"},"canonical":"https:\/\/horticom.ee\/e-pood\/toode\/rododendronivaetis-kastmiseks-horticom-500g\/","og_locale":"et_EE","og_type":"article","og_title":"Rododendroniv\u00e4etis kastmiseks Horticom 500g - Horticom","og_description":"Kvaliteetv\u00e4etis mikroelementidega rododendronitele ja teistele happelist keskkonda vajavatele taimedele, mis muudab \u00f5itev\u00e4rvi kirkaks, l\u00f5hna intensiivseks, ergutab taime kasvu ja arendab juurekava. 100% veeslahustuv kompleksv\u00e4etis","og_url":"https:\/\/horticom.ee\/e-pood\/toode\/rododendronivaetis-kastmiseks-horticom-500g\/","og_site_name":"Horticom.ee","article_publisher":"https:\/\/www.facebook.com\/horticom.ee\/e-pood","article_modified_time":"2026-04-20T07:01:33+00:00","og_image":[{"width":999,"height":667,"url":"https:\/\/horticom.ee\/e-pood\/wp-content\/uploads\/importedmedia\/product_2549974_0_67000631.jpg","type":"image\/jpeg"}],"twitter_card":"summary_large_image","schema":{"@context":"https:\/\/schema.org","@graph":[{"@type":"WebPage","@id":"https:\/\/horticom.ee\/e-pood\/toode\/rododendronivaetis-kastmiseks-horticom-500g\/","url":"https:\/\/horticom.ee\/e-pood\/toode\/rododendronivaetis-kastmiseks-horticom-500g\/","name":"Rododendroniv\u00e4etis kastmiseks Horticom 500g - Horticom","isPartOf":{"@id":"https:\/\/horticom.ee\/e-pood\/#website"},"primaryImageOfPage":{"@id":"https:\/\/horticom.ee\/e-pood\/toode\/rododendronivaetis-kastmiseks-horticom-500g\/#primaryimage"},"image":{"@id":"https:\/\/horticom.ee\/e-pood\/toode\/rododendronivaetis-kastmiseks-horticom-500g\/#primaryimage"},"thumbnailUrl":"https:\/\/horticom.ee\/e-pood\/wp-content\/uploads\/importedmedia\/product_2549974_0_67000631.jpg","datePublished":"2026-02-06T15:00:36+00:00","dateModified":"2026-04-20T07:01:33+00:00","breadcrumb":{"@id":"https:\/\/horticom.ee\/e-pood\/toode\/rododendronivaetis-kastmiseks-horticom-500g\/#breadcrumb"},"inLanguage":"et","potentialAction":[{"@type":"ReadAction","target":["https:\/\/horticom.ee\/e-pood\/toode\/rododendronivaetis-kastmiseks-horticom-500g\/"]}]},{"@type":"ImageObject","inLanguage":"et","@id":"https:\/\/horticom.ee\/e-pood\/toode\/rododendronivaetis-kastmiseks-horticom-500g\/#primaryimage","url":"https:\/\/horticom.ee\/e-pood\/wp-content\/uploads\/importedmedia\/product_2549974_0_67000631.jpg","contentUrl":"https:\/\/horticom.ee\/e-pood\/wp-content\/uploads\/importedmedia\/product_2549974_0_67000631.jpg","width":999,"height":667},{"@type":"BreadcrumbList","@id":"https:\/\/horticom.ee\/e-pood\/toode\/rododendronivaetis-kastmiseks-horticom-500g\/#breadcrumb","itemListElement":[{"@type":"ListItem","position":1,"name":"Home","item":"https:\/\/horticom.ee\/e-pood\/"},{"@type":"ListItem","position":2,"name":"Pood","item":"https:\/\/horticom.ee\/e-pood\/pood\/"},{"@type":"ListItem","position":3,"name":"Rododendroniv\u00e4etis kastmiseks Horticom 500g"}]},{"@type":"WebSite","@id":"https:\/\/horticom.ee\/e-pood\/#website","url":"https:\/\/horticom.ee\/e-pood\/","name":"Horticom.ee","description":"Aianduskaubad ja kodukaubad nii harrastajatele kui professionaalidele","potentialAction":[{"@type":"SearchAction","target":{"@type":"EntryPoint","urlTemplate":"https:\/\/horticom.ee\/e-pood\/?s={search_term_string}"},"query-input":{"@type":"PropertyValueSpecification","valueRequired":true,"valueName":"search_term_string"}}],"inLanguage":"et"}]}},"_links":{"self":[{"href":"https:\/\/horticom.ee\/e-pood\/wp-json\/wp\/v2\/product\/2549974","targetHints":{"allow":["GET"]}}],"collection":[{"href":"https:\/\/horticom.ee\/e-pood\/wp-json\/wp\/v2\/product"}],"about":[{"href":"https:\/\/horticom.ee\/e-pood\/wp-json\/wp\/v2\/types\/product"}],"replies":[{"embeddable":true,"href":"https:\/\/horticom.ee\/e-pood\/wp-json\/wp\/v2\/comments?post=2549974"}],"wp:featuredmedia":[{"embeddable":true,"href":"https:\/\/horticom.ee\/e-pood\/wp-json\/wp\/v2\/media\/2598634"}],"wp:attachment":[{"href":"https:\/\/horticom.ee\/e-pood\/wp-json\/wp\/v2\/media?parent=2549974"}],"wp:term":[{"taxonomy":"product_cat","embeddable":true,"href":"https:\/\/horticom.ee\/e-pood\/wp-json\/wp\/v2\/product_cat?post=2549974"},{"taxonomy":"product_tag","embeddable":true,"href":"https:\/\/horticom.ee\/e-pood\/wp-json\/wp\/v2\/product_tag?post=2549974"}],"curies":[{"name":"wp","href":"https:\/\/api.w.org\/{rel}","templated":true}]}}