{"id":2549977,"date":"2026-02-06T17:00:36","date_gmt":"2026-02-06T15:00:36","guid":{"rendered":"https:\/\/horticom.ee\/e-pood\/toode\/taisvaetatud-muld-complete-compo-25l\/"},"modified":"2026-04-28T03:11:04","modified_gmt":"2026-04-28T00:11:04","slug":"taisvaetatud-muld-complete-compo-25l","status":"publish","type":"product","link":"https:\/\/horticom.ee\/e-pood\/toode\/taisvaetatud-muld-complete-compo-25l\/","title":{"rendered":"T\u00e4isv\u00e4etatud muld COMPLETE Compo 25L"},"content":{"rendered":"<p>T\u00e4isv\u00e4etatud muld COMPLETE k\u00f5ikidele \u00f5itsvatele ja rohelistele taimedele nii toas kui r\u00f5dul. H\u00fcdrogeel ja savigraanulid hoiavad \u00fchtlast niisustaset mullas ning v\u00e4hendavad oluliselt kastmisvajadust. Mulda on lisatud perliiti, mis v\u00f5imaldab juurtel juurdep\u00e4\u00e4su \u00f5hule ja vabale veevoolule. Lisaks stimuleerib aktiivne juurekasvu soodustaja taime kiiresti kasvama, moodustades juurestiku kaitsebarj\u00e4\u00e4ri. Mikro- ja makroelementide, sh boori, vase, raua, mangaani, mol\u00fcbdeeni ja tsingi lisamine tagab taimele suurep\u00e4rased \u00f5itsemistingimused ning looduslik savi ja h\u00fcdrogeel tagavad toitainete s\u00fcstemaatilise vabanemise, t\u00e4nu millele saab taim k\u00e4tte \u00f5ige annuse olulisi koostisosi pikema aja v\u00e4ltel.<\/p>\n","protected":false},"excerpt":{"rendered":"<p>T\u00e4isv\u00e4etatud muld COMPLETE k\u00f5ikidele \u00f5itsvatele ja rohelistele taimedele nii toas kui r\u00f5dul. H\u00fcdrogeel ja savigraanulid hoiavad \u00fchtlast niisustaset mullas ning v\u00e4hendavad oluliselt kastmisvajadust. Mulda on lisatud perliiti, mis v\u00f5imaldab juurtel juurdep\u00e4\u00e4su \u00f5hule ja vabale veevoolule. Lisaks stimuleerib aktiivne juurekasvu soodustaja taime kiiresti kasvama, moodustades juurestiku kaitsebarj\u00e4\u00e4ri. Mikro- ja makroelementide, sh boori, vase, raua, mangaani, mol\u00fcbdeeni [&hellip;]<\/p>\n","protected":false},"featured_media":2550040,"comment_status":"closed","ping_status":"closed","template":"","meta":{"_themeisle_gutenberg_block_has_review":false},"product_cat":[13575],"product_tag":[],"class_list":{"0":"post-2549977","1":"product","2":"type-product","3":"status-publish","4":"has-post-thumbnail","6":"product_cat-mullad-ja-turbad","8":"first","9":"instock","10":"shipping-taxable","11":"purchasable","12":"product-type-simple"},"yoast_head":"<!-- This site is optimized with the Yoast SEO plugin v24.0 - https:\/\/yoast.com\/wordpress\/plugins\/seo\/ -->\n<title>T\u00e4isv\u00e4etatud muld COMPLETE Compo 25L - Horticom<\/title>\n<meta name=\"robots\" content=\"index, follow, max-snippet:-1, max-image-preview:large, max-video-preview:-1\" \/>\n<link rel=\"canonical\" href=\"https:\/\/horticom.ee\/e-pood\/toode\/taisvaetatud-muld-complete-compo-25l\/\" \/>\n<meta property=\"og:locale\" content=\"et_EE\" \/>\n<meta property=\"og:type\" content=\"article\" \/>\n<meta property=\"og:title\" content=\"T\u00e4isv\u00e4etatud muld COMPLETE Compo 25L - Horticom\" \/>\n<meta property=\"og:description\" content=\"T\u00e4isv\u00e4etatud muld COMPLETE k\u00f5ikidele \u00f5itsvatele ja rohelistele taimedele nii toas kui r\u00f5dul. H\u00fcdrogeel ja savigraanulid hoiavad \u00fchtlast niisustaset mullas ning v\u00e4hendavad oluliselt kastmisvajadust. Mulda on lisatud perliiti, mis v\u00f5imaldab juurtel juurdep\u00e4\u00e4su \u00f5hule ja vabale veevoolule. Lisaks stimuleerib aktiivne juurekasvu soodustaja taime kiiresti kasvama, moodustades juurestiku kaitsebarj\u00e4\u00e4ri. Mikro- ja makroelementide, sh boori, vase, raua, mangaani, mol\u00fcbdeeni [&hellip;]\" \/>\n<meta property=\"og:url\" content=\"https:\/\/horticom.ee\/e-pood\/toode\/taisvaetatud-muld-complete-compo-25l\/\" \/>\n<meta property=\"og:site_name\" content=\"Horticom.ee\" \/>\n<meta property=\"article:publisher\" content=\"https:\/\/www.facebook.com\/horticom.ee\/e-pood\" \/>\n<meta property=\"article:modified_time\" content=\"2026-04-28T00:11:04+00:00\" \/>\n<meta property=\"og:image\" content=\"https:\/\/horticom.ee\/e-pood\/wp-content\/uploads\/importedmedia\/product_2549977_0_6702167.jpg\" \/>\n\t<meta property=\"og:image:width\" content=\"1000\" \/>\n\t<meta property=\"og:image:height\" content=\"1000\" \/>\n\t<meta property=\"og:image:type\" content=\"image\/jpeg\" \/>\n<meta name=\"twitter:card\" content=\"summary_large_image\" \/>\n<script type=\"application\/ld+json\" class=\"yoast-schema-graph\">{\"@context\":\"https:\/\/schema.org\",\"@graph\":[{\"@type\":\"WebPage\",\"@id\":\"https:\/\/horticom.ee\/e-pood\/toode\/taisvaetatud-muld-complete-compo-25l\/\",\"url\":\"https:\/\/horticom.ee\/e-pood\/toode\/taisvaetatud-muld-complete-compo-25l\/\",\"name\":\"T\u00e4isv\u00e4etatud muld COMPLETE Compo 25L - Horticom\",\"isPartOf\":{\"@id\":\"https:\/\/horticom.ee\/e-pood\/#website\"},\"primaryImageOfPage\":{\"@id\":\"https:\/\/horticom.ee\/e-pood\/toode\/taisvaetatud-muld-complete-compo-25l\/#primaryimage\"},\"image\":{\"@id\":\"https:\/\/horticom.ee\/e-pood\/toode\/taisvaetatud-muld-complete-compo-25l\/#primaryimage\"},\"thumbnailUrl\":\"https:\/\/horticom.ee\/e-pood\/wp-content\/uploads\/importedmedia\/product_2549977_0_6702167.jpg\",\"datePublished\":\"2026-02-06T15:00:36+00:00\",\"dateModified\":\"2026-04-28T00:11:04+00:00\",\"breadcrumb\":{\"@id\":\"https:\/\/horticom.ee\/e-pood\/toode\/taisvaetatud-muld-complete-compo-25l\/#breadcrumb\"},\"inLanguage\":\"et\",\"potentialAction\":[{\"@type\":\"ReadAction\",\"target\":[\"https:\/\/horticom.ee\/e-pood\/toode\/taisvaetatud-muld-complete-compo-25l\/\"]}]},{\"@type\":\"ImageObject\",\"inLanguage\":\"et\",\"@id\":\"https:\/\/horticom.ee\/e-pood\/toode\/taisvaetatud-muld-complete-compo-25l\/#primaryimage\",\"url\":\"https:\/\/horticom.ee\/e-pood\/wp-content\/uploads\/importedmedia\/product_2549977_0_6702167.jpg\",\"contentUrl\":\"https:\/\/horticom.ee\/e-pood\/wp-content\/uploads\/importedmedia\/product_2549977_0_6702167.jpg\",\"width\":1000,\"height\":1000},{\"@type\":\"BreadcrumbList\",\"@id\":\"https:\/\/horticom.ee\/e-pood\/toode\/taisvaetatud-muld-complete-compo-25l\/#breadcrumb\",\"itemListElement\":[{\"@type\":\"ListItem\",\"position\":1,\"name\":\"Home\",\"item\":\"https:\/\/horticom.ee\/e-pood\/\"},{\"@type\":\"ListItem\",\"position\":2,\"name\":\"Pood\",\"item\":\"https:\/\/horticom.ee\/e-pood\/pood\/\"},{\"@type\":\"ListItem\",\"position\":3,\"name\":\"T\u00e4isv\u00e4etatud muld COMPLETE Compo 25L\"}]},{\"@type\":\"WebSite\",\"@id\":\"https:\/\/horticom.ee\/e-pood\/#website\",\"url\":\"https:\/\/horticom.ee\/e-pood\/\",\"name\":\"Horticom.ee\",\"description\":\"Aianduskaubad ja kodukaubad nii harrastajatele kui professionaalidele\",\"potentialAction\":[{\"@type\":\"SearchAction\",\"target\":{\"@type\":\"EntryPoint\",\"urlTemplate\":\"https:\/\/horticom.ee\/e-pood\/?s={search_term_string}\"},\"query-input\":{\"@type\":\"PropertyValueSpecification\",\"valueRequired\":true,\"valueName\":\"search_term_string\"}}],\"inLanguage\":\"et\"}]}<\/script>\n<!-- \/ Yoast SEO plugin. -->","yoast_head_json":{"title":"T\u00e4isv\u00e4etatud muld COMPLETE Compo 25L - Horticom","robots":{"index":"index","follow":"follow","max-snippet":"max-snippet:-1","max-image-preview":"max-image-preview:large","max-video-preview":"max-video-preview:-1"},"canonical":"https:\/\/horticom.ee\/e-pood\/toode\/taisvaetatud-muld-complete-compo-25l\/","og_locale":"et_EE","og_type":"article","og_title":"T\u00e4isv\u00e4etatud muld COMPLETE Compo 25L - Horticom","og_description":"T\u00e4isv\u00e4etatud muld COMPLETE k\u00f5ikidele \u00f5itsvatele ja rohelistele taimedele nii toas kui r\u00f5dul. H\u00fcdrogeel ja savigraanulid hoiavad \u00fchtlast niisustaset mullas ning v\u00e4hendavad oluliselt kastmisvajadust. Mulda on lisatud perliiti, mis v\u00f5imaldab juurtel juurdep\u00e4\u00e4su \u00f5hule ja vabale veevoolule. Lisaks stimuleerib aktiivne juurekasvu soodustaja taime kiiresti kasvama, moodustades juurestiku kaitsebarj\u00e4\u00e4ri. Mikro- ja makroelementide, sh boori, vase, raua, mangaani, mol\u00fcbdeeni [&hellip;]","og_url":"https:\/\/horticom.ee\/e-pood\/toode\/taisvaetatud-muld-complete-compo-25l\/","og_site_name":"Horticom.ee","article_publisher":"https:\/\/www.facebook.com\/horticom.ee\/e-pood","article_modified_time":"2026-04-28T00:11:04+00:00","og_image":[{"width":1000,"height":1000,"url":"https:\/\/horticom.ee\/e-pood\/wp-content\/uploads\/importedmedia\/product_2549977_0_6702167.jpg","type":"image\/jpeg"}],"twitter_card":"summary_large_image","schema":{"@context":"https:\/\/schema.org","@graph":[{"@type":"WebPage","@id":"https:\/\/horticom.ee\/e-pood\/toode\/taisvaetatud-muld-complete-compo-25l\/","url":"https:\/\/horticom.ee\/e-pood\/toode\/taisvaetatud-muld-complete-compo-25l\/","name":"T\u00e4isv\u00e4etatud muld COMPLETE Compo 25L - Horticom","isPartOf":{"@id":"https:\/\/horticom.ee\/e-pood\/#website"},"primaryImageOfPage":{"@id":"https:\/\/horticom.ee\/e-pood\/toode\/taisvaetatud-muld-complete-compo-25l\/#primaryimage"},"image":{"@id":"https:\/\/horticom.ee\/e-pood\/toode\/taisvaetatud-muld-complete-compo-25l\/#primaryimage"},"thumbnailUrl":"https:\/\/horticom.ee\/e-pood\/wp-content\/uploads\/importedmedia\/product_2549977_0_6702167.jpg","datePublished":"2026-02-06T15:00:36+00:00","dateModified":"2026-04-28T00:11:04+00:00","breadcrumb":{"@id":"https:\/\/horticom.ee\/e-pood\/toode\/taisvaetatud-muld-complete-compo-25l\/#breadcrumb"},"inLanguage":"et","potentialAction":[{"@type":"ReadAction","target":["https:\/\/horticom.ee\/e-pood\/toode\/taisvaetatud-muld-complete-compo-25l\/"]}]},{"@type":"ImageObject","inLanguage":"et","@id":"https:\/\/horticom.ee\/e-pood\/toode\/taisvaetatud-muld-complete-compo-25l\/#primaryimage","url":"https:\/\/horticom.ee\/e-pood\/wp-content\/uploads\/importedmedia\/product_2549977_0_6702167.jpg","contentUrl":"https:\/\/horticom.ee\/e-pood\/wp-content\/uploads\/importedmedia\/product_2549977_0_6702167.jpg","width":1000,"height":1000},{"@type":"BreadcrumbList","@id":"https:\/\/horticom.ee\/e-pood\/toode\/taisvaetatud-muld-complete-compo-25l\/#breadcrumb","itemListElement":[{"@type":"ListItem","position":1,"name":"Home","item":"https:\/\/horticom.ee\/e-pood\/"},{"@type":"ListItem","position":2,"name":"Pood","item":"https:\/\/horticom.ee\/e-pood\/pood\/"},{"@type":"ListItem","position":3,"name":"T\u00e4isv\u00e4etatud muld COMPLETE Compo 25L"}]},{"@type":"WebSite","@id":"https:\/\/horticom.ee\/e-pood\/#website","url":"https:\/\/horticom.ee\/e-pood\/","name":"Horticom.ee","description":"Aianduskaubad ja kodukaubad nii harrastajatele kui professionaalidele","potentialAction":[{"@type":"SearchAction","target":{"@type":"EntryPoint","urlTemplate":"https:\/\/horticom.ee\/e-pood\/?s={search_term_string}"},"query-input":{"@type":"PropertyValueSpecification","valueRequired":true,"valueName":"search_term_string"}}],"inLanguage":"et"}]}},"_links":{"self":[{"href":"https:\/\/horticom.ee\/e-pood\/wp-json\/wp\/v2\/product\/2549977","targetHints":{"allow":["GET"]}}],"collection":[{"href":"https:\/\/horticom.ee\/e-pood\/wp-json\/wp\/v2\/product"}],"about":[{"href":"https:\/\/horticom.ee\/e-pood\/wp-json\/wp\/v2\/types\/product"}],"replies":[{"embeddable":true,"href":"https:\/\/horticom.ee\/e-pood\/wp-json\/wp\/v2\/comments?post=2549977"}],"wp:featuredmedia":[{"embeddable":true,"href":"https:\/\/horticom.ee\/e-pood\/wp-json\/wp\/v2\/media\/2550040"}],"wp:attachment":[{"href":"https:\/\/horticom.ee\/e-pood\/wp-json\/wp\/v2\/media?parent=2549977"}],"wp:term":[{"taxonomy":"product_cat","embeddable":true,"href":"https:\/\/horticom.ee\/e-pood\/wp-json\/wp\/v2\/product_cat?post=2549977"},{"taxonomy":"product_tag","embeddable":true,"href":"https:\/\/horticom.ee\/e-pood\/wp-json\/wp\/v2\/product_tag?post=2549977"}],"curies":[{"name":"wp","href":"https:\/\/api.w.org\/{rel}","templated":true}]}}