{"id":2549984,"date":"2026-02-06T17:00:38","date_gmt":"2026-02-06T15:00:38","guid":{"rendered":"https:\/\/horticom.ee\/e-pood\/toode\/bio-muruvaetis-aqua-depot-compo-1005kg\/"},"modified":"2026-04-18T03:18:58","modified_gmt":"2026-04-18T00:18:58","slug":"bio-muruvaetis-aqua-depot-compo-1005kg","status":"publish","type":"product","link":"https:\/\/horticom.ee\/e-pood\/toode\/bio-muruvaetis-aqua-depot-compo-1005kg\/","title":{"rendered":"BIO muruv\u00e4etis Aqua Depot Compo 10,05kg"},"content":{"rendered":"<p>Bio muruv\u00e4etis AQUA DEPOT on orgaaniline v\u00e4etis, millel on looduslik kohene ja pikaajaline toime, tagades tiheda ja lopsaka rohelise muru ka kuivaperioodidel ja kuumalaine ajal. T\u00e4nu oma erilise toitainete kombinatsioonile ja suurele kaaliumisisaldusele varustab v\u00e4etis muru k\u00f5igi vajalike toitainetega kuni kolmeks kuuks. Peened, kergesti laialijaotuvad graanulid saab tolmuvabalt jaotada s\u00fcgavale murusse ning neid on lihtne ja puhas laoturiga kasutada. V\u00e4etise \u00fchtlane jaotumine tagab, et k\u00f5ik murutaimed saavad piisavalt toitaineid. V\u00e4etis p\u00f5hineb kahekordsel toimekomplektil. Esimene toime tuleneb puhtalt orgaanilistest toorainetest, millel on k\u00f5rge toitainesisaldus. Teine on toitainete p\u00fcsitoime: Sisaldab lisaks kaaliumit ja magneesiumi, rikastatud looduslike aminohapetega, mis tagavad parema ja looduslikuma kaitse stressitegurite (nt p\u00f5ua) vastu, k\u00f5rge orgaanilise aine sisaldus aktiveerib mullaelustikku ja parandab mulla struktuuri, mis v\u00f5imaldab mullal rohkem vett siduda ning parandab taimede veevarustust kuivaperioodidel, tugevdatud rakuseinad suurendavad taimede k\u00fclmakindlust.<\/p>\n","protected":false},"excerpt":{"rendered":"<p>Bio muruv\u00e4etis AQUA DEPOT on orgaaniline v\u00e4etis, millel on looduslik kohene ja pikaajaline toime, tagades tiheda ja lopsaka rohelise muru ka kuivaperioodidel ja kuumalaine ajal. T\u00e4nu oma erilise toitainete kombinatsioonile ja suurele kaaliumisisaldusele varustab v\u00e4etis muru k\u00f5igi vajalike toitainetega kuni kolmeks kuuks. Peened, kergesti laialijaotuvad graanulid saab tolmuvabalt jaotada s\u00fcgavale murusse ning neid on lihtne [&hellip;]<\/p>\n","protected":false},"featured_media":2566687,"comment_status":"closed","ping_status":"closed","template":"","meta":{"_themeisle_gutenberg_block_has_review":false},"product_cat":[16970],"product_tag":[],"class_list":{"0":"post-2549984","1":"product","2":"type-product","3":"status-publish","4":"has-post-thumbnail","6":"product_cat-murule","8":"first","9":"instock","10":"shipping-taxable","11":"purchasable","12":"product-type-simple"},"yoast_head":"<!-- This site is optimized with the Yoast SEO plugin v24.0 - https:\/\/yoast.com\/wordpress\/plugins\/seo\/ -->\n<title>BIO muruv\u00e4etis Aqua Depot Compo 10,05kg - Horticom<\/title>\n<meta name=\"robots\" content=\"index, follow, max-snippet:-1, max-image-preview:large, max-video-preview:-1\" \/>\n<link rel=\"canonical\" href=\"https:\/\/horticom.ee\/e-pood\/toode\/bio-muruvaetis-aqua-depot-compo-1005kg\/\" \/>\n<meta property=\"og:locale\" content=\"et_EE\" \/>\n<meta property=\"og:type\" content=\"article\" \/>\n<meta property=\"og:title\" content=\"BIO muruv\u00e4etis Aqua Depot Compo 10,05kg - Horticom\" \/>\n<meta property=\"og:description\" content=\"Bio muruv\u00e4etis AQUA DEPOT on orgaaniline v\u00e4etis, millel on looduslik kohene ja pikaajaline toime, tagades tiheda ja lopsaka rohelise muru ka kuivaperioodidel ja kuumalaine ajal. T\u00e4nu oma erilise toitainete kombinatsioonile ja suurele kaaliumisisaldusele varustab v\u00e4etis muru k\u00f5igi vajalike toitainetega kuni kolmeks kuuks. Peened, kergesti laialijaotuvad graanulid saab tolmuvabalt jaotada s\u00fcgavale murusse ning neid on lihtne [&hellip;]\" \/>\n<meta property=\"og:url\" content=\"https:\/\/horticom.ee\/e-pood\/toode\/bio-muruvaetis-aqua-depot-compo-1005kg\/\" \/>\n<meta property=\"og:site_name\" content=\"Horticom.ee\" \/>\n<meta property=\"article:publisher\" content=\"https:\/\/www.facebook.com\/horticom.ee\/e-pood\" \/>\n<meta property=\"article:modified_time\" content=\"2026-04-18T00:18:58+00:00\" \/>\n<meta property=\"og:image\" content=\"https:\/\/horticom.ee\/e-pood\/wp-content\/uploads\/importedmedia\/product_2549984_0_6701388.jpg\" \/>\n\t<meta property=\"og:image:width\" content=\"1000\" \/>\n\t<meta property=\"og:image:height\" content=\"1000\" \/>\n\t<meta property=\"og:image:type\" content=\"image\/jpeg\" \/>\n<meta name=\"twitter:card\" content=\"summary_large_image\" \/>\n<meta name=\"twitter:label1\" content=\"Est. reading time\" \/>\n\t<meta name=\"twitter:data1\" content=\"1 minut\" \/>\n<script type=\"application\/ld+json\" class=\"yoast-schema-graph\">{\"@context\":\"https:\/\/schema.org\",\"@graph\":[{\"@type\":\"WebPage\",\"@id\":\"https:\/\/horticom.ee\/e-pood\/toode\/bio-muruvaetis-aqua-depot-compo-1005kg\/\",\"url\":\"https:\/\/horticom.ee\/e-pood\/toode\/bio-muruvaetis-aqua-depot-compo-1005kg\/\",\"name\":\"BIO muruv\u00e4etis Aqua Depot Compo 10,05kg - Horticom\",\"isPartOf\":{\"@id\":\"https:\/\/horticom.ee\/e-pood\/#website\"},\"primaryImageOfPage\":{\"@id\":\"https:\/\/horticom.ee\/e-pood\/toode\/bio-muruvaetis-aqua-depot-compo-1005kg\/#primaryimage\"},\"image\":{\"@id\":\"https:\/\/horticom.ee\/e-pood\/toode\/bio-muruvaetis-aqua-depot-compo-1005kg\/#primaryimage\"},\"thumbnailUrl\":\"https:\/\/horticom.ee\/e-pood\/wp-content\/uploads\/importedmedia\/product_2549984_0_6701388.jpg\",\"datePublished\":\"2026-02-06T15:00:38+00:00\",\"dateModified\":\"2026-04-18T00:18:58+00:00\",\"breadcrumb\":{\"@id\":\"https:\/\/horticom.ee\/e-pood\/toode\/bio-muruvaetis-aqua-depot-compo-1005kg\/#breadcrumb\"},\"inLanguage\":\"et\",\"potentialAction\":[{\"@type\":\"ReadAction\",\"target\":[\"https:\/\/horticom.ee\/e-pood\/toode\/bio-muruvaetis-aqua-depot-compo-1005kg\/\"]}]},{\"@type\":\"ImageObject\",\"inLanguage\":\"et\",\"@id\":\"https:\/\/horticom.ee\/e-pood\/toode\/bio-muruvaetis-aqua-depot-compo-1005kg\/#primaryimage\",\"url\":\"https:\/\/horticom.ee\/e-pood\/wp-content\/uploads\/importedmedia\/product_2549984_0_6701388.jpg\",\"contentUrl\":\"https:\/\/horticom.ee\/e-pood\/wp-content\/uploads\/importedmedia\/product_2549984_0_6701388.jpg\",\"width\":1000,\"height\":1000},{\"@type\":\"BreadcrumbList\",\"@id\":\"https:\/\/horticom.ee\/e-pood\/toode\/bio-muruvaetis-aqua-depot-compo-1005kg\/#breadcrumb\",\"itemListElement\":[{\"@type\":\"ListItem\",\"position\":1,\"name\":\"Home\",\"item\":\"https:\/\/horticom.ee\/e-pood\/\"},{\"@type\":\"ListItem\",\"position\":2,\"name\":\"Pood\",\"item\":\"https:\/\/horticom.ee\/e-pood\/pood\/\"},{\"@type\":\"ListItem\",\"position\":3,\"name\":\"BIO muruv\u00e4etis Aqua Depot Compo 10,05kg\"}]},{\"@type\":\"WebSite\",\"@id\":\"https:\/\/horticom.ee\/e-pood\/#website\",\"url\":\"https:\/\/horticom.ee\/e-pood\/\",\"name\":\"Horticom.ee\",\"description\":\"Aianduskaubad ja kodukaubad nii harrastajatele kui professionaalidele\",\"potentialAction\":[{\"@type\":\"SearchAction\",\"target\":{\"@type\":\"EntryPoint\",\"urlTemplate\":\"https:\/\/horticom.ee\/e-pood\/?s={search_term_string}\"},\"query-input\":{\"@type\":\"PropertyValueSpecification\",\"valueRequired\":true,\"valueName\":\"search_term_string\"}}],\"inLanguage\":\"et\"}]}<\/script>\n<!-- \/ Yoast SEO plugin. -->","yoast_head_json":{"title":"BIO muruv\u00e4etis Aqua Depot Compo 10,05kg - Horticom","robots":{"index":"index","follow":"follow","max-snippet":"max-snippet:-1","max-image-preview":"max-image-preview:large","max-video-preview":"max-video-preview:-1"},"canonical":"https:\/\/horticom.ee\/e-pood\/toode\/bio-muruvaetis-aqua-depot-compo-1005kg\/","og_locale":"et_EE","og_type":"article","og_title":"BIO muruv\u00e4etis Aqua Depot Compo 10,05kg - Horticom","og_description":"Bio muruv\u00e4etis AQUA DEPOT on orgaaniline v\u00e4etis, millel on looduslik kohene ja pikaajaline toime, tagades tiheda ja lopsaka rohelise muru ka kuivaperioodidel ja kuumalaine ajal. T\u00e4nu oma erilise toitainete kombinatsioonile ja suurele kaaliumisisaldusele varustab v\u00e4etis muru k\u00f5igi vajalike toitainetega kuni kolmeks kuuks. Peened, kergesti laialijaotuvad graanulid saab tolmuvabalt jaotada s\u00fcgavale murusse ning neid on lihtne [&hellip;]","og_url":"https:\/\/horticom.ee\/e-pood\/toode\/bio-muruvaetis-aqua-depot-compo-1005kg\/","og_site_name":"Horticom.ee","article_publisher":"https:\/\/www.facebook.com\/horticom.ee\/e-pood","article_modified_time":"2026-04-18T00:18:58+00:00","og_image":[{"width":1000,"height":1000,"url":"https:\/\/horticom.ee\/e-pood\/wp-content\/uploads\/importedmedia\/product_2549984_0_6701388.jpg","type":"image\/jpeg"}],"twitter_card":"summary_large_image","twitter_misc":{"Est. reading time":"1 minut"},"schema":{"@context":"https:\/\/schema.org","@graph":[{"@type":"WebPage","@id":"https:\/\/horticom.ee\/e-pood\/toode\/bio-muruvaetis-aqua-depot-compo-1005kg\/","url":"https:\/\/horticom.ee\/e-pood\/toode\/bio-muruvaetis-aqua-depot-compo-1005kg\/","name":"BIO muruv\u00e4etis Aqua Depot Compo 10,05kg - Horticom","isPartOf":{"@id":"https:\/\/horticom.ee\/e-pood\/#website"},"primaryImageOfPage":{"@id":"https:\/\/horticom.ee\/e-pood\/toode\/bio-muruvaetis-aqua-depot-compo-1005kg\/#primaryimage"},"image":{"@id":"https:\/\/horticom.ee\/e-pood\/toode\/bio-muruvaetis-aqua-depot-compo-1005kg\/#primaryimage"},"thumbnailUrl":"https:\/\/horticom.ee\/e-pood\/wp-content\/uploads\/importedmedia\/product_2549984_0_6701388.jpg","datePublished":"2026-02-06T15:00:38+00:00","dateModified":"2026-04-18T00:18:58+00:00","breadcrumb":{"@id":"https:\/\/horticom.ee\/e-pood\/toode\/bio-muruvaetis-aqua-depot-compo-1005kg\/#breadcrumb"},"inLanguage":"et","potentialAction":[{"@type":"ReadAction","target":["https:\/\/horticom.ee\/e-pood\/toode\/bio-muruvaetis-aqua-depot-compo-1005kg\/"]}]},{"@type":"ImageObject","inLanguage":"et","@id":"https:\/\/horticom.ee\/e-pood\/toode\/bio-muruvaetis-aqua-depot-compo-1005kg\/#primaryimage","url":"https:\/\/horticom.ee\/e-pood\/wp-content\/uploads\/importedmedia\/product_2549984_0_6701388.jpg","contentUrl":"https:\/\/horticom.ee\/e-pood\/wp-content\/uploads\/importedmedia\/product_2549984_0_6701388.jpg","width":1000,"height":1000},{"@type":"BreadcrumbList","@id":"https:\/\/horticom.ee\/e-pood\/toode\/bio-muruvaetis-aqua-depot-compo-1005kg\/#breadcrumb","itemListElement":[{"@type":"ListItem","position":1,"name":"Home","item":"https:\/\/horticom.ee\/e-pood\/"},{"@type":"ListItem","position":2,"name":"Pood","item":"https:\/\/horticom.ee\/e-pood\/pood\/"},{"@type":"ListItem","position":3,"name":"BIO muruv\u00e4etis Aqua Depot Compo 10,05kg"}]},{"@type":"WebSite","@id":"https:\/\/horticom.ee\/e-pood\/#website","url":"https:\/\/horticom.ee\/e-pood\/","name":"Horticom.ee","description":"Aianduskaubad ja kodukaubad nii harrastajatele kui professionaalidele","potentialAction":[{"@type":"SearchAction","target":{"@type":"EntryPoint","urlTemplate":"https:\/\/horticom.ee\/e-pood\/?s={search_term_string}"},"query-input":{"@type":"PropertyValueSpecification","valueRequired":true,"valueName":"search_term_string"}}],"inLanguage":"et"}]}},"_links":{"self":[{"href":"https:\/\/horticom.ee\/e-pood\/wp-json\/wp\/v2\/product\/2549984","targetHints":{"allow":["GET"]}}],"collection":[{"href":"https:\/\/horticom.ee\/e-pood\/wp-json\/wp\/v2\/product"}],"about":[{"href":"https:\/\/horticom.ee\/e-pood\/wp-json\/wp\/v2\/types\/product"}],"replies":[{"embeddable":true,"href":"https:\/\/horticom.ee\/e-pood\/wp-json\/wp\/v2\/comments?post=2549984"}],"wp:featuredmedia":[{"embeddable":true,"href":"https:\/\/horticom.ee\/e-pood\/wp-json\/wp\/v2\/media\/2566687"}],"wp:attachment":[{"href":"https:\/\/horticom.ee\/e-pood\/wp-json\/wp\/v2\/media?parent=2549984"}],"wp:term":[{"taxonomy":"product_cat","embeddable":true,"href":"https:\/\/horticom.ee\/e-pood\/wp-json\/wp\/v2\/product_cat?post=2549984"},{"taxonomy":"product_tag","embeddable":true,"href":"https:\/\/horticom.ee\/e-pood\/wp-json\/wp\/v2\/product_tag?post=2549984"}],"curies":[{"name":"wp","href":"https:\/\/api.w.org\/{rel}","templated":true}]}}