{"id":2549986,"date":"2026-02-06T17:00:39","date_gmt":"2026-02-06T15:00:39","guid":{"rendered":"https:\/\/horticom.ee\/e-pood\/toode\/bio-universaalne-istutusmuld-aqua-depot-compo-20l\/"},"modified":"2026-04-12T03:13:29","modified_gmt":"2026-04-12T00:13:29","slug":"bio-universaalne-istutusmuld-aqua-depot-compo-20l","status":"publish","type":"product","link":"https:\/\/horticom.ee\/e-pood\/toode\/bio-universaalne-istutusmuld-aqua-depot-compo-20l\/","title":{"rendered":"BIO universaalne istutusmuld Aqua Depot Compo 20L"},"content":{"rendered":"<p>Compo Aqua Depot universaalne muld sisaldab COMPO ORGANIC AQUA DEPOT geeli ja puidukiudu. T\u00e4nu orgaanilisele h\u00fcdrogeelile p\u00fcsib muld pikemalt \u00fchtlaselt niiske ning muld suudab hoida endas lisaks 1,25L vett, mis vabaneb taimedele vastavalt vajadusele. Puidukiud muudavad mulla \u00f5huliseks. Sobiva struktuuri annab looduslik perliit. Muld on toitaineterikas ja \u00f5hulise struktuuriga, hea vee imamisv\u00f5imega, sobides eriti h\u00e4sti \u00f5itsvate taimede kasvatamiseks. Taimed on toitainetega varustatud kuni 5 n\u00e4dalat. Kasutada toataimede \u00fcmberistutamiseks. R\u00f5dutaimede istutamiseks. Maitsetaimede kasvatamiseks. Mulla struktuuri ja v\u00e4etustaseme parandamiseks.<\/p>\n","protected":false},"excerpt":{"rendered":"<p>Compo Aqua Depot universaalne muld sisaldab COMPO ORGANIC AQUA DEPOT geeli ja puidukiudu. T\u00e4nu orgaanilisele h\u00fcdrogeelile p\u00fcsib muld pikemalt \u00fchtlaselt niiske ning muld suudab hoida endas lisaks 1,25L vett, mis vabaneb taimedele vastavalt vajadusele. Puidukiud muudavad mulla \u00f5huliseks. Sobiva struktuuri annab looduslik perliit. Muld on toitaineterikas ja \u00f5hulise struktuuriga, hea vee imamisv\u00f5imega, sobides eriti h\u00e4sti [&hellip;]<\/p>\n","protected":false},"featured_media":2550020,"comment_status":"closed","ping_status":"closed","template":"","meta":{"_themeisle_gutenberg_block_has_review":false},"product_cat":[13575],"product_tag":[],"class_list":{"0":"post-2549986","1":"product","2":"type-product","3":"status-publish","4":"has-post-thumbnail","6":"product_cat-mullad-ja-turbad","8":"first","9":"instock","10":"shipping-taxable","11":"purchasable","12":"product-type-simple"},"yoast_head":"<!-- This site is optimized with the Yoast SEO plugin v24.0 - https:\/\/yoast.com\/wordpress\/plugins\/seo\/ -->\n<title>BIO universaalne istutusmuld Aqua Depot Compo 20L - Horticom<\/title>\n<meta name=\"robots\" content=\"index, follow, max-snippet:-1, max-image-preview:large, max-video-preview:-1\" \/>\n<link rel=\"canonical\" href=\"https:\/\/horticom.ee\/e-pood\/toode\/bio-universaalne-istutusmuld-aqua-depot-compo-20l\/\" \/>\n<meta property=\"og:locale\" content=\"et_EE\" \/>\n<meta property=\"og:type\" content=\"article\" \/>\n<meta property=\"og:title\" content=\"BIO universaalne istutusmuld Aqua Depot Compo 20L - Horticom\" \/>\n<meta property=\"og:description\" content=\"Compo Aqua Depot universaalne muld sisaldab COMPO ORGANIC AQUA DEPOT geeli ja puidukiudu. T\u00e4nu orgaanilisele h\u00fcdrogeelile p\u00fcsib muld pikemalt \u00fchtlaselt niiske ning muld suudab hoida endas lisaks 1,25L vett, mis vabaneb taimedele vastavalt vajadusele. Puidukiud muudavad mulla \u00f5huliseks. Sobiva struktuuri annab looduslik perliit. Muld on toitaineterikas ja \u00f5hulise struktuuriga, hea vee imamisv\u00f5imega, sobides eriti h\u00e4sti [&hellip;]\" \/>\n<meta property=\"og:url\" content=\"https:\/\/horticom.ee\/e-pood\/toode\/bio-universaalne-istutusmuld-aqua-depot-compo-20l\/\" \/>\n<meta property=\"og:site_name\" content=\"Horticom.ee\" \/>\n<meta property=\"article:publisher\" content=\"https:\/\/www.facebook.com\/horticom.ee\/e-pood\" \/>\n<meta property=\"article:modified_time\" content=\"2026-04-12T00:13:29+00:00\" \/>\n<meta property=\"og:image\" content=\"https:\/\/horticom.ee\/e-pood\/wp-content\/uploads\/importedmedia\/product_2549986_0_6701392.jpg\" \/>\n\t<meta property=\"og:image:width\" content=\"1000\" \/>\n\t<meta property=\"og:image:height\" content=\"1000\" \/>\n\t<meta property=\"og:image:type\" content=\"image\/jpeg\" \/>\n<meta name=\"twitter:card\" content=\"summary_large_image\" \/>\n<script type=\"application\/ld+json\" class=\"yoast-schema-graph\">{\"@context\":\"https:\/\/schema.org\",\"@graph\":[{\"@type\":\"WebPage\",\"@id\":\"https:\/\/horticom.ee\/e-pood\/toode\/bio-universaalne-istutusmuld-aqua-depot-compo-20l\/\",\"url\":\"https:\/\/horticom.ee\/e-pood\/toode\/bio-universaalne-istutusmuld-aqua-depot-compo-20l\/\",\"name\":\"BIO universaalne istutusmuld Aqua Depot Compo 20L - Horticom\",\"isPartOf\":{\"@id\":\"https:\/\/horticom.ee\/e-pood\/#website\"},\"primaryImageOfPage\":{\"@id\":\"https:\/\/horticom.ee\/e-pood\/toode\/bio-universaalne-istutusmuld-aqua-depot-compo-20l\/#primaryimage\"},\"image\":{\"@id\":\"https:\/\/horticom.ee\/e-pood\/toode\/bio-universaalne-istutusmuld-aqua-depot-compo-20l\/#primaryimage\"},\"thumbnailUrl\":\"https:\/\/horticom.ee\/e-pood\/wp-content\/uploads\/importedmedia\/product_2549986_0_6701392.jpg\",\"datePublished\":\"2026-02-06T15:00:39+00:00\",\"dateModified\":\"2026-04-12T00:13:29+00:00\",\"breadcrumb\":{\"@id\":\"https:\/\/horticom.ee\/e-pood\/toode\/bio-universaalne-istutusmuld-aqua-depot-compo-20l\/#breadcrumb\"},\"inLanguage\":\"et\",\"potentialAction\":[{\"@type\":\"ReadAction\",\"target\":[\"https:\/\/horticom.ee\/e-pood\/toode\/bio-universaalne-istutusmuld-aqua-depot-compo-20l\/\"]}]},{\"@type\":\"ImageObject\",\"inLanguage\":\"et\",\"@id\":\"https:\/\/horticom.ee\/e-pood\/toode\/bio-universaalne-istutusmuld-aqua-depot-compo-20l\/#primaryimage\",\"url\":\"https:\/\/horticom.ee\/e-pood\/wp-content\/uploads\/importedmedia\/product_2549986_0_6701392.jpg\",\"contentUrl\":\"https:\/\/horticom.ee\/e-pood\/wp-content\/uploads\/importedmedia\/product_2549986_0_6701392.jpg\",\"width\":1000,\"height\":1000},{\"@type\":\"BreadcrumbList\",\"@id\":\"https:\/\/horticom.ee\/e-pood\/toode\/bio-universaalne-istutusmuld-aqua-depot-compo-20l\/#breadcrumb\",\"itemListElement\":[{\"@type\":\"ListItem\",\"position\":1,\"name\":\"Home\",\"item\":\"https:\/\/horticom.ee\/e-pood\/\"},{\"@type\":\"ListItem\",\"position\":2,\"name\":\"Pood\",\"item\":\"https:\/\/horticom.ee\/e-pood\/pood\/\"},{\"@type\":\"ListItem\",\"position\":3,\"name\":\"BIO universaalne istutusmuld Aqua Depot Compo 20L\"}]},{\"@type\":\"WebSite\",\"@id\":\"https:\/\/horticom.ee\/e-pood\/#website\",\"url\":\"https:\/\/horticom.ee\/e-pood\/\",\"name\":\"Horticom.ee\",\"description\":\"Aianduskaubad ja kodukaubad nii harrastajatele kui professionaalidele\",\"potentialAction\":[{\"@type\":\"SearchAction\",\"target\":{\"@type\":\"EntryPoint\",\"urlTemplate\":\"https:\/\/horticom.ee\/e-pood\/?s={search_term_string}\"},\"query-input\":{\"@type\":\"PropertyValueSpecification\",\"valueRequired\":true,\"valueName\":\"search_term_string\"}}],\"inLanguage\":\"et\"}]}<\/script>\n<!-- \/ Yoast SEO plugin. -->","yoast_head_json":{"title":"BIO universaalne istutusmuld Aqua Depot Compo 20L - Horticom","robots":{"index":"index","follow":"follow","max-snippet":"max-snippet:-1","max-image-preview":"max-image-preview:large","max-video-preview":"max-video-preview:-1"},"canonical":"https:\/\/horticom.ee\/e-pood\/toode\/bio-universaalne-istutusmuld-aqua-depot-compo-20l\/","og_locale":"et_EE","og_type":"article","og_title":"BIO universaalne istutusmuld Aqua Depot Compo 20L - Horticom","og_description":"Compo Aqua Depot universaalne muld sisaldab COMPO ORGANIC AQUA DEPOT geeli ja puidukiudu. T\u00e4nu orgaanilisele h\u00fcdrogeelile p\u00fcsib muld pikemalt \u00fchtlaselt niiske ning muld suudab hoida endas lisaks 1,25L vett, mis vabaneb taimedele vastavalt vajadusele. Puidukiud muudavad mulla \u00f5huliseks. Sobiva struktuuri annab looduslik perliit. Muld on toitaineterikas ja \u00f5hulise struktuuriga, hea vee imamisv\u00f5imega, sobides eriti h\u00e4sti [&hellip;]","og_url":"https:\/\/horticom.ee\/e-pood\/toode\/bio-universaalne-istutusmuld-aqua-depot-compo-20l\/","og_site_name":"Horticom.ee","article_publisher":"https:\/\/www.facebook.com\/horticom.ee\/e-pood","article_modified_time":"2026-04-12T00:13:29+00:00","og_image":[{"width":1000,"height":1000,"url":"https:\/\/horticom.ee\/e-pood\/wp-content\/uploads\/importedmedia\/product_2549986_0_6701392.jpg","type":"image\/jpeg"}],"twitter_card":"summary_large_image","schema":{"@context":"https:\/\/schema.org","@graph":[{"@type":"WebPage","@id":"https:\/\/horticom.ee\/e-pood\/toode\/bio-universaalne-istutusmuld-aqua-depot-compo-20l\/","url":"https:\/\/horticom.ee\/e-pood\/toode\/bio-universaalne-istutusmuld-aqua-depot-compo-20l\/","name":"BIO universaalne istutusmuld Aqua Depot Compo 20L - Horticom","isPartOf":{"@id":"https:\/\/horticom.ee\/e-pood\/#website"},"primaryImageOfPage":{"@id":"https:\/\/horticom.ee\/e-pood\/toode\/bio-universaalne-istutusmuld-aqua-depot-compo-20l\/#primaryimage"},"image":{"@id":"https:\/\/horticom.ee\/e-pood\/toode\/bio-universaalne-istutusmuld-aqua-depot-compo-20l\/#primaryimage"},"thumbnailUrl":"https:\/\/horticom.ee\/e-pood\/wp-content\/uploads\/importedmedia\/product_2549986_0_6701392.jpg","datePublished":"2026-02-06T15:00:39+00:00","dateModified":"2026-04-12T00:13:29+00:00","breadcrumb":{"@id":"https:\/\/horticom.ee\/e-pood\/toode\/bio-universaalne-istutusmuld-aqua-depot-compo-20l\/#breadcrumb"},"inLanguage":"et","potentialAction":[{"@type":"ReadAction","target":["https:\/\/horticom.ee\/e-pood\/toode\/bio-universaalne-istutusmuld-aqua-depot-compo-20l\/"]}]},{"@type":"ImageObject","inLanguage":"et","@id":"https:\/\/horticom.ee\/e-pood\/toode\/bio-universaalne-istutusmuld-aqua-depot-compo-20l\/#primaryimage","url":"https:\/\/horticom.ee\/e-pood\/wp-content\/uploads\/importedmedia\/product_2549986_0_6701392.jpg","contentUrl":"https:\/\/horticom.ee\/e-pood\/wp-content\/uploads\/importedmedia\/product_2549986_0_6701392.jpg","width":1000,"height":1000},{"@type":"BreadcrumbList","@id":"https:\/\/horticom.ee\/e-pood\/toode\/bio-universaalne-istutusmuld-aqua-depot-compo-20l\/#breadcrumb","itemListElement":[{"@type":"ListItem","position":1,"name":"Home","item":"https:\/\/horticom.ee\/e-pood\/"},{"@type":"ListItem","position":2,"name":"Pood","item":"https:\/\/horticom.ee\/e-pood\/pood\/"},{"@type":"ListItem","position":3,"name":"BIO universaalne istutusmuld Aqua Depot Compo 20L"}]},{"@type":"WebSite","@id":"https:\/\/horticom.ee\/e-pood\/#website","url":"https:\/\/horticom.ee\/e-pood\/","name":"Horticom.ee","description":"Aianduskaubad ja kodukaubad nii harrastajatele kui professionaalidele","potentialAction":[{"@type":"SearchAction","target":{"@type":"EntryPoint","urlTemplate":"https:\/\/horticom.ee\/e-pood\/?s={search_term_string}"},"query-input":{"@type":"PropertyValueSpecification","valueRequired":true,"valueName":"search_term_string"}}],"inLanguage":"et"}]}},"_links":{"self":[{"href":"https:\/\/horticom.ee\/e-pood\/wp-json\/wp\/v2\/product\/2549986","targetHints":{"allow":["GET"]}}],"collection":[{"href":"https:\/\/horticom.ee\/e-pood\/wp-json\/wp\/v2\/product"}],"about":[{"href":"https:\/\/horticom.ee\/e-pood\/wp-json\/wp\/v2\/types\/product"}],"replies":[{"embeddable":true,"href":"https:\/\/horticom.ee\/e-pood\/wp-json\/wp\/v2\/comments?post=2549986"}],"wp:featuredmedia":[{"embeddable":true,"href":"https:\/\/horticom.ee\/e-pood\/wp-json\/wp\/v2\/media\/2550020"}],"wp:attachment":[{"href":"https:\/\/horticom.ee\/e-pood\/wp-json\/wp\/v2\/media?parent=2549986"}],"wp:term":[{"taxonomy":"product_cat","embeddable":true,"href":"https:\/\/horticom.ee\/e-pood\/wp-json\/wp\/v2\/product_cat?post=2549986"},{"taxonomy":"product_tag","embeddable":true,"href":"https:\/\/horticom.ee\/e-pood\/wp-json\/wp\/v2\/product_tag?post=2549986"}],"curies":[{"name":"wp","href":"https:\/\/api.w.org\/{rel}","templated":true}]}}