{"id":2549988,"date":"2026-02-06T17:00:39","date_gmt":"2026-02-06T15:00:39","guid":{"rendered":"https:\/\/horticom.ee\/e-pood\/toode\/premium-muruvaetis-horticom-14kg\/"},"modified":"2026-04-20T11:01:25","modified_gmt":"2026-04-20T08:01:25","slug":"premium-muruvaetis-horticom-14kg","status":"publish","type":"product","link":"https:\/\/horticom.ee\/e-pood\/toode\/premium-muruvaetis-horticom-14kg\/","title":{"rendered":"Premium muruv\u00e4etis Horticom 14kg"},"content":{"rendered":"<p>Premium muruv\u00e4etis Horticom stimuleerib muru arenemist ja garanteerib intensiivse rohelise muru. V\u00e4etis vastab k\u00f5ikide muruliikide, eriti dekoratiivsete murude toitevajadustele. Sobib eriti h\u00e4sti madalalt niidetavale murule.<br \/>\nV\u00e4etises sisalduv k\u00f5rge l\u00e4mmastiku tase soodustab muru laienemist. Murukamar muutub tihedamaks ja tugevamaks, mis omakorda takistab umbrohu ja sambla kasvamist.<\/p>\n","protected":false},"excerpt":{"rendered":"<p>Premium muruv\u00e4etis Horticom stimuleerib muru arenemist ja garanteerib intensiivse rohelise muru. V\u00e4etis vastab k\u00f5ikide muruliikide, eriti dekoratiivsete murude toitevajadustele. Sobib eriti h\u00e4sti madalalt niidetavale murule. V\u00e4etises sisalduv k\u00f5rge l\u00e4mmastiku tase soodustab muru laienemist. Murukamar muutub tihedamaks ja tugevamaks, mis omakorda takistab umbrohu ja sambla kasvamist.<\/p>\n","protected":false},"featured_media":2598640,"comment_status":"closed","ping_status":"closed","template":"","meta":{"_themeisle_gutenberg_block_has_review":false},"product_cat":[16970],"product_tag":[],"class_list":{"0":"post-2549988","1":"product","2":"type-product","3":"status-publish","4":"has-post-thumbnail","6":"product_cat-murule","8":"first","9":"instock","10":"shipping-taxable","11":"purchasable","12":"product-type-simple"},"yoast_head":"<!-- This site is optimized with the Yoast SEO plugin v24.0 - https:\/\/yoast.com\/wordpress\/plugins\/seo\/ -->\n<title>Premium muruv\u00e4etis Horticom 14kg - Horticom<\/title>\n<meta name=\"robots\" content=\"index, follow, max-snippet:-1, max-image-preview:large, max-video-preview:-1\" \/>\n<link rel=\"canonical\" href=\"https:\/\/horticom.ee\/e-pood\/toode\/premium-muruvaetis-horticom-14kg\/\" \/>\n<meta property=\"og:locale\" content=\"et_EE\" \/>\n<meta property=\"og:type\" content=\"article\" \/>\n<meta property=\"og:title\" content=\"Premium muruv\u00e4etis Horticom 14kg - Horticom\" \/>\n<meta property=\"og:description\" content=\"Premium muruv\u00e4etis Horticom stimuleerib muru arenemist ja garanteerib intensiivse rohelise muru. V\u00e4etis vastab k\u00f5ikide muruliikide, eriti dekoratiivsete murude toitevajadustele. Sobib eriti h\u00e4sti madalalt niidetavale murule. V\u00e4etises sisalduv k\u00f5rge l\u00e4mmastiku tase soodustab muru laienemist. Murukamar muutub tihedamaks ja tugevamaks, mis omakorda takistab umbrohu ja sambla kasvamist.\" \/>\n<meta property=\"og:url\" content=\"https:\/\/horticom.ee\/e-pood\/toode\/premium-muruvaetis-horticom-14kg\/\" \/>\n<meta property=\"og:site_name\" content=\"Horticom.ee\" \/>\n<meta property=\"article:publisher\" content=\"https:\/\/www.facebook.com\/horticom.ee\/e-pood\" \/>\n<meta property=\"article:modified_time\" content=\"2026-04-20T08:01:25+00:00\" \/>\n<meta property=\"og:image\" content=\"https:\/\/horticom.ee\/e-pood\/wp-content\/uploads\/importedmedia\/product_2549988_0_6700163.jpg\" \/>\n\t<meta property=\"og:image:width\" content=\"999\" \/>\n\t<meta property=\"og:image:height\" content=\"589\" \/>\n\t<meta property=\"og:image:type\" content=\"image\/jpeg\" \/>\n<meta name=\"twitter:card\" content=\"summary_large_image\" \/>\n<script type=\"application\/ld+json\" class=\"yoast-schema-graph\">{\"@context\":\"https:\/\/schema.org\",\"@graph\":[{\"@type\":\"WebPage\",\"@id\":\"https:\/\/horticom.ee\/e-pood\/toode\/premium-muruvaetis-horticom-14kg\/\",\"url\":\"https:\/\/horticom.ee\/e-pood\/toode\/premium-muruvaetis-horticom-14kg\/\",\"name\":\"Premium muruv\u00e4etis Horticom 14kg - Horticom\",\"isPartOf\":{\"@id\":\"https:\/\/horticom.ee\/e-pood\/#website\"},\"primaryImageOfPage\":{\"@id\":\"https:\/\/horticom.ee\/e-pood\/toode\/premium-muruvaetis-horticom-14kg\/#primaryimage\"},\"image\":{\"@id\":\"https:\/\/horticom.ee\/e-pood\/toode\/premium-muruvaetis-horticom-14kg\/#primaryimage\"},\"thumbnailUrl\":\"https:\/\/horticom.ee\/e-pood\/wp-content\/uploads\/importedmedia\/product_2549988_0_6700163.jpg\",\"datePublished\":\"2026-02-06T15:00:39+00:00\",\"dateModified\":\"2026-04-20T08:01:25+00:00\",\"breadcrumb\":{\"@id\":\"https:\/\/horticom.ee\/e-pood\/toode\/premium-muruvaetis-horticom-14kg\/#breadcrumb\"},\"inLanguage\":\"et\",\"potentialAction\":[{\"@type\":\"ReadAction\",\"target\":[\"https:\/\/horticom.ee\/e-pood\/toode\/premium-muruvaetis-horticom-14kg\/\"]}]},{\"@type\":\"ImageObject\",\"inLanguage\":\"et\",\"@id\":\"https:\/\/horticom.ee\/e-pood\/toode\/premium-muruvaetis-horticom-14kg\/#primaryimage\",\"url\":\"https:\/\/horticom.ee\/e-pood\/wp-content\/uploads\/importedmedia\/product_2549988_0_6700163.jpg\",\"contentUrl\":\"https:\/\/horticom.ee\/e-pood\/wp-content\/uploads\/importedmedia\/product_2549988_0_6700163.jpg\",\"width\":999,\"height\":589},{\"@type\":\"BreadcrumbList\",\"@id\":\"https:\/\/horticom.ee\/e-pood\/toode\/premium-muruvaetis-horticom-14kg\/#breadcrumb\",\"itemListElement\":[{\"@type\":\"ListItem\",\"position\":1,\"name\":\"Home\",\"item\":\"https:\/\/horticom.ee\/e-pood\/\"},{\"@type\":\"ListItem\",\"position\":2,\"name\":\"Pood\",\"item\":\"https:\/\/horticom.ee\/e-pood\/pood\/\"},{\"@type\":\"ListItem\",\"position\":3,\"name\":\"Premium muruv\u00e4etis Horticom 14kg\"}]},{\"@type\":\"WebSite\",\"@id\":\"https:\/\/horticom.ee\/e-pood\/#website\",\"url\":\"https:\/\/horticom.ee\/e-pood\/\",\"name\":\"Horticom.ee\",\"description\":\"Aianduskaubad ja kodukaubad nii harrastajatele kui professionaalidele\",\"potentialAction\":[{\"@type\":\"SearchAction\",\"target\":{\"@type\":\"EntryPoint\",\"urlTemplate\":\"https:\/\/horticom.ee\/e-pood\/?s={search_term_string}\"},\"query-input\":{\"@type\":\"PropertyValueSpecification\",\"valueRequired\":true,\"valueName\":\"search_term_string\"}}],\"inLanguage\":\"et\"}]}<\/script>\n<!-- \/ Yoast SEO plugin. -->","yoast_head_json":{"title":"Premium muruv\u00e4etis Horticom 14kg - Horticom","robots":{"index":"index","follow":"follow","max-snippet":"max-snippet:-1","max-image-preview":"max-image-preview:large","max-video-preview":"max-video-preview:-1"},"canonical":"https:\/\/horticom.ee\/e-pood\/toode\/premium-muruvaetis-horticom-14kg\/","og_locale":"et_EE","og_type":"article","og_title":"Premium muruv\u00e4etis Horticom 14kg - Horticom","og_description":"Premium muruv\u00e4etis Horticom stimuleerib muru arenemist ja garanteerib intensiivse rohelise muru. V\u00e4etis vastab k\u00f5ikide muruliikide, eriti dekoratiivsete murude toitevajadustele. Sobib eriti h\u00e4sti madalalt niidetavale murule. V\u00e4etises sisalduv k\u00f5rge l\u00e4mmastiku tase soodustab muru laienemist. Murukamar muutub tihedamaks ja tugevamaks, mis omakorda takistab umbrohu ja sambla kasvamist.","og_url":"https:\/\/horticom.ee\/e-pood\/toode\/premium-muruvaetis-horticom-14kg\/","og_site_name":"Horticom.ee","article_publisher":"https:\/\/www.facebook.com\/horticom.ee\/e-pood","article_modified_time":"2026-04-20T08:01:25+00:00","og_image":[{"width":999,"height":589,"url":"https:\/\/horticom.ee\/e-pood\/wp-content\/uploads\/importedmedia\/product_2549988_0_6700163.jpg","type":"image\/jpeg"}],"twitter_card":"summary_large_image","schema":{"@context":"https:\/\/schema.org","@graph":[{"@type":"WebPage","@id":"https:\/\/horticom.ee\/e-pood\/toode\/premium-muruvaetis-horticom-14kg\/","url":"https:\/\/horticom.ee\/e-pood\/toode\/premium-muruvaetis-horticom-14kg\/","name":"Premium muruv\u00e4etis Horticom 14kg - Horticom","isPartOf":{"@id":"https:\/\/horticom.ee\/e-pood\/#website"},"primaryImageOfPage":{"@id":"https:\/\/horticom.ee\/e-pood\/toode\/premium-muruvaetis-horticom-14kg\/#primaryimage"},"image":{"@id":"https:\/\/horticom.ee\/e-pood\/toode\/premium-muruvaetis-horticom-14kg\/#primaryimage"},"thumbnailUrl":"https:\/\/horticom.ee\/e-pood\/wp-content\/uploads\/importedmedia\/product_2549988_0_6700163.jpg","datePublished":"2026-02-06T15:00:39+00:00","dateModified":"2026-04-20T08:01:25+00:00","breadcrumb":{"@id":"https:\/\/horticom.ee\/e-pood\/toode\/premium-muruvaetis-horticom-14kg\/#breadcrumb"},"inLanguage":"et","potentialAction":[{"@type":"ReadAction","target":["https:\/\/horticom.ee\/e-pood\/toode\/premium-muruvaetis-horticom-14kg\/"]}]},{"@type":"ImageObject","inLanguage":"et","@id":"https:\/\/horticom.ee\/e-pood\/toode\/premium-muruvaetis-horticom-14kg\/#primaryimage","url":"https:\/\/horticom.ee\/e-pood\/wp-content\/uploads\/importedmedia\/product_2549988_0_6700163.jpg","contentUrl":"https:\/\/horticom.ee\/e-pood\/wp-content\/uploads\/importedmedia\/product_2549988_0_6700163.jpg","width":999,"height":589},{"@type":"BreadcrumbList","@id":"https:\/\/horticom.ee\/e-pood\/toode\/premium-muruvaetis-horticom-14kg\/#breadcrumb","itemListElement":[{"@type":"ListItem","position":1,"name":"Home","item":"https:\/\/horticom.ee\/e-pood\/"},{"@type":"ListItem","position":2,"name":"Pood","item":"https:\/\/horticom.ee\/e-pood\/pood\/"},{"@type":"ListItem","position":3,"name":"Premium muruv\u00e4etis Horticom 14kg"}]},{"@type":"WebSite","@id":"https:\/\/horticom.ee\/e-pood\/#website","url":"https:\/\/horticom.ee\/e-pood\/","name":"Horticom.ee","description":"Aianduskaubad ja kodukaubad nii harrastajatele kui professionaalidele","potentialAction":[{"@type":"SearchAction","target":{"@type":"EntryPoint","urlTemplate":"https:\/\/horticom.ee\/e-pood\/?s={search_term_string}"},"query-input":{"@type":"PropertyValueSpecification","valueRequired":true,"valueName":"search_term_string"}}],"inLanguage":"et"}]}},"_links":{"self":[{"href":"https:\/\/horticom.ee\/e-pood\/wp-json\/wp\/v2\/product\/2549988","targetHints":{"allow":["GET"]}}],"collection":[{"href":"https:\/\/horticom.ee\/e-pood\/wp-json\/wp\/v2\/product"}],"about":[{"href":"https:\/\/horticom.ee\/e-pood\/wp-json\/wp\/v2\/types\/product"}],"replies":[{"embeddable":true,"href":"https:\/\/horticom.ee\/e-pood\/wp-json\/wp\/v2\/comments?post=2549988"}],"wp:featuredmedia":[{"embeddable":true,"href":"https:\/\/horticom.ee\/e-pood\/wp-json\/wp\/v2\/media\/2598640"}],"wp:attachment":[{"href":"https:\/\/horticom.ee\/e-pood\/wp-json\/wp\/v2\/media?parent=2549988"}],"wp:term":[{"taxonomy":"product_cat","embeddable":true,"href":"https:\/\/horticom.ee\/e-pood\/wp-json\/wp\/v2\/product_cat?post=2549988"},{"taxonomy":"product_tag","embeddable":true,"href":"https:\/\/horticom.ee\/e-pood\/wp-json\/wp\/v2\/product_tag?post=2549988"}],"curies":[{"name":"wp","href":"https:\/\/api.w.org\/{rel}","templated":true}]}}