{"id":2549990,"date":"2026-02-06T17:00:39","date_gmt":"2026-02-06T15:00:39","guid":{"rendered":"https:\/\/horticom.ee\/e-pood\/toode\/juurte-startvaetis-horticom-1kg\/"},"modified":"2026-04-20T03:15:59","modified_gmt":"2026-04-20T00:15:59","slug":"juurte-startvaetis-horticom-1kg","status":"publish","type":"product","link":"https:\/\/horticom.ee\/e-pood\/toode\/juurte-startvaetis-horticom-1kg\/","title":{"rendered":"Juurte startv\u00e4etis Horticom 1kg"},"content":{"rendered":"<p>Orgaanilisel alusel valmistatud startv\u00e4etis, mis soodustab kiiremat ja tugevamat juurdumist, kaitseb haigustekitajate eest, tugevdab stressitaluvust, optimeerib mulla \u00f5hu- ja veetasakaalu, taastab pinnase eluj\u00f5u.<br \/>\nSisaldab Trichoderma seeni ja baktereid, mis aitavad luua f\u00fc\u00fcsilise barj\u00e4\u00e4ri pinnases elutsevate kahjulike seente ja organismide vastu.<br \/>\nIdeaalne istutamisel, et tagada kiire algus ja tugev juurestik. Sobib h\u00e4sti roosidele, hekitaimedele ja erinevatele p\u00f5\u00f5sastaimedele.<br \/>\nT\u00e4nu 100% looduslikele koostisosadele sobib v\u00e4etis kasutamiseks ka mahep\u00f5llumajanduses. V\u00e4etis toimib kuni 3 kuud ja vabastab toitaineid j\u00e4rk-j\u00e4rgult.<\/p>\n","protected":false},"excerpt":{"rendered":"<p>Orgaanilisel alusel valmistatud startv\u00e4etis, mis soodustab kiiremat ja tugevamat juurdumist, kaitseb haigustekitajate eest, tugevdab stressitaluvust, optimeerib mulla \u00f5hu- ja veetasakaalu, taastab pinnase eluj\u00f5u. Sisaldab Trichoderma seeni ja baktereid, mis aitavad luua f\u00fc\u00fcsilise barj\u00e4\u00e4ri pinnases elutsevate kahjulike seente ja organismide vastu. Ideaalne istutamisel, et tagada kiire algus ja tugev juurestik. Sobib h\u00e4sti roosidele, hekitaimedele ja erinevatele [&hellip;]<\/p>\n","protected":false},"featured_media":2598642,"comment_status":"closed","ping_status":"closed","template":"","meta":{"_themeisle_gutenberg_block_has_review":false},"product_cat":[16962,16963,16961],"product_tag":[],"class_list":{"0":"post-2549990","1":"product","2":"type-product","3":"status-publish","4":"has-post-thumbnail","6":"product_cat-ilupoosastele-ja-pusikutele","7":"product_cat-roosidele","8":"product_cat-vaetis-juurdumiseks","10":"first","11":"instock","12":"shipping-taxable","13":"purchasable","14":"product-type-simple"},"yoast_head":"<!-- This site is optimized with the Yoast SEO plugin v24.0 - https:\/\/yoast.com\/wordpress\/plugins\/seo\/ -->\n<title>Juurte startv\u00e4etis Horticom 1kg - Horticom<\/title>\n<meta name=\"robots\" content=\"index, follow, max-snippet:-1, max-image-preview:large, max-video-preview:-1\" \/>\n<link rel=\"canonical\" href=\"https:\/\/horticom.ee\/e-pood\/toode\/juurte-startvaetis-horticom-1kg\/\" \/>\n<meta property=\"og:locale\" content=\"et_EE\" \/>\n<meta property=\"og:type\" content=\"article\" \/>\n<meta property=\"og:title\" content=\"Juurte startv\u00e4etis Horticom 1kg - Horticom\" \/>\n<meta property=\"og:description\" content=\"Orgaanilisel alusel valmistatud startv\u00e4etis, mis soodustab kiiremat ja tugevamat juurdumist, kaitseb haigustekitajate eest, tugevdab stressitaluvust, optimeerib mulla \u00f5hu- ja veetasakaalu, taastab pinnase eluj\u00f5u. Sisaldab Trichoderma seeni ja baktereid, mis aitavad luua f\u00fc\u00fcsilise barj\u00e4\u00e4ri pinnases elutsevate kahjulike seente ja organismide vastu. Ideaalne istutamisel, et tagada kiire algus ja tugev juurestik. Sobib h\u00e4sti roosidele, hekitaimedele ja erinevatele [&hellip;]\" \/>\n<meta property=\"og:url\" content=\"https:\/\/horticom.ee\/e-pood\/toode\/juurte-startvaetis-horticom-1kg\/\" \/>\n<meta property=\"og:site_name\" content=\"Horticom.ee\" \/>\n<meta property=\"article:publisher\" content=\"https:\/\/www.facebook.com\/horticom.ee\/e-pood\" \/>\n<meta property=\"article:modified_time\" content=\"2026-04-20T00:15:59+00:00\" \/>\n<meta property=\"og:image\" content=\"https:\/\/horticom.ee\/e-pood\/wp-content\/uploads\/importedmedia\/product_2549990_0_67000406.jpg\" \/>\n\t<meta property=\"og:image:width\" content=\"999\" \/>\n\t<meta property=\"og:image:height\" content=\"683\" \/>\n\t<meta property=\"og:image:type\" content=\"image\/jpeg\" \/>\n<meta name=\"twitter:card\" content=\"summary_large_image\" \/>\n<script type=\"application\/ld+json\" class=\"yoast-schema-graph\">{\"@context\":\"https:\/\/schema.org\",\"@graph\":[{\"@type\":\"WebPage\",\"@id\":\"https:\/\/horticom.ee\/e-pood\/toode\/juurte-startvaetis-horticom-1kg\/\",\"url\":\"https:\/\/horticom.ee\/e-pood\/toode\/juurte-startvaetis-horticom-1kg\/\",\"name\":\"Juurte startv\u00e4etis Horticom 1kg - Horticom\",\"isPartOf\":{\"@id\":\"https:\/\/horticom.ee\/e-pood\/#website\"},\"primaryImageOfPage\":{\"@id\":\"https:\/\/horticom.ee\/e-pood\/toode\/juurte-startvaetis-horticom-1kg\/#primaryimage\"},\"image\":{\"@id\":\"https:\/\/horticom.ee\/e-pood\/toode\/juurte-startvaetis-horticom-1kg\/#primaryimage\"},\"thumbnailUrl\":\"https:\/\/horticom.ee\/e-pood\/wp-content\/uploads\/importedmedia\/product_2549990_0_67000406.jpg\",\"datePublished\":\"2026-02-06T15:00:39+00:00\",\"dateModified\":\"2026-04-20T00:15:59+00:00\",\"breadcrumb\":{\"@id\":\"https:\/\/horticom.ee\/e-pood\/toode\/juurte-startvaetis-horticom-1kg\/#breadcrumb\"},\"inLanguage\":\"et\",\"potentialAction\":[{\"@type\":\"ReadAction\",\"target\":[\"https:\/\/horticom.ee\/e-pood\/toode\/juurte-startvaetis-horticom-1kg\/\"]}]},{\"@type\":\"ImageObject\",\"inLanguage\":\"et\",\"@id\":\"https:\/\/horticom.ee\/e-pood\/toode\/juurte-startvaetis-horticom-1kg\/#primaryimage\",\"url\":\"https:\/\/horticom.ee\/e-pood\/wp-content\/uploads\/importedmedia\/product_2549990_0_67000406.jpg\",\"contentUrl\":\"https:\/\/horticom.ee\/e-pood\/wp-content\/uploads\/importedmedia\/product_2549990_0_67000406.jpg\",\"width\":999,\"height\":683},{\"@type\":\"BreadcrumbList\",\"@id\":\"https:\/\/horticom.ee\/e-pood\/toode\/juurte-startvaetis-horticom-1kg\/#breadcrumb\",\"itemListElement\":[{\"@type\":\"ListItem\",\"position\":1,\"name\":\"Home\",\"item\":\"https:\/\/horticom.ee\/e-pood\/\"},{\"@type\":\"ListItem\",\"position\":2,\"name\":\"Pood\",\"item\":\"https:\/\/horticom.ee\/e-pood\/pood\/\"},{\"@type\":\"ListItem\",\"position\":3,\"name\":\"Juurte startv\u00e4etis Horticom 1kg\"}]},{\"@type\":\"WebSite\",\"@id\":\"https:\/\/horticom.ee\/e-pood\/#website\",\"url\":\"https:\/\/horticom.ee\/e-pood\/\",\"name\":\"Horticom.ee\",\"description\":\"Aianduskaubad ja kodukaubad nii harrastajatele kui professionaalidele\",\"potentialAction\":[{\"@type\":\"SearchAction\",\"target\":{\"@type\":\"EntryPoint\",\"urlTemplate\":\"https:\/\/horticom.ee\/e-pood\/?s={search_term_string}\"},\"query-input\":{\"@type\":\"PropertyValueSpecification\",\"valueRequired\":true,\"valueName\":\"search_term_string\"}}],\"inLanguage\":\"et\"}]}<\/script>\n<!-- \/ Yoast SEO plugin. -->","yoast_head_json":{"title":"Juurte startv\u00e4etis Horticom 1kg - Horticom","robots":{"index":"index","follow":"follow","max-snippet":"max-snippet:-1","max-image-preview":"max-image-preview:large","max-video-preview":"max-video-preview:-1"},"canonical":"https:\/\/horticom.ee\/e-pood\/toode\/juurte-startvaetis-horticom-1kg\/","og_locale":"et_EE","og_type":"article","og_title":"Juurte startv\u00e4etis Horticom 1kg - Horticom","og_description":"Orgaanilisel alusel valmistatud startv\u00e4etis, mis soodustab kiiremat ja tugevamat juurdumist, kaitseb haigustekitajate eest, tugevdab stressitaluvust, optimeerib mulla \u00f5hu- ja veetasakaalu, taastab pinnase eluj\u00f5u. Sisaldab Trichoderma seeni ja baktereid, mis aitavad luua f\u00fc\u00fcsilise barj\u00e4\u00e4ri pinnases elutsevate kahjulike seente ja organismide vastu. Ideaalne istutamisel, et tagada kiire algus ja tugev juurestik. Sobib h\u00e4sti roosidele, hekitaimedele ja erinevatele [&hellip;]","og_url":"https:\/\/horticom.ee\/e-pood\/toode\/juurte-startvaetis-horticom-1kg\/","og_site_name":"Horticom.ee","article_publisher":"https:\/\/www.facebook.com\/horticom.ee\/e-pood","article_modified_time":"2026-04-20T00:15:59+00:00","og_image":[{"width":999,"height":683,"url":"https:\/\/horticom.ee\/e-pood\/wp-content\/uploads\/importedmedia\/product_2549990_0_67000406.jpg","type":"image\/jpeg"}],"twitter_card":"summary_large_image","schema":{"@context":"https:\/\/schema.org","@graph":[{"@type":"WebPage","@id":"https:\/\/horticom.ee\/e-pood\/toode\/juurte-startvaetis-horticom-1kg\/","url":"https:\/\/horticom.ee\/e-pood\/toode\/juurte-startvaetis-horticom-1kg\/","name":"Juurte startv\u00e4etis Horticom 1kg - Horticom","isPartOf":{"@id":"https:\/\/horticom.ee\/e-pood\/#website"},"primaryImageOfPage":{"@id":"https:\/\/horticom.ee\/e-pood\/toode\/juurte-startvaetis-horticom-1kg\/#primaryimage"},"image":{"@id":"https:\/\/horticom.ee\/e-pood\/toode\/juurte-startvaetis-horticom-1kg\/#primaryimage"},"thumbnailUrl":"https:\/\/horticom.ee\/e-pood\/wp-content\/uploads\/importedmedia\/product_2549990_0_67000406.jpg","datePublished":"2026-02-06T15:00:39+00:00","dateModified":"2026-04-20T00:15:59+00:00","breadcrumb":{"@id":"https:\/\/horticom.ee\/e-pood\/toode\/juurte-startvaetis-horticom-1kg\/#breadcrumb"},"inLanguage":"et","potentialAction":[{"@type":"ReadAction","target":["https:\/\/horticom.ee\/e-pood\/toode\/juurte-startvaetis-horticom-1kg\/"]}]},{"@type":"ImageObject","inLanguage":"et","@id":"https:\/\/horticom.ee\/e-pood\/toode\/juurte-startvaetis-horticom-1kg\/#primaryimage","url":"https:\/\/horticom.ee\/e-pood\/wp-content\/uploads\/importedmedia\/product_2549990_0_67000406.jpg","contentUrl":"https:\/\/horticom.ee\/e-pood\/wp-content\/uploads\/importedmedia\/product_2549990_0_67000406.jpg","width":999,"height":683},{"@type":"BreadcrumbList","@id":"https:\/\/horticom.ee\/e-pood\/toode\/juurte-startvaetis-horticom-1kg\/#breadcrumb","itemListElement":[{"@type":"ListItem","position":1,"name":"Home","item":"https:\/\/horticom.ee\/e-pood\/"},{"@type":"ListItem","position":2,"name":"Pood","item":"https:\/\/horticom.ee\/e-pood\/pood\/"},{"@type":"ListItem","position":3,"name":"Juurte startv\u00e4etis Horticom 1kg"}]},{"@type":"WebSite","@id":"https:\/\/horticom.ee\/e-pood\/#website","url":"https:\/\/horticom.ee\/e-pood\/","name":"Horticom.ee","description":"Aianduskaubad ja kodukaubad nii harrastajatele kui professionaalidele","potentialAction":[{"@type":"SearchAction","target":{"@type":"EntryPoint","urlTemplate":"https:\/\/horticom.ee\/e-pood\/?s={search_term_string}"},"query-input":{"@type":"PropertyValueSpecification","valueRequired":true,"valueName":"search_term_string"}}],"inLanguage":"et"}]}},"_links":{"self":[{"href":"https:\/\/horticom.ee\/e-pood\/wp-json\/wp\/v2\/product\/2549990","targetHints":{"allow":["GET"]}}],"collection":[{"href":"https:\/\/horticom.ee\/e-pood\/wp-json\/wp\/v2\/product"}],"about":[{"href":"https:\/\/horticom.ee\/e-pood\/wp-json\/wp\/v2\/types\/product"}],"replies":[{"embeddable":true,"href":"https:\/\/horticom.ee\/e-pood\/wp-json\/wp\/v2\/comments?post=2549990"}],"wp:featuredmedia":[{"embeddable":true,"href":"https:\/\/horticom.ee\/e-pood\/wp-json\/wp\/v2\/media\/2598642"}],"wp:attachment":[{"href":"https:\/\/horticom.ee\/e-pood\/wp-json\/wp\/v2\/media?parent=2549990"}],"wp:term":[{"taxonomy":"product_cat","embeddable":true,"href":"https:\/\/horticom.ee\/e-pood\/wp-json\/wp\/v2\/product_cat?post=2549990"},{"taxonomy":"product_tag","embeddable":true,"href":"https:\/\/horticom.ee\/e-pood\/wp-json\/wp\/v2\/product_tag?post=2549990"}],"curies":[{"name":"wp","href":"https:\/\/api.w.org\/{rel}","templated":true}]}}