{"id":2549993,"date":"2026-02-06T17:00:40","date_gmt":"2026-02-06T15:00:40","guid":{"rendered":"https:\/\/horticom.ee\/e-pood\/toode\/mullaparandaja-compo-40l\/"},"modified":"2026-04-13T12:01:26","modified_gmt":"2026-04-13T09:01:26","slug":"mullaparandaja-compo-40l","status":"publish","type":"product","link":"https:\/\/horticom.ee\/e-pood\/toode\/mullaparandaja-compo-40l\/","title":{"rendered":"Mullaparandaja Compo 40L"},"content":{"rendered":"<p>Compo mullaparandaja 40L on spetsiaalne ja kvaliteetne muld puude, p\u00f5\u00f5saste, hekkide ja rooside istutamiseks \u00f5ues. Toetab mulla elustikku ning parandab taimede vastupidavust ja kasvu. Sisaldab orgaanilist Boosterit paremaks toitainete omastamiseks. Rikastatud kanas\u00f5nnikuga, 100% orgaanilise v\u00e4etisega, millel on loomulik pikaajaline toimeaine. Optimaalne juurte moodustumine ja tugev kasv. Paraneb mulla elutegevus, huumuse teke ja taimede varustamine kuivas faasis.<br \/>\nSobib k\u00f5igile aia- ja r\u00f5dutaimedele &#8211; nii k\u00f6\u00f6giviljadele, viljapuudele kui ka ilutaimedele.<\/p>\n","protected":false},"excerpt":{"rendered":"<p>Compo mullaparandaja 40L on spetsiaalne ja kvaliteetne muld puude, p\u00f5\u00f5saste, hekkide ja rooside istutamiseks \u00f5ues. Toetab mulla elustikku ning parandab taimede vastupidavust ja kasvu. Sisaldab orgaanilist Boosterit paremaks toitainete omastamiseks. Rikastatud kanas\u00f5nnikuga, 100% orgaanilise v\u00e4etisega, millel on loomulik pikaajaline toimeaine. Optimaalne juurte moodustumine ja tugev kasv. Paraneb mulla elutegevus, huumuse teke ja taimede varustamine kuivas [&hellip;]<\/p>\n","protected":false},"featured_media":2550012,"comment_status":"closed","ping_status":"closed","template":"","meta":{"_themeisle_gutenberg_block_has_review":false},"product_cat":[13575,13569],"product_tag":[],"class_list":{"0":"post-2549993","1":"product","2":"type-product","3":"status-publish","4":"has-post-thumbnail","6":"product_cat-mullad-ja-turbad","7":"product_cat-mullaparandajad","9":"first","10":"instock","11":"shipping-taxable","12":"purchasable","13":"product-type-simple"},"yoast_head":"<!-- This site is optimized with the Yoast SEO plugin v24.0 - https:\/\/yoast.com\/wordpress\/plugins\/seo\/ -->\n<title>Mullaparandaja Compo 40L - Horticom<\/title>\n<meta name=\"robots\" content=\"index, follow, max-snippet:-1, max-image-preview:large, max-video-preview:-1\" \/>\n<link rel=\"canonical\" href=\"https:\/\/horticom.ee\/e-pood\/toode\/mullaparandaja-compo-40l\/\" \/>\n<meta property=\"og:locale\" content=\"et_EE\" \/>\n<meta property=\"og:type\" content=\"article\" \/>\n<meta property=\"og:title\" content=\"Mullaparandaja Compo 40L - Horticom\" \/>\n<meta property=\"og:description\" content=\"Compo mullaparandaja 40L on spetsiaalne ja kvaliteetne muld puude, p\u00f5\u00f5saste, hekkide ja rooside istutamiseks \u00f5ues. Toetab mulla elustikku ning parandab taimede vastupidavust ja kasvu. Sisaldab orgaanilist Boosterit paremaks toitainete omastamiseks. Rikastatud kanas\u00f5nnikuga, 100% orgaanilise v\u00e4etisega, millel on loomulik pikaajaline toimeaine. Optimaalne juurte moodustumine ja tugev kasv. Paraneb mulla elutegevus, huumuse teke ja taimede varustamine kuivas [&hellip;]\" \/>\n<meta property=\"og:url\" content=\"https:\/\/horticom.ee\/e-pood\/toode\/mullaparandaja-compo-40l\/\" \/>\n<meta property=\"og:site_name\" content=\"Horticom.ee\" \/>\n<meta property=\"article:publisher\" content=\"https:\/\/www.facebook.com\/horticom.ee\/e-pood\" \/>\n<meta property=\"article:modified_time\" content=\"2026-04-13T09:01:26+00:00\" \/>\n<meta property=\"og:image\" content=\"https:\/\/horticom.ee\/e-pood\/wp-content\/uploads\/importedmedia\/product_2549993_0_6702112.jpg\" \/>\n\t<meta property=\"og:image:width\" content=\"1000\" \/>\n\t<meta property=\"og:image:height\" content=\"1000\" \/>\n\t<meta property=\"og:image:type\" content=\"image\/jpeg\" \/>\n<meta name=\"twitter:card\" content=\"summary_large_image\" \/>\n<script type=\"application\/ld+json\" class=\"yoast-schema-graph\">{\"@context\":\"https:\/\/schema.org\",\"@graph\":[{\"@type\":\"WebPage\",\"@id\":\"https:\/\/horticom.ee\/e-pood\/toode\/mullaparandaja-compo-40l\/\",\"url\":\"https:\/\/horticom.ee\/e-pood\/toode\/mullaparandaja-compo-40l\/\",\"name\":\"Mullaparandaja Compo 40L - Horticom\",\"isPartOf\":{\"@id\":\"https:\/\/horticom.ee\/e-pood\/#website\"},\"primaryImageOfPage\":{\"@id\":\"https:\/\/horticom.ee\/e-pood\/toode\/mullaparandaja-compo-40l\/#primaryimage\"},\"image\":{\"@id\":\"https:\/\/horticom.ee\/e-pood\/toode\/mullaparandaja-compo-40l\/#primaryimage\"},\"thumbnailUrl\":\"https:\/\/horticom.ee\/e-pood\/wp-content\/uploads\/importedmedia\/product_2549993_0_6702112.jpg\",\"datePublished\":\"2026-02-06T15:00:40+00:00\",\"dateModified\":\"2026-04-13T09:01:26+00:00\",\"breadcrumb\":{\"@id\":\"https:\/\/horticom.ee\/e-pood\/toode\/mullaparandaja-compo-40l\/#breadcrumb\"},\"inLanguage\":\"et\",\"potentialAction\":[{\"@type\":\"ReadAction\",\"target\":[\"https:\/\/horticom.ee\/e-pood\/toode\/mullaparandaja-compo-40l\/\"]}]},{\"@type\":\"ImageObject\",\"inLanguage\":\"et\",\"@id\":\"https:\/\/horticom.ee\/e-pood\/toode\/mullaparandaja-compo-40l\/#primaryimage\",\"url\":\"https:\/\/horticom.ee\/e-pood\/wp-content\/uploads\/importedmedia\/product_2549993_0_6702112.jpg\",\"contentUrl\":\"https:\/\/horticom.ee\/e-pood\/wp-content\/uploads\/importedmedia\/product_2549993_0_6702112.jpg\",\"width\":1000,\"height\":1000},{\"@type\":\"BreadcrumbList\",\"@id\":\"https:\/\/horticom.ee\/e-pood\/toode\/mullaparandaja-compo-40l\/#breadcrumb\",\"itemListElement\":[{\"@type\":\"ListItem\",\"position\":1,\"name\":\"Home\",\"item\":\"https:\/\/horticom.ee\/e-pood\/\"},{\"@type\":\"ListItem\",\"position\":2,\"name\":\"Pood\",\"item\":\"https:\/\/horticom.ee\/e-pood\/pood\/\"},{\"@type\":\"ListItem\",\"position\":3,\"name\":\"Mullaparandaja Compo 40L\"}]},{\"@type\":\"WebSite\",\"@id\":\"https:\/\/horticom.ee\/e-pood\/#website\",\"url\":\"https:\/\/horticom.ee\/e-pood\/\",\"name\":\"Horticom.ee\",\"description\":\"Aianduskaubad ja kodukaubad nii harrastajatele kui professionaalidele\",\"potentialAction\":[{\"@type\":\"SearchAction\",\"target\":{\"@type\":\"EntryPoint\",\"urlTemplate\":\"https:\/\/horticom.ee\/e-pood\/?s={search_term_string}\"},\"query-input\":{\"@type\":\"PropertyValueSpecification\",\"valueRequired\":true,\"valueName\":\"search_term_string\"}}],\"inLanguage\":\"et\"}]}<\/script>\n<!-- \/ Yoast SEO plugin. -->","yoast_head_json":{"title":"Mullaparandaja Compo 40L - Horticom","robots":{"index":"index","follow":"follow","max-snippet":"max-snippet:-1","max-image-preview":"max-image-preview:large","max-video-preview":"max-video-preview:-1"},"canonical":"https:\/\/horticom.ee\/e-pood\/toode\/mullaparandaja-compo-40l\/","og_locale":"et_EE","og_type":"article","og_title":"Mullaparandaja Compo 40L - Horticom","og_description":"Compo mullaparandaja 40L on spetsiaalne ja kvaliteetne muld puude, p\u00f5\u00f5saste, hekkide ja rooside istutamiseks \u00f5ues. Toetab mulla elustikku ning parandab taimede vastupidavust ja kasvu. Sisaldab orgaanilist Boosterit paremaks toitainete omastamiseks. Rikastatud kanas\u00f5nnikuga, 100% orgaanilise v\u00e4etisega, millel on loomulik pikaajaline toimeaine. Optimaalne juurte moodustumine ja tugev kasv. Paraneb mulla elutegevus, huumuse teke ja taimede varustamine kuivas [&hellip;]","og_url":"https:\/\/horticom.ee\/e-pood\/toode\/mullaparandaja-compo-40l\/","og_site_name":"Horticom.ee","article_publisher":"https:\/\/www.facebook.com\/horticom.ee\/e-pood","article_modified_time":"2026-04-13T09:01:26+00:00","og_image":[{"width":1000,"height":1000,"url":"https:\/\/horticom.ee\/e-pood\/wp-content\/uploads\/importedmedia\/product_2549993_0_6702112.jpg","type":"image\/jpeg"}],"twitter_card":"summary_large_image","schema":{"@context":"https:\/\/schema.org","@graph":[{"@type":"WebPage","@id":"https:\/\/horticom.ee\/e-pood\/toode\/mullaparandaja-compo-40l\/","url":"https:\/\/horticom.ee\/e-pood\/toode\/mullaparandaja-compo-40l\/","name":"Mullaparandaja Compo 40L - Horticom","isPartOf":{"@id":"https:\/\/horticom.ee\/e-pood\/#website"},"primaryImageOfPage":{"@id":"https:\/\/horticom.ee\/e-pood\/toode\/mullaparandaja-compo-40l\/#primaryimage"},"image":{"@id":"https:\/\/horticom.ee\/e-pood\/toode\/mullaparandaja-compo-40l\/#primaryimage"},"thumbnailUrl":"https:\/\/horticom.ee\/e-pood\/wp-content\/uploads\/importedmedia\/product_2549993_0_6702112.jpg","datePublished":"2026-02-06T15:00:40+00:00","dateModified":"2026-04-13T09:01:26+00:00","breadcrumb":{"@id":"https:\/\/horticom.ee\/e-pood\/toode\/mullaparandaja-compo-40l\/#breadcrumb"},"inLanguage":"et","potentialAction":[{"@type":"ReadAction","target":["https:\/\/horticom.ee\/e-pood\/toode\/mullaparandaja-compo-40l\/"]}]},{"@type":"ImageObject","inLanguage":"et","@id":"https:\/\/horticom.ee\/e-pood\/toode\/mullaparandaja-compo-40l\/#primaryimage","url":"https:\/\/horticom.ee\/e-pood\/wp-content\/uploads\/importedmedia\/product_2549993_0_6702112.jpg","contentUrl":"https:\/\/horticom.ee\/e-pood\/wp-content\/uploads\/importedmedia\/product_2549993_0_6702112.jpg","width":1000,"height":1000},{"@type":"BreadcrumbList","@id":"https:\/\/horticom.ee\/e-pood\/toode\/mullaparandaja-compo-40l\/#breadcrumb","itemListElement":[{"@type":"ListItem","position":1,"name":"Home","item":"https:\/\/horticom.ee\/e-pood\/"},{"@type":"ListItem","position":2,"name":"Pood","item":"https:\/\/horticom.ee\/e-pood\/pood\/"},{"@type":"ListItem","position":3,"name":"Mullaparandaja Compo 40L"}]},{"@type":"WebSite","@id":"https:\/\/horticom.ee\/e-pood\/#website","url":"https:\/\/horticom.ee\/e-pood\/","name":"Horticom.ee","description":"Aianduskaubad ja kodukaubad nii harrastajatele kui professionaalidele","potentialAction":[{"@type":"SearchAction","target":{"@type":"EntryPoint","urlTemplate":"https:\/\/horticom.ee\/e-pood\/?s={search_term_string}"},"query-input":{"@type":"PropertyValueSpecification","valueRequired":true,"valueName":"search_term_string"}}],"inLanguage":"et"}]}},"_links":{"self":[{"href":"https:\/\/horticom.ee\/e-pood\/wp-json\/wp\/v2\/product\/2549993","targetHints":{"allow":["GET"]}}],"collection":[{"href":"https:\/\/horticom.ee\/e-pood\/wp-json\/wp\/v2\/product"}],"about":[{"href":"https:\/\/horticom.ee\/e-pood\/wp-json\/wp\/v2\/types\/product"}],"replies":[{"embeddable":true,"href":"https:\/\/horticom.ee\/e-pood\/wp-json\/wp\/v2\/comments?post=2549993"}],"wp:featuredmedia":[{"embeddable":true,"href":"https:\/\/horticom.ee\/e-pood\/wp-json\/wp\/v2\/media\/2550012"}],"wp:attachment":[{"href":"https:\/\/horticom.ee\/e-pood\/wp-json\/wp\/v2\/media?parent=2549993"}],"wp:term":[{"taxonomy":"product_cat","embeddable":true,"href":"https:\/\/horticom.ee\/e-pood\/wp-json\/wp\/v2\/product_cat?post=2549993"},{"taxonomy":"product_tag","embeddable":true,"href":"https:\/\/horticom.ee\/e-pood\/wp-json\/wp\/v2\/product_tag?post=2549993"}],"curies":[{"name":"wp","href":"https:\/\/api.w.org\/{rel}","templated":true}]}}