{"id":2549994,"date":"2026-02-06T17:00:41","date_gmt":"2026-02-06T15:00:41","guid":{"rendered":"https:\/\/horticom.ee\/e-pood\/toode\/bio-aiavaetis-compo-5kg\/"},"modified":"2026-04-15T03:14:32","modified_gmt":"2026-04-15T00:14:32","slug":"bio-aiavaetis-compo-5kg","status":"publish","type":"product","link":"https:\/\/horticom.ee\/e-pood\/toode\/bio-aiavaetis-compo-5kg\/","title":{"rendered":"BIO aiav\u00e4etis Compo 5kg"},"content":{"rendered":"<p>Compo aiav\u00e4etis on looduslik ja \u00f5rn v\u00e4etis, mis toidab optimaalselt k\u00f5iki aiataimi, puuvilju ja k\u00f6\u00f6givilju. Tagab kiire ja p\u00fcsiva v\u00e4etustoime, muutes taimed tervemaks ja tugevamaks. Toetab mulla elustikku ning parandab taimede vastupidavust ja kasvu. Sisaldab orgaanilist Boosterit paremaks toitainete omastamiseks. Rikastatud kanas\u00f5nnikuga, 100% orgaanilise v\u00e4etisega, millel on loomulik pikaajaline toimeaine. Optimaalne juurte moodustumine ja tugev kasv. Paraneb mulla elutegevus, huumuse teke ja taimede varustamine kuivas faasis.<br \/>\nSobib k\u00f5igile aia- ja r\u00f5dutaimedele &#8211; nii k\u00f6\u00f6giviljadele, viljapuudele kui ka ilutaimedele.<\/p>\n","protected":false},"excerpt":{"rendered":"<p>Compo aiav\u00e4etis on looduslik ja \u00f5rn v\u00e4etis, mis toidab optimaalselt k\u00f5iki aiataimi, puuvilju ja k\u00f6\u00f6givilju. Tagab kiire ja p\u00fcsiva v\u00e4etustoime, muutes taimed tervemaks ja tugevamaks. Toetab mulla elustikku ning parandab taimede vastupidavust ja kasvu. Sisaldab orgaanilist Boosterit paremaks toitainete omastamiseks. Rikastatud kanas\u00f5nnikuga, 100% orgaanilise v\u00e4etisega, millel on loomulik pikaajaline toimeaine. Optimaalne juurte moodustumine ja tugev [&hellip;]<\/p>\n","protected":false},"featured_media":2550010,"comment_status":"closed","ping_status":"closed","template":"","meta":{"_themeisle_gutenberg_block_has_review":false},"product_cat":[16965,16966,16964,13572],"product_tag":[],"class_list":{"0":"post-2549994","1":"product","2":"type-product","3":"status-publish","4":"has-post-thumbnail","6":"product_cat-koogiviljadele-ja-maitsetaimedele","7":"product_cat-marjadele-ja-puuviljadele","8":"product_cat-suvelilledele-ja-rodutaimedele","9":"product_cat-vaetised-lilledele","11":"first","12":"instock","13":"shipping-taxable","14":"purchasable","15":"product-type-simple"},"yoast_head":"<!-- This site is optimized with the Yoast SEO plugin v24.0 - https:\/\/yoast.com\/wordpress\/plugins\/seo\/ -->\n<title>BIO aiav\u00e4etis Compo 5kg - Horticom<\/title>\n<meta name=\"robots\" content=\"index, follow, max-snippet:-1, max-image-preview:large, max-video-preview:-1\" \/>\n<link rel=\"canonical\" href=\"https:\/\/horticom.ee\/e-pood\/toode\/bio-aiavaetis-compo-5kg\/\" \/>\n<meta property=\"og:locale\" content=\"et_EE\" \/>\n<meta property=\"og:type\" content=\"article\" \/>\n<meta property=\"og:title\" content=\"BIO aiav\u00e4etis Compo 5kg - Horticom\" \/>\n<meta property=\"og:description\" content=\"Compo aiav\u00e4etis on looduslik ja \u00f5rn v\u00e4etis, mis toidab optimaalselt k\u00f5iki aiataimi, puuvilju ja k\u00f6\u00f6givilju. Tagab kiire ja p\u00fcsiva v\u00e4etustoime, muutes taimed tervemaks ja tugevamaks. Toetab mulla elustikku ning parandab taimede vastupidavust ja kasvu. Sisaldab orgaanilist Boosterit paremaks toitainete omastamiseks. Rikastatud kanas\u00f5nnikuga, 100% orgaanilise v\u00e4etisega, millel on loomulik pikaajaline toimeaine. Optimaalne juurte moodustumine ja tugev [&hellip;]\" \/>\n<meta property=\"og:url\" content=\"https:\/\/horticom.ee\/e-pood\/toode\/bio-aiavaetis-compo-5kg\/\" \/>\n<meta property=\"og:site_name\" content=\"Horticom.ee\" \/>\n<meta property=\"article:publisher\" content=\"https:\/\/www.facebook.com\/horticom.ee\/e-pood\" \/>\n<meta property=\"article:modified_time\" content=\"2026-04-15T00:14:32+00:00\" \/>\n<meta property=\"og:image\" content=\"https:\/\/horticom.ee\/e-pood\/wp-content\/uploads\/importedmedia\/product_2549994_0_6702458.jpg\" \/>\n\t<meta property=\"og:image:width\" content=\"1000\" \/>\n\t<meta property=\"og:image:height\" content=\"1000\" \/>\n\t<meta property=\"og:image:type\" content=\"image\/jpeg\" \/>\n<meta name=\"twitter:card\" content=\"summary_large_image\" \/>\n<script type=\"application\/ld+json\" class=\"yoast-schema-graph\">{\"@context\":\"https:\/\/schema.org\",\"@graph\":[{\"@type\":\"WebPage\",\"@id\":\"https:\/\/horticom.ee\/e-pood\/toode\/bio-aiavaetis-compo-5kg\/\",\"url\":\"https:\/\/horticom.ee\/e-pood\/toode\/bio-aiavaetis-compo-5kg\/\",\"name\":\"BIO aiav\u00e4etis Compo 5kg - Horticom\",\"isPartOf\":{\"@id\":\"https:\/\/horticom.ee\/e-pood\/#website\"},\"primaryImageOfPage\":{\"@id\":\"https:\/\/horticom.ee\/e-pood\/toode\/bio-aiavaetis-compo-5kg\/#primaryimage\"},\"image\":{\"@id\":\"https:\/\/horticom.ee\/e-pood\/toode\/bio-aiavaetis-compo-5kg\/#primaryimage\"},\"thumbnailUrl\":\"https:\/\/horticom.ee\/e-pood\/wp-content\/uploads\/importedmedia\/product_2549994_0_6702458.jpg\",\"datePublished\":\"2026-02-06T15:00:41+00:00\",\"dateModified\":\"2026-04-15T00:14:32+00:00\",\"breadcrumb\":{\"@id\":\"https:\/\/horticom.ee\/e-pood\/toode\/bio-aiavaetis-compo-5kg\/#breadcrumb\"},\"inLanguage\":\"et\",\"potentialAction\":[{\"@type\":\"ReadAction\",\"target\":[\"https:\/\/horticom.ee\/e-pood\/toode\/bio-aiavaetis-compo-5kg\/\"]}]},{\"@type\":\"ImageObject\",\"inLanguage\":\"et\",\"@id\":\"https:\/\/horticom.ee\/e-pood\/toode\/bio-aiavaetis-compo-5kg\/#primaryimage\",\"url\":\"https:\/\/horticom.ee\/e-pood\/wp-content\/uploads\/importedmedia\/product_2549994_0_6702458.jpg\",\"contentUrl\":\"https:\/\/horticom.ee\/e-pood\/wp-content\/uploads\/importedmedia\/product_2549994_0_6702458.jpg\",\"width\":1000,\"height\":1000},{\"@type\":\"BreadcrumbList\",\"@id\":\"https:\/\/horticom.ee\/e-pood\/toode\/bio-aiavaetis-compo-5kg\/#breadcrumb\",\"itemListElement\":[{\"@type\":\"ListItem\",\"position\":1,\"name\":\"Home\",\"item\":\"https:\/\/horticom.ee\/e-pood\/\"},{\"@type\":\"ListItem\",\"position\":2,\"name\":\"Pood\",\"item\":\"https:\/\/horticom.ee\/e-pood\/pood\/\"},{\"@type\":\"ListItem\",\"position\":3,\"name\":\"BIO aiav\u00e4etis Compo 5kg\"}]},{\"@type\":\"WebSite\",\"@id\":\"https:\/\/horticom.ee\/e-pood\/#website\",\"url\":\"https:\/\/horticom.ee\/e-pood\/\",\"name\":\"Horticom.ee\",\"description\":\"Aianduskaubad ja kodukaubad nii harrastajatele kui professionaalidele\",\"potentialAction\":[{\"@type\":\"SearchAction\",\"target\":{\"@type\":\"EntryPoint\",\"urlTemplate\":\"https:\/\/horticom.ee\/e-pood\/?s={search_term_string}\"},\"query-input\":{\"@type\":\"PropertyValueSpecification\",\"valueRequired\":true,\"valueName\":\"search_term_string\"}}],\"inLanguage\":\"et\"}]}<\/script>\n<!-- \/ Yoast SEO plugin. -->","yoast_head_json":{"title":"BIO aiav\u00e4etis Compo 5kg - Horticom","robots":{"index":"index","follow":"follow","max-snippet":"max-snippet:-1","max-image-preview":"max-image-preview:large","max-video-preview":"max-video-preview:-1"},"canonical":"https:\/\/horticom.ee\/e-pood\/toode\/bio-aiavaetis-compo-5kg\/","og_locale":"et_EE","og_type":"article","og_title":"BIO aiav\u00e4etis Compo 5kg - Horticom","og_description":"Compo aiav\u00e4etis on looduslik ja \u00f5rn v\u00e4etis, mis toidab optimaalselt k\u00f5iki aiataimi, puuvilju ja k\u00f6\u00f6givilju. Tagab kiire ja p\u00fcsiva v\u00e4etustoime, muutes taimed tervemaks ja tugevamaks. Toetab mulla elustikku ning parandab taimede vastupidavust ja kasvu. Sisaldab orgaanilist Boosterit paremaks toitainete omastamiseks. Rikastatud kanas\u00f5nnikuga, 100% orgaanilise v\u00e4etisega, millel on loomulik pikaajaline toimeaine. Optimaalne juurte moodustumine ja tugev [&hellip;]","og_url":"https:\/\/horticom.ee\/e-pood\/toode\/bio-aiavaetis-compo-5kg\/","og_site_name":"Horticom.ee","article_publisher":"https:\/\/www.facebook.com\/horticom.ee\/e-pood","article_modified_time":"2026-04-15T00:14:32+00:00","og_image":[{"width":1000,"height":1000,"url":"https:\/\/horticom.ee\/e-pood\/wp-content\/uploads\/importedmedia\/product_2549994_0_6702458.jpg","type":"image\/jpeg"}],"twitter_card":"summary_large_image","schema":{"@context":"https:\/\/schema.org","@graph":[{"@type":"WebPage","@id":"https:\/\/horticom.ee\/e-pood\/toode\/bio-aiavaetis-compo-5kg\/","url":"https:\/\/horticom.ee\/e-pood\/toode\/bio-aiavaetis-compo-5kg\/","name":"BIO aiav\u00e4etis Compo 5kg - Horticom","isPartOf":{"@id":"https:\/\/horticom.ee\/e-pood\/#website"},"primaryImageOfPage":{"@id":"https:\/\/horticom.ee\/e-pood\/toode\/bio-aiavaetis-compo-5kg\/#primaryimage"},"image":{"@id":"https:\/\/horticom.ee\/e-pood\/toode\/bio-aiavaetis-compo-5kg\/#primaryimage"},"thumbnailUrl":"https:\/\/horticom.ee\/e-pood\/wp-content\/uploads\/importedmedia\/product_2549994_0_6702458.jpg","datePublished":"2026-02-06T15:00:41+00:00","dateModified":"2026-04-15T00:14:32+00:00","breadcrumb":{"@id":"https:\/\/horticom.ee\/e-pood\/toode\/bio-aiavaetis-compo-5kg\/#breadcrumb"},"inLanguage":"et","potentialAction":[{"@type":"ReadAction","target":["https:\/\/horticom.ee\/e-pood\/toode\/bio-aiavaetis-compo-5kg\/"]}]},{"@type":"ImageObject","inLanguage":"et","@id":"https:\/\/horticom.ee\/e-pood\/toode\/bio-aiavaetis-compo-5kg\/#primaryimage","url":"https:\/\/horticom.ee\/e-pood\/wp-content\/uploads\/importedmedia\/product_2549994_0_6702458.jpg","contentUrl":"https:\/\/horticom.ee\/e-pood\/wp-content\/uploads\/importedmedia\/product_2549994_0_6702458.jpg","width":1000,"height":1000},{"@type":"BreadcrumbList","@id":"https:\/\/horticom.ee\/e-pood\/toode\/bio-aiavaetis-compo-5kg\/#breadcrumb","itemListElement":[{"@type":"ListItem","position":1,"name":"Home","item":"https:\/\/horticom.ee\/e-pood\/"},{"@type":"ListItem","position":2,"name":"Pood","item":"https:\/\/horticom.ee\/e-pood\/pood\/"},{"@type":"ListItem","position":3,"name":"BIO aiav\u00e4etis Compo 5kg"}]},{"@type":"WebSite","@id":"https:\/\/horticom.ee\/e-pood\/#website","url":"https:\/\/horticom.ee\/e-pood\/","name":"Horticom.ee","description":"Aianduskaubad ja kodukaubad nii harrastajatele kui professionaalidele","potentialAction":[{"@type":"SearchAction","target":{"@type":"EntryPoint","urlTemplate":"https:\/\/horticom.ee\/e-pood\/?s={search_term_string}"},"query-input":{"@type":"PropertyValueSpecification","valueRequired":true,"valueName":"search_term_string"}}],"inLanguage":"et"}]}},"_links":{"self":[{"href":"https:\/\/horticom.ee\/e-pood\/wp-json\/wp\/v2\/product\/2549994","targetHints":{"allow":["GET"]}}],"collection":[{"href":"https:\/\/horticom.ee\/e-pood\/wp-json\/wp\/v2\/product"}],"about":[{"href":"https:\/\/horticom.ee\/e-pood\/wp-json\/wp\/v2\/types\/product"}],"replies":[{"embeddable":true,"href":"https:\/\/horticom.ee\/e-pood\/wp-json\/wp\/v2\/comments?post=2549994"}],"wp:featuredmedia":[{"embeddable":true,"href":"https:\/\/horticom.ee\/e-pood\/wp-json\/wp\/v2\/media\/2550010"}],"wp:attachment":[{"href":"https:\/\/horticom.ee\/e-pood\/wp-json\/wp\/v2\/media?parent=2549994"}],"wp:term":[{"taxonomy":"product_cat","embeddable":true,"href":"https:\/\/horticom.ee\/e-pood\/wp-json\/wp\/v2\/product_cat?post=2549994"},{"taxonomy":"product_tag","embeddable":true,"href":"https:\/\/horticom.ee\/e-pood\/wp-json\/wp\/v2\/product_tag?post=2549994"}],"curies":[{"name":"wp","href":"https:\/\/api.w.org\/{rel}","templated":true}]}}