{"id":2565362,"date":"2026-03-02T17:00:39","date_gmt":"2026-03-02T15:00:39","guid":{"rendered":"https:\/\/horticom.ee\/e-pood\/toode\/daalia-dinnerplate-lavender-perfection-1tk-b\/"},"modified":"2026-04-30T03:11:46","modified_gmt":"2026-04-30T00:11:46","slug":"daalia-dinnerplate-lavender-perfection-1tk-b","status":"publish","type":"product","link":"https:\/\/horticom.ee\/e-pood\/toode\/daalia-dinnerplate-lavender-perfection-1tk-b\/","title":{"rendered":"Daalia (dinnerplate) Lavender Perfection 1tk B"},"content":{"rendered":"<p>Daalia Lavender Perfection on helelillade suurte \u00f5itega, millel on roosakad  tipud. Hea l\u00f5ikelill. Kasvukoha valikul tuleks silmas pidada, et daalia on k\u00fclma\u00f5rn, mist\u00f5ttu sobib talle p\u00e4ikeseline, hiliste kevadiste ning varajaste s\u00fcgiseste \u00f6\u00f6k\u00fclmade eest kaitstud tuulevarjuline kasvupaik. Mullat\u00fc\u00fcbi suhtes pole daalia n\u00f5udlik. Daalia juurmugulate puhkeperiood l\u00f5peb tavaliselt m\u00e4rtsi algul. Siis tuuakse nad hoidlast v\u00e4lja ja asetatakse valguse k\u00e4tte. S\u00fcgise saabudes oleks hea enne daaliate muguljuurte v\u00e4ljakaevamist lasta \u00f6\u00f6k\u00fclmal taime maapealset osa n\u00e4pistada &#8211; see annab talle teate, et aeg on asuda puhkama. P\u00e4rast \u00f6\u00f6k\u00fclma muutuvad taime lehed mustjaks, \u00f5ievarred vajuvad longu ega j\u00f5ua \u00f5it enam p\u00fcsti hoida. Daalia \u00f5itseb tavaliselt juulist kuni s\u00fcgiseste \u00f6\u00f6k\u00fclmadeni.<\/p>\n","protected":false},"excerpt":{"rendered":"<p>Daalia Lavender Perfection on helelillade suurte \u00f5itega, millel on roosakad tipud. Hea l\u00f5ikelill. Kasvukoha valikul tuleks silmas pidada, et daalia on k\u00fclma\u00f5rn, mist\u00f5ttu sobib talle p\u00e4ikeseline, hiliste kevadiste ning varajaste s\u00fcgiseste \u00f6\u00f6k\u00fclmade eest kaitstud tuulevarjuline kasvupaik. Mullat\u00fc\u00fcbi suhtes pole daalia n\u00f5udlik. Daalia juurmugulate puhkeperiood l\u00f5peb tavaliselt m\u00e4rtsi algul. Siis tuuakse nad hoidlast v\u00e4lja ja asetatakse [&hellip;]<\/p>\n","protected":false},"featured_media":2570779,"comment_status":"closed","ping_status":"closed","template":"","meta":{"_themeisle_gutenberg_block_has_review":false},"product_cat":[18574,13548],"product_tag":[],"class_list":{"0":"post-2565362","1":"product","2":"type-product","3":"status-publish","4":"has-post-thumbnail","6":"product_cat-daalia-sibullilled","7":"product_cat-sibullilled-koduaeda","9":"first","10":"instock","11":"sale","12":"shipping-taxable","13":"purchasable","14":"product-type-simple"},"yoast_head":"<!-- This site is optimized with the Yoast SEO plugin v24.0 - https:\/\/yoast.com\/wordpress\/plugins\/seo\/ -->\n<title>Daalia (dinnerplate) Lavender Perfection 1tk B - Horticom<\/title>\n<meta name=\"robots\" content=\"index, follow, max-snippet:-1, max-image-preview:large, max-video-preview:-1\" \/>\n<link rel=\"canonical\" href=\"https:\/\/horticom.ee\/e-pood\/toode\/daalia-dinnerplate-lavender-perfection-1tk-b\/\" \/>\n<meta property=\"og:locale\" content=\"et_EE\" \/>\n<meta property=\"og:type\" content=\"article\" \/>\n<meta property=\"og:title\" content=\"Daalia (dinnerplate) Lavender Perfection 1tk B - Horticom\" \/>\n<meta property=\"og:description\" content=\"Daalia Lavender Perfection on helelillade suurte \u00f5itega, millel on roosakad tipud. Hea l\u00f5ikelill. Kasvukoha valikul tuleks silmas pidada, et daalia on k\u00fclma\u00f5rn, mist\u00f5ttu sobib talle p\u00e4ikeseline, hiliste kevadiste ning varajaste s\u00fcgiseste \u00f6\u00f6k\u00fclmade eest kaitstud tuulevarjuline kasvupaik. Mullat\u00fc\u00fcbi suhtes pole daalia n\u00f5udlik. Daalia juurmugulate puhkeperiood l\u00f5peb tavaliselt m\u00e4rtsi algul. Siis tuuakse nad hoidlast v\u00e4lja ja asetatakse [&hellip;]\" \/>\n<meta property=\"og:url\" content=\"https:\/\/horticom.ee\/e-pood\/toode\/daalia-dinnerplate-lavender-perfection-1tk-b\/\" \/>\n<meta property=\"og:site_name\" content=\"Horticom.ee\" \/>\n<meta property=\"article:publisher\" content=\"https:\/\/www.facebook.com\/horticom.ee\/e-pood\" \/>\n<meta property=\"article:modified_time\" content=\"2026-04-30T00:11:46+00:00\" \/>\n<meta property=\"og:image\" content=\"https:\/\/horticom.ee\/e-pood\/wp-content\/uploads\/2026\/03\/8712438987885.jpg\" \/>\n\t<meta property=\"og:image:width\" content=\"323\" \/>\n\t<meta property=\"og:image:height\" content=\"500\" \/>\n\t<meta property=\"og:image:type\" content=\"image\/jpeg\" \/>\n<meta name=\"twitter:card\" content=\"summary_large_image\" \/>\n<meta name=\"twitter:label1\" content=\"Est. reading time\" \/>\n\t<meta name=\"twitter:data1\" content=\"1 minut\" \/>\n<script type=\"application\/ld+json\" class=\"yoast-schema-graph\">{\"@context\":\"https:\/\/schema.org\",\"@graph\":[{\"@type\":\"WebPage\",\"@id\":\"https:\/\/horticom.ee\/e-pood\/toode\/daalia-dinnerplate-lavender-perfection-1tk-b\/\",\"url\":\"https:\/\/horticom.ee\/e-pood\/toode\/daalia-dinnerplate-lavender-perfection-1tk-b\/\",\"name\":\"Daalia (dinnerplate) Lavender Perfection 1tk B - Horticom\",\"isPartOf\":{\"@id\":\"https:\/\/horticom.ee\/e-pood\/#website\"},\"primaryImageOfPage\":{\"@id\":\"https:\/\/horticom.ee\/e-pood\/toode\/daalia-dinnerplate-lavender-perfection-1tk-b\/#primaryimage\"},\"image\":{\"@id\":\"https:\/\/horticom.ee\/e-pood\/toode\/daalia-dinnerplate-lavender-perfection-1tk-b\/#primaryimage\"},\"thumbnailUrl\":\"https:\/\/horticom.ee\/e-pood\/wp-content\/uploads\/2026\/03\/8712438987885.jpg\",\"datePublished\":\"2026-03-02T15:00:39+00:00\",\"dateModified\":\"2026-04-30T00:11:46+00:00\",\"breadcrumb\":{\"@id\":\"https:\/\/horticom.ee\/e-pood\/toode\/daalia-dinnerplate-lavender-perfection-1tk-b\/#breadcrumb\"},\"inLanguage\":\"et\",\"potentialAction\":[{\"@type\":\"ReadAction\",\"target\":[\"https:\/\/horticom.ee\/e-pood\/toode\/daalia-dinnerplate-lavender-perfection-1tk-b\/\"]}]},{\"@type\":\"ImageObject\",\"inLanguage\":\"et\",\"@id\":\"https:\/\/horticom.ee\/e-pood\/toode\/daalia-dinnerplate-lavender-perfection-1tk-b\/#primaryimage\",\"url\":\"https:\/\/horticom.ee\/e-pood\/wp-content\/uploads\/2026\/03\/8712438987885.jpg\",\"contentUrl\":\"https:\/\/horticom.ee\/e-pood\/wp-content\/uploads\/2026\/03\/8712438987885.jpg\",\"width\":323,\"height\":500},{\"@type\":\"BreadcrumbList\",\"@id\":\"https:\/\/horticom.ee\/e-pood\/toode\/daalia-dinnerplate-lavender-perfection-1tk-b\/#breadcrumb\",\"itemListElement\":[{\"@type\":\"ListItem\",\"position\":1,\"name\":\"Home\",\"item\":\"https:\/\/horticom.ee\/e-pood\/\"},{\"@type\":\"ListItem\",\"position\":2,\"name\":\"Pood\",\"item\":\"https:\/\/horticom.ee\/e-pood\/pood\/\"},{\"@type\":\"ListItem\",\"position\":3,\"name\":\"Daalia (dinnerplate) Lavender Perfection 1tk B\"}]},{\"@type\":\"WebSite\",\"@id\":\"https:\/\/horticom.ee\/e-pood\/#website\",\"url\":\"https:\/\/horticom.ee\/e-pood\/\",\"name\":\"Horticom.ee\",\"description\":\"Aianduskaubad ja kodukaubad nii harrastajatele kui professionaalidele\",\"potentialAction\":[{\"@type\":\"SearchAction\",\"target\":{\"@type\":\"EntryPoint\",\"urlTemplate\":\"https:\/\/horticom.ee\/e-pood\/?s={search_term_string}\"},\"query-input\":{\"@type\":\"PropertyValueSpecification\",\"valueRequired\":true,\"valueName\":\"search_term_string\"}}],\"inLanguage\":\"et\"}]}<\/script>\n<!-- \/ Yoast SEO plugin. -->","yoast_head_json":{"title":"Daalia (dinnerplate) Lavender Perfection 1tk B - Horticom","robots":{"index":"index","follow":"follow","max-snippet":"max-snippet:-1","max-image-preview":"max-image-preview:large","max-video-preview":"max-video-preview:-1"},"canonical":"https:\/\/horticom.ee\/e-pood\/toode\/daalia-dinnerplate-lavender-perfection-1tk-b\/","og_locale":"et_EE","og_type":"article","og_title":"Daalia (dinnerplate) Lavender Perfection 1tk B - Horticom","og_description":"Daalia Lavender Perfection on helelillade suurte \u00f5itega, millel on roosakad tipud. Hea l\u00f5ikelill. Kasvukoha valikul tuleks silmas pidada, et daalia on k\u00fclma\u00f5rn, mist\u00f5ttu sobib talle p\u00e4ikeseline, hiliste kevadiste ning varajaste s\u00fcgiseste \u00f6\u00f6k\u00fclmade eest kaitstud tuulevarjuline kasvupaik. Mullat\u00fc\u00fcbi suhtes pole daalia n\u00f5udlik. Daalia juurmugulate puhkeperiood l\u00f5peb tavaliselt m\u00e4rtsi algul. Siis tuuakse nad hoidlast v\u00e4lja ja asetatakse [&hellip;]","og_url":"https:\/\/horticom.ee\/e-pood\/toode\/daalia-dinnerplate-lavender-perfection-1tk-b\/","og_site_name":"Horticom.ee","article_publisher":"https:\/\/www.facebook.com\/horticom.ee\/e-pood","article_modified_time":"2026-04-30T00:11:46+00:00","og_image":[{"width":323,"height":500,"url":"https:\/\/horticom.ee\/e-pood\/wp-content\/uploads\/2026\/03\/8712438987885.jpg","type":"image\/jpeg"}],"twitter_card":"summary_large_image","twitter_misc":{"Est. reading time":"1 minut"},"schema":{"@context":"https:\/\/schema.org","@graph":[{"@type":"WebPage","@id":"https:\/\/horticom.ee\/e-pood\/toode\/daalia-dinnerplate-lavender-perfection-1tk-b\/","url":"https:\/\/horticom.ee\/e-pood\/toode\/daalia-dinnerplate-lavender-perfection-1tk-b\/","name":"Daalia (dinnerplate) Lavender Perfection 1tk B - Horticom","isPartOf":{"@id":"https:\/\/horticom.ee\/e-pood\/#website"},"primaryImageOfPage":{"@id":"https:\/\/horticom.ee\/e-pood\/toode\/daalia-dinnerplate-lavender-perfection-1tk-b\/#primaryimage"},"image":{"@id":"https:\/\/horticom.ee\/e-pood\/toode\/daalia-dinnerplate-lavender-perfection-1tk-b\/#primaryimage"},"thumbnailUrl":"https:\/\/horticom.ee\/e-pood\/wp-content\/uploads\/2026\/03\/8712438987885.jpg","datePublished":"2026-03-02T15:00:39+00:00","dateModified":"2026-04-30T00:11:46+00:00","breadcrumb":{"@id":"https:\/\/horticom.ee\/e-pood\/toode\/daalia-dinnerplate-lavender-perfection-1tk-b\/#breadcrumb"},"inLanguage":"et","potentialAction":[{"@type":"ReadAction","target":["https:\/\/horticom.ee\/e-pood\/toode\/daalia-dinnerplate-lavender-perfection-1tk-b\/"]}]},{"@type":"ImageObject","inLanguage":"et","@id":"https:\/\/horticom.ee\/e-pood\/toode\/daalia-dinnerplate-lavender-perfection-1tk-b\/#primaryimage","url":"https:\/\/horticom.ee\/e-pood\/wp-content\/uploads\/2026\/03\/8712438987885.jpg","contentUrl":"https:\/\/horticom.ee\/e-pood\/wp-content\/uploads\/2026\/03\/8712438987885.jpg","width":323,"height":500},{"@type":"BreadcrumbList","@id":"https:\/\/horticom.ee\/e-pood\/toode\/daalia-dinnerplate-lavender-perfection-1tk-b\/#breadcrumb","itemListElement":[{"@type":"ListItem","position":1,"name":"Home","item":"https:\/\/horticom.ee\/e-pood\/"},{"@type":"ListItem","position":2,"name":"Pood","item":"https:\/\/horticom.ee\/e-pood\/pood\/"},{"@type":"ListItem","position":3,"name":"Daalia (dinnerplate) Lavender Perfection 1tk B"}]},{"@type":"WebSite","@id":"https:\/\/horticom.ee\/e-pood\/#website","url":"https:\/\/horticom.ee\/e-pood\/","name":"Horticom.ee","description":"Aianduskaubad ja kodukaubad nii harrastajatele kui professionaalidele","potentialAction":[{"@type":"SearchAction","target":{"@type":"EntryPoint","urlTemplate":"https:\/\/horticom.ee\/e-pood\/?s={search_term_string}"},"query-input":{"@type":"PropertyValueSpecification","valueRequired":true,"valueName":"search_term_string"}}],"inLanguage":"et"}]}},"_links":{"self":[{"href":"https:\/\/horticom.ee\/e-pood\/wp-json\/wp\/v2\/product\/2565362","targetHints":{"allow":["GET"]}}],"collection":[{"href":"https:\/\/horticom.ee\/e-pood\/wp-json\/wp\/v2\/product"}],"about":[{"href":"https:\/\/horticom.ee\/e-pood\/wp-json\/wp\/v2\/types\/product"}],"replies":[{"embeddable":true,"href":"https:\/\/horticom.ee\/e-pood\/wp-json\/wp\/v2\/comments?post=2565362"}],"wp:featuredmedia":[{"embeddable":true,"href":"https:\/\/horticom.ee\/e-pood\/wp-json\/wp\/v2\/media\/2570779"}],"wp:attachment":[{"href":"https:\/\/horticom.ee\/e-pood\/wp-json\/wp\/v2\/media?parent=2565362"}],"wp:term":[{"taxonomy":"product_cat","embeddable":true,"href":"https:\/\/horticom.ee\/e-pood\/wp-json\/wp\/v2\/product_cat?post=2565362"},{"taxonomy":"product_tag","embeddable":true,"href":"https:\/\/horticom.ee\/e-pood\/wp-json\/wp\/v2\/product_tag?post=2565362"}],"curies":[{"name":"wp","href":"https:\/\/api.w.org\/{rel}","templated":true}]}}