{"id":2565366,"date":"2026-03-02T17:00:40","date_gmt":"2026-03-02T15:00:40","guid":{"rendered":"https:\/\/horticom.ee\/e-pood\/toode\/liilia-asiatic-double-elodie-1tk-b\/"},"modified":"2026-04-30T03:11:46","modified_gmt":"2026-04-30T00:11:46","slug":"liilia-asiatic-double-elodie-1tk-b","status":"publish","type":"product","link":"https:\/\/horticom.ee\/e-pood\/toode\/liilia-asiatic-double-elodie-1tk-b\/","title":{"rendered":"Liilia (asiatic double) Elodie 1tk B"},"content":{"rendered":"<p>Liilia Asiatic double Elodie on heleroosade \u00f5itega, millel on mustad t\u00e4pid. Eelistab hea drenaa\u017eiga mulda. Vaasis suurep\u00e4rase vastupidavusega ja stiilne l\u00f5ikelill. Soovitav on liiliaid istutada kevadel, aprillis-mais, v\u00f5i s\u00fcgisel: augustis-septembris. Hilise s\u00fcgisese istutuse puhul, kui taim ei j\u00f5ua korralikult juurduda enne k\u00fclmade tulekut, v\u00f5ib ta talvel kergesti h\u00e4vida. Taimed ei kannata seisvat vett ja vajavad kevadel hiliste \u00f6\u00f6k\u00fclmade kahjustuse eest katet. Liiliad ei salli sagedast \u00fcmberistutamist, vaid tahavad olla \u00fchel kohal. Esimesel suvel on taim madalam, t\u00e4ie ilu saavutab teisel- kolmandal aastal. Lille \u00f5ied on meeldiva l\u00f5hnaga. Sibul istutatakse 3-4 korda s\u00fcgavamale kui on sibula suurus.<\/p>\n","protected":false},"excerpt":{"rendered":"<p>Liilia Asiatic double Elodie on heleroosade \u00f5itega, millel on mustad t\u00e4pid. Eelistab hea drenaa\u017eiga mulda. Vaasis suurep\u00e4rase vastupidavusega ja stiilne l\u00f5ikelill. Soovitav on liiliaid istutada kevadel, aprillis-mais, v\u00f5i s\u00fcgisel: augustis-septembris. Hilise s\u00fcgisese istutuse puhul, kui taim ei j\u00f5ua korralikult juurduda enne k\u00fclmade tulekut, v\u00f5ib ta talvel kergesti h\u00e4vida. Taimed ei kannata seisvat vett ja vajavad [&hellip;]<\/p>\n","protected":false},"featured_media":2570865,"comment_status":"closed","ping_status":"closed","template":"","meta":{"_themeisle_gutenberg_block_has_review":false},"product_cat":[18332,13548],"product_tag":[],"class_list":{"0":"post-2565366","1":"product","2":"type-product","3":"status-publish","4":"has-post-thumbnail","6":"product_cat-liilia","7":"product_cat-sibullilled-koduaeda","9":"first","10":"outofstock","11":"sale","12":"shipping-taxable","13":"purchasable","14":"product-type-simple"},"yoast_head":"<!-- This site is optimized with the Yoast SEO plugin v24.0 - https:\/\/yoast.com\/wordpress\/plugins\/seo\/ -->\n<title>Liilia (asiatic double) Elodie 1tk B - Horticom<\/title>\n<meta name=\"robots\" content=\"index, follow, max-snippet:-1, max-image-preview:large, max-video-preview:-1\" \/>\n<link rel=\"canonical\" href=\"https:\/\/horticom.ee\/e-pood\/toode\/liilia-asiatic-double-elodie-1tk-b\/\" \/>\n<meta property=\"og:locale\" content=\"et_EE\" \/>\n<meta property=\"og:type\" content=\"article\" \/>\n<meta property=\"og:title\" content=\"Liilia (asiatic double) Elodie 1tk B - Horticom\" \/>\n<meta property=\"og:description\" content=\"Liilia Asiatic double Elodie on heleroosade \u00f5itega, millel on mustad t\u00e4pid. Eelistab hea drenaa\u017eiga mulda. Vaasis suurep\u00e4rase vastupidavusega ja stiilne l\u00f5ikelill. Soovitav on liiliaid istutada kevadel, aprillis-mais, v\u00f5i s\u00fcgisel: augustis-septembris. Hilise s\u00fcgisese istutuse puhul, kui taim ei j\u00f5ua korralikult juurduda enne k\u00fclmade tulekut, v\u00f5ib ta talvel kergesti h\u00e4vida. Taimed ei kannata seisvat vett ja vajavad [&hellip;]\" \/>\n<meta property=\"og:url\" content=\"https:\/\/horticom.ee\/e-pood\/toode\/liilia-asiatic-double-elodie-1tk-b\/\" \/>\n<meta property=\"og:site_name\" content=\"Horticom.ee\" \/>\n<meta property=\"article:publisher\" content=\"https:\/\/www.facebook.com\/horticom.ee\/e-pood\" \/>\n<meta property=\"article:modified_time\" content=\"2026-04-30T00:11:46+00:00\" \/>\n<meta property=\"og:image\" content=\"https:\/\/horticom.ee\/e-pood\/wp-content\/uploads\/2026\/03\/8712438988028.jpg\" \/>\n\t<meta property=\"og:image:width\" content=\"323\" \/>\n\t<meta property=\"og:image:height\" content=\"500\" \/>\n\t<meta property=\"og:image:type\" content=\"image\/jpeg\" \/>\n<meta name=\"twitter:card\" content=\"summary_large_image\" \/>\n<meta name=\"twitter:label1\" content=\"Est. reading time\" \/>\n\t<meta name=\"twitter:data1\" content=\"1 minut\" \/>\n<script type=\"application\/ld+json\" class=\"yoast-schema-graph\">{\"@context\":\"https:\/\/schema.org\",\"@graph\":[{\"@type\":\"WebPage\",\"@id\":\"https:\/\/horticom.ee\/e-pood\/toode\/liilia-asiatic-double-elodie-1tk-b\/\",\"url\":\"https:\/\/horticom.ee\/e-pood\/toode\/liilia-asiatic-double-elodie-1tk-b\/\",\"name\":\"Liilia (asiatic double) Elodie 1tk B - Horticom\",\"isPartOf\":{\"@id\":\"https:\/\/horticom.ee\/e-pood\/#website\"},\"primaryImageOfPage\":{\"@id\":\"https:\/\/horticom.ee\/e-pood\/toode\/liilia-asiatic-double-elodie-1tk-b\/#primaryimage\"},\"image\":{\"@id\":\"https:\/\/horticom.ee\/e-pood\/toode\/liilia-asiatic-double-elodie-1tk-b\/#primaryimage\"},\"thumbnailUrl\":\"https:\/\/horticom.ee\/e-pood\/wp-content\/uploads\/2026\/03\/8712438988028.jpg\",\"datePublished\":\"2026-03-02T15:00:40+00:00\",\"dateModified\":\"2026-04-30T00:11:46+00:00\",\"breadcrumb\":{\"@id\":\"https:\/\/horticom.ee\/e-pood\/toode\/liilia-asiatic-double-elodie-1tk-b\/#breadcrumb\"},\"inLanguage\":\"et\",\"potentialAction\":[{\"@type\":\"ReadAction\",\"target\":[\"https:\/\/horticom.ee\/e-pood\/toode\/liilia-asiatic-double-elodie-1tk-b\/\"]}]},{\"@type\":\"ImageObject\",\"inLanguage\":\"et\",\"@id\":\"https:\/\/horticom.ee\/e-pood\/toode\/liilia-asiatic-double-elodie-1tk-b\/#primaryimage\",\"url\":\"https:\/\/horticom.ee\/e-pood\/wp-content\/uploads\/2026\/03\/8712438988028.jpg\",\"contentUrl\":\"https:\/\/horticom.ee\/e-pood\/wp-content\/uploads\/2026\/03\/8712438988028.jpg\",\"width\":323,\"height\":500},{\"@type\":\"BreadcrumbList\",\"@id\":\"https:\/\/horticom.ee\/e-pood\/toode\/liilia-asiatic-double-elodie-1tk-b\/#breadcrumb\",\"itemListElement\":[{\"@type\":\"ListItem\",\"position\":1,\"name\":\"Home\",\"item\":\"https:\/\/horticom.ee\/e-pood\/\"},{\"@type\":\"ListItem\",\"position\":2,\"name\":\"Pood\",\"item\":\"https:\/\/horticom.ee\/e-pood\/pood\/\"},{\"@type\":\"ListItem\",\"position\":3,\"name\":\"Liilia (asiatic double) Elodie 1tk B\"}]},{\"@type\":\"WebSite\",\"@id\":\"https:\/\/horticom.ee\/e-pood\/#website\",\"url\":\"https:\/\/horticom.ee\/e-pood\/\",\"name\":\"Horticom.ee\",\"description\":\"Aianduskaubad ja kodukaubad nii harrastajatele kui professionaalidele\",\"potentialAction\":[{\"@type\":\"SearchAction\",\"target\":{\"@type\":\"EntryPoint\",\"urlTemplate\":\"https:\/\/horticom.ee\/e-pood\/?s={search_term_string}\"},\"query-input\":{\"@type\":\"PropertyValueSpecification\",\"valueRequired\":true,\"valueName\":\"search_term_string\"}}],\"inLanguage\":\"et\"}]}<\/script>\n<!-- \/ Yoast SEO plugin. -->","yoast_head_json":{"title":"Liilia (asiatic double) Elodie 1tk B - Horticom","robots":{"index":"index","follow":"follow","max-snippet":"max-snippet:-1","max-image-preview":"max-image-preview:large","max-video-preview":"max-video-preview:-1"},"canonical":"https:\/\/horticom.ee\/e-pood\/toode\/liilia-asiatic-double-elodie-1tk-b\/","og_locale":"et_EE","og_type":"article","og_title":"Liilia (asiatic double) Elodie 1tk B - Horticom","og_description":"Liilia Asiatic double Elodie on heleroosade \u00f5itega, millel on mustad t\u00e4pid. Eelistab hea drenaa\u017eiga mulda. Vaasis suurep\u00e4rase vastupidavusega ja stiilne l\u00f5ikelill. Soovitav on liiliaid istutada kevadel, aprillis-mais, v\u00f5i s\u00fcgisel: augustis-septembris. Hilise s\u00fcgisese istutuse puhul, kui taim ei j\u00f5ua korralikult juurduda enne k\u00fclmade tulekut, v\u00f5ib ta talvel kergesti h\u00e4vida. Taimed ei kannata seisvat vett ja vajavad [&hellip;]","og_url":"https:\/\/horticom.ee\/e-pood\/toode\/liilia-asiatic-double-elodie-1tk-b\/","og_site_name":"Horticom.ee","article_publisher":"https:\/\/www.facebook.com\/horticom.ee\/e-pood","article_modified_time":"2026-04-30T00:11:46+00:00","og_image":[{"width":323,"height":500,"url":"https:\/\/horticom.ee\/e-pood\/wp-content\/uploads\/2026\/03\/8712438988028.jpg","type":"image\/jpeg"}],"twitter_card":"summary_large_image","twitter_misc":{"Est. reading time":"1 minut"},"schema":{"@context":"https:\/\/schema.org","@graph":[{"@type":"WebPage","@id":"https:\/\/horticom.ee\/e-pood\/toode\/liilia-asiatic-double-elodie-1tk-b\/","url":"https:\/\/horticom.ee\/e-pood\/toode\/liilia-asiatic-double-elodie-1tk-b\/","name":"Liilia (asiatic double) Elodie 1tk B - Horticom","isPartOf":{"@id":"https:\/\/horticom.ee\/e-pood\/#website"},"primaryImageOfPage":{"@id":"https:\/\/horticom.ee\/e-pood\/toode\/liilia-asiatic-double-elodie-1tk-b\/#primaryimage"},"image":{"@id":"https:\/\/horticom.ee\/e-pood\/toode\/liilia-asiatic-double-elodie-1tk-b\/#primaryimage"},"thumbnailUrl":"https:\/\/horticom.ee\/e-pood\/wp-content\/uploads\/2026\/03\/8712438988028.jpg","datePublished":"2026-03-02T15:00:40+00:00","dateModified":"2026-04-30T00:11:46+00:00","breadcrumb":{"@id":"https:\/\/horticom.ee\/e-pood\/toode\/liilia-asiatic-double-elodie-1tk-b\/#breadcrumb"},"inLanguage":"et","potentialAction":[{"@type":"ReadAction","target":["https:\/\/horticom.ee\/e-pood\/toode\/liilia-asiatic-double-elodie-1tk-b\/"]}]},{"@type":"ImageObject","inLanguage":"et","@id":"https:\/\/horticom.ee\/e-pood\/toode\/liilia-asiatic-double-elodie-1tk-b\/#primaryimage","url":"https:\/\/horticom.ee\/e-pood\/wp-content\/uploads\/2026\/03\/8712438988028.jpg","contentUrl":"https:\/\/horticom.ee\/e-pood\/wp-content\/uploads\/2026\/03\/8712438988028.jpg","width":323,"height":500},{"@type":"BreadcrumbList","@id":"https:\/\/horticom.ee\/e-pood\/toode\/liilia-asiatic-double-elodie-1tk-b\/#breadcrumb","itemListElement":[{"@type":"ListItem","position":1,"name":"Home","item":"https:\/\/horticom.ee\/e-pood\/"},{"@type":"ListItem","position":2,"name":"Pood","item":"https:\/\/horticom.ee\/e-pood\/pood\/"},{"@type":"ListItem","position":3,"name":"Liilia (asiatic double) Elodie 1tk B"}]},{"@type":"WebSite","@id":"https:\/\/horticom.ee\/e-pood\/#website","url":"https:\/\/horticom.ee\/e-pood\/","name":"Horticom.ee","description":"Aianduskaubad ja kodukaubad nii harrastajatele kui professionaalidele","potentialAction":[{"@type":"SearchAction","target":{"@type":"EntryPoint","urlTemplate":"https:\/\/horticom.ee\/e-pood\/?s={search_term_string}"},"query-input":{"@type":"PropertyValueSpecification","valueRequired":true,"valueName":"search_term_string"}}],"inLanguage":"et"}]}},"_links":{"self":[{"href":"https:\/\/horticom.ee\/e-pood\/wp-json\/wp\/v2\/product\/2565366","targetHints":{"allow":["GET"]}}],"collection":[{"href":"https:\/\/horticom.ee\/e-pood\/wp-json\/wp\/v2\/product"}],"about":[{"href":"https:\/\/horticom.ee\/e-pood\/wp-json\/wp\/v2\/types\/product"}],"replies":[{"embeddable":true,"href":"https:\/\/horticom.ee\/e-pood\/wp-json\/wp\/v2\/comments?post=2565366"}],"wp:featuredmedia":[{"embeddable":true,"href":"https:\/\/horticom.ee\/e-pood\/wp-json\/wp\/v2\/media\/2570865"}],"wp:attachment":[{"href":"https:\/\/horticom.ee\/e-pood\/wp-json\/wp\/v2\/media?parent=2565366"}],"wp:term":[{"taxonomy":"product_cat","embeddable":true,"href":"https:\/\/horticom.ee\/e-pood\/wp-json\/wp\/v2\/product_cat?post=2565366"},{"taxonomy":"product_tag","embeddable":true,"href":"https:\/\/horticom.ee\/e-pood\/wp-json\/wp\/v2\/product_tag?post=2565366"}],"curies":[{"name":"wp","href":"https:\/\/api.w.org\/{rel}","templated":true}]}}