{"id":2565368,"date":"2026-03-02T17:00:40","date_gmt":"2026-03-02T15:00:40","guid":{"rendered":"https:\/\/horticom.ee\/e-pood\/toode\/freesia-double-blue-15tk-b\/"},"modified":"2026-04-30T03:11:47","modified_gmt":"2026-04-30T00:11:47","slug":"freesia-double-blue-15tk-b","status":"publish","type":"product","link":"https:\/\/horticom.ee\/e-pood\/toode\/freesia-double-blue-15tk-b\/","title":{"rendered":"Freesia Double Blue 15tk B"},"content":{"rendered":"<p>Freesia Double Blue on kaunite siniste \u00f5itega. Freesiad on v\u00e4ga head l\u00f5ikelilled, mis p\u00fcsivad nii vaasis kui ka peenral kolm n\u00e4dalat. Istutage sibulad kuiva p\u00e4ikeselisse kasvukohta, vajadusel taluvad nad ka poolvarju. Eelistatuim kasvumuld v\u00f5iks olla huumusrikas ja vett h\u00e4sti l\u00e4bilaskev, ei sobi kohad, kuhu j\u00e4\u00e4b pikalt seisma vihma- v\u00f5i kastmisvesi ning muld on raske ja tihke. Freesiad ei ole t\u00e4ielikult k\u00fclmakindlad, seega kaevake need s\u00fcgisel v\u00e4lja, kui taimed muutuvad kollaseks v\u00f5i p\u00e4rast esimest \u00f6\u00f6k\u00fclma. L\u00f5igake varred 2 cm pikkuseks ja puhastage need mullast. S\u00e4ilitage sibulaid turbas v\u00f5i liivas jahedas ja kuivas kohas.<\/p>\n","protected":false},"excerpt":{"rendered":"<p>Freesia Double Blue on kaunite siniste \u00f5itega. Freesiad on v\u00e4ga head l\u00f5ikelilled, mis p\u00fcsivad nii vaasis kui ka peenral kolm n\u00e4dalat. Istutage sibulad kuiva p\u00e4ikeselisse kasvukohta, vajadusel taluvad nad ka poolvarju. Eelistatuim kasvumuld v\u00f5iks olla huumusrikas ja vett h\u00e4sti l\u00e4bilaskev, ei sobi kohad, kuhu j\u00e4\u00e4b pikalt seisma vihma- v\u00f5i kastmisvesi ning muld on raske ja [&hellip;]<\/p>\n","protected":false},"featured_media":2570789,"comment_status":"closed","ping_status":"closed","template":"","meta":{"_themeisle_gutenberg_block_has_review":false},"product_cat":[18568,13548],"product_tag":[],"class_list":{"0":"post-2565368","1":"product","2":"type-product","3":"status-publish","4":"has-post-thumbnail","6":"product_cat-freesia","7":"product_cat-sibullilled-koduaeda","9":"first","10":"outofstock","11":"sale","12":"shipping-taxable","13":"purchasable","14":"product-type-simple"},"yoast_head":"<!-- This site is optimized with the Yoast SEO plugin v24.0 - https:\/\/yoast.com\/wordpress\/plugins\/seo\/ -->\n<title>Freesia Double Blue 15tk B - Horticom<\/title>\n<meta name=\"robots\" content=\"index, follow, max-snippet:-1, max-image-preview:large, max-video-preview:-1\" \/>\n<link rel=\"canonical\" href=\"https:\/\/horticom.ee\/e-pood\/toode\/freesia-double-blue-15tk-b\/\" \/>\n<meta property=\"og:locale\" content=\"et_EE\" \/>\n<meta property=\"og:type\" content=\"article\" \/>\n<meta property=\"og:title\" content=\"Freesia Double Blue 15tk B - Horticom\" \/>\n<meta property=\"og:description\" content=\"Freesia Double Blue on kaunite siniste \u00f5itega. Freesiad on v\u00e4ga head l\u00f5ikelilled, mis p\u00fcsivad nii vaasis kui ka peenral kolm n\u00e4dalat. Istutage sibulad kuiva p\u00e4ikeselisse kasvukohta, vajadusel taluvad nad ka poolvarju. Eelistatuim kasvumuld v\u00f5iks olla huumusrikas ja vett h\u00e4sti l\u00e4bilaskev, ei sobi kohad, kuhu j\u00e4\u00e4b pikalt seisma vihma- v\u00f5i kastmisvesi ning muld on raske ja [&hellip;]\" \/>\n<meta property=\"og:url\" content=\"https:\/\/horticom.ee\/e-pood\/toode\/freesia-double-blue-15tk-b\/\" \/>\n<meta property=\"og:site_name\" content=\"Horticom.ee\" \/>\n<meta property=\"article:publisher\" content=\"https:\/\/www.facebook.com\/horticom.ee\/e-pood\" \/>\n<meta property=\"article:modified_time\" content=\"2026-04-30T00:11:47+00:00\" \/>\n<meta property=\"og:image\" content=\"https:\/\/horticom.ee\/e-pood\/wp-content\/uploads\/2026\/03\/8712438988059.jpg\" \/>\n\t<meta property=\"og:image:width\" content=\"323\" \/>\n\t<meta property=\"og:image:height\" content=\"500\" \/>\n\t<meta property=\"og:image:type\" content=\"image\/jpeg\" \/>\n<meta name=\"twitter:card\" content=\"summary_large_image\" \/>\n<meta name=\"twitter:label1\" content=\"Est. reading time\" \/>\n\t<meta name=\"twitter:data1\" content=\"1 minut\" \/>\n<script type=\"application\/ld+json\" class=\"yoast-schema-graph\">{\"@context\":\"https:\/\/schema.org\",\"@graph\":[{\"@type\":\"WebPage\",\"@id\":\"https:\/\/horticom.ee\/e-pood\/toode\/freesia-double-blue-15tk-b\/\",\"url\":\"https:\/\/horticom.ee\/e-pood\/toode\/freesia-double-blue-15tk-b\/\",\"name\":\"Freesia Double Blue 15tk B - Horticom\",\"isPartOf\":{\"@id\":\"https:\/\/horticom.ee\/e-pood\/#website\"},\"primaryImageOfPage\":{\"@id\":\"https:\/\/horticom.ee\/e-pood\/toode\/freesia-double-blue-15tk-b\/#primaryimage\"},\"image\":{\"@id\":\"https:\/\/horticom.ee\/e-pood\/toode\/freesia-double-blue-15tk-b\/#primaryimage\"},\"thumbnailUrl\":\"https:\/\/horticom.ee\/e-pood\/wp-content\/uploads\/2026\/03\/8712438988059.jpg\",\"datePublished\":\"2026-03-02T15:00:40+00:00\",\"dateModified\":\"2026-04-30T00:11:47+00:00\",\"breadcrumb\":{\"@id\":\"https:\/\/horticom.ee\/e-pood\/toode\/freesia-double-blue-15tk-b\/#breadcrumb\"},\"inLanguage\":\"et\",\"potentialAction\":[{\"@type\":\"ReadAction\",\"target\":[\"https:\/\/horticom.ee\/e-pood\/toode\/freesia-double-blue-15tk-b\/\"]}]},{\"@type\":\"ImageObject\",\"inLanguage\":\"et\",\"@id\":\"https:\/\/horticom.ee\/e-pood\/toode\/freesia-double-blue-15tk-b\/#primaryimage\",\"url\":\"https:\/\/horticom.ee\/e-pood\/wp-content\/uploads\/2026\/03\/8712438988059.jpg\",\"contentUrl\":\"https:\/\/horticom.ee\/e-pood\/wp-content\/uploads\/2026\/03\/8712438988059.jpg\",\"width\":323,\"height\":500},{\"@type\":\"BreadcrumbList\",\"@id\":\"https:\/\/horticom.ee\/e-pood\/toode\/freesia-double-blue-15tk-b\/#breadcrumb\",\"itemListElement\":[{\"@type\":\"ListItem\",\"position\":1,\"name\":\"Home\",\"item\":\"https:\/\/horticom.ee\/e-pood\/\"},{\"@type\":\"ListItem\",\"position\":2,\"name\":\"Pood\",\"item\":\"https:\/\/horticom.ee\/e-pood\/pood\/\"},{\"@type\":\"ListItem\",\"position\":3,\"name\":\"Freesia Double Blue 15tk B\"}]},{\"@type\":\"WebSite\",\"@id\":\"https:\/\/horticom.ee\/e-pood\/#website\",\"url\":\"https:\/\/horticom.ee\/e-pood\/\",\"name\":\"Horticom.ee\",\"description\":\"Aianduskaubad ja kodukaubad nii harrastajatele kui professionaalidele\",\"potentialAction\":[{\"@type\":\"SearchAction\",\"target\":{\"@type\":\"EntryPoint\",\"urlTemplate\":\"https:\/\/horticom.ee\/e-pood\/?s={search_term_string}\"},\"query-input\":{\"@type\":\"PropertyValueSpecification\",\"valueRequired\":true,\"valueName\":\"search_term_string\"}}],\"inLanguage\":\"et\"}]}<\/script>\n<!-- \/ Yoast SEO plugin. -->","yoast_head_json":{"title":"Freesia Double Blue 15tk B - Horticom","robots":{"index":"index","follow":"follow","max-snippet":"max-snippet:-1","max-image-preview":"max-image-preview:large","max-video-preview":"max-video-preview:-1"},"canonical":"https:\/\/horticom.ee\/e-pood\/toode\/freesia-double-blue-15tk-b\/","og_locale":"et_EE","og_type":"article","og_title":"Freesia Double Blue 15tk B - Horticom","og_description":"Freesia Double Blue on kaunite siniste \u00f5itega. Freesiad on v\u00e4ga head l\u00f5ikelilled, mis p\u00fcsivad nii vaasis kui ka peenral kolm n\u00e4dalat. Istutage sibulad kuiva p\u00e4ikeselisse kasvukohta, vajadusel taluvad nad ka poolvarju. Eelistatuim kasvumuld v\u00f5iks olla huumusrikas ja vett h\u00e4sti l\u00e4bilaskev, ei sobi kohad, kuhu j\u00e4\u00e4b pikalt seisma vihma- v\u00f5i kastmisvesi ning muld on raske ja [&hellip;]","og_url":"https:\/\/horticom.ee\/e-pood\/toode\/freesia-double-blue-15tk-b\/","og_site_name":"Horticom.ee","article_publisher":"https:\/\/www.facebook.com\/horticom.ee\/e-pood","article_modified_time":"2026-04-30T00:11:47+00:00","og_image":[{"width":323,"height":500,"url":"https:\/\/horticom.ee\/e-pood\/wp-content\/uploads\/2026\/03\/8712438988059.jpg","type":"image\/jpeg"}],"twitter_card":"summary_large_image","twitter_misc":{"Est. reading time":"1 minut"},"schema":{"@context":"https:\/\/schema.org","@graph":[{"@type":"WebPage","@id":"https:\/\/horticom.ee\/e-pood\/toode\/freesia-double-blue-15tk-b\/","url":"https:\/\/horticom.ee\/e-pood\/toode\/freesia-double-blue-15tk-b\/","name":"Freesia Double Blue 15tk B - Horticom","isPartOf":{"@id":"https:\/\/horticom.ee\/e-pood\/#website"},"primaryImageOfPage":{"@id":"https:\/\/horticom.ee\/e-pood\/toode\/freesia-double-blue-15tk-b\/#primaryimage"},"image":{"@id":"https:\/\/horticom.ee\/e-pood\/toode\/freesia-double-blue-15tk-b\/#primaryimage"},"thumbnailUrl":"https:\/\/horticom.ee\/e-pood\/wp-content\/uploads\/2026\/03\/8712438988059.jpg","datePublished":"2026-03-02T15:00:40+00:00","dateModified":"2026-04-30T00:11:47+00:00","breadcrumb":{"@id":"https:\/\/horticom.ee\/e-pood\/toode\/freesia-double-blue-15tk-b\/#breadcrumb"},"inLanguage":"et","potentialAction":[{"@type":"ReadAction","target":["https:\/\/horticom.ee\/e-pood\/toode\/freesia-double-blue-15tk-b\/"]}]},{"@type":"ImageObject","inLanguage":"et","@id":"https:\/\/horticom.ee\/e-pood\/toode\/freesia-double-blue-15tk-b\/#primaryimage","url":"https:\/\/horticom.ee\/e-pood\/wp-content\/uploads\/2026\/03\/8712438988059.jpg","contentUrl":"https:\/\/horticom.ee\/e-pood\/wp-content\/uploads\/2026\/03\/8712438988059.jpg","width":323,"height":500},{"@type":"BreadcrumbList","@id":"https:\/\/horticom.ee\/e-pood\/toode\/freesia-double-blue-15tk-b\/#breadcrumb","itemListElement":[{"@type":"ListItem","position":1,"name":"Home","item":"https:\/\/horticom.ee\/e-pood\/"},{"@type":"ListItem","position":2,"name":"Pood","item":"https:\/\/horticom.ee\/e-pood\/pood\/"},{"@type":"ListItem","position":3,"name":"Freesia Double Blue 15tk B"}]},{"@type":"WebSite","@id":"https:\/\/horticom.ee\/e-pood\/#website","url":"https:\/\/horticom.ee\/e-pood\/","name":"Horticom.ee","description":"Aianduskaubad ja kodukaubad nii harrastajatele kui professionaalidele","potentialAction":[{"@type":"SearchAction","target":{"@type":"EntryPoint","urlTemplate":"https:\/\/horticom.ee\/e-pood\/?s={search_term_string}"},"query-input":{"@type":"PropertyValueSpecification","valueRequired":true,"valueName":"search_term_string"}}],"inLanguage":"et"}]}},"_links":{"self":[{"href":"https:\/\/horticom.ee\/e-pood\/wp-json\/wp\/v2\/product\/2565368","targetHints":{"allow":["GET"]}}],"collection":[{"href":"https:\/\/horticom.ee\/e-pood\/wp-json\/wp\/v2\/product"}],"about":[{"href":"https:\/\/horticom.ee\/e-pood\/wp-json\/wp\/v2\/types\/product"}],"replies":[{"embeddable":true,"href":"https:\/\/horticom.ee\/e-pood\/wp-json\/wp\/v2\/comments?post=2565368"}],"wp:featuredmedia":[{"embeddable":true,"href":"https:\/\/horticom.ee\/e-pood\/wp-json\/wp\/v2\/media\/2570789"}],"wp:attachment":[{"href":"https:\/\/horticom.ee\/e-pood\/wp-json\/wp\/v2\/media?parent=2565368"}],"wp:term":[{"taxonomy":"product_cat","embeddable":true,"href":"https:\/\/horticom.ee\/e-pood\/wp-json\/wp\/v2\/product_cat?post=2565368"},{"taxonomy":"product_tag","embeddable":true,"href":"https:\/\/horticom.ee\/e-pood\/wp-json\/wp\/v2\/product_tag?post=2565368"}],"curies":[{"name":"wp","href":"https:\/\/api.w.org\/{rel}","templated":true}]}}