{"id":2565923,"date":"2026-03-03T06:00:38","date_gmt":"2026-03-03T04:00:38","guid":{"rendered":"https:\/\/horticom.ee\/e-pood\/toode\/liilia-asiatic-red-county-2tk-a\/"},"modified":"2026-04-30T03:11:57","modified_gmt":"2026-04-30T00:11:57","slug":"liilia-asiatic-red-county-2tk-a","status":"publish","type":"product","link":"https:\/\/horticom.ee\/e-pood\/toode\/liilia-asiatic-red-county-2tk-a\/","title":{"rendered":"Liilia (asiatic) Red County 2tk A"},"content":{"rendered":"<p>Liilia Red County \u00f5ied on tumeroosat v\u00e4rvi. Eelistab p\u00e4ikeselist kasvukohta, kuid kasvavad ka poolvarjus. Eelistab hea drenaa\u017eiga mulda. Vaasis suurep\u00e4rase vastupidavusega ja stiilne l\u00f5ikelill. Soovitav on liiliaid istutada kevadel, aprillis-mais, v\u00f5i s\u00fcgisel: augustis-septembris. Hilise s\u00fcgisese istutuse puhul, kui taim ei j\u00f5ua korralikult juurduda enne k\u00fclmade tulekut, v\u00f5ib ta talvel kergesti h\u00e4vida. Taimed ei kannata seisvat vett ja vajavad kevadel hiliste \u00f6\u00f6k\u00fclmade kahjustuse eest katet. Liiliad ei salli sagedast \u00fcmberistutamist, vaid tahavad olla \u00fchel kohal. Esimesel suvel on taim madalam, t\u00e4ie ilu saavutab teisel- kolmandal aastal. Lille \u00f5ied on meeldiva l\u00f5hnaga. Sibul istutatakse 3-4 korda s\u00fcgavamale kui on sibula suurus. Kasvab kuni 100cm k\u00f5rguseks. \u00d5itsemisaeg on juuli &#8211; august.<\/p>\n","protected":false},"excerpt":{"rendered":"<p>Liilia Red County \u00f5ied on tumeroosat v\u00e4rvi. Eelistab p\u00e4ikeselist kasvukohta, kuid kasvavad ka poolvarjus. Eelistab hea drenaa\u017eiga mulda. Vaasis suurep\u00e4rase vastupidavusega ja stiilne l\u00f5ikelill. Soovitav on liiliaid istutada kevadel, aprillis-mais, v\u00f5i s\u00fcgisel: augustis-septembris. Hilise s\u00fcgisese istutuse puhul, kui taim ei j\u00f5ua korralikult juurduda enne k\u00fclmade tulekut, v\u00f5ib ta talvel kergesti h\u00e4vida. Taimed ei kannata seisvat [&hellip;]<\/p>\n","protected":false},"featured_media":2570871,"comment_status":"closed","ping_status":"closed","template":"","meta":{"_themeisle_gutenberg_block_has_review":false},"product_cat":[18332,13548],"product_tag":[],"class_list":{"0":"post-2565923","1":"product","2":"type-product","3":"status-publish","4":"has-post-thumbnail","6":"product_cat-liilia","7":"product_cat-sibullilled-koduaeda","9":"first","10":"instock","11":"sale","12":"shipping-taxable","13":"purchasable","14":"product-type-simple"},"yoast_head":"<!-- This site is optimized with the Yoast SEO plugin v24.0 - https:\/\/yoast.com\/wordpress\/plugins\/seo\/ -->\n<title>Liilia (asiatic) Red County 2tk A - Horticom<\/title>\n<meta name=\"robots\" content=\"index, follow, max-snippet:-1, max-image-preview:large, max-video-preview:-1\" \/>\n<link rel=\"canonical\" href=\"https:\/\/horticom.ee\/e-pood\/toode\/liilia-asiatic-red-county-2tk-a\/\" \/>\n<meta property=\"og:locale\" content=\"et_EE\" \/>\n<meta property=\"og:type\" content=\"article\" \/>\n<meta property=\"og:title\" content=\"Liilia (asiatic) Red County 2tk A - Horticom\" \/>\n<meta property=\"og:description\" content=\"Liilia Red County \u00f5ied on tumeroosat v\u00e4rvi. Eelistab p\u00e4ikeselist kasvukohta, kuid kasvavad ka poolvarjus. Eelistab hea drenaa\u017eiga mulda. Vaasis suurep\u00e4rase vastupidavusega ja stiilne l\u00f5ikelill. Soovitav on liiliaid istutada kevadel, aprillis-mais, v\u00f5i s\u00fcgisel: augustis-septembris. Hilise s\u00fcgisese istutuse puhul, kui taim ei j\u00f5ua korralikult juurduda enne k\u00fclmade tulekut, v\u00f5ib ta talvel kergesti h\u00e4vida. Taimed ei kannata seisvat [&hellip;]\" \/>\n<meta property=\"og:url\" content=\"https:\/\/horticom.ee\/e-pood\/toode\/liilia-asiatic-red-county-2tk-a\/\" \/>\n<meta property=\"og:site_name\" content=\"Horticom.ee\" \/>\n<meta property=\"article:publisher\" content=\"https:\/\/www.facebook.com\/horticom.ee\/e-pood\" \/>\n<meta property=\"article:modified_time\" content=\"2026-04-30T00:11:57+00:00\" \/>\n<meta property=\"og:image\" content=\"https:\/\/horticom.ee\/e-pood\/wp-content\/uploads\/2026\/03\/8720873006887.jpg\" \/>\n\t<meta property=\"og:image:width\" content=\"323\" \/>\n\t<meta property=\"og:image:height\" content=\"500\" \/>\n\t<meta property=\"og:image:type\" content=\"image\/jpeg\" \/>\n<meta name=\"twitter:card\" content=\"summary_large_image\" \/>\n<meta name=\"twitter:label1\" content=\"Est. reading time\" \/>\n\t<meta name=\"twitter:data1\" content=\"1 minut\" \/>\n<script type=\"application\/ld+json\" class=\"yoast-schema-graph\">{\"@context\":\"https:\/\/schema.org\",\"@graph\":[{\"@type\":\"WebPage\",\"@id\":\"https:\/\/horticom.ee\/e-pood\/toode\/liilia-asiatic-red-county-2tk-a\/\",\"url\":\"https:\/\/horticom.ee\/e-pood\/toode\/liilia-asiatic-red-county-2tk-a\/\",\"name\":\"Liilia (asiatic) Red County 2tk A - Horticom\",\"isPartOf\":{\"@id\":\"https:\/\/horticom.ee\/e-pood\/#website\"},\"primaryImageOfPage\":{\"@id\":\"https:\/\/horticom.ee\/e-pood\/toode\/liilia-asiatic-red-county-2tk-a\/#primaryimage\"},\"image\":{\"@id\":\"https:\/\/horticom.ee\/e-pood\/toode\/liilia-asiatic-red-county-2tk-a\/#primaryimage\"},\"thumbnailUrl\":\"https:\/\/horticom.ee\/e-pood\/wp-content\/uploads\/2026\/03\/8720873006887.jpg\",\"datePublished\":\"2026-03-03T04:00:38+00:00\",\"dateModified\":\"2026-04-30T00:11:57+00:00\",\"breadcrumb\":{\"@id\":\"https:\/\/horticom.ee\/e-pood\/toode\/liilia-asiatic-red-county-2tk-a\/#breadcrumb\"},\"inLanguage\":\"et\",\"potentialAction\":[{\"@type\":\"ReadAction\",\"target\":[\"https:\/\/horticom.ee\/e-pood\/toode\/liilia-asiatic-red-county-2tk-a\/\"]}]},{\"@type\":\"ImageObject\",\"inLanguage\":\"et\",\"@id\":\"https:\/\/horticom.ee\/e-pood\/toode\/liilia-asiatic-red-county-2tk-a\/#primaryimage\",\"url\":\"https:\/\/horticom.ee\/e-pood\/wp-content\/uploads\/2026\/03\/8720873006887.jpg\",\"contentUrl\":\"https:\/\/horticom.ee\/e-pood\/wp-content\/uploads\/2026\/03\/8720873006887.jpg\",\"width\":323,\"height\":500},{\"@type\":\"BreadcrumbList\",\"@id\":\"https:\/\/horticom.ee\/e-pood\/toode\/liilia-asiatic-red-county-2tk-a\/#breadcrumb\",\"itemListElement\":[{\"@type\":\"ListItem\",\"position\":1,\"name\":\"Home\",\"item\":\"https:\/\/horticom.ee\/e-pood\/\"},{\"@type\":\"ListItem\",\"position\":2,\"name\":\"Pood\",\"item\":\"https:\/\/horticom.ee\/e-pood\/pood\/\"},{\"@type\":\"ListItem\",\"position\":3,\"name\":\"Liilia (asiatic) Red County 2tk A\"}]},{\"@type\":\"WebSite\",\"@id\":\"https:\/\/horticom.ee\/e-pood\/#website\",\"url\":\"https:\/\/horticom.ee\/e-pood\/\",\"name\":\"Horticom.ee\",\"description\":\"Aianduskaubad ja kodukaubad nii harrastajatele kui professionaalidele\",\"potentialAction\":[{\"@type\":\"SearchAction\",\"target\":{\"@type\":\"EntryPoint\",\"urlTemplate\":\"https:\/\/horticom.ee\/e-pood\/?s={search_term_string}\"},\"query-input\":{\"@type\":\"PropertyValueSpecification\",\"valueRequired\":true,\"valueName\":\"search_term_string\"}}],\"inLanguage\":\"et\"}]}<\/script>\n<!-- \/ Yoast SEO plugin. -->","yoast_head_json":{"title":"Liilia (asiatic) Red County 2tk A - Horticom","robots":{"index":"index","follow":"follow","max-snippet":"max-snippet:-1","max-image-preview":"max-image-preview:large","max-video-preview":"max-video-preview:-1"},"canonical":"https:\/\/horticom.ee\/e-pood\/toode\/liilia-asiatic-red-county-2tk-a\/","og_locale":"et_EE","og_type":"article","og_title":"Liilia (asiatic) Red County 2tk A - Horticom","og_description":"Liilia Red County \u00f5ied on tumeroosat v\u00e4rvi. Eelistab p\u00e4ikeselist kasvukohta, kuid kasvavad ka poolvarjus. Eelistab hea drenaa\u017eiga mulda. Vaasis suurep\u00e4rase vastupidavusega ja stiilne l\u00f5ikelill. Soovitav on liiliaid istutada kevadel, aprillis-mais, v\u00f5i s\u00fcgisel: augustis-septembris. Hilise s\u00fcgisese istutuse puhul, kui taim ei j\u00f5ua korralikult juurduda enne k\u00fclmade tulekut, v\u00f5ib ta talvel kergesti h\u00e4vida. Taimed ei kannata seisvat [&hellip;]","og_url":"https:\/\/horticom.ee\/e-pood\/toode\/liilia-asiatic-red-county-2tk-a\/","og_site_name":"Horticom.ee","article_publisher":"https:\/\/www.facebook.com\/horticom.ee\/e-pood","article_modified_time":"2026-04-30T00:11:57+00:00","og_image":[{"width":323,"height":500,"url":"https:\/\/horticom.ee\/e-pood\/wp-content\/uploads\/2026\/03\/8720873006887.jpg","type":"image\/jpeg"}],"twitter_card":"summary_large_image","twitter_misc":{"Est. reading time":"1 minut"},"schema":{"@context":"https:\/\/schema.org","@graph":[{"@type":"WebPage","@id":"https:\/\/horticom.ee\/e-pood\/toode\/liilia-asiatic-red-county-2tk-a\/","url":"https:\/\/horticom.ee\/e-pood\/toode\/liilia-asiatic-red-county-2tk-a\/","name":"Liilia (asiatic) Red County 2tk A - Horticom","isPartOf":{"@id":"https:\/\/horticom.ee\/e-pood\/#website"},"primaryImageOfPage":{"@id":"https:\/\/horticom.ee\/e-pood\/toode\/liilia-asiatic-red-county-2tk-a\/#primaryimage"},"image":{"@id":"https:\/\/horticom.ee\/e-pood\/toode\/liilia-asiatic-red-county-2tk-a\/#primaryimage"},"thumbnailUrl":"https:\/\/horticom.ee\/e-pood\/wp-content\/uploads\/2026\/03\/8720873006887.jpg","datePublished":"2026-03-03T04:00:38+00:00","dateModified":"2026-04-30T00:11:57+00:00","breadcrumb":{"@id":"https:\/\/horticom.ee\/e-pood\/toode\/liilia-asiatic-red-county-2tk-a\/#breadcrumb"},"inLanguage":"et","potentialAction":[{"@type":"ReadAction","target":["https:\/\/horticom.ee\/e-pood\/toode\/liilia-asiatic-red-county-2tk-a\/"]}]},{"@type":"ImageObject","inLanguage":"et","@id":"https:\/\/horticom.ee\/e-pood\/toode\/liilia-asiatic-red-county-2tk-a\/#primaryimage","url":"https:\/\/horticom.ee\/e-pood\/wp-content\/uploads\/2026\/03\/8720873006887.jpg","contentUrl":"https:\/\/horticom.ee\/e-pood\/wp-content\/uploads\/2026\/03\/8720873006887.jpg","width":323,"height":500},{"@type":"BreadcrumbList","@id":"https:\/\/horticom.ee\/e-pood\/toode\/liilia-asiatic-red-county-2tk-a\/#breadcrumb","itemListElement":[{"@type":"ListItem","position":1,"name":"Home","item":"https:\/\/horticom.ee\/e-pood\/"},{"@type":"ListItem","position":2,"name":"Pood","item":"https:\/\/horticom.ee\/e-pood\/pood\/"},{"@type":"ListItem","position":3,"name":"Liilia (asiatic) Red County 2tk A"}]},{"@type":"WebSite","@id":"https:\/\/horticom.ee\/e-pood\/#website","url":"https:\/\/horticom.ee\/e-pood\/","name":"Horticom.ee","description":"Aianduskaubad ja kodukaubad nii harrastajatele kui professionaalidele","potentialAction":[{"@type":"SearchAction","target":{"@type":"EntryPoint","urlTemplate":"https:\/\/horticom.ee\/e-pood\/?s={search_term_string}"},"query-input":{"@type":"PropertyValueSpecification","valueRequired":true,"valueName":"search_term_string"}}],"inLanguage":"et"}]}},"_links":{"self":[{"href":"https:\/\/horticom.ee\/e-pood\/wp-json\/wp\/v2\/product\/2565923","targetHints":{"allow":["GET"]}}],"collection":[{"href":"https:\/\/horticom.ee\/e-pood\/wp-json\/wp\/v2\/product"}],"about":[{"href":"https:\/\/horticom.ee\/e-pood\/wp-json\/wp\/v2\/types\/product"}],"replies":[{"embeddable":true,"href":"https:\/\/horticom.ee\/e-pood\/wp-json\/wp\/v2\/comments?post=2565923"}],"wp:featuredmedia":[{"embeddable":true,"href":"https:\/\/horticom.ee\/e-pood\/wp-json\/wp\/v2\/media\/2570871"}],"wp:attachment":[{"href":"https:\/\/horticom.ee\/e-pood\/wp-json\/wp\/v2\/media?parent=2565923"}],"wp:term":[{"taxonomy":"product_cat","embeddable":true,"href":"https:\/\/horticom.ee\/e-pood\/wp-json\/wp\/v2\/product_cat?post=2565923"},{"taxonomy":"product_tag","embeddable":true,"href":"https:\/\/horticom.ee\/e-pood\/wp-json\/wp\/v2\/product_tag?post=2565923"}],"curies":[{"name":"wp","href":"https:\/\/api.w.org\/{rel}","templated":true}]}}