{"id":2567331,"date":"2026-03-05T17:00:32","date_gmt":"2026-03-05T15:00:32","guid":{"rendered":"https:\/\/horticom.ee\/e-pood\/toode\/rodukast-elho-green-basics-80cm-12l-hele-terra\/"},"modified":"2026-04-30T03:08:18","modified_gmt":"2026-04-30T00:08:18","slug":"rodukast-elho-green-basics-80cm-12l-hele-terra","status":"publish","type":"product","link":"https:\/\/horticom.ee\/e-pood\/toode\/rodukast-elho-green-basics-80cm-12l-hele-terra\/","title":{"rendered":"R\u00f5dukast Elho Green Basics 80cm 12L hele terra"},"content":{"rendered":"<p>R\u00f5dukast Green Basics on klassikalise v\u00e4limusega ja valmistatud \u00fcmbert\u00f6\u00f6deldud plastikust, mis peab vastua kaua. T\u00e4nu integreeritud mugavale drenaazile taim ei saa liiga m\u00e4rjaks ja on \u00f5hutatud. Toote valmistamisel kasutatakse erilisi v\u00e4rvipigmente, mist\u00f5ttu toodetel p\u00fcsib originaalv\u00e4rv kauem.<\/p>\n","protected":false},"excerpt":{"rendered":"<p>R\u00f5dukast Green Basics on klassikalise v\u00e4limusega ja valmistatud \u00fcmbert\u00f6\u00f6deldud plastikust, mis peab vastua kaua. T\u00e4nu integreeritud mugavale drenaazile taim ei saa liiga m\u00e4rjaks ja on \u00f5hutatud. Toote valmistamisel kasutatakse erilisi v\u00e4rvipigmente, mist\u00f5ttu toodetel p\u00fcsib originaalv\u00e4rv kauem.<\/p>\n","protected":false},"featured_media":2567548,"comment_status":"closed","ping_status":"closed","template":"","meta":{"_themeisle_gutenberg_block_has_review":false},"product_cat":[13444],"product_tag":[],"class_list":{"0":"post-2567331","1":"product","2":"type-product","3":"status-publish","4":"has-post-thumbnail","6":"product_cat-rodukastid","8":"first","9":"instock","10":"shipping-taxable","11":"purchasable","12":"product-type-simple"},"yoast_head":"<!-- This site is optimized with the Yoast SEO plugin v24.0 - https:\/\/yoast.com\/wordpress\/plugins\/seo\/ -->\n<title>R\u00f5dukast Elho Green Basics 80cm 12L hele terra - Horticom<\/title>\n<meta name=\"robots\" content=\"index, follow, max-snippet:-1, max-image-preview:large, max-video-preview:-1\" \/>\n<link rel=\"canonical\" href=\"https:\/\/horticom.ee\/e-pood\/toode\/rodukast-elho-green-basics-80cm-12l-hele-terra\/\" \/>\n<meta property=\"og:locale\" content=\"et_EE\" \/>\n<meta property=\"og:type\" content=\"article\" \/>\n<meta property=\"og:title\" content=\"R\u00f5dukast Elho Green Basics 80cm 12L hele terra - Horticom\" \/>\n<meta property=\"og:description\" content=\"R\u00f5dukast Green Basics on klassikalise v\u00e4limusega ja valmistatud \u00fcmbert\u00f6\u00f6deldud plastikust, mis peab vastua kaua. T\u00e4nu integreeritud mugavale drenaazile taim ei saa liiga m\u00e4rjaks ja on \u00f5hutatud. Toote valmistamisel kasutatakse erilisi v\u00e4rvipigmente, mist\u00f5ttu toodetel p\u00fcsib originaalv\u00e4rv kauem.\" \/>\n<meta property=\"og:url\" content=\"https:\/\/horticom.ee\/e-pood\/toode\/rodukast-elho-green-basics-80cm-12l-hele-terra\/\" \/>\n<meta property=\"og:site_name\" content=\"Horticom.ee\" \/>\n<meta property=\"article:publisher\" content=\"https:\/\/www.facebook.com\/horticom.ee\/e-pood\" \/>\n<meta property=\"article:modified_time\" content=\"2026-04-30T00:08:18+00:00\" \/>\n<meta property=\"og:image\" content=\"https:\/\/horticom.ee\/e-pood\/wp-content\/uploads\/importedmedia\/product_2567331_0_640488_752.jpg\" \/>\n\t<meta property=\"og:image:width\" content=\"1000\" \/>\n\t<meta property=\"og:image:height\" content=\"1000\" \/>\n\t<meta property=\"og:image:type\" content=\"image\/jpeg\" \/>\n<meta name=\"twitter:card\" content=\"summary_large_image\" \/>\n<script type=\"application\/ld+json\" class=\"yoast-schema-graph\">{\"@context\":\"https:\/\/schema.org\",\"@graph\":[{\"@type\":\"WebPage\",\"@id\":\"https:\/\/horticom.ee\/e-pood\/toode\/rodukast-elho-green-basics-80cm-12l-hele-terra\/\",\"url\":\"https:\/\/horticom.ee\/e-pood\/toode\/rodukast-elho-green-basics-80cm-12l-hele-terra\/\",\"name\":\"R\u00f5dukast Elho Green Basics 80cm 12L hele terra - Horticom\",\"isPartOf\":{\"@id\":\"https:\/\/horticom.ee\/e-pood\/#website\"},\"primaryImageOfPage\":{\"@id\":\"https:\/\/horticom.ee\/e-pood\/toode\/rodukast-elho-green-basics-80cm-12l-hele-terra\/#primaryimage\"},\"image\":{\"@id\":\"https:\/\/horticom.ee\/e-pood\/toode\/rodukast-elho-green-basics-80cm-12l-hele-terra\/#primaryimage\"},\"thumbnailUrl\":\"https:\/\/horticom.ee\/e-pood\/wp-content\/uploads\/importedmedia\/product_2567331_0_640488_752.jpg\",\"datePublished\":\"2026-03-05T15:00:32+00:00\",\"dateModified\":\"2026-04-30T00:08:18+00:00\",\"breadcrumb\":{\"@id\":\"https:\/\/horticom.ee\/e-pood\/toode\/rodukast-elho-green-basics-80cm-12l-hele-terra\/#breadcrumb\"},\"inLanguage\":\"et\",\"potentialAction\":[{\"@type\":\"ReadAction\",\"target\":[\"https:\/\/horticom.ee\/e-pood\/toode\/rodukast-elho-green-basics-80cm-12l-hele-terra\/\"]}]},{\"@type\":\"ImageObject\",\"inLanguage\":\"et\",\"@id\":\"https:\/\/horticom.ee\/e-pood\/toode\/rodukast-elho-green-basics-80cm-12l-hele-terra\/#primaryimage\",\"url\":\"https:\/\/horticom.ee\/e-pood\/wp-content\/uploads\/importedmedia\/product_2567331_0_640488_752.jpg\",\"contentUrl\":\"https:\/\/horticom.ee\/e-pood\/wp-content\/uploads\/importedmedia\/product_2567331_0_640488_752.jpg\",\"width\":1000,\"height\":1000},{\"@type\":\"BreadcrumbList\",\"@id\":\"https:\/\/horticom.ee\/e-pood\/toode\/rodukast-elho-green-basics-80cm-12l-hele-terra\/#breadcrumb\",\"itemListElement\":[{\"@type\":\"ListItem\",\"position\":1,\"name\":\"Home\",\"item\":\"https:\/\/horticom.ee\/e-pood\/\"},{\"@type\":\"ListItem\",\"position\":2,\"name\":\"Pood\",\"item\":\"https:\/\/horticom.ee\/e-pood\/pood\/\"},{\"@type\":\"ListItem\",\"position\":3,\"name\":\"R\u00f5dukast Elho Green Basics 80cm 12L hele terra\"}]},{\"@type\":\"WebSite\",\"@id\":\"https:\/\/horticom.ee\/e-pood\/#website\",\"url\":\"https:\/\/horticom.ee\/e-pood\/\",\"name\":\"Horticom.ee\",\"description\":\"Aianduskaubad ja kodukaubad nii harrastajatele kui professionaalidele\",\"potentialAction\":[{\"@type\":\"SearchAction\",\"target\":{\"@type\":\"EntryPoint\",\"urlTemplate\":\"https:\/\/horticom.ee\/e-pood\/?s={search_term_string}\"},\"query-input\":{\"@type\":\"PropertyValueSpecification\",\"valueRequired\":true,\"valueName\":\"search_term_string\"}}],\"inLanguage\":\"et\"}]}<\/script>\n<!-- \/ Yoast SEO plugin. -->","yoast_head_json":{"title":"R\u00f5dukast Elho Green Basics 80cm 12L hele terra - Horticom","robots":{"index":"index","follow":"follow","max-snippet":"max-snippet:-1","max-image-preview":"max-image-preview:large","max-video-preview":"max-video-preview:-1"},"canonical":"https:\/\/horticom.ee\/e-pood\/toode\/rodukast-elho-green-basics-80cm-12l-hele-terra\/","og_locale":"et_EE","og_type":"article","og_title":"R\u00f5dukast Elho Green Basics 80cm 12L hele terra - Horticom","og_description":"R\u00f5dukast Green Basics on klassikalise v\u00e4limusega ja valmistatud \u00fcmbert\u00f6\u00f6deldud plastikust, mis peab vastua kaua. T\u00e4nu integreeritud mugavale drenaazile taim ei saa liiga m\u00e4rjaks ja on \u00f5hutatud. Toote valmistamisel kasutatakse erilisi v\u00e4rvipigmente, mist\u00f5ttu toodetel p\u00fcsib originaalv\u00e4rv kauem.","og_url":"https:\/\/horticom.ee\/e-pood\/toode\/rodukast-elho-green-basics-80cm-12l-hele-terra\/","og_site_name":"Horticom.ee","article_publisher":"https:\/\/www.facebook.com\/horticom.ee\/e-pood","article_modified_time":"2026-04-30T00:08:18+00:00","og_image":[{"width":1000,"height":1000,"url":"https:\/\/horticom.ee\/e-pood\/wp-content\/uploads\/importedmedia\/product_2567331_0_640488_752.jpg","type":"image\/jpeg"}],"twitter_card":"summary_large_image","schema":{"@context":"https:\/\/schema.org","@graph":[{"@type":"WebPage","@id":"https:\/\/horticom.ee\/e-pood\/toode\/rodukast-elho-green-basics-80cm-12l-hele-terra\/","url":"https:\/\/horticom.ee\/e-pood\/toode\/rodukast-elho-green-basics-80cm-12l-hele-terra\/","name":"R\u00f5dukast Elho Green Basics 80cm 12L hele terra - Horticom","isPartOf":{"@id":"https:\/\/horticom.ee\/e-pood\/#website"},"primaryImageOfPage":{"@id":"https:\/\/horticom.ee\/e-pood\/toode\/rodukast-elho-green-basics-80cm-12l-hele-terra\/#primaryimage"},"image":{"@id":"https:\/\/horticom.ee\/e-pood\/toode\/rodukast-elho-green-basics-80cm-12l-hele-terra\/#primaryimage"},"thumbnailUrl":"https:\/\/horticom.ee\/e-pood\/wp-content\/uploads\/importedmedia\/product_2567331_0_640488_752.jpg","datePublished":"2026-03-05T15:00:32+00:00","dateModified":"2026-04-30T00:08:18+00:00","breadcrumb":{"@id":"https:\/\/horticom.ee\/e-pood\/toode\/rodukast-elho-green-basics-80cm-12l-hele-terra\/#breadcrumb"},"inLanguage":"et","potentialAction":[{"@type":"ReadAction","target":["https:\/\/horticom.ee\/e-pood\/toode\/rodukast-elho-green-basics-80cm-12l-hele-terra\/"]}]},{"@type":"ImageObject","inLanguage":"et","@id":"https:\/\/horticom.ee\/e-pood\/toode\/rodukast-elho-green-basics-80cm-12l-hele-terra\/#primaryimage","url":"https:\/\/horticom.ee\/e-pood\/wp-content\/uploads\/importedmedia\/product_2567331_0_640488_752.jpg","contentUrl":"https:\/\/horticom.ee\/e-pood\/wp-content\/uploads\/importedmedia\/product_2567331_0_640488_752.jpg","width":1000,"height":1000},{"@type":"BreadcrumbList","@id":"https:\/\/horticom.ee\/e-pood\/toode\/rodukast-elho-green-basics-80cm-12l-hele-terra\/#breadcrumb","itemListElement":[{"@type":"ListItem","position":1,"name":"Home","item":"https:\/\/horticom.ee\/e-pood\/"},{"@type":"ListItem","position":2,"name":"Pood","item":"https:\/\/horticom.ee\/e-pood\/pood\/"},{"@type":"ListItem","position":3,"name":"R\u00f5dukast Elho Green Basics 80cm 12L hele terra"}]},{"@type":"WebSite","@id":"https:\/\/horticom.ee\/e-pood\/#website","url":"https:\/\/horticom.ee\/e-pood\/","name":"Horticom.ee","description":"Aianduskaubad ja kodukaubad nii harrastajatele kui professionaalidele","potentialAction":[{"@type":"SearchAction","target":{"@type":"EntryPoint","urlTemplate":"https:\/\/horticom.ee\/e-pood\/?s={search_term_string}"},"query-input":{"@type":"PropertyValueSpecification","valueRequired":true,"valueName":"search_term_string"}}],"inLanguage":"et"}]}},"_links":{"self":[{"href":"https:\/\/horticom.ee\/e-pood\/wp-json\/wp\/v2\/product\/2567331","targetHints":{"allow":["GET"]}}],"collection":[{"href":"https:\/\/horticom.ee\/e-pood\/wp-json\/wp\/v2\/product"}],"about":[{"href":"https:\/\/horticom.ee\/e-pood\/wp-json\/wp\/v2\/types\/product"}],"replies":[{"embeddable":true,"href":"https:\/\/horticom.ee\/e-pood\/wp-json\/wp\/v2\/comments?post=2567331"}],"wp:featuredmedia":[{"embeddable":true,"href":"https:\/\/horticom.ee\/e-pood\/wp-json\/wp\/v2\/media\/2567548"}],"wp:attachment":[{"href":"https:\/\/horticom.ee\/e-pood\/wp-json\/wp\/v2\/media?parent=2567331"}],"wp:term":[{"taxonomy":"product_cat","embeddable":true,"href":"https:\/\/horticom.ee\/e-pood\/wp-json\/wp\/v2\/product_cat?post=2567331"},{"taxonomy":"product_tag","embeddable":true,"href":"https:\/\/horticom.ee\/e-pood\/wp-json\/wp\/v2\/product_tag?post=2567331"}],"curies":[{"name":"wp","href":"https:\/\/api.w.org\/{rel}","templated":true}]}}