{"id":2568272,"date":"2026-03-06T17:00:20","date_gmt":"2026-03-06T15:00:20","guid":{"rendered":"https:\/\/horticom.ee\/e-pood\/toode\/lohnastatud-kuunal-klaaspurgis-60h-marjakokteil\/"},"modified":"2026-05-03T03:05:14","modified_gmt":"2026-05-03T00:05:14","slug":"lohnastatud-kuunal-klaaspurgis-60h-marjakokteil","status":"publish","type":"product","link":"https:\/\/horticom.ee\/e-pood\/toode\/lohnastatud-kuunal-klaaspurgis-60h-marjakokteil\/","title":{"rendered":"L\u00f5hnastatud k\u00fc\u00fcnal klaaspurgis 60h marjakokteil"},"content":{"rendered":"<p>L\u00f5hnak\u00fc\u00fcnal klaaspurgis on trendikas ja v\u00e4rviline l\u00f5hnak\u00fc\u00fcnal, mis tekitab positiivseid emotsioone sinu kodus. K\u00fc\u00fcnal on kauakestev ja hea p\u00f5lemise kvaliteediga. Kvaliteetsed k\u00fc\u00fcnlad firmalt, kellel on 150+ aastat kogemust valmistamaks parimatest saadaolevatest koostisosadest h\u00e4sti p\u00f5levaid k\u00fc\u00fcnlaid, mis ei saasta \u00f5hku ega ole tervisele ohtlikud.<\/p>\n","protected":false},"excerpt":{"rendered":"<p>L\u00f5hnak\u00fc\u00fcnal klaaspurgis on trendikas ja v\u00e4rviline l\u00f5hnak\u00fc\u00fcnal, mis tekitab positiivseid emotsioone sinu kodus. K\u00fc\u00fcnal on kauakestev ja hea p\u00f5lemise kvaliteediga. Kvaliteetsed k\u00fc\u00fcnlad firmalt, kellel on 150+ aastat kogemust valmistamaks parimatest saadaolevatest koostisosadest h\u00e4sti p\u00f5levaid k\u00fc\u00fcnlaid, mis ei saasta \u00f5hku ega ole tervisele ohtlikud.<\/p>\n","protected":false},"featured_media":2568583,"comment_status":"closed","ping_status":"closed","template":"","meta":{"_themeisle_gutenberg_block_has_review":false},"product_cat":[13453],"product_tag":[],"class_list":{"0":"post-2568272","1":"product","2":"type-product","3":"status-publish","4":"has-post-thumbnail","6":"product_cat-lohnakuunlad","8":"first","9":"outofstock","10":"sale","11":"shipping-taxable","12":"purchasable","13":"product-type-simple"},"yoast_head":"<!-- This site is optimized with the Yoast SEO plugin v24.0 - https:\/\/yoast.com\/wordpress\/plugins\/seo\/ -->\n<title>L\u00f5hnastatud k\u00fc\u00fcnal klaaspurgis 60h marjakokteil - Horticom<\/title>\n<meta name=\"robots\" content=\"index, follow, max-snippet:-1, max-image-preview:large, max-video-preview:-1\" \/>\n<link rel=\"canonical\" href=\"https:\/\/horticom.ee\/e-pood\/toode\/lohnastatud-kuunal-klaaspurgis-60h-marjakokteil\/\" \/>\n<meta property=\"og:locale\" content=\"et_EE\" \/>\n<meta property=\"og:type\" content=\"article\" \/>\n<meta property=\"og:title\" content=\"L\u00f5hnastatud k\u00fc\u00fcnal klaaspurgis 60h marjakokteil - Horticom\" \/>\n<meta property=\"og:description\" content=\"L\u00f5hnak\u00fc\u00fcnal klaaspurgis on trendikas ja v\u00e4rviline l\u00f5hnak\u00fc\u00fcnal, mis tekitab positiivseid emotsioone sinu kodus. K\u00fc\u00fcnal on kauakestev ja hea p\u00f5lemise kvaliteediga. Kvaliteetsed k\u00fc\u00fcnlad firmalt, kellel on 150+ aastat kogemust valmistamaks parimatest saadaolevatest koostisosadest h\u00e4sti p\u00f5levaid k\u00fc\u00fcnlaid, mis ei saasta \u00f5hku ega ole tervisele ohtlikud.\" \/>\n<meta property=\"og:url\" content=\"https:\/\/horticom.ee\/e-pood\/toode\/lohnastatud-kuunal-klaaspurgis-60h-marjakokteil\/\" \/>\n<meta property=\"og:site_name\" content=\"Horticom.ee\" \/>\n<meta property=\"article:publisher\" content=\"https:\/\/www.facebook.com\/horticom.ee\/e-pood\" \/>\n<meta property=\"article:modified_time\" content=\"2026-05-03T00:05:14+00:00\" \/>\n<meta property=\"og:image\" content=\"https:\/\/horticom.ee\/e-pood\/wp-content\/uploads\/importedmedia\/product_2568272_0_690201_478.jpg\" \/>\n\t<meta property=\"og:image:width\" content=\"999\" \/>\n\t<meta property=\"og:image:height\" content=\"1411\" \/>\n\t<meta property=\"og:image:type\" content=\"image\/jpeg\" \/>\n<meta name=\"twitter:card\" content=\"summary_large_image\" \/>\n<script type=\"application\/ld+json\" class=\"yoast-schema-graph\">{\"@context\":\"https:\/\/schema.org\",\"@graph\":[{\"@type\":\"WebPage\",\"@id\":\"https:\/\/horticom.ee\/e-pood\/toode\/lohnastatud-kuunal-klaaspurgis-60h-marjakokteil\/\",\"url\":\"https:\/\/horticom.ee\/e-pood\/toode\/lohnastatud-kuunal-klaaspurgis-60h-marjakokteil\/\",\"name\":\"L\u00f5hnastatud k\u00fc\u00fcnal klaaspurgis 60h marjakokteil - Horticom\",\"isPartOf\":{\"@id\":\"https:\/\/horticom.ee\/e-pood\/#website\"},\"primaryImageOfPage\":{\"@id\":\"https:\/\/horticom.ee\/e-pood\/toode\/lohnastatud-kuunal-klaaspurgis-60h-marjakokteil\/#primaryimage\"},\"image\":{\"@id\":\"https:\/\/horticom.ee\/e-pood\/toode\/lohnastatud-kuunal-klaaspurgis-60h-marjakokteil\/#primaryimage\"},\"thumbnailUrl\":\"https:\/\/horticom.ee\/e-pood\/wp-content\/uploads\/importedmedia\/product_2568272_0_690201_478.jpg\",\"datePublished\":\"2026-03-06T15:00:20+00:00\",\"dateModified\":\"2026-05-03T00:05:14+00:00\",\"breadcrumb\":{\"@id\":\"https:\/\/horticom.ee\/e-pood\/toode\/lohnastatud-kuunal-klaaspurgis-60h-marjakokteil\/#breadcrumb\"},\"inLanguage\":\"et\",\"potentialAction\":[{\"@type\":\"ReadAction\",\"target\":[\"https:\/\/horticom.ee\/e-pood\/toode\/lohnastatud-kuunal-klaaspurgis-60h-marjakokteil\/\"]}]},{\"@type\":\"ImageObject\",\"inLanguage\":\"et\",\"@id\":\"https:\/\/horticom.ee\/e-pood\/toode\/lohnastatud-kuunal-klaaspurgis-60h-marjakokteil\/#primaryimage\",\"url\":\"https:\/\/horticom.ee\/e-pood\/wp-content\/uploads\/importedmedia\/product_2568272_0_690201_478.jpg\",\"contentUrl\":\"https:\/\/horticom.ee\/e-pood\/wp-content\/uploads\/importedmedia\/product_2568272_0_690201_478.jpg\",\"width\":999,\"height\":1411},{\"@type\":\"BreadcrumbList\",\"@id\":\"https:\/\/horticom.ee\/e-pood\/toode\/lohnastatud-kuunal-klaaspurgis-60h-marjakokteil\/#breadcrumb\",\"itemListElement\":[{\"@type\":\"ListItem\",\"position\":1,\"name\":\"Home\",\"item\":\"https:\/\/horticom.ee\/e-pood\/\"},{\"@type\":\"ListItem\",\"position\":2,\"name\":\"Pood\",\"item\":\"https:\/\/horticom.ee\/e-pood\/pood\/\"},{\"@type\":\"ListItem\",\"position\":3,\"name\":\"L\u00f5hnastatud k\u00fc\u00fcnal klaaspurgis 60h marjakokteil\"}]},{\"@type\":\"WebSite\",\"@id\":\"https:\/\/horticom.ee\/e-pood\/#website\",\"url\":\"https:\/\/horticom.ee\/e-pood\/\",\"name\":\"Horticom.ee\",\"description\":\"Aianduskaubad ja kodukaubad nii harrastajatele kui professionaalidele\",\"potentialAction\":[{\"@type\":\"SearchAction\",\"target\":{\"@type\":\"EntryPoint\",\"urlTemplate\":\"https:\/\/horticom.ee\/e-pood\/?s={search_term_string}\"},\"query-input\":{\"@type\":\"PropertyValueSpecification\",\"valueRequired\":true,\"valueName\":\"search_term_string\"}}],\"inLanguage\":\"et\"}]}<\/script>\n<!-- \/ Yoast SEO plugin. -->","yoast_head_json":{"title":"L\u00f5hnastatud k\u00fc\u00fcnal klaaspurgis 60h marjakokteil - Horticom","robots":{"index":"index","follow":"follow","max-snippet":"max-snippet:-1","max-image-preview":"max-image-preview:large","max-video-preview":"max-video-preview:-1"},"canonical":"https:\/\/horticom.ee\/e-pood\/toode\/lohnastatud-kuunal-klaaspurgis-60h-marjakokteil\/","og_locale":"et_EE","og_type":"article","og_title":"L\u00f5hnastatud k\u00fc\u00fcnal klaaspurgis 60h marjakokteil - Horticom","og_description":"L\u00f5hnak\u00fc\u00fcnal klaaspurgis on trendikas ja v\u00e4rviline l\u00f5hnak\u00fc\u00fcnal, mis tekitab positiivseid emotsioone sinu kodus. K\u00fc\u00fcnal on kauakestev ja hea p\u00f5lemise kvaliteediga. Kvaliteetsed k\u00fc\u00fcnlad firmalt, kellel on 150+ aastat kogemust valmistamaks parimatest saadaolevatest koostisosadest h\u00e4sti p\u00f5levaid k\u00fc\u00fcnlaid, mis ei saasta \u00f5hku ega ole tervisele ohtlikud.","og_url":"https:\/\/horticom.ee\/e-pood\/toode\/lohnastatud-kuunal-klaaspurgis-60h-marjakokteil\/","og_site_name":"Horticom.ee","article_publisher":"https:\/\/www.facebook.com\/horticom.ee\/e-pood","article_modified_time":"2026-05-03T00:05:14+00:00","og_image":[{"width":999,"height":1411,"url":"https:\/\/horticom.ee\/e-pood\/wp-content\/uploads\/importedmedia\/product_2568272_0_690201_478.jpg","type":"image\/jpeg"}],"twitter_card":"summary_large_image","schema":{"@context":"https:\/\/schema.org","@graph":[{"@type":"WebPage","@id":"https:\/\/horticom.ee\/e-pood\/toode\/lohnastatud-kuunal-klaaspurgis-60h-marjakokteil\/","url":"https:\/\/horticom.ee\/e-pood\/toode\/lohnastatud-kuunal-klaaspurgis-60h-marjakokteil\/","name":"L\u00f5hnastatud k\u00fc\u00fcnal klaaspurgis 60h marjakokteil - Horticom","isPartOf":{"@id":"https:\/\/horticom.ee\/e-pood\/#website"},"primaryImageOfPage":{"@id":"https:\/\/horticom.ee\/e-pood\/toode\/lohnastatud-kuunal-klaaspurgis-60h-marjakokteil\/#primaryimage"},"image":{"@id":"https:\/\/horticom.ee\/e-pood\/toode\/lohnastatud-kuunal-klaaspurgis-60h-marjakokteil\/#primaryimage"},"thumbnailUrl":"https:\/\/horticom.ee\/e-pood\/wp-content\/uploads\/importedmedia\/product_2568272_0_690201_478.jpg","datePublished":"2026-03-06T15:00:20+00:00","dateModified":"2026-05-03T00:05:14+00:00","breadcrumb":{"@id":"https:\/\/horticom.ee\/e-pood\/toode\/lohnastatud-kuunal-klaaspurgis-60h-marjakokteil\/#breadcrumb"},"inLanguage":"et","potentialAction":[{"@type":"ReadAction","target":["https:\/\/horticom.ee\/e-pood\/toode\/lohnastatud-kuunal-klaaspurgis-60h-marjakokteil\/"]}]},{"@type":"ImageObject","inLanguage":"et","@id":"https:\/\/horticom.ee\/e-pood\/toode\/lohnastatud-kuunal-klaaspurgis-60h-marjakokteil\/#primaryimage","url":"https:\/\/horticom.ee\/e-pood\/wp-content\/uploads\/importedmedia\/product_2568272_0_690201_478.jpg","contentUrl":"https:\/\/horticom.ee\/e-pood\/wp-content\/uploads\/importedmedia\/product_2568272_0_690201_478.jpg","width":999,"height":1411},{"@type":"BreadcrumbList","@id":"https:\/\/horticom.ee\/e-pood\/toode\/lohnastatud-kuunal-klaaspurgis-60h-marjakokteil\/#breadcrumb","itemListElement":[{"@type":"ListItem","position":1,"name":"Home","item":"https:\/\/horticom.ee\/e-pood\/"},{"@type":"ListItem","position":2,"name":"Pood","item":"https:\/\/horticom.ee\/e-pood\/pood\/"},{"@type":"ListItem","position":3,"name":"L\u00f5hnastatud k\u00fc\u00fcnal klaaspurgis 60h marjakokteil"}]},{"@type":"WebSite","@id":"https:\/\/horticom.ee\/e-pood\/#website","url":"https:\/\/horticom.ee\/e-pood\/","name":"Horticom.ee","description":"Aianduskaubad ja kodukaubad nii harrastajatele kui professionaalidele","potentialAction":[{"@type":"SearchAction","target":{"@type":"EntryPoint","urlTemplate":"https:\/\/horticom.ee\/e-pood\/?s={search_term_string}"},"query-input":{"@type":"PropertyValueSpecification","valueRequired":true,"valueName":"search_term_string"}}],"inLanguage":"et"}]}},"_links":{"self":[{"href":"https:\/\/horticom.ee\/e-pood\/wp-json\/wp\/v2\/product\/2568272","targetHints":{"allow":["GET"]}}],"collection":[{"href":"https:\/\/horticom.ee\/e-pood\/wp-json\/wp\/v2\/product"}],"about":[{"href":"https:\/\/horticom.ee\/e-pood\/wp-json\/wp\/v2\/types\/product"}],"replies":[{"embeddable":true,"href":"https:\/\/horticom.ee\/e-pood\/wp-json\/wp\/v2\/comments?post=2568272"}],"wp:featuredmedia":[{"embeddable":true,"href":"https:\/\/horticom.ee\/e-pood\/wp-json\/wp\/v2\/media\/2568583"}],"wp:attachment":[{"href":"https:\/\/horticom.ee\/e-pood\/wp-json\/wp\/v2\/media?parent=2568272"}],"wp:term":[{"taxonomy":"product_cat","embeddable":true,"href":"https:\/\/horticom.ee\/e-pood\/wp-json\/wp\/v2\/product_cat?post=2568272"},{"taxonomy":"product_tag","embeddable":true,"href":"https:\/\/horticom.ee\/e-pood\/wp-json\/wp\/v2\/product_tag?post=2568272"}],"curies":[{"name":"wp","href":"https:\/\/api.w.org\/{rel}","templated":true}]}}