{"id":2571938,"date":"2026-03-10T06:00:55","date_gmt":"2026-03-10T04:00:55","guid":{"rendered":"https:\/\/horticom.ee\/e-pood\/toode\/kirsstomat-wild-calapagos-h-10s\/"},"modified":"2026-04-28T03:11:07","modified_gmt":"2026-04-28T00:11:07","slug":"kirsstomat-wild-calapagos-h-10s","status":"publish","type":"product","link":"https:\/\/horticom.ee\/e-pood\/toode\/kirsstomat-wild-calapagos-h-10s\/","title":{"rendered":"Kirsstomat Wild Calapagos H 10s"},"content":{"rendered":"<p>Ainulaadne, maitsev ja v\u00e4ga saagikas tomatisort. Tugevakasvulised taimed annavad rikkaliku saagi v\u00e4ikestest, viinamarja suurustest oran\u017eidest tomatitest. K\u00f6\u00f6gis v\u00e4ga mitmek\u00fclgsed, kuid nende maitse tuleb k\u00f5ige paremini esile ahjus r\u00f6stides. Metsikud tomatid on vastupidavad haigustele ja ebasoodsatele kasvutingimustele. Neid v\u00f5ib lasta vabalt kasvada nii avamaal kui ka kasvuhoones; kui anda piisavalt ruumi ja toestada taimi, kannavad need sadu vilju. Sobib kasvatamiseks avamaal, pottides r\u00f5dul v\u00f5i terrassil. Seemned k\u00fclvatakse m\u00e4rtsist aprillini. Kiireks ja \u00fchtlaseks idanemiseks katta k\u00fclvid klaasi v\u00f5i kilega.<br \/>\n10 seemnest piisab 6 m\u00b2 kasvupinna v\u00f5i 6 poti jaoks, istutades \u00fche taime poti kohta.<\/p>\n","protected":false},"excerpt":{"rendered":"<p>Ainulaadne, maitsev ja v\u00e4ga saagikas tomatisort. Tugevakasvulised taimed annavad rikkaliku saagi v\u00e4ikestest, viinamarja suurustest oran\u017eidest tomatitest. K\u00f6\u00f6gis v\u00e4ga mitmek\u00fclgsed, kuid nende maitse tuleb k\u00f5ige paremini esile ahjus r\u00f6stides. Metsikud tomatid on vastupidavad haigustele ja ebasoodsatele kasvutingimustele. Neid v\u00f5ib lasta vabalt kasvada nii avamaal kui ka kasvuhoones; kui anda piisavalt ruumi ja toestada taimi, kannavad need [&hellip;]<\/p>\n","protected":false},"featured_media":2572198,"comment_status":"closed","ping_status":"closed","template":"","meta":{"_themeisle_gutenberg_block_has_review":false},"product_cat":[13481],"product_tag":[],"class_list":{"0":"post-2571938","1":"product","2":"type-product","3":"status-publish","4":"has-post-thumbnail","6":"product_cat-tomat","8":"first","9":"instock","10":"shipping-taxable","11":"purchasable","12":"product-type-simple"},"yoast_head":"<!-- This site is optimized with the Yoast SEO plugin v24.0 - https:\/\/yoast.com\/wordpress\/plugins\/seo\/ -->\n<title>Kirsstomat Wild Calapagos H 10s - Horticom<\/title>\n<meta name=\"robots\" content=\"index, follow, max-snippet:-1, max-image-preview:large, max-video-preview:-1\" \/>\n<link rel=\"canonical\" href=\"https:\/\/horticom.ee\/e-pood\/toode\/kirsstomat-wild-calapagos-h-10s\/\" \/>\n<meta property=\"og:locale\" content=\"et_EE\" \/>\n<meta property=\"og:type\" content=\"article\" \/>\n<meta property=\"og:title\" content=\"Kirsstomat Wild Calapagos H 10s - Horticom\" \/>\n<meta property=\"og:description\" content=\"Ainulaadne, maitsev ja v\u00e4ga saagikas tomatisort. Tugevakasvulised taimed annavad rikkaliku saagi v\u00e4ikestest, viinamarja suurustest oran\u017eidest tomatitest. K\u00f6\u00f6gis v\u00e4ga mitmek\u00fclgsed, kuid nende maitse tuleb k\u00f5ige paremini esile ahjus r\u00f6stides. Metsikud tomatid on vastupidavad haigustele ja ebasoodsatele kasvutingimustele. Neid v\u00f5ib lasta vabalt kasvada nii avamaal kui ka kasvuhoones; kui anda piisavalt ruumi ja toestada taimi, kannavad need [&hellip;]\" \/>\n<meta property=\"og:url\" content=\"https:\/\/horticom.ee\/e-pood\/toode\/kirsstomat-wild-calapagos-h-10s\/\" \/>\n<meta property=\"og:site_name\" content=\"Horticom.ee\" \/>\n<meta property=\"article:publisher\" content=\"https:\/\/www.facebook.com\/horticom.ee\/e-pood\" \/>\n<meta property=\"article:modified_time\" content=\"2026-04-28T00:11:07+00:00\" \/>\n<meta property=\"og:image\" content=\"https:\/\/horticom.ee\/e-pood\/wp-content\/uploads\/importedmedia\/product_2571938_0_LU2993124.jpg\" \/>\n\t<meta property=\"og:image:width\" content=\"1000\" \/>\n\t<meta property=\"og:image:height\" content=\"1456\" \/>\n\t<meta property=\"og:image:type\" content=\"image\/jpeg\" \/>\n<meta name=\"twitter:card\" content=\"summary_large_image\" \/>\n<meta name=\"twitter:label1\" content=\"Est. reading time\" \/>\n\t<meta name=\"twitter:data1\" content=\"1 minut\" \/>\n<script type=\"application\/ld+json\" class=\"yoast-schema-graph\">{\"@context\":\"https:\/\/schema.org\",\"@graph\":[{\"@type\":\"WebPage\",\"@id\":\"https:\/\/horticom.ee\/e-pood\/toode\/kirsstomat-wild-calapagos-h-10s\/\",\"url\":\"https:\/\/horticom.ee\/e-pood\/toode\/kirsstomat-wild-calapagos-h-10s\/\",\"name\":\"Kirsstomat Wild Calapagos H 10s - Horticom\",\"isPartOf\":{\"@id\":\"https:\/\/horticom.ee\/e-pood\/#website\"},\"primaryImageOfPage\":{\"@id\":\"https:\/\/horticom.ee\/e-pood\/toode\/kirsstomat-wild-calapagos-h-10s\/#primaryimage\"},\"image\":{\"@id\":\"https:\/\/horticom.ee\/e-pood\/toode\/kirsstomat-wild-calapagos-h-10s\/#primaryimage\"},\"thumbnailUrl\":\"https:\/\/horticom.ee\/e-pood\/wp-content\/uploads\/importedmedia\/product_2571938_0_LU2993124.jpg\",\"datePublished\":\"2026-03-10T04:00:55+00:00\",\"dateModified\":\"2026-04-28T00:11:07+00:00\",\"breadcrumb\":{\"@id\":\"https:\/\/horticom.ee\/e-pood\/toode\/kirsstomat-wild-calapagos-h-10s\/#breadcrumb\"},\"inLanguage\":\"et\",\"potentialAction\":[{\"@type\":\"ReadAction\",\"target\":[\"https:\/\/horticom.ee\/e-pood\/toode\/kirsstomat-wild-calapagos-h-10s\/\"]}]},{\"@type\":\"ImageObject\",\"inLanguage\":\"et\",\"@id\":\"https:\/\/horticom.ee\/e-pood\/toode\/kirsstomat-wild-calapagos-h-10s\/#primaryimage\",\"url\":\"https:\/\/horticom.ee\/e-pood\/wp-content\/uploads\/importedmedia\/product_2571938_0_LU2993124.jpg\",\"contentUrl\":\"https:\/\/horticom.ee\/e-pood\/wp-content\/uploads\/importedmedia\/product_2571938_0_LU2993124.jpg\",\"width\":1000,\"height\":1456},{\"@type\":\"BreadcrumbList\",\"@id\":\"https:\/\/horticom.ee\/e-pood\/toode\/kirsstomat-wild-calapagos-h-10s\/#breadcrumb\",\"itemListElement\":[{\"@type\":\"ListItem\",\"position\":1,\"name\":\"Home\",\"item\":\"https:\/\/horticom.ee\/e-pood\/\"},{\"@type\":\"ListItem\",\"position\":2,\"name\":\"Pood\",\"item\":\"https:\/\/horticom.ee\/e-pood\/pood\/\"},{\"@type\":\"ListItem\",\"position\":3,\"name\":\"Kirsstomat Wild Calapagos H 10s\"}]},{\"@type\":\"WebSite\",\"@id\":\"https:\/\/horticom.ee\/e-pood\/#website\",\"url\":\"https:\/\/horticom.ee\/e-pood\/\",\"name\":\"Horticom.ee\",\"description\":\"Aianduskaubad ja kodukaubad nii harrastajatele kui professionaalidele\",\"potentialAction\":[{\"@type\":\"SearchAction\",\"target\":{\"@type\":\"EntryPoint\",\"urlTemplate\":\"https:\/\/horticom.ee\/e-pood\/?s={search_term_string}\"},\"query-input\":{\"@type\":\"PropertyValueSpecification\",\"valueRequired\":true,\"valueName\":\"search_term_string\"}}],\"inLanguage\":\"et\"}]}<\/script>\n<!-- \/ Yoast SEO plugin. -->","yoast_head_json":{"title":"Kirsstomat Wild Calapagos H 10s - Horticom","robots":{"index":"index","follow":"follow","max-snippet":"max-snippet:-1","max-image-preview":"max-image-preview:large","max-video-preview":"max-video-preview:-1"},"canonical":"https:\/\/horticom.ee\/e-pood\/toode\/kirsstomat-wild-calapagos-h-10s\/","og_locale":"et_EE","og_type":"article","og_title":"Kirsstomat Wild Calapagos H 10s - Horticom","og_description":"Ainulaadne, maitsev ja v\u00e4ga saagikas tomatisort. Tugevakasvulised taimed annavad rikkaliku saagi v\u00e4ikestest, viinamarja suurustest oran\u017eidest tomatitest. K\u00f6\u00f6gis v\u00e4ga mitmek\u00fclgsed, kuid nende maitse tuleb k\u00f5ige paremini esile ahjus r\u00f6stides. Metsikud tomatid on vastupidavad haigustele ja ebasoodsatele kasvutingimustele. Neid v\u00f5ib lasta vabalt kasvada nii avamaal kui ka kasvuhoones; kui anda piisavalt ruumi ja toestada taimi, kannavad need [&hellip;]","og_url":"https:\/\/horticom.ee\/e-pood\/toode\/kirsstomat-wild-calapagos-h-10s\/","og_site_name":"Horticom.ee","article_publisher":"https:\/\/www.facebook.com\/horticom.ee\/e-pood","article_modified_time":"2026-04-28T00:11:07+00:00","og_image":[{"width":1000,"height":1456,"url":"https:\/\/horticom.ee\/e-pood\/wp-content\/uploads\/importedmedia\/product_2571938_0_LU2993124.jpg","type":"image\/jpeg"}],"twitter_card":"summary_large_image","twitter_misc":{"Est. reading time":"1 minut"},"schema":{"@context":"https:\/\/schema.org","@graph":[{"@type":"WebPage","@id":"https:\/\/horticom.ee\/e-pood\/toode\/kirsstomat-wild-calapagos-h-10s\/","url":"https:\/\/horticom.ee\/e-pood\/toode\/kirsstomat-wild-calapagos-h-10s\/","name":"Kirsstomat Wild Calapagos H 10s - Horticom","isPartOf":{"@id":"https:\/\/horticom.ee\/e-pood\/#website"},"primaryImageOfPage":{"@id":"https:\/\/horticom.ee\/e-pood\/toode\/kirsstomat-wild-calapagos-h-10s\/#primaryimage"},"image":{"@id":"https:\/\/horticom.ee\/e-pood\/toode\/kirsstomat-wild-calapagos-h-10s\/#primaryimage"},"thumbnailUrl":"https:\/\/horticom.ee\/e-pood\/wp-content\/uploads\/importedmedia\/product_2571938_0_LU2993124.jpg","datePublished":"2026-03-10T04:00:55+00:00","dateModified":"2026-04-28T00:11:07+00:00","breadcrumb":{"@id":"https:\/\/horticom.ee\/e-pood\/toode\/kirsstomat-wild-calapagos-h-10s\/#breadcrumb"},"inLanguage":"et","potentialAction":[{"@type":"ReadAction","target":["https:\/\/horticom.ee\/e-pood\/toode\/kirsstomat-wild-calapagos-h-10s\/"]}]},{"@type":"ImageObject","inLanguage":"et","@id":"https:\/\/horticom.ee\/e-pood\/toode\/kirsstomat-wild-calapagos-h-10s\/#primaryimage","url":"https:\/\/horticom.ee\/e-pood\/wp-content\/uploads\/importedmedia\/product_2571938_0_LU2993124.jpg","contentUrl":"https:\/\/horticom.ee\/e-pood\/wp-content\/uploads\/importedmedia\/product_2571938_0_LU2993124.jpg","width":1000,"height":1456},{"@type":"BreadcrumbList","@id":"https:\/\/horticom.ee\/e-pood\/toode\/kirsstomat-wild-calapagos-h-10s\/#breadcrumb","itemListElement":[{"@type":"ListItem","position":1,"name":"Home","item":"https:\/\/horticom.ee\/e-pood\/"},{"@type":"ListItem","position":2,"name":"Pood","item":"https:\/\/horticom.ee\/e-pood\/pood\/"},{"@type":"ListItem","position":3,"name":"Kirsstomat Wild Calapagos H 10s"}]},{"@type":"WebSite","@id":"https:\/\/horticom.ee\/e-pood\/#website","url":"https:\/\/horticom.ee\/e-pood\/","name":"Horticom.ee","description":"Aianduskaubad ja kodukaubad nii harrastajatele kui professionaalidele","potentialAction":[{"@type":"SearchAction","target":{"@type":"EntryPoint","urlTemplate":"https:\/\/horticom.ee\/e-pood\/?s={search_term_string}"},"query-input":{"@type":"PropertyValueSpecification","valueRequired":true,"valueName":"search_term_string"}}],"inLanguage":"et"}]}},"_links":{"self":[{"href":"https:\/\/horticom.ee\/e-pood\/wp-json\/wp\/v2\/product\/2571938","targetHints":{"allow":["GET"]}}],"collection":[{"href":"https:\/\/horticom.ee\/e-pood\/wp-json\/wp\/v2\/product"}],"about":[{"href":"https:\/\/horticom.ee\/e-pood\/wp-json\/wp\/v2\/types\/product"}],"replies":[{"embeddable":true,"href":"https:\/\/horticom.ee\/e-pood\/wp-json\/wp\/v2\/comments?post=2571938"}],"wp:featuredmedia":[{"embeddable":true,"href":"https:\/\/horticom.ee\/e-pood\/wp-json\/wp\/v2\/media\/2572198"}],"wp:attachment":[{"href":"https:\/\/horticom.ee\/e-pood\/wp-json\/wp\/v2\/media?parent=2571938"}],"wp:term":[{"taxonomy":"product_cat","embeddable":true,"href":"https:\/\/horticom.ee\/e-pood\/wp-json\/wp\/v2\/product_cat?post=2571938"},{"taxonomy":"product_tag","embeddable":true,"href":"https:\/\/horticom.ee\/e-pood\/wp-json\/wp\/v2\/product_tag?post=2571938"}],"curies":[{"name":"wp","href":"https:\/\/api.w.org\/{rel}","templated":true}]}}