{"id":2572853,"date":"2026-03-11T17:00:50","date_gmt":"2026-03-11T15:00:50","guid":{"rendered":"https:\/\/horticom.ee\/e-pood\/toode\/istutusgraanulid-lechuza-pon-toataimedele-18l\/"},"modified":"2026-05-02T03:10:44","modified_gmt":"2026-05-02T00:10:44","slug":"istutusgraanulid-lechuza-pon-toataimedele-18l","status":"publish","type":"product","link":"https:\/\/horticom.ee\/e-pood\/toode\/istutusgraanulid-lechuza-pon-toataimedele-18l\/","title":{"rendered":"Istutusgraanulid Lechuza pon toataimedele 18L"},"content":{"rendered":"<p>Universaalne substraat, mis sobib k\u00f5igile toataimedele. M\u00e4rks\u00f5nad: orgaaniline; hoiab \u00e4ra kahjuritega nakatumise ja hallituse kasvu. Kuna PON ei ole soodne keskkond kahjuritele ega seenhaigustele, v\u00e4heneb taimede haigestumise oht. Eriti kehtib see aga leinas\u00e4\u00e4skede kohta, kelle vastsed ei saa PON-is kasvada. Eelv\u00e4etatud 6-8 kuu tarbeks. \u00d5hu ja vee tasakaal (45% vesi \/ 55% \u00f5hk) selline suhe tagab, et taimede juured saavad piisavalt hapnikku, samas kui vajalik niiskus on tagatud, v\u00e4hendades juurem\u00e4daniku tekke riski. Lechuza PON on valmistatud ainult mineraalsetest koostisosadest, mis t\u00e4hendab, et selles puuduvad orgaanilised ained. See teeb sellest substraadist suurep\u00e4rase valiku allegikutele.<\/p>\n","protected":false},"excerpt":{"rendered":"<p>Universaalne substraat, mis sobib k\u00f5igile toataimedele. M\u00e4rks\u00f5nad: orgaaniline; hoiab \u00e4ra kahjuritega nakatumise ja hallituse kasvu. Kuna PON ei ole soodne keskkond kahjuritele ega seenhaigustele, v\u00e4heneb taimede haigestumise oht. Eriti kehtib see aga leinas\u00e4\u00e4skede kohta, kelle vastsed ei saa PON-is kasvada. Eelv\u00e4etatud 6-8 kuu tarbeks. \u00d5hu ja vee tasakaal (45% vesi \/ 55% \u00f5hk) selline suhe [&hellip;]<\/p>\n","protected":false},"featured_media":2572913,"comment_status":"closed","ping_status":"closed","template":"","meta":{"_themeisle_gutenberg_block_has_review":false},"product_cat":[18337],"product_tag":[],"class_list":{"0":"post-2572853","1":"product","2":"type-product","3":"status-publish","4":"has-post-thumbnail","6":"product_cat-istutusgraanulid","8":"first","9":"outofstock","10":"shipping-taxable","11":"purchasable","12":"product-type-simple"},"yoast_head":"<!-- This site is optimized with the Yoast SEO plugin v24.0 - https:\/\/yoast.com\/wordpress\/plugins\/seo\/ -->\n<title>Istutusgraanulid Lechuza pon toataimedele 18L - Horticom<\/title>\n<meta name=\"robots\" content=\"index, follow, max-snippet:-1, max-image-preview:large, max-video-preview:-1\" \/>\n<link rel=\"canonical\" href=\"https:\/\/horticom.ee\/e-pood\/toode\/istutusgraanulid-lechuza-pon-toataimedele-18l\/\" \/>\n<meta property=\"og:locale\" content=\"et_EE\" \/>\n<meta property=\"og:type\" content=\"article\" \/>\n<meta property=\"og:title\" content=\"Istutusgraanulid Lechuza pon toataimedele 18L - Horticom\" \/>\n<meta property=\"og:description\" content=\"Universaalne substraat, mis sobib k\u00f5igile toataimedele. M\u00e4rks\u00f5nad: orgaaniline; hoiab \u00e4ra kahjuritega nakatumise ja hallituse kasvu. Kuna PON ei ole soodne keskkond kahjuritele ega seenhaigustele, v\u00e4heneb taimede haigestumise oht. Eriti kehtib see aga leinas\u00e4\u00e4skede kohta, kelle vastsed ei saa PON-is kasvada. Eelv\u00e4etatud 6-8 kuu tarbeks. \u00d5hu ja vee tasakaal (45% vesi \/ 55% \u00f5hk) selline suhe [&hellip;]\" \/>\n<meta property=\"og:url\" content=\"https:\/\/horticom.ee\/e-pood\/toode\/istutusgraanulid-lechuza-pon-toataimedele-18l\/\" \/>\n<meta property=\"og:site_name\" content=\"Horticom.ee\" \/>\n<meta property=\"article:publisher\" content=\"https:\/\/www.facebook.com\/horticom.ee\/e-pood\" \/>\n<meta property=\"article:modified_time\" content=\"2026-05-02T00:10:44+00:00\" \/>\n<meta property=\"og:image\" content=\"https:\/\/horticom.ee\/e-pood\/wp-content\/uploads\/importedmedia\/product_2572853_0_64619563.jpg\" \/>\n\t<meta property=\"og:image:width\" content=\"1000\" \/>\n\t<meta property=\"og:image:height\" content=\"1568\" \/>\n\t<meta property=\"og:image:type\" content=\"image\/jpeg\" \/>\n<meta name=\"twitter:card\" content=\"summary_large_image\" \/>\n<meta name=\"twitter:label1\" content=\"Est. reading time\" \/>\n\t<meta name=\"twitter:data1\" content=\"1 minut\" \/>\n<script type=\"application\/ld+json\" class=\"yoast-schema-graph\">{\"@context\":\"https:\/\/schema.org\",\"@graph\":[{\"@type\":\"WebPage\",\"@id\":\"https:\/\/horticom.ee\/e-pood\/toode\/istutusgraanulid-lechuza-pon-toataimedele-18l\/\",\"url\":\"https:\/\/horticom.ee\/e-pood\/toode\/istutusgraanulid-lechuza-pon-toataimedele-18l\/\",\"name\":\"Istutusgraanulid Lechuza pon toataimedele 18L - Horticom\",\"isPartOf\":{\"@id\":\"https:\/\/horticom.ee\/e-pood\/#website\"},\"primaryImageOfPage\":{\"@id\":\"https:\/\/horticom.ee\/e-pood\/toode\/istutusgraanulid-lechuza-pon-toataimedele-18l\/#primaryimage\"},\"image\":{\"@id\":\"https:\/\/horticom.ee\/e-pood\/toode\/istutusgraanulid-lechuza-pon-toataimedele-18l\/#primaryimage\"},\"thumbnailUrl\":\"https:\/\/horticom.ee\/e-pood\/wp-content\/uploads\/importedmedia\/product_2572853_0_64619563.jpg\",\"datePublished\":\"2026-03-11T15:00:50+00:00\",\"dateModified\":\"2026-05-02T00:10:44+00:00\",\"breadcrumb\":{\"@id\":\"https:\/\/horticom.ee\/e-pood\/toode\/istutusgraanulid-lechuza-pon-toataimedele-18l\/#breadcrumb\"},\"inLanguage\":\"et\",\"potentialAction\":[{\"@type\":\"ReadAction\",\"target\":[\"https:\/\/horticom.ee\/e-pood\/toode\/istutusgraanulid-lechuza-pon-toataimedele-18l\/\"]}]},{\"@type\":\"ImageObject\",\"inLanguage\":\"et\",\"@id\":\"https:\/\/horticom.ee\/e-pood\/toode\/istutusgraanulid-lechuza-pon-toataimedele-18l\/#primaryimage\",\"url\":\"https:\/\/horticom.ee\/e-pood\/wp-content\/uploads\/importedmedia\/product_2572853_0_64619563.jpg\",\"contentUrl\":\"https:\/\/horticom.ee\/e-pood\/wp-content\/uploads\/importedmedia\/product_2572853_0_64619563.jpg\",\"width\":1000,\"height\":1568},{\"@type\":\"BreadcrumbList\",\"@id\":\"https:\/\/horticom.ee\/e-pood\/toode\/istutusgraanulid-lechuza-pon-toataimedele-18l\/#breadcrumb\",\"itemListElement\":[{\"@type\":\"ListItem\",\"position\":1,\"name\":\"Home\",\"item\":\"https:\/\/horticom.ee\/e-pood\/\"},{\"@type\":\"ListItem\",\"position\":2,\"name\":\"Pood\",\"item\":\"https:\/\/horticom.ee\/e-pood\/pood\/\"},{\"@type\":\"ListItem\",\"position\":3,\"name\":\"Istutusgraanulid Lechuza pon toataimedele 18L\"}]},{\"@type\":\"WebSite\",\"@id\":\"https:\/\/horticom.ee\/e-pood\/#website\",\"url\":\"https:\/\/horticom.ee\/e-pood\/\",\"name\":\"Horticom.ee\",\"description\":\"Aianduskaubad ja kodukaubad nii harrastajatele kui professionaalidele\",\"potentialAction\":[{\"@type\":\"SearchAction\",\"target\":{\"@type\":\"EntryPoint\",\"urlTemplate\":\"https:\/\/horticom.ee\/e-pood\/?s={search_term_string}\"},\"query-input\":{\"@type\":\"PropertyValueSpecification\",\"valueRequired\":true,\"valueName\":\"search_term_string\"}}],\"inLanguage\":\"et\"}]}<\/script>\n<!-- \/ Yoast SEO plugin. -->","yoast_head_json":{"title":"Istutusgraanulid Lechuza pon toataimedele 18L - Horticom","robots":{"index":"index","follow":"follow","max-snippet":"max-snippet:-1","max-image-preview":"max-image-preview:large","max-video-preview":"max-video-preview:-1"},"canonical":"https:\/\/horticom.ee\/e-pood\/toode\/istutusgraanulid-lechuza-pon-toataimedele-18l\/","og_locale":"et_EE","og_type":"article","og_title":"Istutusgraanulid Lechuza pon toataimedele 18L - Horticom","og_description":"Universaalne substraat, mis sobib k\u00f5igile toataimedele. M\u00e4rks\u00f5nad: orgaaniline; hoiab \u00e4ra kahjuritega nakatumise ja hallituse kasvu. Kuna PON ei ole soodne keskkond kahjuritele ega seenhaigustele, v\u00e4heneb taimede haigestumise oht. Eriti kehtib see aga leinas\u00e4\u00e4skede kohta, kelle vastsed ei saa PON-is kasvada. Eelv\u00e4etatud 6-8 kuu tarbeks. \u00d5hu ja vee tasakaal (45% vesi \/ 55% \u00f5hk) selline suhe [&hellip;]","og_url":"https:\/\/horticom.ee\/e-pood\/toode\/istutusgraanulid-lechuza-pon-toataimedele-18l\/","og_site_name":"Horticom.ee","article_publisher":"https:\/\/www.facebook.com\/horticom.ee\/e-pood","article_modified_time":"2026-05-02T00:10:44+00:00","og_image":[{"width":1000,"height":1568,"url":"https:\/\/horticom.ee\/e-pood\/wp-content\/uploads\/importedmedia\/product_2572853_0_64619563.jpg","type":"image\/jpeg"}],"twitter_card":"summary_large_image","twitter_misc":{"Est. reading time":"1 minut"},"schema":{"@context":"https:\/\/schema.org","@graph":[{"@type":"WebPage","@id":"https:\/\/horticom.ee\/e-pood\/toode\/istutusgraanulid-lechuza-pon-toataimedele-18l\/","url":"https:\/\/horticom.ee\/e-pood\/toode\/istutusgraanulid-lechuza-pon-toataimedele-18l\/","name":"Istutusgraanulid Lechuza pon toataimedele 18L - Horticom","isPartOf":{"@id":"https:\/\/horticom.ee\/e-pood\/#website"},"primaryImageOfPage":{"@id":"https:\/\/horticom.ee\/e-pood\/toode\/istutusgraanulid-lechuza-pon-toataimedele-18l\/#primaryimage"},"image":{"@id":"https:\/\/horticom.ee\/e-pood\/toode\/istutusgraanulid-lechuza-pon-toataimedele-18l\/#primaryimage"},"thumbnailUrl":"https:\/\/horticom.ee\/e-pood\/wp-content\/uploads\/importedmedia\/product_2572853_0_64619563.jpg","datePublished":"2026-03-11T15:00:50+00:00","dateModified":"2026-05-02T00:10:44+00:00","breadcrumb":{"@id":"https:\/\/horticom.ee\/e-pood\/toode\/istutusgraanulid-lechuza-pon-toataimedele-18l\/#breadcrumb"},"inLanguage":"et","potentialAction":[{"@type":"ReadAction","target":["https:\/\/horticom.ee\/e-pood\/toode\/istutusgraanulid-lechuza-pon-toataimedele-18l\/"]}]},{"@type":"ImageObject","inLanguage":"et","@id":"https:\/\/horticom.ee\/e-pood\/toode\/istutusgraanulid-lechuza-pon-toataimedele-18l\/#primaryimage","url":"https:\/\/horticom.ee\/e-pood\/wp-content\/uploads\/importedmedia\/product_2572853_0_64619563.jpg","contentUrl":"https:\/\/horticom.ee\/e-pood\/wp-content\/uploads\/importedmedia\/product_2572853_0_64619563.jpg","width":1000,"height":1568},{"@type":"BreadcrumbList","@id":"https:\/\/horticom.ee\/e-pood\/toode\/istutusgraanulid-lechuza-pon-toataimedele-18l\/#breadcrumb","itemListElement":[{"@type":"ListItem","position":1,"name":"Home","item":"https:\/\/horticom.ee\/e-pood\/"},{"@type":"ListItem","position":2,"name":"Pood","item":"https:\/\/horticom.ee\/e-pood\/pood\/"},{"@type":"ListItem","position":3,"name":"Istutusgraanulid Lechuza pon toataimedele 18L"}]},{"@type":"WebSite","@id":"https:\/\/horticom.ee\/e-pood\/#website","url":"https:\/\/horticom.ee\/e-pood\/","name":"Horticom.ee","description":"Aianduskaubad ja kodukaubad nii harrastajatele kui professionaalidele","potentialAction":[{"@type":"SearchAction","target":{"@type":"EntryPoint","urlTemplate":"https:\/\/horticom.ee\/e-pood\/?s={search_term_string}"},"query-input":{"@type":"PropertyValueSpecification","valueRequired":true,"valueName":"search_term_string"}}],"inLanguage":"et"}]}},"_links":{"self":[{"href":"https:\/\/horticom.ee\/e-pood\/wp-json\/wp\/v2\/product\/2572853","targetHints":{"allow":["GET"]}}],"collection":[{"href":"https:\/\/horticom.ee\/e-pood\/wp-json\/wp\/v2\/product"}],"about":[{"href":"https:\/\/horticom.ee\/e-pood\/wp-json\/wp\/v2\/types\/product"}],"replies":[{"embeddable":true,"href":"https:\/\/horticom.ee\/e-pood\/wp-json\/wp\/v2\/comments?post=2572853"}],"wp:featuredmedia":[{"embeddable":true,"href":"https:\/\/horticom.ee\/e-pood\/wp-json\/wp\/v2\/media\/2572913"}],"wp:attachment":[{"href":"https:\/\/horticom.ee\/e-pood\/wp-json\/wp\/v2\/media?parent=2572853"}],"wp:term":[{"taxonomy":"product_cat","embeddable":true,"href":"https:\/\/horticom.ee\/e-pood\/wp-json\/wp\/v2\/product_cat?post=2572853"},{"taxonomy":"product_tag","embeddable":true,"href":"https:\/\/horticom.ee\/e-pood\/wp-json\/wp\/v2\/product_tag?post=2572853"}],"curies":[{"name":"wp","href":"https:\/\/api.w.org\/{rel}","templated":true}]}}