{"id":2572864,"date":"2026-03-11T17:00:53","date_gmt":"2026-03-11T15:00:53","guid":{"rendered":"https:\/\/horticom.ee\/e-pood\/toode\/istutusgraanulid-lechuza-veggiepon-koogi-ja-maitsetaimedele-12l\/"},"modified":"2026-04-08T03:11:41","modified_gmt":"2026-04-08T00:11:41","slug":"istutusgraanulid-lechuza-veggiepon-koogi-ja-maitsetaimedele-12l","status":"publish","type":"product","link":"https:\/\/horticom.ee\/e-pood\/toode\/istutusgraanulid-lechuza-veggiepon-koogi-ja-maitsetaimedele-12l\/","title":{"rendered":"Istutusgraanulid Lechuza Veggiepon k\u00f6\u00f6gi- ja maitsetaimedele 12L"},"content":{"rendered":"<p>Iga taim v\u00e4\u00e4rib individuaalset hoolt \u2013 LECHUZA taimesubstraadid ja v\u00e4etised muudavad taimede hooldamise lihtsamaks ja t\u00f5husamaks kui kunagi varem, isegi algajatel rohen\u00e4ppudel. Taimed vajavad kasvamiseks ja \u00f5itsenguks kolme asja: vett, valgust ja loomulikult t\u00e4iuslikku mulda \u2013 LECHUZA substraadid hoolitsevad toitainete tasakaalustatud jaotuse eest taimejuurte piirkonnas. PONi kasutamisel ei pea taimekastidesse mulda lisama. Selle tootega on taimejuured \u00fchtlaselt ja kompaktselt jaotatud ning sellest kasvab tugev taim, mis on aastaid eluj\u00f5uline. Substraat toimib ka vahekihina, mis imab endasse toitained ja vabastab neid vajadusel. Seega ei lase toitainete reserv juuri \u00fclev\u00e4etamise t\u00f5ttu k\u00f5rvetada.<\/p>\n","protected":false},"excerpt":{"rendered":"<p>Iga taim v\u00e4\u00e4rib individuaalset hoolt \u2013 LECHUZA taimesubstraadid ja v\u00e4etised muudavad taimede hooldamise lihtsamaks ja t\u00f5husamaks kui kunagi varem, isegi algajatel rohen\u00e4ppudel. Taimed vajavad kasvamiseks ja \u00f5itsenguks kolme asja: vett, valgust ja loomulikult t\u00e4iuslikku mulda \u2013 LECHUZA substraadid hoolitsevad toitainete tasakaalustatud jaotuse eest taimejuurte piirkonnas. PONi kasutamisel ei pea taimekastidesse mulda lisama. Selle tootega on [&hellip;]<\/p>\n","protected":false},"featured_media":2572903,"comment_status":"closed","ping_status":"closed","template":"","meta":{"_themeisle_gutenberg_block_has_review":false},"product_cat":[18337],"product_tag":[],"class_list":{"0":"post-2572864","1":"product","2":"type-product","3":"status-publish","4":"has-post-thumbnail","6":"product_cat-istutusgraanulid","8":"first","9":"outofstock","10":"shipping-taxable","11":"purchasable","12":"product-type-simple"},"yoast_head":"<!-- This site is optimized with the Yoast SEO plugin v24.0 - https:\/\/yoast.com\/wordpress\/plugins\/seo\/ -->\n<title>Istutusgraanulid Lechuza Veggiepon k\u00f6\u00f6gi- ja maitsetaimedele 12L - Horticom<\/title>\n<meta name=\"robots\" content=\"index, follow, max-snippet:-1, max-image-preview:large, max-video-preview:-1\" \/>\n<link rel=\"canonical\" href=\"https:\/\/horticom.ee\/e-pood\/toode\/istutusgraanulid-lechuza-veggiepon-koogi-ja-maitsetaimedele-12l\/\" \/>\n<meta property=\"og:locale\" content=\"et_EE\" \/>\n<meta property=\"og:type\" content=\"article\" \/>\n<meta property=\"og:title\" content=\"Istutusgraanulid Lechuza Veggiepon k\u00f6\u00f6gi- ja maitsetaimedele 12L - Horticom\" \/>\n<meta property=\"og:description\" content=\"Iga taim v\u00e4\u00e4rib individuaalset hoolt \u2013 LECHUZA taimesubstraadid ja v\u00e4etised muudavad taimede hooldamise lihtsamaks ja t\u00f5husamaks kui kunagi varem, isegi algajatel rohen\u00e4ppudel. Taimed vajavad kasvamiseks ja \u00f5itsenguks kolme asja: vett, valgust ja loomulikult t\u00e4iuslikku mulda \u2013 LECHUZA substraadid hoolitsevad toitainete tasakaalustatud jaotuse eest taimejuurte piirkonnas. PONi kasutamisel ei pea taimekastidesse mulda lisama. Selle tootega on [&hellip;]\" \/>\n<meta property=\"og:url\" content=\"https:\/\/horticom.ee\/e-pood\/toode\/istutusgraanulid-lechuza-veggiepon-koogi-ja-maitsetaimedele-12l\/\" \/>\n<meta property=\"og:site_name\" content=\"Horticom.ee\" \/>\n<meta property=\"article:publisher\" content=\"https:\/\/www.facebook.com\/horticom.ee\/e-pood\" \/>\n<meta property=\"article:modified_time\" content=\"2026-04-08T00:11:41+00:00\" \/>\n<meta property=\"og:image\" content=\"https:\/\/horticom.ee\/e-pood\/wp-content\/uploads\/importedmedia\/product_2572864_0_64619592.jpg\" \/>\n\t<meta property=\"og:image:width\" content=\"1000\" \/>\n\t<meta property=\"og:image:height\" content=\"1683\" \/>\n\t<meta property=\"og:image:type\" content=\"image\/jpeg\" \/>\n<meta name=\"twitter:card\" content=\"summary_large_image\" \/>\n<script type=\"application\/ld+json\" class=\"yoast-schema-graph\">{\"@context\":\"https:\/\/schema.org\",\"@graph\":[{\"@type\":\"WebPage\",\"@id\":\"https:\/\/horticom.ee\/e-pood\/toode\/istutusgraanulid-lechuza-veggiepon-koogi-ja-maitsetaimedele-12l\/\",\"url\":\"https:\/\/horticom.ee\/e-pood\/toode\/istutusgraanulid-lechuza-veggiepon-koogi-ja-maitsetaimedele-12l\/\",\"name\":\"Istutusgraanulid Lechuza Veggiepon k\u00f6\u00f6gi- ja maitsetaimedele 12L - Horticom\",\"isPartOf\":{\"@id\":\"https:\/\/horticom.ee\/e-pood\/#website\"},\"primaryImageOfPage\":{\"@id\":\"https:\/\/horticom.ee\/e-pood\/toode\/istutusgraanulid-lechuza-veggiepon-koogi-ja-maitsetaimedele-12l\/#primaryimage\"},\"image\":{\"@id\":\"https:\/\/horticom.ee\/e-pood\/toode\/istutusgraanulid-lechuza-veggiepon-koogi-ja-maitsetaimedele-12l\/#primaryimage\"},\"thumbnailUrl\":\"https:\/\/horticom.ee\/e-pood\/wp-content\/uploads\/importedmedia\/product_2572864_0_64619592.jpg\",\"datePublished\":\"2026-03-11T15:00:53+00:00\",\"dateModified\":\"2026-04-08T00:11:41+00:00\",\"breadcrumb\":{\"@id\":\"https:\/\/horticom.ee\/e-pood\/toode\/istutusgraanulid-lechuza-veggiepon-koogi-ja-maitsetaimedele-12l\/#breadcrumb\"},\"inLanguage\":\"et\",\"potentialAction\":[{\"@type\":\"ReadAction\",\"target\":[\"https:\/\/horticom.ee\/e-pood\/toode\/istutusgraanulid-lechuza-veggiepon-koogi-ja-maitsetaimedele-12l\/\"]}]},{\"@type\":\"ImageObject\",\"inLanguage\":\"et\",\"@id\":\"https:\/\/horticom.ee\/e-pood\/toode\/istutusgraanulid-lechuza-veggiepon-koogi-ja-maitsetaimedele-12l\/#primaryimage\",\"url\":\"https:\/\/horticom.ee\/e-pood\/wp-content\/uploads\/importedmedia\/product_2572864_0_64619592.jpg\",\"contentUrl\":\"https:\/\/horticom.ee\/e-pood\/wp-content\/uploads\/importedmedia\/product_2572864_0_64619592.jpg\",\"width\":1000,\"height\":1683},{\"@type\":\"BreadcrumbList\",\"@id\":\"https:\/\/horticom.ee\/e-pood\/toode\/istutusgraanulid-lechuza-veggiepon-koogi-ja-maitsetaimedele-12l\/#breadcrumb\",\"itemListElement\":[{\"@type\":\"ListItem\",\"position\":1,\"name\":\"Home\",\"item\":\"https:\/\/horticom.ee\/e-pood\/\"},{\"@type\":\"ListItem\",\"position\":2,\"name\":\"Pood\",\"item\":\"https:\/\/horticom.ee\/e-pood\/pood\/\"},{\"@type\":\"ListItem\",\"position\":3,\"name\":\"Istutusgraanulid Lechuza Veggiepon k\u00f6\u00f6gi- ja maitsetaimedele 12L\"}]},{\"@type\":\"WebSite\",\"@id\":\"https:\/\/horticom.ee\/e-pood\/#website\",\"url\":\"https:\/\/horticom.ee\/e-pood\/\",\"name\":\"Horticom.ee\",\"description\":\"Aianduskaubad ja kodukaubad nii harrastajatele kui professionaalidele\",\"potentialAction\":[{\"@type\":\"SearchAction\",\"target\":{\"@type\":\"EntryPoint\",\"urlTemplate\":\"https:\/\/horticom.ee\/e-pood\/?s={search_term_string}\"},\"query-input\":{\"@type\":\"PropertyValueSpecification\",\"valueRequired\":true,\"valueName\":\"search_term_string\"}}],\"inLanguage\":\"et\"}]}<\/script>\n<!-- \/ Yoast SEO plugin. -->","yoast_head_json":{"title":"Istutusgraanulid Lechuza Veggiepon k\u00f6\u00f6gi- ja maitsetaimedele 12L - Horticom","robots":{"index":"index","follow":"follow","max-snippet":"max-snippet:-1","max-image-preview":"max-image-preview:large","max-video-preview":"max-video-preview:-1"},"canonical":"https:\/\/horticom.ee\/e-pood\/toode\/istutusgraanulid-lechuza-veggiepon-koogi-ja-maitsetaimedele-12l\/","og_locale":"et_EE","og_type":"article","og_title":"Istutusgraanulid Lechuza Veggiepon k\u00f6\u00f6gi- ja maitsetaimedele 12L - Horticom","og_description":"Iga taim v\u00e4\u00e4rib individuaalset hoolt \u2013 LECHUZA taimesubstraadid ja v\u00e4etised muudavad taimede hooldamise lihtsamaks ja t\u00f5husamaks kui kunagi varem, isegi algajatel rohen\u00e4ppudel. Taimed vajavad kasvamiseks ja \u00f5itsenguks kolme asja: vett, valgust ja loomulikult t\u00e4iuslikku mulda \u2013 LECHUZA substraadid hoolitsevad toitainete tasakaalustatud jaotuse eest taimejuurte piirkonnas. PONi kasutamisel ei pea taimekastidesse mulda lisama. Selle tootega on [&hellip;]","og_url":"https:\/\/horticom.ee\/e-pood\/toode\/istutusgraanulid-lechuza-veggiepon-koogi-ja-maitsetaimedele-12l\/","og_site_name":"Horticom.ee","article_publisher":"https:\/\/www.facebook.com\/horticom.ee\/e-pood","article_modified_time":"2026-04-08T00:11:41+00:00","og_image":[{"width":1000,"height":1683,"url":"https:\/\/horticom.ee\/e-pood\/wp-content\/uploads\/importedmedia\/product_2572864_0_64619592.jpg","type":"image\/jpeg"}],"twitter_card":"summary_large_image","schema":{"@context":"https:\/\/schema.org","@graph":[{"@type":"WebPage","@id":"https:\/\/horticom.ee\/e-pood\/toode\/istutusgraanulid-lechuza-veggiepon-koogi-ja-maitsetaimedele-12l\/","url":"https:\/\/horticom.ee\/e-pood\/toode\/istutusgraanulid-lechuza-veggiepon-koogi-ja-maitsetaimedele-12l\/","name":"Istutusgraanulid Lechuza Veggiepon k\u00f6\u00f6gi- ja maitsetaimedele 12L - Horticom","isPartOf":{"@id":"https:\/\/horticom.ee\/e-pood\/#website"},"primaryImageOfPage":{"@id":"https:\/\/horticom.ee\/e-pood\/toode\/istutusgraanulid-lechuza-veggiepon-koogi-ja-maitsetaimedele-12l\/#primaryimage"},"image":{"@id":"https:\/\/horticom.ee\/e-pood\/toode\/istutusgraanulid-lechuza-veggiepon-koogi-ja-maitsetaimedele-12l\/#primaryimage"},"thumbnailUrl":"https:\/\/horticom.ee\/e-pood\/wp-content\/uploads\/importedmedia\/product_2572864_0_64619592.jpg","datePublished":"2026-03-11T15:00:53+00:00","dateModified":"2026-04-08T00:11:41+00:00","breadcrumb":{"@id":"https:\/\/horticom.ee\/e-pood\/toode\/istutusgraanulid-lechuza-veggiepon-koogi-ja-maitsetaimedele-12l\/#breadcrumb"},"inLanguage":"et","potentialAction":[{"@type":"ReadAction","target":["https:\/\/horticom.ee\/e-pood\/toode\/istutusgraanulid-lechuza-veggiepon-koogi-ja-maitsetaimedele-12l\/"]}]},{"@type":"ImageObject","inLanguage":"et","@id":"https:\/\/horticom.ee\/e-pood\/toode\/istutusgraanulid-lechuza-veggiepon-koogi-ja-maitsetaimedele-12l\/#primaryimage","url":"https:\/\/horticom.ee\/e-pood\/wp-content\/uploads\/importedmedia\/product_2572864_0_64619592.jpg","contentUrl":"https:\/\/horticom.ee\/e-pood\/wp-content\/uploads\/importedmedia\/product_2572864_0_64619592.jpg","width":1000,"height":1683},{"@type":"BreadcrumbList","@id":"https:\/\/horticom.ee\/e-pood\/toode\/istutusgraanulid-lechuza-veggiepon-koogi-ja-maitsetaimedele-12l\/#breadcrumb","itemListElement":[{"@type":"ListItem","position":1,"name":"Home","item":"https:\/\/horticom.ee\/e-pood\/"},{"@type":"ListItem","position":2,"name":"Pood","item":"https:\/\/horticom.ee\/e-pood\/pood\/"},{"@type":"ListItem","position":3,"name":"Istutusgraanulid Lechuza Veggiepon k\u00f6\u00f6gi- ja maitsetaimedele 12L"}]},{"@type":"WebSite","@id":"https:\/\/horticom.ee\/e-pood\/#website","url":"https:\/\/horticom.ee\/e-pood\/","name":"Horticom.ee","description":"Aianduskaubad ja kodukaubad nii harrastajatele kui professionaalidele","potentialAction":[{"@type":"SearchAction","target":{"@type":"EntryPoint","urlTemplate":"https:\/\/horticom.ee\/e-pood\/?s={search_term_string}"},"query-input":{"@type":"PropertyValueSpecification","valueRequired":true,"valueName":"search_term_string"}}],"inLanguage":"et"}]}},"_links":{"self":[{"href":"https:\/\/horticom.ee\/e-pood\/wp-json\/wp\/v2\/product\/2572864","targetHints":{"allow":["GET"]}}],"collection":[{"href":"https:\/\/horticom.ee\/e-pood\/wp-json\/wp\/v2\/product"}],"about":[{"href":"https:\/\/horticom.ee\/e-pood\/wp-json\/wp\/v2\/types\/product"}],"replies":[{"embeddable":true,"href":"https:\/\/horticom.ee\/e-pood\/wp-json\/wp\/v2\/comments?post=2572864"}],"wp:featuredmedia":[{"embeddable":true,"href":"https:\/\/horticom.ee\/e-pood\/wp-json\/wp\/v2\/media\/2572903"}],"wp:attachment":[{"href":"https:\/\/horticom.ee\/e-pood\/wp-json\/wp\/v2\/media?parent=2572864"}],"wp:term":[{"taxonomy":"product_cat","embeddable":true,"href":"https:\/\/horticom.ee\/e-pood\/wp-json\/wp\/v2\/product_cat?post=2572864"},{"taxonomy":"product_tag","embeddable":true,"href":"https:\/\/horticom.ee\/e-pood\/wp-json\/wp\/v2\/product_tag?post=2572864"}],"curies":[{"name":"wp","href":"https:\/\/api.w.org\/{rel}","templated":true}]}}