{"id":2580580,"date":"2026-03-19T17:01:02","date_gmt":"2026-03-19T15:01:02","guid":{"rendered":"https:\/\/horticom.ee\/e-pood\/toode\/sootja-maapahklitele-diamond-metallist-228cm\/"},"modified":"2026-05-13T03:12:33","modified_gmt":"2026-05-13T00:12:33","slug":"sootja-maapahklitele-diamond-metallist-228cm","status":"publish","type":"product","link":"https:\/\/horticom.ee\/e-pood\/toode\/sootja-maapahklitele-diamond-metallist-228cm\/","title":{"rendered":"S\u00f6\u00f6tja maap\u00e4hklitele Diamond metallist 22,8cm"},"content":{"rendered":"<p>S\u00f6\u00f6tja maap\u00e4hklitele Diamond metallist on aia &#8211; ja metsalindude s\u00f6\u00f6tja maap\u00e4hklitele. Metalne korpus ja kaas. S\u00f6\u00f6tja avad teemandikujulised. Aseta s\u00f6\u00f6tja nii, et r\u00f6\u00f6vloomad ei saaks linde k\u00e4tte. Puhasta s\u00f6\u00f6tjat regulaarselt. Alati pese k\u00e4ed, kui oled s\u00f6\u00f6tjat paljaste k\u00e4tega puudutanud!<\/p>\n","protected":false},"excerpt":{"rendered":"<p>S\u00f6\u00f6tja maap\u00e4hklitele Diamond metallist on aia &#8211; ja metsalindude s\u00f6\u00f6tja maap\u00e4hklitele. Metalne korpus ja kaas. S\u00f6\u00f6tja avad teemandikujulised. Aseta s\u00f6\u00f6tja nii, et r\u00f6\u00f6vloomad ei saaks linde k\u00e4tte. Puhasta s\u00f6\u00f6tjat regulaarselt. Alati pese k\u00e4ed, kui oled s\u00f6\u00f6tjat paljaste k\u00e4tega puudutanud!<\/p>\n","protected":false},"featured_media":2580708,"comment_status":"closed","ping_status":"closed","template":"","meta":{"_themeisle_gutenberg_block_has_review":false},"product_cat":[18563,13400,13703],"product_tag":[],"class_list":{"0":"post-2580580","1":"product","2":"type-product","3":"status-publish","4":"has-post-thumbnail","6":"product_cat-lopumuugitooted","7":"product_cat-sootjad","8":"product_cat-aiatrall","10":"first","11":"instock","12":"shipping-taxable","13":"purchasable","14":"product-type-simple"},"yoast_head":"<!-- This site is optimized with the Yoast SEO plugin v24.0 - https:\/\/yoast.com\/wordpress\/plugins\/seo\/ -->\n<title>S\u00f6\u00f6tja maap\u00e4hklitele Diamond metallist 22,8cm - Horticom<\/title>\n<meta name=\"robots\" content=\"index, follow, max-snippet:-1, max-image-preview:large, max-video-preview:-1\" \/>\n<link rel=\"canonical\" href=\"https:\/\/horticom.ee\/e-pood\/toode\/sootja-maapahklitele-diamond-metallist-228cm\/\" \/>\n<meta property=\"og:locale\" content=\"et_EE\" \/>\n<meta property=\"og:type\" content=\"article\" \/>\n<meta property=\"og:title\" content=\"S\u00f6\u00f6tja maap\u00e4hklitele Diamond metallist 22,8cm - Horticom\" \/>\n<meta property=\"og:description\" content=\"S\u00f6\u00f6tja maap\u00e4hklitele Diamond metallist on aia &#8211; ja metsalindude s\u00f6\u00f6tja maap\u00e4hklitele. Metalne korpus ja kaas. S\u00f6\u00f6tja avad teemandikujulised. Aseta s\u00f6\u00f6tja nii, et r\u00f6\u00f6vloomad ei saaks linde k\u00e4tte. Puhasta s\u00f6\u00f6tjat regulaarselt. Alati pese k\u00e4ed, kui oled s\u00f6\u00f6tjat paljaste k\u00e4tega puudutanud!\" \/>\n<meta property=\"og:url\" content=\"https:\/\/horticom.ee\/e-pood\/toode\/sootja-maapahklitele-diamond-metallist-228cm\/\" \/>\n<meta property=\"og:site_name\" content=\"Horticom.ee\" \/>\n<meta property=\"article:publisher\" content=\"https:\/\/www.facebook.com\/horticom.ee\/e-pood\" \/>\n<meta property=\"article:modified_time\" content=\"2026-05-13T00:12:33+00:00\" \/>\n<meta property=\"og:image\" content=\"https:\/\/horticom.ee\/e-pood\/wp-content\/uploads\/importedmedia\/product_2580580_0_147863102.jpg\" \/>\n\t<meta property=\"og:image:width\" content=\"1000\" \/>\n\t<meta property=\"og:image:height\" content=\"1333\" \/>\n\t<meta property=\"og:image:type\" content=\"image\/jpeg\" \/>\n<meta name=\"twitter:card\" content=\"summary_large_image\" \/>\n<script type=\"application\/ld+json\" class=\"yoast-schema-graph\">{\"@context\":\"https:\/\/schema.org\",\"@graph\":[{\"@type\":\"WebPage\",\"@id\":\"https:\/\/horticom.ee\/e-pood\/toode\/sootja-maapahklitele-diamond-metallist-228cm\/\",\"url\":\"https:\/\/horticom.ee\/e-pood\/toode\/sootja-maapahklitele-diamond-metallist-228cm\/\",\"name\":\"S\u00f6\u00f6tja maap\u00e4hklitele Diamond metallist 22,8cm - Horticom\",\"isPartOf\":{\"@id\":\"https:\/\/horticom.ee\/e-pood\/#website\"},\"primaryImageOfPage\":{\"@id\":\"https:\/\/horticom.ee\/e-pood\/toode\/sootja-maapahklitele-diamond-metallist-228cm\/#primaryimage\"},\"image\":{\"@id\":\"https:\/\/horticom.ee\/e-pood\/toode\/sootja-maapahklitele-diamond-metallist-228cm\/#primaryimage\"},\"thumbnailUrl\":\"https:\/\/horticom.ee\/e-pood\/wp-content\/uploads\/importedmedia\/product_2580580_0_147863102.jpg\",\"datePublished\":\"2026-03-19T15:01:02+00:00\",\"dateModified\":\"2026-05-13T00:12:33+00:00\",\"breadcrumb\":{\"@id\":\"https:\/\/horticom.ee\/e-pood\/toode\/sootja-maapahklitele-diamond-metallist-228cm\/#breadcrumb\"},\"inLanguage\":\"et\",\"potentialAction\":[{\"@type\":\"ReadAction\",\"target\":[\"https:\/\/horticom.ee\/e-pood\/toode\/sootja-maapahklitele-diamond-metallist-228cm\/\"]}]},{\"@type\":\"ImageObject\",\"inLanguage\":\"et\",\"@id\":\"https:\/\/horticom.ee\/e-pood\/toode\/sootja-maapahklitele-diamond-metallist-228cm\/#primaryimage\",\"url\":\"https:\/\/horticom.ee\/e-pood\/wp-content\/uploads\/importedmedia\/product_2580580_0_147863102.jpg\",\"contentUrl\":\"https:\/\/horticom.ee\/e-pood\/wp-content\/uploads\/importedmedia\/product_2580580_0_147863102.jpg\",\"width\":1000,\"height\":1333},{\"@type\":\"BreadcrumbList\",\"@id\":\"https:\/\/horticom.ee\/e-pood\/toode\/sootja-maapahklitele-diamond-metallist-228cm\/#breadcrumb\",\"itemListElement\":[{\"@type\":\"ListItem\",\"position\":1,\"name\":\"Home\",\"item\":\"https:\/\/horticom.ee\/e-pood\/\"},{\"@type\":\"ListItem\",\"position\":2,\"name\":\"Pood\",\"item\":\"https:\/\/horticom.ee\/e-pood\/pood\/\"},{\"@type\":\"ListItem\",\"position\":3,\"name\":\"S\u00f6\u00f6tja maap\u00e4hklitele Diamond metallist 22,8cm\"}]},{\"@type\":\"WebSite\",\"@id\":\"https:\/\/horticom.ee\/e-pood\/#website\",\"url\":\"https:\/\/horticom.ee\/e-pood\/\",\"name\":\"Horticom.ee\",\"description\":\"Aianduskaubad ja kodukaubad nii harrastajatele kui professionaalidele\",\"potentialAction\":[{\"@type\":\"SearchAction\",\"target\":{\"@type\":\"EntryPoint\",\"urlTemplate\":\"https:\/\/horticom.ee\/e-pood\/?s={search_term_string}\"},\"query-input\":{\"@type\":\"PropertyValueSpecification\",\"valueRequired\":true,\"valueName\":\"search_term_string\"}}],\"inLanguage\":\"et\"}]}<\/script>\n<!-- \/ Yoast SEO plugin. -->","yoast_head_json":{"title":"S\u00f6\u00f6tja maap\u00e4hklitele Diamond metallist 22,8cm - Horticom","robots":{"index":"index","follow":"follow","max-snippet":"max-snippet:-1","max-image-preview":"max-image-preview:large","max-video-preview":"max-video-preview:-1"},"canonical":"https:\/\/horticom.ee\/e-pood\/toode\/sootja-maapahklitele-diamond-metallist-228cm\/","og_locale":"et_EE","og_type":"article","og_title":"S\u00f6\u00f6tja maap\u00e4hklitele Diamond metallist 22,8cm - Horticom","og_description":"S\u00f6\u00f6tja maap\u00e4hklitele Diamond metallist on aia &#8211; ja metsalindude s\u00f6\u00f6tja maap\u00e4hklitele. Metalne korpus ja kaas. S\u00f6\u00f6tja avad teemandikujulised. Aseta s\u00f6\u00f6tja nii, et r\u00f6\u00f6vloomad ei saaks linde k\u00e4tte. Puhasta s\u00f6\u00f6tjat regulaarselt. Alati pese k\u00e4ed, kui oled s\u00f6\u00f6tjat paljaste k\u00e4tega puudutanud!","og_url":"https:\/\/horticom.ee\/e-pood\/toode\/sootja-maapahklitele-diamond-metallist-228cm\/","og_site_name":"Horticom.ee","article_publisher":"https:\/\/www.facebook.com\/horticom.ee\/e-pood","article_modified_time":"2026-05-13T00:12:33+00:00","og_image":[{"width":1000,"height":1333,"url":"https:\/\/horticom.ee\/e-pood\/wp-content\/uploads\/importedmedia\/product_2580580_0_147863102.jpg","type":"image\/jpeg"}],"twitter_card":"summary_large_image","schema":{"@context":"https:\/\/schema.org","@graph":[{"@type":"WebPage","@id":"https:\/\/horticom.ee\/e-pood\/toode\/sootja-maapahklitele-diamond-metallist-228cm\/","url":"https:\/\/horticom.ee\/e-pood\/toode\/sootja-maapahklitele-diamond-metallist-228cm\/","name":"S\u00f6\u00f6tja maap\u00e4hklitele Diamond metallist 22,8cm - Horticom","isPartOf":{"@id":"https:\/\/horticom.ee\/e-pood\/#website"},"primaryImageOfPage":{"@id":"https:\/\/horticom.ee\/e-pood\/toode\/sootja-maapahklitele-diamond-metallist-228cm\/#primaryimage"},"image":{"@id":"https:\/\/horticom.ee\/e-pood\/toode\/sootja-maapahklitele-diamond-metallist-228cm\/#primaryimage"},"thumbnailUrl":"https:\/\/horticom.ee\/e-pood\/wp-content\/uploads\/importedmedia\/product_2580580_0_147863102.jpg","datePublished":"2026-03-19T15:01:02+00:00","dateModified":"2026-05-13T00:12:33+00:00","breadcrumb":{"@id":"https:\/\/horticom.ee\/e-pood\/toode\/sootja-maapahklitele-diamond-metallist-228cm\/#breadcrumb"},"inLanguage":"et","potentialAction":[{"@type":"ReadAction","target":["https:\/\/horticom.ee\/e-pood\/toode\/sootja-maapahklitele-diamond-metallist-228cm\/"]}]},{"@type":"ImageObject","inLanguage":"et","@id":"https:\/\/horticom.ee\/e-pood\/toode\/sootja-maapahklitele-diamond-metallist-228cm\/#primaryimage","url":"https:\/\/horticom.ee\/e-pood\/wp-content\/uploads\/importedmedia\/product_2580580_0_147863102.jpg","contentUrl":"https:\/\/horticom.ee\/e-pood\/wp-content\/uploads\/importedmedia\/product_2580580_0_147863102.jpg","width":1000,"height":1333},{"@type":"BreadcrumbList","@id":"https:\/\/horticom.ee\/e-pood\/toode\/sootja-maapahklitele-diamond-metallist-228cm\/#breadcrumb","itemListElement":[{"@type":"ListItem","position":1,"name":"Home","item":"https:\/\/horticom.ee\/e-pood\/"},{"@type":"ListItem","position":2,"name":"Pood","item":"https:\/\/horticom.ee\/e-pood\/pood\/"},{"@type":"ListItem","position":3,"name":"S\u00f6\u00f6tja maap\u00e4hklitele Diamond metallist 22,8cm"}]},{"@type":"WebSite","@id":"https:\/\/horticom.ee\/e-pood\/#website","url":"https:\/\/horticom.ee\/e-pood\/","name":"Horticom.ee","description":"Aianduskaubad ja kodukaubad nii harrastajatele kui professionaalidele","potentialAction":[{"@type":"SearchAction","target":{"@type":"EntryPoint","urlTemplate":"https:\/\/horticom.ee\/e-pood\/?s={search_term_string}"},"query-input":{"@type":"PropertyValueSpecification","valueRequired":true,"valueName":"search_term_string"}}],"inLanguage":"et"}]}},"_links":{"self":[{"href":"https:\/\/horticom.ee\/e-pood\/wp-json\/wp\/v2\/product\/2580580","targetHints":{"allow":["GET"]}}],"collection":[{"href":"https:\/\/horticom.ee\/e-pood\/wp-json\/wp\/v2\/product"}],"about":[{"href":"https:\/\/horticom.ee\/e-pood\/wp-json\/wp\/v2\/types\/product"}],"replies":[{"embeddable":true,"href":"https:\/\/horticom.ee\/e-pood\/wp-json\/wp\/v2\/comments?post=2580580"}],"wp:featuredmedia":[{"embeddable":true,"href":"https:\/\/horticom.ee\/e-pood\/wp-json\/wp\/v2\/media\/2580708"}],"wp:attachment":[{"href":"https:\/\/horticom.ee\/e-pood\/wp-json\/wp\/v2\/media?parent=2580580"}],"wp:term":[{"taxonomy":"product_cat","embeddable":true,"href":"https:\/\/horticom.ee\/e-pood\/wp-json\/wp\/v2\/product_cat?post=2580580"},{"taxonomy":"product_tag","embeddable":true,"href":"https:\/\/horticom.ee\/e-pood\/wp-json\/wp\/v2\/product_tag?post=2580580"}],"curies":[{"name":"wp","href":"https:\/\/api.w.org\/{rel}","templated":true}]}}