{"id":2586072,"date":"2026-03-25T17:00:24","date_gmt":"2026-03-25T15:00:24","guid":{"rendered":"https:\/\/horticom.ee\/e-pood\/toode\/tomat-ananas-01g\/"},"modified":"2026-05-01T03:06:26","modified_gmt":"2026-05-01T00:06:26","slug":"tomat-ananas-01g","status":"publish","type":"product","link":"https:\/\/horticom.ee\/e-pood\/toode\/tomat-ananas-01g\/","title":{"rendered":"Tomat Ananas 0,1g"},"content":{"rendered":"<p>Tomat Ananas on keskmiselt varajane, k\u00f5rgekasvuline, 110-115 grammi kaaluvaid vilju kasvatav sort. Selle sordi tomatid meeldivad neile, kes armastavad maitsvaid magusav\u00f5itu maitsega vilju. Tomat sobib salatite valmistamiseks ja konserveerimiseks. Seemned k\u00fclvatakse m\u00e4rtsis. Selleks, et seemned t\u00e4rkaks kiiremini ja \u00fchtlasemalt, on k\u00fclv kaetav klaasi v\u00f5i kilega. Taimed istutatakse kasvuhoonesse peale k\u00fclmade m\u00f6\u00f6dumist. Tomat pole pinnase suhtes n\u00f5udlik, kui kasvab k\u00f5ige paremini liivsavimullas.<\/p>\n","protected":false},"excerpt":{"rendered":"<p>Tomat Ananas on keskmiselt varajane, k\u00f5rgekasvuline, 110-115 grammi kaaluvaid vilju kasvatav sort. Selle sordi tomatid meeldivad neile, kes armastavad maitsvaid magusav\u00f5itu maitsega vilju. Tomat sobib salatite valmistamiseks ja konserveerimiseks. Seemned k\u00fclvatakse m\u00e4rtsis. Selleks, et seemned t\u00e4rkaks kiiremini ja \u00fchtlasemalt, on k\u00fclv kaetav klaasi v\u00f5i kilega. Taimed istutatakse kasvuhoonesse peale k\u00fclmade m\u00f6\u00f6dumist. Tomat pole pinnase suhtes [&hellip;]<\/p>\n","protected":false},"featured_media":2586283,"comment_status":"closed","ping_status":"closed","template":"","meta":{"_themeisle_gutenberg_block_has_review":false},"product_cat":[13481],"product_tag":[],"class_list":{"0":"post-2586072","1":"product","2":"type-product","3":"status-publish","4":"has-post-thumbnail","6":"product_cat-tomat","8":"first","9":"instock","10":"shipping-taxable","11":"purchasable","12":"product-type-simple"},"yoast_head":"<!-- This site is optimized with the Yoast SEO plugin v24.0 - https:\/\/yoast.com\/wordpress\/plugins\/seo\/ -->\n<title>Tomat Ananas 0,1g - Horticom<\/title>\n<meta name=\"robots\" content=\"index, follow, max-snippet:-1, max-image-preview:large, max-video-preview:-1\" \/>\n<link rel=\"canonical\" href=\"https:\/\/horticom.ee\/e-pood\/toode\/tomat-ananas-01g\/\" \/>\n<meta property=\"og:locale\" content=\"et_EE\" \/>\n<meta property=\"og:type\" content=\"article\" \/>\n<meta property=\"og:title\" content=\"Tomat Ananas 0,1g - Horticom\" \/>\n<meta property=\"og:description\" content=\"Tomat Ananas on keskmiselt varajane, k\u00f5rgekasvuline, 110-115 grammi kaaluvaid vilju kasvatav sort. Selle sordi tomatid meeldivad neile, kes armastavad maitsvaid magusav\u00f5itu maitsega vilju. Tomat sobib salatite valmistamiseks ja konserveerimiseks. Seemned k\u00fclvatakse m\u00e4rtsis. Selleks, et seemned t\u00e4rkaks kiiremini ja \u00fchtlasemalt, on k\u00fclv kaetav klaasi v\u00f5i kilega. Taimed istutatakse kasvuhoonesse peale k\u00fclmade m\u00f6\u00f6dumist. Tomat pole pinnase suhtes [&hellip;]\" \/>\n<meta property=\"og:url\" content=\"https:\/\/horticom.ee\/e-pood\/toode\/tomat-ananas-01g\/\" \/>\n<meta property=\"og:site_name\" content=\"Horticom.ee\" \/>\n<meta property=\"article:publisher\" content=\"https:\/\/www.facebook.com\/horticom.ee\/e-pood\" \/>\n<meta property=\"article:modified_time\" content=\"2026-05-01T00:06:26+00:00\" \/>\n<meta property=\"og:image\" content=\"https:\/\/horticom.ee\/e-pood\/wp-content\/uploads\/importedmedia\/product_2586072_0_L205.jpg\" \/>\n\t<meta property=\"og:image:width\" content=\"999\" \/>\n\t<meta property=\"og:image:height\" content=\"1067\" \/>\n\t<meta property=\"og:image:type\" content=\"image\/jpeg\" \/>\n<meta name=\"twitter:card\" content=\"summary_large_image\" \/>\n<script type=\"application\/ld+json\" class=\"yoast-schema-graph\">{\"@context\":\"https:\/\/schema.org\",\"@graph\":[{\"@type\":\"WebPage\",\"@id\":\"https:\/\/horticom.ee\/e-pood\/toode\/tomat-ananas-01g\/\",\"url\":\"https:\/\/horticom.ee\/e-pood\/toode\/tomat-ananas-01g\/\",\"name\":\"Tomat Ananas 0,1g - Horticom\",\"isPartOf\":{\"@id\":\"https:\/\/horticom.ee\/e-pood\/#website\"},\"primaryImageOfPage\":{\"@id\":\"https:\/\/horticom.ee\/e-pood\/toode\/tomat-ananas-01g\/#primaryimage\"},\"image\":{\"@id\":\"https:\/\/horticom.ee\/e-pood\/toode\/tomat-ananas-01g\/#primaryimage\"},\"thumbnailUrl\":\"https:\/\/horticom.ee\/e-pood\/wp-content\/uploads\/importedmedia\/product_2586072_0_L205.jpg\",\"datePublished\":\"2026-03-25T15:00:24+00:00\",\"dateModified\":\"2026-05-01T00:06:26+00:00\",\"breadcrumb\":{\"@id\":\"https:\/\/horticom.ee\/e-pood\/toode\/tomat-ananas-01g\/#breadcrumb\"},\"inLanguage\":\"et\",\"potentialAction\":[{\"@type\":\"ReadAction\",\"target\":[\"https:\/\/horticom.ee\/e-pood\/toode\/tomat-ananas-01g\/\"]}]},{\"@type\":\"ImageObject\",\"inLanguage\":\"et\",\"@id\":\"https:\/\/horticom.ee\/e-pood\/toode\/tomat-ananas-01g\/#primaryimage\",\"url\":\"https:\/\/horticom.ee\/e-pood\/wp-content\/uploads\/importedmedia\/product_2586072_0_L205.jpg\",\"contentUrl\":\"https:\/\/horticom.ee\/e-pood\/wp-content\/uploads\/importedmedia\/product_2586072_0_L205.jpg\",\"width\":999,\"height\":1067},{\"@type\":\"BreadcrumbList\",\"@id\":\"https:\/\/horticom.ee\/e-pood\/toode\/tomat-ananas-01g\/#breadcrumb\",\"itemListElement\":[{\"@type\":\"ListItem\",\"position\":1,\"name\":\"Home\",\"item\":\"https:\/\/horticom.ee\/e-pood\/\"},{\"@type\":\"ListItem\",\"position\":2,\"name\":\"Pood\",\"item\":\"https:\/\/horticom.ee\/e-pood\/pood\/\"},{\"@type\":\"ListItem\",\"position\":3,\"name\":\"Tomat Ananas 0,1g\"}]},{\"@type\":\"WebSite\",\"@id\":\"https:\/\/horticom.ee\/e-pood\/#website\",\"url\":\"https:\/\/horticom.ee\/e-pood\/\",\"name\":\"Horticom.ee\",\"description\":\"Aianduskaubad ja kodukaubad nii harrastajatele kui professionaalidele\",\"potentialAction\":[{\"@type\":\"SearchAction\",\"target\":{\"@type\":\"EntryPoint\",\"urlTemplate\":\"https:\/\/horticom.ee\/e-pood\/?s={search_term_string}\"},\"query-input\":{\"@type\":\"PropertyValueSpecification\",\"valueRequired\":true,\"valueName\":\"search_term_string\"}}],\"inLanguage\":\"et\"}]}<\/script>\n<!-- \/ Yoast SEO plugin. -->","yoast_head_json":{"title":"Tomat Ananas 0,1g - Horticom","robots":{"index":"index","follow":"follow","max-snippet":"max-snippet:-1","max-image-preview":"max-image-preview:large","max-video-preview":"max-video-preview:-1"},"canonical":"https:\/\/horticom.ee\/e-pood\/toode\/tomat-ananas-01g\/","og_locale":"et_EE","og_type":"article","og_title":"Tomat Ananas 0,1g - Horticom","og_description":"Tomat Ananas on keskmiselt varajane, k\u00f5rgekasvuline, 110-115 grammi kaaluvaid vilju kasvatav sort. Selle sordi tomatid meeldivad neile, kes armastavad maitsvaid magusav\u00f5itu maitsega vilju. Tomat sobib salatite valmistamiseks ja konserveerimiseks. Seemned k\u00fclvatakse m\u00e4rtsis. Selleks, et seemned t\u00e4rkaks kiiremini ja \u00fchtlasemalt, on k\u00fclv kaetav klaasi v\u00f5i kilega. Taimed istutatakse kasvuhoonesse peale k\u00fclmade m\u00f6\u00f6dumist. Tomat pole pinnase suhtes [&hellip;]","og_url":"https:\/\/horticom.ee\/e-pood\/toode\/tomat-ananas-01g\/","og_site_name":"Horticom.ee","article_publisher":"https:\/\/www.facebook.com\/horticom.ee\/e-pood","article_modified_time":"2026-05-01T00:06:26+00:00","og_image":[{"width":999,"height":1067,"url":"https:\/\/horticom.ee\/e-pood\/wp-content\/uploads\/importedmedia\/product_2586072_0_L205.jpg","type":"image\/jpeg"}],"twitter_card":"summary_large_image","schema":{"@context":"https:\/\/schema.org","@graph":[{"@type":"WebPage","@id":"https:\/\/horticom.ee\/e-pood\/toode\/tomat-ananas-01g\/","url":"https:\/\/horticom.ee\/e-pood\/toode\/tomat-ananas-01g\/","name":"Tomat Ananas 0,1g - Horticom","isPartOf":{"@id":"https:\/\/horticom.ee\/e-pood\/#website"},"primaryImageOfPage":{"@id":"https:\/\/horticom.ee\/e-pood\/toode\/tomat-ananas-01g\/#primaryimage"},"image":{"@id":"https:\/\/horticom.ee\/e-pood\/toode\/tomat-ananas-01g\/#primaryimage"},"thumbnailUrl":"https:\/\/horticom.ee\/e-pood\/wp-content\/uploads\/importedmedia\/product_2586072_0_L205.jpg","datePublished":"2026-03-25T15:00:24+00:00","dateModified":"2026-05-01T00:06:26+00:00","breadcrumb":{"@id":"https:\/\/horticom.ee\/e-pood\/toode\/tomat-ananas-01g\/#breadcrumb"},"inLanguage":"et","potentialAction":[{"@type":"ReadAction","target":["https:\/\/horticom.ee\/e-pood\/toode\/tomat-ananas-01g\/"]}]},{"@type":"ImageObject","inLanguage":"et","@id":"https:\/\/horticom.ee\/e-pood\/toode\/tomat-ananas-01g\/#primaryimage","url":"https:\/\/horticom.ee\/e-pood\/wp-content\/uploads\/importedmedia\/product_2586072_0_L205.jpg","contentUrl":"https:\/\/horticom.ee\/e-pood\/wp-content\/uploads\/importedmedia\/product_2586072_0_L205.jpg","width":999,"height":1067},{"@type":"BreadcrumbList","@id":"https:\/\/horticom.ee\/e-pood\/toode\/tomat-ananas-01g\/#breadcrumb","itemListElement":[{"@type":"ListItem","position":1,"name":"Home","item":"https:\/\/horticom.ee\/e-pood\/"},{"@type":"ListItem","position":2,"name":"Pood","item":"https:\/\/horticom.ee\/e-pood\/pood\/"},{"@type":"ListItem","position":3,"name":"Tomat Ananas 0,1g"}]},{"@type":"WebSite","@id":"https:\/\/horticom.ee\/e-pood\/#website","url":"https:\/\/horticom.ee\/e-pood\/","name":"Horticom.ee","description":"Aianduskaubad ja kodukaubad nii harrastajatele kui professionaalidele","potentialAction":[{"@type":"SearchAction","target":{"@type":"EntryPoint","urlTemplate":"https:\/\/horticom.ee\/e-pood\/?s={search_term_string}"},"query-input":{"@type":"PropertyValueSpecification","valueRequired":true,"valueName":"search_term_string"}}],"inLanguage":"et"}]}},"_links":{"self":[{"href":"https:\/\/horticom.ee\/e-pood\/wp-json\/wp\/v2\/product\/2586072","targetHints":{"allow":["GET"]}}],"collection":[{"href":"https:\/\/horticom.ee\/e-pood\/wp-json\/wp\/v2\/product"}],"about":[{"href":"https:\/\/horticom.ee\/e-pood\/wp-json\/wp\/v2\/types\/product"}],"replies":[{"embeddable":true,"href":"https:\/\/horticom.ee\/e-pood\/wp-json\/wp\/v2\/comments?post=2586072"}],"wp:featuredmedia":[{"embeddable":true,"href":"https:\/\/horticom.ee\/e-pood\/wp-json\/wp\/v2\/media\/2586283"}],"wp:attachment":[{"href":"https:\/\/horticom.ee\/e-pood\/wp-json\/wp\/v2\/media?parent=2586072"}],"wp:term":[{"taxonomy":"product_cat","embeddable":true,"href":"https:\/\/horticom.ee\/e-pood\/wp-json\/wp\/v2\/product_cat?post=2586072"},{"taxonomy":"product_tag","embeddable":true,"href":"https:\/\/horticom.ee\/e-pood\/wp-json\/wp\/v2\/product_tag?post=2586072"}],"curies":[{"name":"wp","href":"https:\/\/api.w.org\/{rel}","templated":true}]}}