{"id":2586977,"date":"2026-03-26T17:01:01","date_gmt":"2026-03-26T15:01:01","guid":{"rendered":"https:\/\/horticom.ee\/e-pood\/toode\/tigude-ja-nalkjate-sootmurk-ironmax-pro-20kg\/"},"modified":"2026-05-12T03:12:37","modified_gmt":"2026-05-12T00:12:37","slug":"tigude-ja-nalkjate-sootmurk-ironmax-pro-20kg","status":"publish","type":"product","link":"https:\/\/horticom.ee\/e-pood\/toode\/tigude-ja-nalkjate-sootmurk-ironmax-pro-20kg\/","title":{"rendered":"Tigude ja n\u00e4lkjate s\u00f6\u00f6tm\u00fcrk Ironmax Pro 20kg"},"content":{"rendered":"<p>Tigude ja n\u00e4lkjate s\u00f6\u00f6tm\u00fcrk Ironmax Pro 20kg on t\u00f5hus graanulitena s\u00f6\u00f6dam\u00fcrk, mis aitab t\u00f5rjuda tigusid ja n\u00e4lkjaid p\u00f5ldudel, k\u00f6\u00f6givilja- ja puuviljaaedades, iluaedades ning kasvuhoonetes. Toode sisaldab 24,2 g\/kg raud(III)fosfaati, mis meelitab ja h\u00e4vitab kahjurid.<br \/>\nToode sobib ka mahep\u00f5llumajanduses kasutamiseks.<br \/>\nEelised:<br \/>\n* Graanuleid on lihtne laotada<br \/>\n* Suurep\u00e4rane niiskuskindlus<br \/>\n* Suurep\u00e4rane efektiivsus t\u00e4nu uuenduslikele graanulitele<br \/>\n* Ei ole kahjulik vihmaussidele<\/p>\n<p>S\u00f6\u00f6ta tarvitanud n\u00e4lkjad poevad raud(III)fosfaadi toime t\u00f5ttu maa alla, kus nad surevad, mist\u00f5ttu surnud n\u00e4lkjaid n\u00e4ha ei ole. Seega t\u00f5rjumise m\u00f5ju ei pruugi olla vahetult j\u00e4lgitav. Seda tuleks m\u00f5\u00f5ta kultuuridel n\u00e4htavate s\u00f6\u00f6miskahjustuste v\u00e4henemise p\u00f5hjal. IRONMAX PRO-ga t\u00f5rjumise tulemuslikkust saab seega hinnata ainult kahjustatud taimede arvu v\u00e4henemise j\u00e4rgi.<br \/>\nKui soovite t\u00f5husat kaitset tigude ja n\u00e4lkjate eest oma aianduses, on Ironmax Pro usaldusv\u00e4\u00e4rne ja keskkonnas\u00f5bralik valik!<\/p>\n","protected":false},"excerpt":{"rendered":"<p>Tigude ja n\u00e4lkjate s\u00f6\u00f6tm\u00fcrk Ironmax Pro 20kg on t\u00f5hus graanulitena s\u00f6\u00f6dam\u00fcrk, mis aitab t\u00f5rjuda tigusid ja n\u00e4lkjaid p\u00f5ldudel, k\u00f6\u00f6givilja- ja puuviljaaedades, iluaedades ning kasvuhoonetes. Toode sisaldab 24,2 g\/kg raud(III)fosfaati, mis meelitab ja h\u00e4vitab kahjurid. Toode sobib ka mahep\u00f5llumajanduses kasutamiseks. Eelised: * Graanuleid on lihtne laotada * Suurep\u00e4rane niiskuskindlus * Suurep\u00e4rane efektiivsus t\u00e4nu uuenduslikele graanulitele * [&hellip;]<\/p>\n","protected":false},"featured_media":2586985,"comment_status":"closed","ping_status":"closed","template":"","meta":{"_themeisle_gutenberg_block_has_review":false},"product_cat":[13595],"product_tag":[],"class_list":{"0":"post-2586977","1":"product","2":"type-product","3":"status-publish","4":"has-post-thumbnail","6":"product_cat-teod","8":"first","9":"instock","10":"sale","11":"shipping-taxable","12":"purchasable","13":"product-type-simple"},"yoast_head":"<!-- This site is optimized with the Yoast SEO plugin v24.0 - https:\/\/yoast.com\/wordpress\/plugins\/seo\/ -->\n<title>Tigude ja n\u00e4lkjate s\u00f6\u00f6tm\u00fcrk Ironmax Pro 20kg - Horticom<\/title>\n<meta name=\"robots\" content=\"index, follow, max-snippet:-1, max-image-preview:large, max-video-preview:-1\" \/>\n<link rel=\"canonical\" href=\"https:\/\/horticom.ee\/e-pood\/toode\/tigude-ja-nalkjate-sootmurk-ironmax-pro-20kg\/\" \/>\n<meta property=\"og:locale\" content=\"et_EE\" \/>\n<meta property=\"og:type\" content=\"article\" \/>\n<meta property=\"og:title\" content=\"Tigude ja n\u00e4lkjate s\u00f6\u00f6tm\u00fcrk Ironmax Pro 20kg - Horticom\" \/>\n<meta property=\"og:description\" content=\"Tigude ja n\u00e4lkjate s\u00f6\u00f6tm\u00fcrk Ironmax Pro 20kg on t\u00f5hus graanulitena s\u00f6\u00f6dam\u00fcrk, mis aitab t\u00f5rjuda tigusid ja n\u00e4lkjaid p\u00f5ldudel, k\u00f6\u00f6givilja- ja puuviljaaedades, iluaedades ning kasvuhoonetes. Toode sisaldab 24,2 g\/kg raud(III)fosfaati, mis meelitab ja h\u00e4vitab kahjurid. Toode sobib ka mahep\u00f5llumajanduses kasutamiseks. Eelised: * Graanuleid on lihtne laotada * Suurep\u00e4rane niiskuskindlus * Suurep\u00e4rane efektiivsus t\u00e4nu uuenduslikele graanulitele * [&hellip;]\" \/>\n<meta property=\"og:url\" content=\"https:\/\/horticom.ee\/e-pood\/toode\/tigude-ja-nalkjate-sootmurk-ironmax-pro-20kg\/\" \/>\n<meta property=\"og:site_name\" content=\"Horticom.ee\" \/>\n<meta property=\"article:publisher\" content=\"https:\/\/www.facebook.com\/horticom.ee\/e-pood\" \/>\n<meta property=\"article:modified_time\" content=\"2026-05-12T00:12:37+00:00\" \/>\n<meta property=\"og:image\" content=\"https:\/\/horticom.ee\/e-pood\/wp-content\/uploads\/importedmedia\/product_2586977_0_4120103.jpg\" \/>\n\t<meta property=\"og:image:width\" content=\"1000\" \/>\n\t<meta property=\"og:image:height\" content=\"1000\" \/>\n\t<meta property=\"og:image:type\" content=\"image\/jpeg\" \/>\n<meta name=\"twitter:card\" content=\"summary_large_image\" \/>\n<meta name=\"twitter:label1\" content=\"Est. reading time\" \/>\n\t<meta name=\"twitter:data1\" content=\"1 minut\" \/>\n<script type=\"application\/ld+json\" class=\"yoast-schema-graph\">{\"@context\":\"https:\/\/schema.org\",\"@graph\":[{\"@type\":\"WebPage\",\"@id\":\"https:\/\/horticom.ee\/e-pood\/toode\/tigude-ja-nalkjate-sootmurk-ironmax-pro-20kg\/\",\"url\":\"https:\/\/horticom.ee\/e-pood\/toode\/tigude-ja-nalkjate-sootmurk-ironmax-pro-20kg\/\",\"name\":\"Tigude ja n\u00e4lkjate s\u00f6\u00f6tm\u00fcrk Ironmax Pro 20kg - Horticom\",\"isPartOf\":{\"@id\":\"https:\/\/horticom.ee\/e-pood\/#website\"},\"primaryImageOfPage\":{\"@id\":\"https:\/\/horticom.ee\/e-pood\/toode\/tigude-ja-nalkjate-sootmurk-ironmax-pro-20kg\/#primaryimage\"},\"image\":{\"@id\":\"https:\/\/horticom.ee\/e-pood\/toode\/tigude-ja-nalkjate-sootmurk-ironmax-pro-20kg\/#primaryimage\"},\"thumbnailUrl\":\"https:\/\/horticom.ee\/e-pood\/wp-content\/uploads\/importedmedia\/product_2586977_0_4120103.jpg\",\"datePublished\":\"2026-03-26T15:01:01+00:00\",\"dateModified\":\"2026-05-12T00:12:37+00:00\",\"breadcrumb\":{\"@id\":\"https:\/\/horticom.ee\/e-pood\/toode\/tigude-ja-nalkjate-sootmurk-ironmax-pro-20kg\/#breadcrumb\"},\"inLanguage\":\"et\",\"potentialAction\":[{\"@type\":\"ReadAction\",\"target\":[\"https:\/\/horticom.ee\/e-pood\/toode\/tigude-ja-nalkjate-sootmurk-ironmax-pro-20kg\/\"]}]},{\"@type\":\"ImageObject\",\"inLanguage\":\"et\",\"@id\":\"https:\/\/horticom.ee\/e-pood\/toode\/tigude-ja-nalkjate-sootmurk-ironmax-pro-20kg\/#primaryimage\",\"url\":\"https:\/\/horticom.ee\/e-pood\/wp-content\/uploads\/importedmedia\/product_2586977_0_4120103.jpg\",\"contentUrl\":\"https:\/\/horticom.ee\/e-pood\/wp-content\/uploads\/importedmedia\/product_2586977_0_4120103.jpg\",\"width\":1000,\"height\":1000},{\"@type\":\"BreadcrumbList\",\"@id\":\"https:\/\/horticom.ee\/e-pood\/toode\/tigude-ja-nalkjate-sootmurk-ironmax-pro-20kg\/#breadcrumb\",\"itemListElement\":[{\"@type\":\"ListItem\",\"position\":1,\"name\":\"Home\",\"item\":\"https:\/\/horticom.ee\/e-pood\/\"},{\"@type\":\"ListItem\",\"position\":2,\"name\":\"Pood\",\"item\":\"https:\/\/horticom.ee\/e-pood\/pood\/\"},{\"@type\":\"ListItem\",\"position\":3,\"name\":\"Tigude ja n\u00e4lkjate s\u00f6\u00f6tm\u00fcrk Ironmax Pro 20kg\"}]},{\"@type\":\"WebSite\",\"@id\":\"https:\/\/horticom.ee\/e-pood\/#website\",\"url\":\"https:\/\/horticom.ee\/e-pood\/\",\"name\":\"Horticom.ee\",\"description\":\"Aianduskaubad ja kodukaubad nii harrastajatele kui professionaalidele\",\"potentialAction\":[{\"@type\":\"SearchAction\",\"target\":{\"@type\":\"EntryPoint\",\"urlTemplate\":\"https:\/\/horticom.ee\/e-pood\/?s={search_term_string}\"},\"query-input\":{\"@type\":\"PropertyValueSpecification\",\"valueRequired\":true,\"valueName\":\"search_term_string\"}}],\"inLanguage\":\"et\"}]}<\/script>\n<!-- \/ Yoast SEO plugin. -->","yoast_head_json":{"title":"Tigude ja n\u00e4lkjate s\u00f6\u00f6tm\u00fcrk Ironmax Pro 20kg - Horticom","robots":{"index":"index","follow":"follow","max-snippet":"max-snippet:-1","max-image-preview":"max-image-preview:large","max-video-preview":"max-video-preview:-1"},"canonical":"https:\/\/horticom.ee\/e-pood\/toode\/tigude-ja-nalkjate-sootmurk-ironmax-pro-20kg\/","og_locale":"et_EE","og_type":"article","og_title":"Tigude ja n\u00e4lkjate s\u00f6\u00f6tm\u00fcrk Ironmax Pro 20kg - Horticom","og_description":"Tigude ja n\u00e4lkjate s\u00f6\u00f6tm\u00fcrk Ironmax Pro 20kg on t\u00f5hus graanulitena s\u00f6\u00f6dam\u00fcrk, mis aitab t\u00f5rjuda tigusid ja n\u00e4lkjaid p\u00f5ldudel, k\u00f6\u00f6givilja- ja puuviljaaedades, iluaedades ning kasvuhoonetes. Toode sisaldab 24,2 g\/kg raud(III)fosfaati, mis meelitab ja h\u00e4vitab kahjurid. Toode sobib ka mahep\u00f5llumajanduses kasutamiseks. Eelised: * Graanuleid on lihtne laotada * Suurep\u00e4rane niiskuskindlus * Suurep\u00e4rane efektiivsus t\u00e4nu uuenduslikele graanulitele * [&hellip;]","og_url":"https:\/\/horticom.ee\/e-pood\/toode\/tigude-ja-nalkjate-sootmurk-ironmax-pro-20kg\/","og_site_name":"Horticom.ee","article_publisher":"https:\/\/www.facebook.com\/horticom.ee\/e-pood","article_modified_time":"2026-05-12T00:12:37+00:00","og_image":[{"width":1000,"height":1000,"url":"https:\/\/horticom.ee\/e-pood\/wp-content\/uploads\/importedmedia\/product_2586977_0_4120103.jpg","type":"image\/jpeg"}],"twitter_card":"summary_large_image","twitter_misc":{"Est. reading time":"1 minut"},"schema":{"@context":"https:\/\/schema.org","@graph":[{"@type":"WebPage","@id":"https:\/\/horticom.ee\/e-pood\/toode\/tigude-ja-nalkjate-sootmurk-ironmax-pro-20kg\/","url":"https:\/\/horticom.ee\/e-pood\/toode\/tigude-ja-nalkjate-sootmurk-ironmax-pro-20kg\/","name":"Tigude ja n\u00e4lkjate s\u00f6\u00f6tm\u00fcrk Ironmax Pro 20kg - Horticom","isPartOf":{"@id":"https:\/\/horticom.ee\/e-pood\/#website"},"primaryImageOfPage":{"@id":"https:\/\/horticom.ee\/e-pood\/toode\/tigude-ja-nalkjate-sootmurk-ironmax-pro-20kg\/#primaryimage"},"image":{"@id":"https:\/\/horticom.ee\/e-pood\/toode\/tigude-ja-nalkjate-sootmurk-ironmax-pro-20kg\/#primaryimage"},"thumbnailUrl":"https:\/\/horticom.ee\/e-pood\/wp-content\/uploads\/importedmedia\/product_2586977_0_4120103.jpg","datePublished":"2026-03-26T15:01:01+00:00","dateModified":"2026-05-12T00:12:37+00:00","breadcrumb":{"@id":"https:\/\/horticom.ee\/e-pood\/toode\/tigude-ja-nalkjate-sootmurk-ironmax-pro-20kg\/#breadcrumb"},"inLanguage":"et","potentialAction":[{"@type":"ReadAction","target":["https:\/\/horticom.ee\/e-pood\/toode\/tigude-ja-nalkjate-sootmurk-ironmax-pro-20kg\/"]}]},{"@type":"ImageObject","inLanguage":"et","@id":"https:\/\/horticom.ee\/e-pood\/toode\/tigude-ja-nalkjate-sootmurk-ironmax-pro-20kg\/#primaryimage","url":"https:\/\/horticom.ee\/e-pood\/wp-content\/uploads\/importedmedia\/product_2586977_0_4120103.jpg","contentUrl":"https:\/\/horticom.ee\/e-pood\/wp-content\/uploads\/importedmedia\/product_2586977_0_4120103.jpg","width":1000,"height":1000},{"@type":"BreadcrumbList","@id":"https:\/\/horticom.ee\/e-pood\/toode\/tigude-ja-nalkjate-sootmurk-ironmax-pro-20kg\/#breadcrumb","itemListElement":[{"@type":"ListItem","position":1,"name":"Home","item":"https:\/\/horticom.ee\/e-pood\/"},{"@type":"ListItem","position":2,"name":"Pood","item":"https:\/\/horticom.ee\/e-pood\/pood\/"},{"@type":"ListItem","position":3,"name":"Tigude ja n\u00e4lkjate s\u00f6\u00f6tm\u00fcrk Ironmax Pro 20kg"}]},{"@type":"WebSite","@id":"https:\/\/horticom.ee\/e-pood\/#website","url":"https:\/\/horticom.ee\/e-pood\/","name":"Horticom.ee","description":"Aianduskaubad ja kodukaubad nii harrastajatele kui professionaalidele","potentialAction":[{"@type":"SearchAction","target":{"@type":"EntryPoint","urlTemplate":"https:\/\/horticom.ee\/e-pood\/?s={search_term_string}"},"query-input":{"@type":"PropertyValueSpecification","valueRequired":true,"valueName":"search_term_string"}}],"inLanguage":"et"}]}},"_links":{"self":[{"href":"https:\/\/horticom.ee\/e-pood\/wp-json\/wp\/v2\/product\/2586977","targetHints":{"allow":["GET"]}}],"collection":[{"href":"https:\/\/horticom.ee\/e-pood\/wp-json\/wp\/v2\/product"}],"about":[{"href":"https:\/\/horticom.ee\/e-pood\/wp-json\/wp\/v2\/types\/product"}],"replies":[{"embeddable":true,"href":"https:\/\/horticom.ee\/e-pood\/wp-json\/wp\/v2\/comments?post=2586977"}],"wp:featuredmedia":[{"embeddable":true,"href":"https:\/\/horticom.ee\/e-pood\/wp-json\/wp\/v2\/media\/2586985"}],"wp:attachment":[{"href":"https:\/\/horticom.ee\/e-pood\/wp-json\/wp\/v2\/media?parent=2586977"}],"wp:term":[{"taxonomy":"product_cat","embeddable":true,"href":"https:\/\/horticom.ee\/e-pood\/wp-json\/wp\/v2\/product_cat?post=2586977"},{"taxonomy":"product_tag","embeddable":true,"href":"https:\/\/horticom.ee\/e-pood\/wp-json\/wp\/v2\/product_tag?post=2586977"}],"curies":[{"name":"wp","href":"https:\/\/api.w.org\/{rel}","templated":true}]}}