{"id":2587873,"date":"2026-03-27T17:00:55","date_gmt":"2026-03-27T15:00:55","guid":{"rendered":"https:\/\/horticom.ee\/e-pood\/toode\/lilleseade-kaarid-felco-310-loike-d10mm-185mm-kaal-110g-vaikeseks-loikeks\/"},"modified":"2026-04-09T03:10:55","modified_gmt":"2026-04-09T00:10:55","slug":"lilleseade-kaarid-felco-310-loike-d10mm-185mm-kaal-110g-vaikeseks-loikeks","status":"publish","type":"product","link":"https:\/\/horticom.ee\/e-pood\/toode\/lilleseade-kaarid-felco-310-loike-d10mm-185mm-kaal-110g-vaikeseks-loikeks\/","title":{"rendered":"Lilleseade k\u00e4\u00e4rid Felco 310 l\u00f5ike d10mm 185mm kaal 110g v\u00e4ikeseks l\u00f5ikeks"},"content":{"rendered":"<p>Felco 310 k\u00e4\u00e4rid on m\u00f5eldud peamiselt viinamarjade korjamiseks ja p\u00fcgamiseks. Nende kitsas l\u00f5ikepea v\u00f5imaldab h\u00f5lpsasti ligip\u00e4\u00e4su raskesti ligip\u00e4\u00e4setavatele aladele, nagu n\u00e4iteks viinapuude oksad. K\u00e4\u00e4rid sobivad ka lillede ja puuviljade korjamiseks, tagades minimaalse raiskamise. Ergonoomiline k\u00e4epide muudab k\u00e4\u00e4rid mugavaks nii v\u00e4ikeste kui suurte k\u00e4tega kasutajatele, pakkudes suurep\u00e4rast man\u00f6\u00f6verdusv\u00f5imet igas l\u00f5iket\u00f6\u00f6s<\/p>\n","protected":false},"excerpt":{"rendered":"<p>Felco 310 k\u00e4\u00e4rid on m\u00f5eldud peamiselt viinamarjade korjamiseks ja p\u00fcgamiseks. Nende kitsas l\u00f5ikepea v\u00f5imaldab h\u00f5lpsasti ligip\u00e4\u00e4su raskesti ligip\u00e4\u00e4setavatele aladele, nagu n\u00e4iteks viinapuude oksad. K\u00e4\u00e4rid sobivad ka lillede ja puuviljade korjamiseks, tagades minimaalse raiskamise. Ergonoomiline k\u00e4epide muudab k\u00e4\u00e4rid mugavaks nii v\u00e4ikeste kui suurte k\u00e4tega kasutajatele, pakkudes suurep\u00e4rast man\u00f6\u00f6verdusv\u00f5imet igas l\u00f5iket\u00f6\u00f6s<\/p>\n","protected":false},"featured_media":2588088,"comment_status":"closed","ping_status":"closed","template":"","meta":{"_themeisle_gutenberg_block_has_review":false},"product_cat":[13349,13622],"product_tag":[],"class_list":{"0":"post-2587873","1":"product","2":"type-product","3":"status-publish","4":"has-post-thumbnail","6":"product_cat-kaarid","7":"product_cat-aiatooriistad-tootjale","9":"first","10":"instock","11":"shipping-taxable","12":"purchasable","13":"product-type-simple"},"yoast_head":"<!-- This site is optimized with the Yoast SEO plugin v24.0 - https:\/\/yoast.com\/wordpress\/plugins\/seo\/ -->\n<title>Lilleseade k\u00e4\u00e4rid Felco 310 l\u00f5ike d10mm 185mm kaal 110g v\u00e4ikeseks l\u00f5ikeks - Horticom<\/title>\n<meta name=\"robots\" content=\"index, follow, max-snippet:-1, max-image-preview:large, max-video-preview:-1\" \/>\n<link rel=\"canonical\" href=\"https:\/\/horticom.ee\/e-pood\/toode\/lilleseade-kaarid-felco-310-loike-d10mm-185mm-kaal-110g-vaikeseks-loikeks\/\" \/>\n<meta property=\"og:locale\" content=\"et_EE\" \/>\n<meta property=\"og:type\" content=\"article\" \/>\n<meta property=\"og:title\" content=\"Lilleseade k\u00e4\u00e4rid Felco 310 l\u00f5ike d10mm 185mm kaal 110g v\u00e4ikeseks l\u00f5ikeks - Horticom\" \/>\n<meta property=\"og:description\" content=\"Felco 310 k\u00e4\u00e4rid on m\u00f5eldud peamiselt viinamarjade korjamiseks ja p\u00fcgamiseks. Nende kitsas l\u00f5ikepea v\u00f5imaldab h\u00f5lpsasti ligip\u00e4\u00e4su raskesti ligip\u00e4\u00e4setavatele aladele, nagu n\u00e4iteks viinapuude oksad. K\u00e4\u00e4rid sobivad ka lillede ja puuviljade korjamiseks, tagades minimaalse raiskamise. Ergonoomiline k\u00e4epide muudab k\u00e4\u00e4rid mugavaks nii v\u00e4ikeste kui suurte k\u00e4tega kasutajatele, pakkudes suurep\u00e4rast man\u00f6\u00f6verdusv\u00f5imet igas l\u00f5iket\u00f6\u00f6s\" \/>\n<meta property=\"og:url\" content=\"https:\/\/horticom.ee\/e-pood\/toode\/lilleseade-kaarid-felco-310-loike-d10mm-185mm-kaal-110g-vaikeseks-loikeks\/\" \/>\n<meta property=\"og:site_name\" content=\"Horticom.ee\" \/>\n<meta property=\"article:publisher\" content=\"https:\/\/www.facebook.com\/horticom.ee\/e-pood\" \/>\n<meta property=\"article:modified_time\" content=\"2026-04-09T00:10:55+00:00\" \/>\n<meta property=\"og:image\" content=\"https:\/\/horticom.ee\/e-pood\/wp-content\/uploads\/importedmedia\/product_2587873_0_3600150.jpg\" \/>\n\t<meta property=\"og:image:width\" content=\"1000\" \/>\n\t<meta property=\"og:image:height\" content=\"2397\" \/>\n\t<meta property=\"og:image:type\" content=\"image\/jpeg\" \/>\n<meta name=\"twitter:card\" content=\"summary_large_image\" \/>\n<script type=\"application\/ld+json\" class=\"yoast-schema-graph\">{\"@context\":\"https:\/\/schema.org\",\"@graph\":[{\"@type\":\"WebPage\",\"@id\":\"https:\/\/horticom.ee\/e-pood\/toode\/lilleseade-kaarid-felco-310-loike-d10mm-185mm-kaal-110g-vaikeseks-loikeks\/\",\"url\":\"https:\/\/horticom.ee\/e-pood\/toode\/lilleseade-kaarid-felco-310-loike-d10mm-185mm-kaal-110g-vaikeseks-loikeks\/\",\"name\":\"Lilleseade k\u00e4\u00e4rid Felco 310 l\u00f5ike d10mm 185mm kaal 110g v\u00e4ikeseks l\u00f5ikeks - Horticom\",\"isPartOf\":{\"@id\":\"https:\/\/horticom.ee\/e-pood\/#website\"},\"primaryImageOfPage\":{\"@id\":\"https:\/\/horticom.ee\/e-pood\/toode\/lilleseade-kaarid-felco-310-loike-d10mm-185mm-kaal-110g-vaikeseks-loikeks\/#primaryimage\"},\"image\":{\"@id\":\"https:\/\/horticom.ee\/e-pood\/toode\/lilleseade-kaarid-felco-310-loike-d10mm-185mm-kaal-110g-vaikeseks-loikeks\/#primaryimage\"},\"thumbnailUrl\":\"https:\/\/horticom.ee\/e-pood\/wp-content\/uploads\/importedmedia\/product_2587873_0_3600150.jpg\",\"datePublished\":\"2026-03-27T15:00:55+00:00\",\"dateModified\":\"2026-04-09T00:10:55+00:00\",\"breadcrumb\":{\"@id\":\"https:\/\/horticom.ee\/e-pood\/toode\/lilleseade-kaarid-felco-310-loike-d10mm-185mm-kaal-110g-vaikeseks-loikeks\/#breadcrumb\"},\"inLanguage\":\"et\",\"potentialAction\":[{\"@type\":\"ReadAction\",\"target\":[\"https:\/\/horticom.ee\/e-pood\/toode\/lilleseade-kaarid-felco-310-loike-d10mm-185mm-kaal-110g-vaikeseks-loikeks\/\"]}]},{\"@type\":\"ImageObject\",\"inLanguage\":\"et\",\"@id\":\"https:\/\/horticom.ee\/e-pood\/toode\/lilleseade-kaarid-felco-310-loike-d10mm-185mm-kaal-110g-vaikeseks-loikeks\/#primaryimage\",\"url\":\"https:\/\/horticom.ee\/e-pood\/wp-content\/uploads\/importedmedia\/product_2587873_0_3600150.jpg\",\"contentUrl\":\"https:\/\/horticom.ee\/e-pood\/wp-content\/uploads\/importedmedia\/product_2587873_0_3600150.jpg\",\"width\":1000,\"height\":2397},{\"@type\":\"BreadcrumbList\",\"@id\":\"https:\/\/horticom.ee\/e-pood\/toode\/lilleseade-kaarid-felco-310-loike-d10mm-185mm-kaal-110g-vaikeseks-loikeks\/#breadcrumb\",\"itemListElement\":[{\"@type\":\"ListItem\",\"position\":1,\"name\":\"Home\",\"item\":\"https:\/\/horticom.ee\/e-pood\/\"},{\"@type\":\"ListItem\",\"position\":2,\"name\":\"Pood\",\"item\":\"https:\/\/horticom.ee\/e-pood\/pood\/\"},{\"@type\":\"ListItem\",\"position\":3,\"name\":\"Lilleseade k\u00e4\u00e4rid Felco 310 l\u00f5ike d10mm 185mm kaal 110g v\u00e4ikeseks l\u00f5ikeks\"}]},{\"@type\":\"WebSite\",\"@id\":\"https:\/\/horticom.ee\/e-pood\/#website\",\"url\":\"https:\/\/horticom.ee\/e-pood\/\",\"name\":\"Horticom.ee\",\"description\":\"Aianduskaubad ja kodukaubad nii harrastajatele kui professionaalidele\",\"potentialAction\":[{\"@type\":\"SearchAction\",\"target\":{\"@type\":\"EntryPoint\",\"urlTemplate\":\"https:\/\/horticom.ee\/e-pood\/?s={search_term_string}\"},\"query-input\":{\"@type\":\"PropertyValueSpecification\",\"valueRequired\":true,\"valueName\":\"search_term_string\"}}],\"inLanguage\":\"et\"}]}<\/script>\n<!-- \/ Yoast SEO plugin. -->","yoast_head_json":{"title":"Lilleseade k\u00e4\u00e4rid Felco 310 l\u00f5ike d10mm 185mm kaal 110g v\u00e4ikeseks l\u00f5ikeks - Horticom","robots":{"index":"index","follow":"follow","max-snippet":"max-snippet:-1","max-image-preview":"max-image-preview:large","max-video-preview":"max-video-preview:-1"},"canonical":"https:\/\/horticom.ee\/e-pood\/toode\/lilleseade-kaarid-felco-310-loike-d10mm-185mm-kaal-110g-vaikeseks-loikeks\/","og_locale":"et_EE","og_type":"article","og_title":"Lilleseade k\u00e4\u00e4rid Felco 310 l\u00f5ike d10mm 185mm kaal 110g v\u00e4ikeseks l\u00f5ikeks - Horticom","og_description":"Felco 310 k\u00e4\u00e4rid on m\u00f5eldud peamiselt viinamarjade korjamiseks ja p\u00fcgamiseks. Nende kitsas l\u00f5ikepea v\u00f5imaldab h\u00f5lpsasti ligip\u00e4\u00e4su raskesti ligip\u00e4\u00e4setavatele aladele, nagu n\u00e4iteks viinapuude oksad. K\u00e4\u00e4rid sobivad ka lillede ja puuviljade korjamiseks, tagades minimaalse raiskamise. Ergonoomiline k\u00e4epide muudab k\u00e4\u00e4rid mugavaks nii v\u00e4ikeste kui suurte k\u00e4tega kasutajatele, pakkudes suurep\u00e4rast man\u00f6\u00f6verdusv\u00f5imet igas l\u00f5iket\u00f6\u00f6s","og_url":"https:\/\/horticom.ee\/e-pood\/toode\/lilleseade-kaarid-felco-310-loike-d10mm-185mm-kaal-110g-vaikeseks-loikeks\/","og_site_name":"Horticom.ee","article_publisher":"https:\/\/www.facebook.com\/horticom.ee\/e-pood","article_modified_time":"2026-04-09T00:10:55+00:00","og_image":[{"width":1000,"height":2397,"url":"https:\/\/horticom.ee\/e-pood\/wp-content\/uploads\/importedmedia\/product_2587873_0_3600150.jpg","type":"image\/jpeg"}],"twitter_card":"summary_large_image","schema":{"@context":"https:\/\/schema.org","@graph":[{"@type":"WebPage","@id":"https:\/\/horticom.ee\/e-pood\/toode\/lilleseade-kaarid-felco-310-loike-d10mm-185mm-kaal-110g-vaikeseks-loikeks\/","url":"https:\/\/horticom.ee\/e-pood\/toode\/lilleseade-kaarid-felco-310-loike-d10mm-185mm-kaal-110g-vaikeseks-loikeks\/","name":"Lilleseade k\u00e4\u00e4rid Felco 310 l\u00f5ike d10mm 185mm kaal 110g v\u00e4ikeseks l\u00f5ikeks - Horticom","isPartOf":{"@id":"https:\/\/horticom.ee\/e-pood\/#website"},"primaryImageOfPage":{"@id":"https:\/\/horticom.ee\/e-pood\/toode\/lilleseade-kaarid-felco-310-loike-d10mm-185mm-kaal-110g-vaikeseks-loikeks\/#primaryimage"},"image":{"@id":"https:\/\/horticom.ee\/e-pood\/toode\/lilleseade-kaarid-felco-310-loike-d10mm-185mm-kaal-110g-vaikeseks-loikeks\/#primaryimage"},"thumbnailUrl":"https:\/\/horticom.ee\/e-pood\/wp-content\/uploads\/importedmedia\/product_2587873_0_3600150.jpg","datePublished":"2026-03-27T15:00:55+00:00","dateModified":"2026-04-09T00:10:55+00:00","breadcrumb":{"@id":"https:\/\/horticom.ee\/e-pood\/toode\/lilleseade-kaarid-felco-310-loike-d10mm-185mm-kaal-110g-vaikeseks-loikeks\/#breadcrumb"},"inLanguage":"et","potentialAction":[{"@type":"ReadAction","target":["https:\/\/horticom.ee\/e-pood\/toode\/lilleseade-kaarid-felco-310-loike-d10mm-185mm-kaal-110g-vaikeseks-loikeks\/"]}]},{"@type":"ImageObject","inLanguage":"et","@id":"https:\/\/horticom.ee\/e-pood\/toode\/lilleseade-kaarid-felco-310-loike-d10mm-185mm-kaal-110g-vaikeseks-loikeks\/#primaryimage","url":"https:\/\/horticom.ee\/e-pood\/wp-content\/uploads\/importedmedia\/product_2587873_0_3600150.jpg","contentUrl":"https:\/\/horticom.ee\/e-pood\/wp-content\/uploads\/importedmedia\/product_2587873_0_3600150.jpg","width":1000,"height":2397},{"@type":"BreadcrumbList","@id":"https:\/\/horticom.ee\/e-pood\/toode\/lilleseade-kaarid-felco-310-loike-d10mm-185mm-kaal-110g-vaikeseks-loikeks\/#breadcrumb","itemListElement":[{"@type":"ListItem","position":1,"name":"Home","item":"https:\/\/horticom.ee\/e-pood\/"},{"@type":"ListItem","position":2,"name":"Pood","item":"https:\/\/horticom.ee\/e-pood\/pood\/"},{"@type":"ListItem","position":3,"name":"Lilleseade k\u00e4\u00e4rid Felco 310 l\u00f5ike d10mm 185mm kaal 110g v\u00e4ikeseks l\u00f5ikeks"}]},{"@type":"WebSite","@id":"https:\/\/horticom.ee\/e-pood\/#website","url":"https:\/\/horticom.ee\/e-pood\/","name":"Horticom.ee","description":"Aianduskaubad ja kodukaubad nii harrastajatele kui professionaalidele","potentialAction":[{"@type":"SearchAction","target":{"@type":"EntryPoint","urlTemplate":"https:\/\/horticom.ee\/e-pood\/?s={search_term_string}"},"query-input":{"@type":"PropertyValueSpecification","valueRequired":true,"valueName":"search_term_string"}}],"inLanguage":"et"}]}},"_links":{"self":[{"href":"https:\/\/horticom.ee\/e-pood\/wp-json\/wp\/v2\/product\/2587873","targetHints":{"allow":["GET"]}}],"collection":[{"href":"https:\/\/horticom.ee\/e-pood\/wp-json\/wp\/v2\/product"}],"about":[{"href":"https:\/\/horticom.ee\/e-pood\/wp-json\/wp\/v2\/types\/product"}],"replies":[{"embeddable":true,"href":"https:\/\/horticom.ee\/e-pood\/wp-json\/wp\/v2\/comments?post=2587873"}],"wp:featuredmedia":[{"embeddable":true,"href":"https:\/\/horticom.ee\/e-pood\/wp-json\/wp\/v2\/media\/2588088"}],"wp:attachment":[{"href":"https:\/\/horticom.ee\/e-pood\/wp-json\/wp\/v2\/media?parent=2587873"}],"wp:term":[{"taxonomy":"product_cat","embeddable":true,"href":"https:\/\/horticom.ee\/e-pood\/wp-json\/wp\/v2\/product_cat?post=2587873"},{"taxonomy":"product_tag","embeddable":true,"href":"https:\/\/horticom.ee\/e-pood\/wp-json\/wp\/v2\/product_tag?post=2587873"}],"curies":[{"name":"wp","href":"https:\/\/api.w.org\/{rel}","templated":true}]}}