{"id":2590865,"date":"2026-03-31T06:00:29","date_gmt":"2026-03-31T03:00:29","guid":{"rendered":"https:\/\/horticom.ee\/e-pood\/toode\/vaetis-osmocote-exact-standard-16-9-122mgote-3-4k-25kg\/"},"modified":"2026-04-23T03:16:00","modified_gmt":"2026-04-23T00:16:00","slug":"vaetis-osmocote-exact-standard-16-9-122mgote-3-4k-25kg","status":"publish","type":"product","link":"https:\/\/horticom.ee\/e-pood\/toode\/vaetis-osmocote-exact-standard-16-9-122mgote-3-4k-25kg\/","title":{"rendered":"V\u00e4etis Osmocote Exact Standard 16-9-12+2MgO+TE \/ 3-4k 25kg"},"content":{"rendered":"<p>Osmocte Exact on kolmanda p\u00f5lvkonna kontrollitult lahustuv v\u00e4etis, mis tagab turvalisuse ning \u00fchtlase ja reguleeritud toitainete eraldumise. Erinevatel taimedel on erinev toitainete vajadus ja seet\u00f5ttu on vaja kaetud v\u00e4etiseid, millel ei ole mitte ainult m\u00e4\u00e4ratud kestvus vaid ka ajas muutuv toitainete eraldumine. Osmocote Exact j\u00e4rgib taime kasvu, mis teeb toote v\u00e4ga efektiivseks ja turvaliseks. Osmocote Exact sobib eelk\u00f5ige kasutamiseks k\u00f5rge v\u00e4\u00e4rtusega ja tundlike kultuuride kasvatamisel.<\/p>\n","protected":false},"excerpt":{"rendered":"<p>Osmocte Exact on kolmanda p\u00f5lvkonna kontrollitult lahustuv v\u00e4etis, mis tagab turvalisuse ning \u00fchtlase ja reguleeritud toitainete eraldumise. Erinevatel taimedel on erinev toitainete vajadus ja seet\u00f5ttu on vaja kaetud v\u00e4etiseid, millel ei ole mitte ainult m\u00e4\u00e4ratud kestvus vaid ka ajas muutuv toitainete eraldumine. Osmocote Exact j\u00e4rgib taime kasvu, mis teeb toote v\u00e4ga efektiivseks ja turvaliseks. Osmocote [&hellip;]<\/p>\n","protected":false},"featured_media":2591302,"comment_status":"closed","ping_status":"closed","template":"","meta":{"_themeisle_gutenberg_block_has_review":false},"product_cat":[16965,16966,13572],"product_tag":[],"class_list":{"0":"post-2590865","1":"product","2":"type-product","3":"status-publish","4":"has-post-thumbnail","6":"product_cat-koogiviljadele-ja-maitsetaimedele","7":"product_cat-marjadele-ja-puuviljadele","8":"product_cat-vaetised-lilledele","10":"first","11":"instock","12":"shipping-taxable","13":"purchasable","14":"product-type-simple"},"yoast_head":"<!-- This site is optimized with the Yoast SEO plugin v24.0 - https:\/\/yoast.com\/wordpress\/plugins\/seo\/ -->\n<title>V\u00e4etis Osmocote Exact Standard 16-9-12+2MgO+TE \/ 3-4k 25kg - Horticom<\/title>\n<meta name=\"robots\" content=\"index, follow, max-snippet:-1, max-image-preview:large, max-video-preview:-1\" \/>\n<link rel=\"canonical\" href=\"https:\/\/horticom.ee\/e-pood\/toode\/vaetis-osmocote-exact-standard-16-9-122mgote-3-4k-25kg\/\" \/>\n<meta property=\"og:locale\" content=\"et_EE\" \/>\n<meta property=\"og:type\" content=\"article\" \/>\n<meta property=\"og:title\" content=\"V\u00e4etis Osmocote Exact Standard 16-9-12+2MgO+TE \/ 3-4k 25kg - Horticom\" \/>\n<meta property=\"og:description\" content=\"Osmocte Exact on kolmanda p\u00f5lvkonna kontrollitult lahustuv v\u00e4etis, mis tagab turvalisuse ning \u00fchtlase ja reguleeritud toitainete eraldumise. Erinevatel taimedel on erinev toitainete vajadus ja seet\u00f5ttu on vaja kaetud v\u00e4etiseid, millel ei ole mitte ainult m\u00e4\u00e4ratud kestvus vaid ka ajas muutuv toitainete eraldumine. Osmocote Exact j\u00e4rgib taime kasvu, mis teeb toote v\u00e4ga efektiivseks ja turvaliseks. Osmocote [&hellip;]\" \/>\n<meta property=\"og:url\" content=\"https:\/\/horticom.ee\/e-pood\/toode\/vaetis-osmocote-exact-standard-16-9-122mgote-3-4k-25kg\/\" \/>\n<meta property=\"og:site_name\" content=\"Horticom.ee\" \/>\n<meta property=\"article:publisher\" content=\"https:\/\/www.facebook.com\/horticom.ee\/e-pood\" \/>\n<meta property=\"article:modified_time\" content=\"2026-04-23T00:16:00+00:00\" \/>\n<meta property=\"og:image\" content=\"https:\/\/horticom.ee\/e-pood\/wp-content\/uploads\/importedmedia\/product_2590865_0_432102.jpg\" \/>\n\t<meta property=\"og:image:width\" content=\"1000\" \/>\n\t<meta property=\"og:image:height\" content=\"1000\" \/>\n\t<meta property=\"og:image:type\" content=\"image\/jpeg\" \/>\n<meta name=\"twitter:card\" content=\"summary_large_image\" \/>\n<script type=\"application\/ld+json\" class=\"yoast-schema-graph\">{\"@context\":\"https:\/\/schema.org\",\"@graph\":[{\"@type\":\"WebPage\",\"@id\":\"https:\/\/horticom.ee\/e-pood\/toode\/vaetis-osmocote-exact-standard-16-9-122mgote-3-4k-25kg\/\",\"url\":\"https:\/\/horticom.ee\/e-pood\/toode\/vaetis-osmocote-exact-standard-16-9-122mgote-3-4k-25kg\/\",\"name\":\"V\u00e4etis Osmocote Exact Standard 16-9-12+2MgO+TE \/ 3-4k 25kg - Horticom\",\"isPartOf\":{\"@id\":\"https:\/\/horticom.ee\/e-pood\/#website\"},\"primaryImageOfPage\":{\"@id\":\"https:\/\/horticom.ee\/e-pood\/toode\/vaetis-osmocote-exact-standard-16-9-122mgote-3-4k-25kg\/#primaryimage\"},\"image\":{\"@id\":\"https:\/\/horticom.ee\/e-pood\/toode\/vaetis-osmocote-exact-standard-16-9-122mgote-3-4k-25kg\/#primaryimage\"},\"thumbnailUrl\":\"https:\/\/horticom.ee\/e-pood\/wp-content\/uploads\/importedmedia\/product_2590865_0_432102.jpg\",\"datePublished\":\"2026-03-31T03:00:29+00:00\",\"dateModified\":\"2026-04-23T00:16:00+00:00\",\"breadcrumb\":{\"@id\":\"https:\/\/horticom.ee\/e-pood\/toode\/vaetis-osmocote-exact-standard-16-9-122mgote-3-4k-25kg\/#breadcrumb\"},\"inLanguage\":\"et\",\"potentialAction\":[{\"@type\":\"ReadAction\",\"target\":[\"https:\/\/horticom.ee\/e-pood\/toode\/vaetis-osmocote-exact-standard-16-9-122mgote-3-4k-25kg\/\"]}]},{\"@type\":\"ImageObject\",\"inLanguage\":\"et\",\"@id\":\"https:\/\/horticom.ee\/e-pood\/toode\/vaetis-osmocote-exact-standard-16-9-122mgote-3-4k-25kg\/#primaryimage\",\"url\":\"https:\/\/horticom.ee\/e-pood\/wp-content\/uploads\/importedmedia\/product_2590865_0_432102.jpg\",\"contentUrl\":\"https:\/\/horticom.ee\/e-pood\/wp-content\/uploads\/importedmedia\/product_2590865_0_432102.jpg\",\"width\":1000,\"height\":1000},{\"@type\":\"BreadcrumbList\",\"@id\":\"https:\/\/horticom.ee\/e-pood\/toode\/vaetis-osmocote-exact-standard-16-9-122mgote-3-4k-25kg\/#breadcrumb\",\"itemListElement\":[{\"@type\":\"ListItem\",\"position\":1,\"name\":\"Home\",\"item\":\"https:\/\/horticom.ee\/e-pood\/\"},{\"@type\":\"ListItem\",\"position\":2,\"name\":\"Pood\",\"item\":\"https:\/\/horticom.ee\/e-pood\/pood\/\"},{\"@type\":\"ListItem\",\"position\":3,\"name\":\"V\u00e4etis Osmocote Exact Standard 16-9-12+2MgO+TE \/ 3-4k 25kg\"}]},{\"@type\":\"WebSite\",\"@id\":\"https:\/\/horticom.ee\/e-pood\/#website\",\"url\":\"https:\/\/horticom.ee\/e-pood\/\",\"name\":\"Horticom.ee\",\"description\":\"Aianduskaubad ja kodukaubad nii harrastajatele kui professionaalidele\",\"potentialAction\":[{\"@type\":\"SearchAction\",\"target\":{\"@type\":\"EntryPoint\",\"urlTemplate\":\"https:\/\/horticom.ee\/e-pood\/?s={search_term_string}\"},\"query-input\":{\"@type\":\"PropertyValueSpecification\",\"valueRequired\":true,\"valueName\":\"search_term_string\"}}],\"inLanguage\":\"et\"}]}<\/script>\n<!-- \/ Yoast SEO plugin. -->","yoast_head_json":{"title":"V\u00e4etis Osmocote Exact Standard 16-9-12+2MgO+TE \/ 3-4k 25kg - Horticom","robots":{"index":"index","follow":"follow","max-snippet":"max-snippet:-1","max-image-preview":"max-image-preview:large","max-video-preview":"max-video-preview:-1"},"canonical":"https:\/\/horticom.ee\/e-pood\/toode\/vaetis-osmocote-exact-standard-16-9-122mgote-3-4k-25kg\/","og_locale":"et_EE","og_type":"article","og_title":"V\u00e4etis Osmocote Exact Standard 16-9-12+2MgO+TE \/ 3-4k 25kg - Horticom","og_description":"Osmocte Exact on kolmanda p\u00f5lvkonna kontrollitult lahustuv v\u00e4etis, mis tagab turvalisuse ning \u00fchtlase ja reguleeritud toitainete eraldumise. Erinevatel taimedel on erinev toitainete vajadus ja seet\u00f5ttu on vaja kaetud v\u00e4etiseid, millel ei ole mitte ainult m\u00e4\u00e4ratud kestvus vaid ka ajas muutuv toitainete eraldumine. Osmocote Exact j\u00e4rgib taime kasvu, mis teeb toote v\u00e4ga efektiivseks ja turvaliseks. Osmocote [&hellip;]","og_url":"https:\/\/horticom.ee\/e-pood\/toode\/vaetis-osmocote-exact-standard-16-9-122mgote-3-4k-25kg\/","og_site_name":"Horticom.ee","article_publisher":"https:\/\/www.facebook.com\/horticom.ee\/e-pood","article_modified_time":"2026-04-23T00:16:00+00:00","og_image":[{"width":1000,"height":1000,"url":"https:\/\/horticom.ee\/e-pood\/wp-content\/uploads\/importedmedia\/product_2590865_0_432102.jpg","type":"image\/jpeg"}],"twitter_card":"summary_large_image","schema":{"@context":"https:\/\/schema.org","@graph":[{"@type":"WebPage","@id":"https:\/\/horticom.ee\/e-pood\/toode\/vaetis-osmocote-exact-standard-16-9-122mgote-3-4k-25kg\/","url":"https:\/\/horticom.ee\/e-pood\/toode\/vaetis-osmocote-exact-standard-16-9-122mgote-3-4k-25kg\/","name":"V\u00e4etis Osmocote Exact Standard 16-9-12+2MgO+TE \/ 3-4k 25kg - Horticom","isPartOf":{"@id":"https:\/\/horticom.ee\/e-pood\/#website"},"primaryImageOfPage":{"@id":"https:\/\/horticom.ee\/e-pood\/toode\/vaetis-osmocote-exact-standard-16-9-122mgote-3-4k-25kg\/#primaryimage"},"image":{"@id":"https:\/\/horticom.ee\/e-pood\/toode\/vaetis-osmocote-exact-standard-16-9-122mgote-3-4k-25kg\/#primaryimage"},"thumbnailUrl":"https:\/\/horticom.ee\/e-pood\/wp-content\/uploads\/importedmedia\/product_2590865_0_432102.jpg","datePublished":"2026-03-31T03:00:29+00:00","dateModified":"2026-04-23T00:16:00+00:00","breadcrumb":{"@id":"https:\/\/horticom.ee\/e-pood\/toode\/vaetis-osmocote-exact-standard-16-9-122mgote-3-4k-25kg\/#breadcrumb"},"inLanguage":"et","potentialAction":[{"@type":"ReadAction","target":["https:\/\/horticom.ee\/e-pood\/toode\/vaetis-osmocote-exact-standard-16-9-122mgote-3-4k-25kg\/"]}]},{"@type":"ImageObject","inLanguage":"et","@id":"https:\/\/horticom.ee\/e-pood\/toode\/vaetis-osmocote-exact-standard-16-9-122mgote-3-4k-25kg\/#primaryimage","url":"https:\/\/horticom.ee\/e-pood\/wp-content\/uploads\/importedmedia\/product_2590865_0_432102.jpg","contentUrl":"https:\/\/horticom.ee\/e-pood\/wp-content\/uploads\/importedmedia\/product_2590865_0_432102.jpg","width":1000,"height":1000},{"@type":"BreadcrumbList","@id":"https:\/\/horticom.ee\/e-pood\/toode\/vaetis-osmocote-exact-standard-16-9-122mgote-3-4k-25kg\/#breadcrumb","itemListElement":[{"@type":"ListItem","position":1,"name":"Home","item":"https:\/\/horticom.ee\/e-pood\/"},{"@type":"ListItem","position":2,"name":"Pood","item":"https:\/\/horticom.ee\/e-pood\/pood\/"},{"@type":"ListItem","position":3,"name":"V\u00e4etis Osmocote Exact Standard 16-9-12+2MgO+TE \/ 3-4k 25kg"}]},{"@type":"WebSite","@id":"https:\/\/horticom.ee\/e-pood\/#website","url":"https:\/\/horticom.ee\/e-pood\/","name":"Horticom.ee","description":"Aianduskaubad ja kodukaubad nii harrastajatele kui professionaalidele","potentialAction":[{"@type":"SearchAction","target":{"@type":"EntryPoint","urlTemplate":"https:\/\/horticom.ee\/e-pood\/?s={search_term_string}"},"query-input":{"@type":"PropertyValueSpecification","valueRequired":true,"valueName":"search_term_string"}}],"inLanguage":"et"}]}},"_links":{"self":[{"href":"https:\/\/horticom.ee\/e-pood\/wp-json\/wp\/v2\/product\/2590865","targetHints":{"allow":["GET"]}}],"collection":[{"href":"https:\/\/horticom.ee\/e-pood\/wp-json\/wp\/v2\/product"}],"about":[{"href":"https:\/\/horticom.ee\/e-pood\/wp-json\/wp\/v2\/types\/product"}],"replies":[{"embeddable":true,"href":"https:\/\/horticom.ee\/e-pood\/wp-json\/wp\/v2\/comments?post=2590865"}],"wp:featuredmedia":[{"embeddable":true,"href":"https:\/\/horticom.ee\/e-pood\/wp-json\/wp\/v2\/media\/2591302"}],"wp:attachment":[{"href":"https:\/\/horticom.ee\/e-pood\/wp-json\/wp\/v2\/media?parent=2590865"}],"wp:term":[{"taxonomy":"product_cat","embeddable":true,"href":"https:\/\/horticom.ee\/e-pood\/wp-json\/wp\/v2\/product_cat?post=2590865"},{"taxonomy":"product_tag","embeddable":true,"href":"https:\/\/horticom.ee\/e-pood\/wp-json\/wp\/v2\/product_tag?post=2590865"}],"curies":[{"name":"wp","href":"https:\/\/api.w.org\/{rel}","templated":true}]}}