{"id":2593686,"date":"2026-04-03T06:00:54","date_gmt":"2026-04-03T03:00:54","guid":{"rendered":"https:\/\/horticom.ee\/e-pood\/toode\/lilleseemnesegu-punane-sinine-moonid-ja-rukkililled-4m\/"},"modified":"2026-05-03T03:12:16","modified_gmt":"2026-05-03T00:12:16","slug":"lilleseemnesegu-punane-sinine-moonid-ja-rukkililled-4m","status":"publish","type":"product","link":"https:\/\/horticom.ee\/e-pood\/toode\/lilleseemnesegu-punane-sinine-moonid-ja-rukkililled-4m\/","title":{"rendered":"Lilleseemnesegu punane &#038; sinine (moonid ja rukkililled) 4m"},"content":{"rendered":"<p>See on punaste moonide ja siniste rukkilillede seemnesegu. Neid lilli on lihtne kasvatada ja hooldada. Neid tuleks kasvatada suvelillepeenras, j\u00e4rskudel n\u00f5lvadel v\u00f5i niitudel segamini teiste p\u00f5llulilledega. Kui lasta taimedel \u00f5itseda ja seemneid laiali puistata, tekib j\u00e4rgmisel aastal veel rohkem \u00f5isi.<\/p>\n","protected":false},"excerpt":{"rendered":"<p>See on punaste moonide ja siniste rukkilillede seemnesegu. Neid lilli on lihtne kasvatada ja hooldada. Neid tuleks kasvatada suvelillepeenras, j\u00e4rskudel n\u00f5lvadel v\u00f5i niitudel segamini teiste p\u00f5llulilledega. Kui lasta taimedel \u00f5itseda ja seemneid laiali puistata, tekib j\u00e4rgmisel aastal veel rohkem \u00f5isi.<\/p>\n","protected":false},"featured_media":2593991,"comment_status":"closed","ping_status":"closed","template":"","meta":{"_themeisle_gutenberg_block_has_review":false},"product_cat":[18316,13503],"product_tag":[],"class_list":{"0":"post-2593686","1":"product","2":"type-product","3":"status-publish","4":"has-post-thumbnail","6":"product_cat-magun","7":"product_cat-rukkilill","9":"first","10":"instock","11":"shipping-taxable","12":"purchasable","13":"product-type-simple"},"yoast_head":"<!-- This site is optimized with the Yoast SEO plugin v24.0 - https:\/\/yoast.com\/wordpress\/plugins\/seo\/ -->\n<title>Lilleseemnesegu punane &amp; sinine (moonid ja rukkililled) 4m - Horticom<\/title>\n<meta name=\"robots\" content=\"index, follow, max-snippet:-1, max-image-preview:large, max-video-preview:-1\" \/>\n<link rel=\"canonical\" href=\"https:\/\/horticom.ee\/e-pood\/toode\/lilleseemnesegu-punane-sinine-moonid-ja-rukkililled-4m\/\" \/>\n<meta property=\"og:locale\" content=\"et_EE\" \/>\n<meta property=\"og:type\" content=\"article\" \/>\n<meta property=\"og:title\" content=\"Lilleseemnesegu punane &amp; sinine (moonid ja rukkililled) 4m - Horticom\" \/>\n<meta property=\"og:description\" content=\"See on punaste moonide ja siniste rukkilillede seemnesegu. Neid lilli on lihtne kasvatada ja hooldada. Neid tuleks kasvatada suvelillepeenras, j\u00e4rskudel n\u00f5lvadel v\u00f5i niitudel segamini teiste p\u00f5llulilledega. Kui lasta taimedel \u00f5itseda ja seemneid laiali puistata, tekib j\u00e4rgmisel aastal veel rohkem \u00f5isi.\" \/>\n<meta property=\"og:url\" content=\"https:\/\/horticom.ee\/e-pood\/toode\/lilleseemnesegu-punane-sinine-moonid-ja-rukkililled-4m\/\" \/>\n<meta property=\"og:site_name\" content=\"Horticom.ee\" \/>\n<meta property=\"article:publisher\" content=\"https:\/\/www.facebook.com\/horticom.ee\/e-pood\" \/>\n<meta property=\"article:modified_time\" content=\"2026-05-03T00:12:16+00:00\" \/>\n<meta property=\"og:image\" content=\"https:\/\/horticom.ee\/e-pood\/wp-content\/uploads\/importedmedia\/product_2593686_0_LU81265.jpg\" \/>\n\t<meta property=\"og:image:width\" content=\"999\" \/>\n\t<meta property=\"og:image:height\" content=\"1068\" \/>\n\t<meta property=\"og:image:type\" content=\"image\/jpeg\" \/>\n<meta name=\"twitter:card\" content=\"summary_large_image\" \/>\n<script type=\"application\/ld+json\" class=\"yoast-schema-graph\">{\"@context\":\"https:\/\/schema.org\",\"@graph\":[{\"@type\":\"WebPage\",\"@id\":\"https:\/\/horticom.ee\/e-pood\/toode\/lilleseemnesegu-punane-sinine-moonid-ja-rukkililled-4m\/\",\"url\":\"https:\/\/horticom.ee\/e-pood\/toode\/lilleseemnesegu-punane-sinine-moonid-ja-rukkililled-4m\/\",\"name\":\"Lilleseemnesegu punane & sinine (moonid ja rukkililled) 4m - Horticom\",\"isPartOf\":{\"@id\":\"https:\/\/horticom.ee\/e-pood\/#website\"},\"primaryImageOfPage\":{\"@id\":\"https:\/\/horticom.ee\/e-pood\/toode\/lilleseemnesegu-punane-sinine-moonid-ja-rukkililled-4m\/#primaryimage\"},\"image\":{\"@id\":\"https:\/\/horticom.ee\/e-pood\/toode\/lilleseemnesegu-punane-sinine-moonid-ja-rukkililled-4m\/#primaryimage\"},\"thumbnailUrl\":\"https:\/\/horticom.ee\/e-pood\/wp-content\/uploads\/importedmedia\/product_2593686_0_LU81265.jpg\",\"datePublished\":\"2026-04-03T03:00:54+00:00\",\"dateModified\":\"2026-05-03T00:12:16+00:00\",\"breadcrumb\":{\"@id\":\"https:\/\/horticom.ee\/e-pood\/toode\/lilleseemnesegu-punane-sinine-moonid-ja-rukkililled-4m\/#breadcrumb\"},\"inLanguage\":\"et\",\"potentialAction\":[{\"@type\":\"ReadAction\",\"target\":[\"https:\/\/horticom.ee\/e-pood\/toode\/lilleseemnesegu-punane-sinine-moonid-ja-rukkililled-4m\/\"]}]},{\"@type\":\"ImageObject\",\"inLanguage\":\"et\",\"@id\":\"https:\/\/horticom.ee\/e-pood\/toode\/lilleseemnesegu-punane-sinine-moonid-ja-rukkililled-4m\/#primaryimage\",\"url\":\"https:\/\/horticom.ee\/e-pood\/wp-content\/uploads\/importedmedia\/product_2593686_0_LU81265.jpg\",\"contentUrl\":\"https:\/\/horticom.ee\/e-pood\/wp-content\/uploads\/importedmedia\/product_2593686_0_LU81265.jpg\",\"width\":999,\"height\":1068},{\"@type\":\"BreadcrumbList\",\"@id\":\"https:\/\/horticom.ee\/e-pood\/toode\/lilleseemnesegu-punane-sinine-moonid-ja-rukkililled-4m\/#breadcrumb\",\"itemListElement\":[{\"@type\":\"ListItem\",\"position\":1,\"name\":\"Home\",\"item\":\"https:\/\/horticom.ee\/e-pood\/\"},{\"@type\":\"ListItem\",\"position\":2,\"name\":\"Pood\",\"item\":\"https:\/\/horticom.ee\/e-pood\/pood\/\"},{\"@type\":\"ListItem\",\"position\":3,\"name\":\"Lilleseemnesegu punane &#038; sinine (moonid ja rukkililled) 4m\"}]},{\"@type\":\"WebSite\",\"@id\":\"https:\/\/horticom.ee\/e-pood\/#website\",\"url\":\"https:\/\/horticom.ee\/e-pood\/\",\"name\":\"Horticom.ee\",\"description\":\"Aianduskaubad ja kodukaubad nii harrastajatele kui professionaalidele\",\"potentialAction\":[{\"@type\":\"SearchAction\",\"target\":{\"@type\":\"EntryPoint\",\"urlTemplate\":\"https:\/\/horticom.ee\/e-pood\/?s={search_term_string}\"},\"query-input\":{\"@type\":\"PropertyValueSpecification\",\"valueRequired\":true,\"valueName\":\"search_term_string\"}}],\"inLanguage\":\"et\"}]}<\/script>\n<!-- \/ Yoast SEO plugin. -->","yoast_head_json":{"title":"Lilleseemnesegu punane & sinine (moonid ja rukkililled) 4m - Horticom","robots":{"index":"index","follow":"follow","max-snippet":"max-snippet:-1","max-image-preview":"max-image-preview:large","max-video-preview":"max-video-preview:-1"},"canonical":"https:\/\/horticom.ee\/e-pood\/toode\/lilleseemnesegu-punane-sinine-moonid-ja-rukkililled-4m\/","og_locale":"et_EE","og_type":"article","og_title":"Lilleseemnesegu punane & sinine (moonid ja rukkililled) 4m - Horticom","og_description":"See on punaste moonide ja siniste rukkilillede seemnesegu. Neid lilli on lihtne kasvatada ja hooldada. Neid tuleks kasvatada suvelillepeenras, j\u00e4rskudel n\u00f5lvadel v\u00f5i niitudel segamini teiste p\u00f5llulilledega. Kui lasta taimedel \u00f5itseda ja seemneid laiali puistata, tekib j\u00e4rgmisel aastal veel rohkem \u00f5isi.","og_url":"https:\/\/horticom.ee\/e-pood\/toode\/lilleseemnesegu-punane-sinine-moonid-ja-rukkililled-4m\/","og_site_name":"Horticom.ee","article_publisher":"https:\/\/www.facebook.com\/horticom.ee\/e-pood","article_modified_time":"2026-05-03T00:12:16+00:00","og_image":[{"width":999,"height":1068,"url":"https:\/\/horticom.ee\/e-pood\/wp-content\/uploads\/importedmedia\/product_2593686_0_LU81265.jpg","type":"image\/jpeg"}],"twitter_card":"summary_large_image","schema":{"@context":"https:\/\/schema.org","@graph":[{"@type":"WebPage","@id":"https:\/\/horticom.ee\/e-pood\/toode\/lilleseemnesegu-punane-sinine-moonid-ja-rukkililled-4m\/","url":"https:\/\/horticom.ee\/e-pood\/toode\/lilleseemnesegu-punane-sinine-moonid-ja-rukkililled-4m\/","name":"Lilleseemnesegu punane & sinine (moonid ja rukkililled) 4m - Horticom","isPartOf":{"@id":"https:\/\/horticom.ee\/e-pood\/#website"},"primaryImageOfPage":{"@id":"https:\/\/horticom.ee\/e-pood\/toode\/lilleseemnesegu-punane-sinine-moonid-ja-rukkililled-4m\/#primaryimage"},"image":{"@id":"https:\/\/horticom.ee\/e-pood\/toode\/lilleseemnesegu-punane-sinine-moonid-ja-rukkililled-4m\/#primaryimage"},"thumbnailUrl":"https:\/\/horticom.ee\/e-pood\/wp-content\/uploads\/importedmedia\/product_2593686_0_LU81265.jpg","datePublished":"2026-04-03T03:00:54+00:00","dateModified":"2026-05-03T00:12:16+00:00","breadcrumb":{"@id":"https:\/\/horticom.ee\/e-pood\/toode\/lilleseemnesegu-punane-sinine-moonid-ja-rukkililled-4m\/#breadcrumb"},"inLanguage":"et","potentialAction":[{"@type":"ReadAction","target":["https:\/\/horticom.ee\/e-pood\/toode\/lilleseemnesegu-punane-sinine-moonid-ja-rukkililled-4m\/"]}]},{"@type":"ImageObject","inLanguage":"et","@id":"https:\/\/horticom.ee\/e-pood\/toode\/lilleseemnesegu-punane-sinine-moonid-ja-rukkililled-4m\/#primaryimage","url":"https:\/\/horticom.ee\/e-pood\/wp-content\/uploads\/importedmedia\/product_2593686_0_LU81265.jpg","contentUrl":"https:\/\/horticom.ee\/e-pood\/wp-content\/uploads\/importedmedia\/product_2593686_0_LU81265.jpg","width":999,"height":1068},{"@type":"BreadcrumbList","@id":"https:\/\/horticom.ee\/e-pood\/toode\/lilleseemnesegu-punane-sinine-moonid-ja-rukkililled-4m\/#breadcrumb","itemListElement":[{"@type":"ListItem","position":1,"name":"Home","item":"https:\/\/horticom.ee\/e-pood\/"},{"@type":"ListItem","position":2,"name":"Pood","item":"https:\/\/horticom.ee\/e-pood\/pood\/"},{"@type":"ListItem","position":3,"name":"Lilleseemnesegu punane &#038; sinine (moonid ja rukkililled) 4m"}]},{"@type":"WebSite","@id":"https:\/\/horticom.ee\/e-pood\/#website","url":"https:\/\/horticom.ee\/e-pood\/","name":"Horticom.ee","description":"Aianduskaubad ja kodukaubad nii harrastajatele kui professionaalidele","potentialAction":[{"@type":"SearchAction","target":{"@type":"EntryPoint","urlTemplate":"https:\/\/horticom.ee\/e-pood\/?s={search_term_string}"},"query-input":{"@type":"PropertyValueSpecification","valueRequired":true,"valueName":"search_term_string"}}],"inLanguage":"et"}]}},"_links":{"self":[{"href":"https:\/\/horticom.ee\/e-pood\/wp-json\/wp\/v2\/product\/2593686","targetHints":{"allow":["GET"]}}],"collection":[{"href":"https:\/\/horticom.ee\/e-pood\/wp-json\/wp\/v2\/product"}],"about":[{"href":"https:\/\/horticom.ee\/e-pood\/wp-json\/wp\/v2\/types\/product"}],"replies":[{"embeddable":true,"href":"https:\/\/horticom.ee\/e-pood\/wp-json\/wp\/v2\/comments?post=2593686"}],"wp:featuredmedia":[{"embeddable":true,"href":"https:\/\/horticom.ee\/e-pood\/wp-json\/wp\/v2\/media\/2593991"}],"wp:attachment":[{"href":"https:\/\/horticom.ee\/e-pood\/wp-json\/wp\/v2\/media?parent=2593686"}],"wp:term":[{"taxonomy":"product_cat","embeddable":true,"href":"https:\/\/horticom.ee\/e-pood\/wp-json\/wp\/v2\/product_cat?post=2593686"},{"taxonomy":"product_tag","embeddable":true,"href":"https:\/\/horticom.ee\/e-pood\/wp-json\/wp\/v2\/product_tag?post=2593686"}],"curies":[{"name":"wp","href":"https:\/\/api.w.org\/{rel}","templated":true}]}}